{"id":126,"date":"2019-07-02T11:47:56","date_gmt":"2019-07-02T15:47:56","guid":{"rendered":"https:\/\/sites.bu.edu\/nehajami\/?page_id=126"},"modified":"2022-08-20T14:58:23","modified_gmt":"2022-08-20T18:58:23","slug":"fula","status":"publish","type":"page","link":"https:\/\/sites.bu.edu\/nehajami\/the-four-languages\/fula\/","title":{"rendered":"Fula"},"content":{"rendered":"<p><a href=\"https:\/\/sites.bu.edu\/nehajami\/the-four-languages\/fula\/fula-manuscripts\/\"><img loading=\"lazy\" src=\"\/nehajami\/files\/2022\/08\/Fula-manuscript-page-link-636x95.png\" alt=\"Click here for Fula Ajami texts, transcriptions, and translations.\" class=\"size-medium wp-image-6215 aligncenter\" width=\"636\" height=\"95\" \/><\/a><\/p>\n<p style=\"line-height: 22.5pt; background: white; margin: 0in 0in .25in 0in;\"><span style=\"font-size: 13.5pt; font-family: 'Capita',serif; color: #555555;\">Fula (the language of the Ful\u0253e people) developed in several communities that spread from west to east, from Senegal to Nigeria and Cameroun, over the last millennium. Fula is closely associated with the \u201cIslamic revolutions\u201d that occurred in four areas of West Africa in the 18th and 19th century. The first was the Sokoto Caliphate, in which Fulfulde was second only to Hausa as a vehicle for spreading the faith. The second was the more short-lived Caliphate of Hamdullahi (1818-1862), set in the Middle Niger Delta. The third was Fuuta Tooro, constituting the middle valley of the Senegal River and the presumed birthplace of Fula and the Ful\u0253e people, and the fourth was Fuuta Jalon, set in the mountains of Guinea Conakry at the sources of the Niger, Senegal and Gambia Rivers. Both Fuuta Tooro and Fuuta Jalon called their rulers Almaami (from the Arabic word: Al-im\u0101m) and their regimes went by the name of Almamates.<o:p><\/o:p><\/span><\/p>\n<p style=\"line-height: 22.5pt; background: white; margin: 0in 0in .25in 0in;\"><span style=\"font-size: 13.5pt; font-family: 'Capita',serif; color: #555555;\">Fuuta Jalon, particularly the town of Labe, became a center for composition, instruction and dissemination in Ajami and for the establishment of a certain Ful\u0253e pre-eminence in the wider region. Thanks to the work completed several decades ago by Alf\u00e2 Ibr\u00e2h\u00eem Sow, we are able to study the development, dissemination and some of the main texts composed by the Labe scholars, which include religious poetry, poems of moral guidance, and chronicle and legal texts. Fuuta Tooro had a tradition of poetic chronicle around the jihad of Al-Hajj Umar Taal (1797-1864), but did not develop Ajami literature as much as Fuuta Jalon. <o:p><\/o:p><\/span><\/p>\n<p><a href=\"https:\/\/sites.bu.edu\/nehajami\/the-four-languages\/fula\/fula-manuscripts\/\"><img loading=\"lazy\" src=\"\/nehajami\/files\/2022\/08\/Fula-manuscript-page-link-636x95.png\" alt=\"Click here for Fula Ajami texts, transcriptions, and translations.\" class=\"size-medium wp-image-6215 aligncenter\" width=\"636\" height=\"95\" \/><\/a><\/p>\n","protected":false},"excerpt":{"rendered":"<p>Fula (the language of the Ful\u0253e people) developed in several communities that spread from west to east, from Senegal to Nigeria and Cameroun, over the last millennium. Fula is closely associated with the \u201cIslamic revolutions\u201d that occurred in four areas of West Africa in the 18th and 19th century. The first was the Sokoto Caliphate, [&hellip;]<\/p>\n","protected":false},"author":12660,"featured_media":0,"parent":116,"menu_order":3,"comment_status":"closed","ping_status":"closed","template":"","meta":[],"_links":{"self":[{"href":"https:\/\/sites.bu.edu\/nehajami\/wp-json\/wp\/v2\/pages\/126"}],"collection":[{"href":"https:\/\/sites.bu.edu\/nehajami\/wp-json\/wp\/v2\/pages"}],"about":[{"href":"https:\/\/sites.bu.edu\/nehajami\/wp-json\/wp\/v2\/types\/page"}],"author":[{"embeddable":true,"href":"https:\/\/sites.bu.edu\/nehajami\/wp-json\/wp\/v2\/users\/12660"}],"replies":[{"embeddable":true,"href":"https:\/\/sites.bu.edu\/nehajami\/wp-json\/wp\/v2\/comments?post=126"}],"version-history":[{"count":14,"href":"https:\/\/sites.bu.edu\/nehajami\/wp-json\/wp\/v2\/pages\/126\/revisions"}],"predecessor-version":[{"id":7063,"href":"https:\/\/sites.bu.edu\/nehajami\/wp-json\/wp\/v2\/pages\/126\/revisions\/7063"}],"up":[{"embeddable":true,"href":"https:\/\/sites.bu.edu\/nehajami\/wp-json\/wp\/v2\/pages\/116"}],"wp:attachment":[{"href":"https:\/\/sites.bu.edu\/nehajami\/wp-json\/wp\/v2\/media?parent=126"}],"curies":[{"name":"wp","href":"https:\/\/api.w.org\/{rel}","templated":true}]}}