{"id":471,"date":"2025-09-23T05:25:12","date_gmt":"2025-09-23T09:25:12","guid":{"rendered":"https:\/\/sites.bu.edu\/mayucel\/?page_id=471"},"modified":"2025-09-24T12:59:01","modified_gmt":"2025-09-24T16:59:01","slug":"people","status":"publish","type":"page","link":"https:\/\/sites.bu.edu\/mayucel\/people\/","title":{"rendered":"People"},"content":{"rendered":"<p><img loading=\"lazy\" src=\"\/mayucel\/files\/2025\/09\/Yucel_Meryem.jpg\" alt=\"\" width=\"232\" height=\"232\" class=\"alignnone wp-image-472\" srcset=\"https:\/\/sites.bu.edu\/mayucel\/files\/2025\/09\/Yucel_Meryem.jpg 372w, https:\/\/sites.bu.edu\/mayucel\/files\/2025\/09\/Yucel_Meryem-150x150.jpg 150w, https:\/\/sites.bu.edu\/mayucel\/files\/2025\/09\/Yucel_Meryem-300x300.jpg 300w\" sizes=\"(max-width: 232px) 100vw, 232px\" \/><\/p>\n<p>Principle Investigator<\/p>\n<p>Meryem Ay\u015fe Y\u00fccel, PhD<\/p>\n<p>Research Associate Professor<\/p>\n<p>MindLights Lab, Neurophotonics Center<\/p>\n<p>&nbsp;<\/p>\n<p>&nbsp;<\/p>\n<p><img loading=\"lazy\" src=\"\/mayucel\/files\/2025\/09\/Altinkaynak_Miray.png\" alt=\"\" width=\"236\" height=\"236\" class=\"alignnone wp-image-475\" srcset=\"https:\/\/sites.bu.edu\/mayucel\/files\/2025\/09\/Altinkaynak_Miray.png 528w, https:\/\/sites.bu.edu\/mayucel\/files\/2025\/09\/Altinkaynak_Miray-150x150.png 150w, https:\/\/sites.bu.edu\/mayucel\/files\/2025\/09\/Altinkaynak_Miray-300x300.png 300w\" sizes=\"(max-width: 236px) 100vw, 236px\" \/><\/p>\n<p>Miray Alt\u0131nkaynak<\/p>\n<p>Postdoctoral Research Fellow<\/p>\n<p>&nbsp;<\/p>\n<p>&nbsp;<\/p>\n<p><img loading=\"lazy\" src=\"\/mayucel\/files\/2025\/09\/Jessie-636x636.jpg\" alt=\"\" width=\"220\" height=\"220\" class=\"alignnone wp-image-479\" srcset=\"https:\/\/sites.bu.edu\/mayucel\/files\/2025\/09\/Jessie-636x636.jpg 636w, https:\/\/sites.bu.edu\/mayucel\/files\/2025\/09\/Jessie-1024x1024.jpg 1024w, https:\/\/sites.bu.edu\/mayucel\/files\/2025\/09\/Jessie-150x150.jpg 150w, https:\/\/sites.bu.edu\/mayucel\/files\/2025\/09\/Jessie-768x768.jpg 768w, https:\/\/sites.bu.edu\/mayucel\/files\/2025\/09\/Jessie-550x550.jpg 550w, https:\/\/sites.bu.edu\/mayucel\/files\/2025\/09\/Jessie-710x710.jpg 710w, https:\/\/sites.bu.edu\/mayucel\/files\/2025\/09\/Jessie-300x300.jpg 300w, https:\/\/sites.bu.edu\/mayucel\/files\/2025\/09\/Jessie-600x600.jpg 600w, https:\/\/sites.bu.edu\/mayucel\/files\/2025\/09\/Jessie.jpg 1033w\" sizes=\"(max-width: 220px) 100vw, 220px\" \/><\/p>\n<p>Jessie Anderson<\/p>\n<p>Graduate Student, co-advised with Dr. Boas<\/p>\n<p>&nbsp;<\/p>\n<p>&nbsp;<\/p>\n<p><img loading=\"lazy\" src=\"\/mayucel\/files\/2025\/09\/Carlton_Laura-600x600-1.jpeg\" alt=\"\" width=\"241\" height=\"241\" class=\"alignnone wp-image-490\" srcset=\"https:\/\/sites.bu.edu\/mayucel\/files\/2025\/09\/Carlton_Laura-600x600-1.jpeg 600w, https:\/\/sites.bu.edu\/mayucel\/files\/2025\/09\/Carlton_Laura-600x600-1-150x150.jpeg 150w, https:\/\/sites.bu.edu\/mayucel\/files\/2025\/09\/Carlton_Laura-600x600-1-550x550.jpeg 550w, https:\/\/sites.bu.edu\/mayucel\/files\/2025\/09\/Carlton_Laura-600x600-1-300x300.jpeg 300w\" sizes=\"(max-width: 241px) 100vw, 241px\" \/><\/p>\n<p>Laura Carlton<\/p>\n<p>Graduate Student, co-mentored with Dr. Boas<\/p>\n<p>&nbsp;<\/p>\n<p>&nbsp;<\/p>\n<p><img loading=\"lazy\" src=\"\/mayucel\/files\/2025\/09\/Ege.jpg\" alt=\"\" width=\"191\" height=\"263\" class=\"alignnone size-full wp-image-494\" \/><\/p>\n<p>Ege Topkoc<\/p>\n<p>Undergrad Student<\/p>\n<p>&nbsp;<\/p>\n<p><strong>ALUMNI<\/strong><\/p>\n<p><img loading=\"lazy\" src=\"\/mayucel\/files\/2025\/09\/DeJa.jpg\" alt=\"\" width=\"248\" height=\"263\" class=\"alignnone wp-image-477\" \/><\/p>\n<p>De&#8217;Ja Rogers, PhD<\/p>\n<p>&nbsp;<\/p>\n<p><img loading=\"lazy\" src=\"\/mayucel\/files\/2025\/09\/Rini.jpg\" alt=\"\" width=\"243\" height=\"243\" class=\"alignnone wp-image-483\" srcset=\"https:\/\/sites.bu.edu\/mayucel\/files\/2025\/09\/Rini.jpg 400w, https:\/\/sites.bu.edu\/mayucel\/files\/2025\/09\/Rini-150x150.jpg 150w, https:\/\/sites.bu.edu\/mayucel\/files\/2025\/09\/Rini-300x300.jpg 300w\" sizes=\"(max-width: 243px) 100vw, 243px\" \/><\/p>\n<p>Rini Kaplan, PhD<\/p>\n<p>Co-advised with Alice Cronin-Golomb and Terry Ellis<\/p>\n<p>&nbsp;<\/p>\n<p><img loading=\"lazy\" src=\"\/mayucel\/files\/2025\/09\/Soyoung-636x636.jpg\" alt=\"\" width=\"244\" height=\"244\" class=\"alignnone wp-image-484\" srcset=\"https:\/\/sites.bu.edu\/mayucel\/files\/2025\/09\/Soyoung-636x636.jpg 636w, https:\/\/sites.bu.edu\/mayucel\/files\/2025\/09\/Soyoung-150x150.jpg 150w, https:\/\/sites.bu.edu\/mayucel\/files\/2025\/09\/Soyoung-550x550.jpg 550w, https:\/\/sites.bu.edu\/mayucel\/files\/2025\/09\/Soyoung-300x300.jpg 300w, https:\/\/sites.bu.edu\/mayucel\/files\/2025\/09\/Soyoung-600x600.jpg 600w, https:\/\/sites.bu.edu\/mayucel\/files\/2025\/09\/Soyoung.jpg 639w\" sizes=\"(max-width: 244px) 100vw, 244px\" \/><\/p>\n<p>Soyoung Lee, PhD<\/p>\n<p>Co-advised with Deepak Kumar and Claudio Ferre<\/p>\n<p>&nbsp;<\/p>\n<p><img loading=\"lazy\" src=\"\/mayucel\/files\/2025\/09\/Natalie.jpg\" alt=\"\" width=\"207\" height=\"244\" class=\"alignnone size-full wp-image-485\" \/><\/p>\n<p>Natali Gilmore, PhD<\/p>\n<p>Co-advised with Swathi Kiran<\/p>\n<p>&nbsp;<\/p>\n<p><img loading=\"lazy\" src=\"\/mayucel\/files\/2025\/09\/Yuanyuan.Gao-300x400-1.jpg\" alt=\"\" width=\"250\" height=\"333\" class=\"alignnone wp-image-492\" \/><\/p>\n<p>Yuanyuan Gao, PhD<\/p>\n<p>Co-advised with Dr. Boas<\/p>\n<p>&nbsp;<\/p>\n<p>&nbsp;<\/p>\n<p><img loading=\"lazy\" src=\"\/mayucel\/files\/2025\/09\/xinge-636x424.jpg\" alt=\"\" width=\"233\" height=\"155\" class=\"alignnone wp-image-493\" \/><\/p>\n<p>Xinge Li<\/p>\n","protected":false},"excerpt":{"rendered":"<p>Principle Investigator Meryem Ay\u015fe Y\u00fccel, PhD Research Associate Professor MindLights Lab, Neurophotonics Center &nbsp; &nbsp; Miray Alt\u0131nkaynak Postdoctoral Research Fellow &nbsp; &nbsp; Jessie Anderson Graduate Student, co-advised with Dr. Boas &nbsp; &nbsp; Laura Carlton Graduate Student, co-mentored with Dr. Boas &nbsp; &nbsp; Ege Topkoc Undergrad Student &nbsp; ALUMNI De&#8217;Ja Rogers, PhD &nbsp; Rini Kaplan, PhD [&hellip;]<\/p>\n","protected":false},"author":23093,"featured_media":0,"parent":0,"menu_order":0,"comment_status":"closed","ping_status":"closed","template":"","meta":[],"_links":{"self":[{"href":"https:\/\/sites.bu.edu\/mayucel\/wp-json\/wp\/v2\/pages\/471"}],"collection":[{"href":"https:\/\/sites.bu.edu\/mayucel\/wp-json\/wp\/v2\/pages"}],"about":[{"href":"https:\/\/sites.bu.edu\/mayucel\/wp-json\/wp\/v2\/types\/page"}],"author":[{"embeddable":true,"href":"https:\/\/sites.bu.edu\/mayucel\/wp-json\/wp\/v2\/users\/23093"}],"replies":[{"embeddable":true,"href":"https:\/\/sites.bu.edu\/mayucel\/wp-json\/wp\/v2\/comments?post=471"}],"version-history":[{"count":9,"href":"https:\/\/sites.bu.edu\/mayucel\/wp-json\/wp\/v2\/pages\/471\/revisions"}],"predecessor-version":[{"id":495,"href":"https:\/\/sites.bu.edu\/mayucel\/wp-json\/wp\/v2\/pages\/471\/revisions\/495"}],"wp:attachment":[{"href":"https:\/\/sites.bu.edu\/mayucel\/wp-json\/wp\/v2\/media?parent=471"}],"curies":[{"name":"wp","href":"https:\/\/api.w.org\/{rel}","templated":true}]}}