{"id":8,"date":"2015-01-12T14:11:22","date_gmt":"2015-01-12T19:11:22","guid":{"rendered":"https:\/\/sites.bu.edu\/madridib\/?page_id=8"},"modified":"2015-05-02T14:02:08","modified_gmt":"2015-05-02T18:02:08","slug":"experiencias","status":"publish","type":"page","link":"https:\/\/sites.bu.edu\/madridib\/experiencias\/","title":{"rendered":"Experiencias"},"content":{"rendered":"<p>Aqu\u00ed encontrar\u00e1s informaci\u00f3n (textos y v\u00eddeos) sobre algunas de nuestras experiencias como estudiantes estadounidenses en Madrid:<\/p>\n<ul>\n<li><a href=\"https:\/\/sites.bu.edu\/madridib\/experiencias\/los-primeros-dias-en-madrid\/\" title=\"Los primeros d\u00edas en Madrid\" target=\"_blank\">Los primeros d\u00edas en Madrid<\/a><\/li>\n<li><a href=\"https:\/\/sites.bu.edu\/madridib\/experiencias\/nuestras-visitas-en-la-clase-de-practica\/\" title=\"Nuestras visitas en la clase de Pr\u00e1ctica\" target=\"_blank\">Nuestras visitas en la clase de Pr\u00e1ctica<\/a><\/li>\n<\/ul>\n<p>Tambi\u00e9n puedes ver nuestras aventuras individuales en <a href=\"https:\/\/sites.bu.edu\/madridib\/mi-rincon\/\" title=\"Mi Rinc\u00f3n\" target=\"_blank\"><strong>Mi rinc\u00f3n<\/strong><\/a><\/p>\n","protected":false},"excerpt":{"rendered":"<p>Aqu\u00ed encontrar\u00e1s informaci\u00f3n (textos y v\u00eddeos) sobre algunas de nuestras experiencias como estudiantes estadounidenses en Madrid: Los primeros d\u00edas en Madrid Nuestras visitas en la clase de Pr\u00e1ctica Tambi\u00e9n puedes ver nuestras aventuras individuales en Mi rinc\u00f3n<\/p>\n","protected":false},"author":5659,"featured_media":0,"parent":0,"menu_order":5,"comment_status":"closed","ping_status":"closed","template":"","meta":[],"_links":{"self":[{"href":"https:\/\/sites.bu.edu\/madridib\/wp-json\/wp\/v2\/pages\/8"}],"collection":[{"href":"https:\/\/sites.bu.edu\/madridib\/wp-json\/wp\/v2\/pages"}],"about":[{"href":"https:\/\/sites.bu.edu\/madridib\/wp-json\/wp\/v2\/types\/page"}],"author":[{"embeddable":true,"href":"https:\/\/sites.bu.edu\/madridib\/wp-json\/wp\/v2\/users\/5659"}],"replies":[{"embeddable":true,"href":"https:\/\/sites.bu.edu\/madridib\/wp-json\/wp\/v2\/comments?post=8"}],"version-history":[{"count":5,"href":"https:\/\/sites.bu.edu\/madridib\/wp-json\/wp\/v2\/pages\/8\/revisions"}],"predecessor-version":[{"id":217,"href":"https:\/\/sites.bu.edu\/madridib\/wp-json\/wp\/v2\/pages\/8\/revisions\/217"}],"wp:attachment":[{"href":"https:\/\/sites.bu.edu\/madridib\/wp-json\/wp\/v2\/media?parent=8"}],"curies":[{"name":"wp","href":"https:\/\/api.w.org\/{rel}","templated":true}]}}