{"id":5,"date":"2015-01-12T09:59:47","date_gmt":"2015-01-12T14:59:47","guid":{"rendered":"https:\/\/sites.bu.edu\/madridib\/home\/"},"modified":"2015-05-04T12:56:00","modified_gmt":"2015-05-04T16:56:00","slug":"home","status":"publish","type":"page","link":"https:\/\/sites.bu.edu\/madridib\/","title":{"rendered":"Madrid IB Primavera 2015"},"content":{"rendered":"<p>Esto es un proyecto del curso de Lengua Espa\u00f1ola de los estudiantes de <strong><a href=\"https:\/\/sites.bu.edu\/madridib\/madrid-ib\/\" title=\"Madrid IB\" target=\"_blank\">Madrid IB<\/a>\u00a0<\/strong>(Study Abroad en Madrid). Todos los textos, v\u00eddeos e im\u00e1genes que aparecen est\u00e1n elaborados por los propios estudiantes.<\/p>\n<p><strong>\u00a1Os invitamos a compartir con nosotros nuestra experiencia en Espa\u00f1a!<\/strong><\/p>\n<p>\u00bfQuieres ver nuestro v\u00eddeo final? \u00a1Pincha <a href=\"https:\/\/sites.bu.edu\/madridib\/experiencias\/nuestro-video-final\/\" title=\"\u00a1Nuestro v\u00eddeo final!\" target=\"_blank\">aqu\u00ed<\/a>!<\/p>\n","protected":false},"excerpt":{"rendered":"<p>Esto es un proyecto del curso de Lengua Espa\u00f1ola de los estudiantes de Madrid IB\u00a0(Study Abroad en Madrid). Todos los textos, v\u00eddeos e im\u00e1genes que aparecen est\u00e1n elaborados por los propios estudiantes. \u00a1Os invitamos a compartir con nosotros nuestra experiencia en Espa\u00f1a! \u00bfQuieres ver nuestro v\u00eddeo final? \u00a1Pincha aqu\u00ed!<\/p>\n","protected":false},"author":7375,"featured_media":0,"parent":0,"menu_order":1,"comment_status":"closed","ping_status":"closed","template":"","meta":[],"_links":{"self":[{"href":"https:\/\/sites.bu.edu\/madridib\/wp-json\/wp\/v2\/pages\/5"}],"collection":[{"href":"https:\/\/sites.bu.edu\/madridib\/wp-json\/wp\/v2\/pages"}],"about":[{"href":"https:\/\/sites.bu.edu\/madridib\/wp-json\/wp\/v2\/types\/page"}],"author":[{"embeddable":true,"href":"https:\/\/sites.bu.edu\/madridib\/wp-json\/wp\/v2\/users\/7375"}],"replies":[{"embeddable":true,"href":"https:\/\/sites.bu.edu\/madridib\/wp-json\/wp\/v2\/comments?post=5"}],"version-history":[{"count":5,"href":"https:\/\/sites.bu.edu\/madridib\/wp-json\/wp\/v2\/pages\/5\/revisions"}],"predecessor-version":[{"id":243,"href":"https:\/\/sites.bu.edu\/madridib\/wp-json\/wp\/v2\/pages\/5\/revisions\/243"}],"wp:attachment":[{"href":"https:\/\/sites.bu.edu\/madridib\/wp-json\/wp\/v2\/media?parent=5"}],"curies":[{"name":"wp","href":"https:\/\/api.w.org\/{rel}","templated":true}]}}