{"id":10,"date":"2015-01-12T14:12:30","date_gmt":"2015-01-12T19:12:30","guid":{"rendered":"https:\/\/sites.bu.edu\/madridib\/?page_id=10"},"modified":"2015-02-11T14:10:46","modified_gmt":"2015-02-11T19:10:46","slug":"mi-rincon","status":"publish","type":"page","link":"https:\/\/sites.bu.edu\/madridib\/mi-rincon\/","title":{"rendered":"Mi Rinc\u00f3n"},"content":{"rendered":"<p>Esta p\u00e1gina es de creaci\u00f3n libre. Cada\u00a0estudiante tiene su propio\u00a0<strong>rinc\u00f3n<\/strong>, en el que ir\u00e1 contando todo lo que le parezca interesante de su experiencia en Espa\u00f1a: textos, im\u00e1genes, v\u00eddeos, etc.<\/p>\n<p><strong>\u00a1Visita todos los rincones!<\/strong><\/p>\n<ul>\n<li><a href=\"https:\/\/sites.bu.edu\/madridib\/mi-rincon\/el-rincon-de-kimberly\/\" title=\"El rinc\u00f3n de Kimberly\" target=\"_blank\">El rinc\u00f3n de <strong>Kimberly<\/strong><\/a><\/li>\n<li><a href=\"https:\/\/sites.bu.edu\/madridib\/mi-rincon\/el-rincon-de-jack-2\/\" title=\"El rinc\u00f3n de Jack\" target=\"_blank\">El rinc\u00f3n de <strong>Jack<\/strong><\/a><\/li>\n<li><a href=\"https:\/\/sites.bu.edu\/madridib\/mi-rincon\/el-rincon-de-jack\/\" title=\"El rinc\u00f3n de Josh\" target=\"_blank\">El rinc\u00f3n de <strong>Josh<\/strong><\/a><a href=\"https:\/\/sites.bu.edu\/madridib\/mi-rincon\/el-rincon-de-jack-2\/\" title=\"El rinc\u00f3n de Jack\" target=\"_blank\"><\/a><\/li>\n<li><a href=\"https:\/\/sites.bu.edu\/madridib\/mi-rincon\/el-rincon-de-marissa\/\" title=\"El rinc\u00f3n de Marissa\" target=\"_blank\">El rinc\u00f3n de <strong>Marissa<\/strong><\/a><\/li>\n<\/ul>\n","protected":false},"excerpt":{"rendered":"<p>Esta p\u00e1gina es de creaci\u00f3n libre. Cada\u00a0estudiante tiene su propio\u00a0rinc\u00f3n, en el que ir\u00e1 contando todo lo que le parezca interesante de su experiencia en Espa\u00f1a: textos, im\u00e1genes, v\u00eddeos, etc. \u00a1Visita todos los rincones! El rinc\u00f3n de Kimberly El rinc\u00f3n de Jack El rinc\u00f3n de Josh El rinc\u00f3n de Marissa<\/p>\n","protected":false},"author":5659,"featured_media":0,"parent":0,"menu_order":6,"comment_status":"closed","ping_status":"closed","template":"","meta":[],"_links":{"self":[{"href":"https:\/\/sites.bu.edu\/madridib\/wp-json\/wp\/v2\/pages\/10"}],"collection":[{"href":"https:\/\/sites.bu.edu\/madridib\/wp-json\/wp\/v2\/pages"}],"about":[{"href":"https:\/\/sites.bu.edu\/madridib\/wp-json\/wp\/v2\/types\/page"}],"author":[{"embeddable":true,"href":"https:\/\/sites.bu.edu\/madridib\/wp-json\/wp\/v2\/users\/5659"}],"replies":[{"embeddable":true,"href":"https:\/\/sites.bu.edu\/madridib\/wp-json\/wp\/v2\/comments?post=10"}],"version-history":[{"count":5,"href":"https:\/\/sites.bu.edu\/madridib\/wp-json\/wp\/v2\/pages\/10\/revisions"}],"predecessor-version":[{"id":44,"href":"https:\/\/sites.bu.edu\/madridib\/wp-json\/wp\/v2\/pages\/10\/revisions\/44"}],"wp:attachment":[{"href":"https:\/\/sites.bu.edu\/madridib\/wp-json\/wp\/v2\/media?parent=10"}],"curies":[{"name":"wp","href":"https:\/\/api.w.org\/{rel}","templated":true}]}}