{"id":66,"date":"2016-05-31T14:05:42","date_gmt":"2016-05-31T18:05:42","guid":{"rendered":"https:\/\/sites.bu.edu\/madridenvivo2016\/?page_id=66"},"modified":"2016-07-01T13:37:37","modified_gmt":"2016-07-01T17:37:37","slug":"max","status":"publish","type":"page","link":"https:\/\/sites.bu.edu\/madridenvivo2016\/nuestros-blogs\/max\/","title":{"rendered":"Max"},"content":{"rendered":"<p>He vivido en Madrid un mes, en el verano de dos mil doce, y fue uno de los mejores meses de mi vida. Estoy emocionado de volver, cuatro a\u00f1os despu\u00e9s. La \u00faltima vez, viv\u00ed en el Barrio del Pilar, en el norte de la ciudad, y ahora, estoy en la Alameda de Osuna, un barrio residencial que est\u00e1 muy cerca del magn\u00edfico Parque Juan Carlos I. Corr\u00ed la semana pasada por el parque, y era como un museo, pero un museo en la tierra. Hay muchas esculturas grandes, y colinas suaves, y puentes y agua. Muchas familias y amigos estaban disfrutando del parque. Lo que vi fue como algo de un anuncio para un d\u00eda perfecto en las afueras. Hay canchas de f\u00fatbol, baloncesto y un c\u00e9sped exuberante. Era como un para\u00edso para los chicos. Mientras el Retiro es muy especial por su c\u00e9sped, vegetaci\u00f3n, \u00e1rboles y belleza en general, el Parque Juan Carlos I es de un tipo diferente de parques. Estoy emocionado de explorar muchos parques m\u00e1s, como el Capricho que est\u00e1 muy cerca de mi casa. Trat\u00e9 de el otro d\u00eda pero solo est\u00e1 abierto al p\u00fablico el fin de semana. \u00a1Entonces es una cosa para el domingo, despu\u00e9s del s\u00e1bado, y una victoria para el Real Madrid!<\/p>\n<p><a href=\"https:\/\/sites.bu.edu\/madridenvivo2016\/2016\/06\/21\/la-plaza-de-toros-ventas\/\" title=\"La Plaza de Toros: Ventas\" target=\"_blank\"><strong>La Plaza de Toros: Ventas<\/strong><\/a><\/p>\n<p><a href=\"https:\/\/sites.bu.edu\/madridenvivo2016\/2016\/07\/01\/integracion-en-espana\/\" title=\"Integraci\u00f3n en Espa\u00f1a\" target=\"_blank\"><strong>Integraci\u00f3n en Espa\u00f1a<\/strong><\/a><\/p>\n","protected":false},"excerpt":{"rendered":"<p>He vivido en Madrid un mes, en el verano de dos mil doce, y fue uno de los mejores meses de mi vida. Estoy emocionado de volver, cuatro a\u00f1os despu\u00e9s. La \u00faltima vez, viv\u00ed en el Barrio del Pilar, en el norte de la ciudad, y ahora, estoy en la Alameda de Osuna, un barrio [&hellip;]<\/p>\n","protected":false},"author":5659,"featured_media":0,"parent":17,"menu_order":7,"comment_status":"closed","ping_status":"closed","template":"","meta":[],"_links":{"self":[{"href":"https:\/\/sites.bu.edu\/madridenvivo2016\/wp-json\/wp\/v2\/pages\/66"}],"collection":[{"href":"https:\/\/sites.bu.edu\/madridenvivo2016\/wp-json\/wp\/v2\/pages"}],"about":[{"href":"https:\/\/sites.bu.edu\/madridenvivo2016\/wp-json\/wp\/v2\/types\/page"}],"author":[{"embeddable":true,"href":"https:\/\/sites.bu.edu\/madridenvivo2016\/wp-json\/wp\/v2\/users\/5659"}],"replies":[{"embeddable":true,"href":"https:\/\/sites.bu.edu\/madridenvivo2016\/wp-json\/wp\/v2\/comments?post=66"}],"version-history":[{"count":4,"href":"https:\/\/sites.bu.edu\/madridenvivo2016\/wp-json\/wp\/v2\/pages\/66\/revisions"}],"predecessor-version":[{"id":414,"href":"https:\/\/sites.bu.edu\/madridenvivo2016\/wp-json\/wp\/v2\/pages\/66\/revisions\/414"}],"up":[{"embeddable":true,"href":"https:\/\/sites.bu.edu\/madridenvivo2016\/wp-json\/wp\/v2\/pages\/17"}],"wp:attachment":[{"href":"https:\/\/sites.bu.edu\/madridenvivo2016\/wp-json\/wp\/v2\/media?parent=66"}],"curies":[{"name":"wp","href":"https:\/\/api.w.org\/{rel}","templated":true}]}}