{"id":50,"date":"2016-05-31T13:34:28","date_gmt":"2016-05-31T17:34:28","guid":{"rendered":"https:\/\/sites.bu.edu\/madridenvivo2016\/?page_id=50"},"modified":"2016-06-29T14:40:30","modified_gmt":"2016-06-29T18:40:30","slug":"jodi","status":"publish","type":"page","link":"https:\/\/sites.bu.edu\/madridenvivo2016\/nuestros-blogs\/jodi\/","title":{"rendered":"Jodi"},"content":{"rendered":"<h3><span>Una Introducci\u00f3n: Mi Primera vez en Madrid, Espa\u00f1a<\/span><\/h3>\n<p>\u00a1Hola Chicos! Me llamo Jodi. Nac\u00ed en la isla de Jamaica, pero me mud\u00e9 a los Estados Unidos cuando tenia nueve a\u00f1os. Vivo con mi padre, mi madrastra y tres hermanos menores en la ciudad de Nueva York. Voy a la Universidad de Boston (BU), y este a\u00f1o estar\u00e9 en mi a\u00f1o final de universidad. Estudio Psicolog\u00eda y Espa\u00f1ol. Quiero ser doctora en Psicolog\u00eda.<\/p>\n<p>Me gusta mucho leer, cantar y correr. Ten\u00eda un canal de YouTube en EE.UU. para mi m\u00fasica. No tengo todo mi equipo de filmaci\u00f3n y no puedo practicar la guitarra ni el piano este verano, as\u00ed que he decidido empezar <em>vlogging<\/em> mis meses en el extranjero (vlogging es como el blog en la forma de video).<\/p>\n<p>Este semestre de verano, estoy en Espa\u00f1a dos meses, para practicar mi espa\u00f1ol. En Madrid, vivo con mi madre anfitriona, su esposo y cuatro hermanos menores en m\u00e1s o menos el centro de Madrid. Me gusta mucho mi barrio y me gusta mi familia anfitriona.<\/p>\n<p>\u00a1Chicos! No puedo esperar para compartir el resto de mi experiencias con todos vosotros.<\/p>\n<p>\u00a1Hasta la Pr\u00f3xima Vez!<\/p>\n<p><strong><a title=\"Ser Morena en Espa\u00f1a\" href=\"https:\/\/sites.bu.edu\/madridenvivo2016\/2016\/06\/16\/ser-morena-en-espana\/\" target=\"_blank\">Ser morena en Espa\u00f1a<\/a><\/strong><\/p>\n<p><a href=\"https:\/\/sites.bu.edu\/madridenvivo2016\/2016\/06\/29\/no-pasa-nada\/\" title=\"\u201cNo Pasa Nada\u201d\" target=\"_blank\"><strong>\u201cNo Pasa Nada\u201d<\/strong><\/a><\/p>\n","protected":false},"excerpt":{"rendered":"<p>Una Introducci\u00f3n: Mi Primera vez en Madrid, Espa\u00f1a \u00a1Hola Chicos! Me llamo Jodi. Nac\u00ed en la isla de Jamaica, pero me mud\u00e9 a los Estados Unidos cuando tenia nueve a\u00f1os. Vivo con mi padre, mi madrastra y tres hermanos menores en la ciudad de Nueva York. Voy a la Universidad de Boston (BU), y este [&hellip;]<\/p>\n","protected":false},"author":5659,"featured_media":0,"parent":17,"menu_order":6,"comment_status":"closed","ping_status":"closed","template":"","meta":[],"_links":{"self":[{"href":"https:\/\/sites.bu.edu\/madridenvivo2016\/wp-json\/wp\/v2\/pages\/50"}],"collection":[{"href":"https:\/\/sites.bu.edu\/madridenvivo2016\/wp-json\/wp\/v2\/pages"}],"about":[{"href":"https:\/\/sites.bu.edu\/madridenvivo2016\/wp-json\/wp\/v2\/types\/page"}],"author":[{"embeddable":true,"href":"https:\/\/sites.bu.edu\/madridenvivo2016\/wp-json\/wp\/v2\/users\/5659"}],"replies":[{"embeddable":true,"href":"https:\/\/sites.bu.edu\/madridenvivo2016\/wp-json\/wp\/v2\/comments?post=50"}],"version-history":[{"count":6,"href":"https:\/\/sites.bu.edu\/madridenvivo2016\/wp-json\/wp\/v2\/pages\/50\/revisions"}],"predecessor-version":[{"id":390,"href":"https:\/\/sites.bu.edu\/madridenvivo2016\/wp-json\/wp\/v2\/pages\/50\/revisions\/390"}],"up":[{"embeddable":true,"href":"https:\/\/sites.bu.edu\/madridenvivo2016\/wp-json\/wp\/v2\/pages\/17"}],"wp:attachment":[{"href":"https:\/\/sites.bu.edu\/madridenvivo2016\/wp-json\/wp\/v2\/media?parent=50"}],"curies":[{"name":"wp","href":"https:\/\/api.w.org\/{rel}","templated":true}]}}