{"id":46,"date":"2016-05-31T13:30:51","date_gmt":"2016-05-31T17:30:51","guid":{"rendered":"https:\/\/sites.bu.edu\/madridenvivo2016\/?page_id=46"},"modified":"2016-06-28T14:25:28","modified_gmt":"2016-06-28T18:25:28","slug":"olivia","status":"publish","type":"page","link":"https:\/\/sites.bu.edu\/madridenvivo2016\/nuestros-blogs\/olivia\/","title":{"rendered":"Olivia"},"content":{"rendered":"<p><span>Me llamo Olivia. Soy una estudiante de la Universidad de Boston y estoy en Espa<\/span>\u00f1a para mejorar mi espa\u00f1ol. Quiero ser profesora de espa\u00f1ol en Los Estados Unidos porque creo que hay poder en saber m\u00e1s de una lengua. Carlomagno dijo que tener dos lenguas es tener dos almas. No creo que esto sea verdad. Creo que tener dos lenguas es descubrir las partes del alma que ya tiene. Durante mi estancia en <span>Espa<\/span>\u00f1a, espero descubrir nuevas partes de mi alma por mi aprendizaje de espa\u00f1ol.<\/p>\n<p><a href=\"https:\/\/sites.bu.edu\/madridenvivo2016\/2016\/06\/21\/mis-cosas-favoritas-de-madrid\/\" title=\"Mis cosas favoritas de Madrid\" target=\"_blank\"><strong>Mis cosas favoritas de Madrid<\/strong><\/a><\/p>\n<p><a href=\"https:\/\/sites.bu.edu\/madridenvivo2016\/2016\/06\/28\/matadero-madrid\/\" title=\"Matadero Madrid\" target=\"_blank\"><strong>Matadero Madrid<\/strong><\/a><\/p>\n","protected":false},"excerpt":{"rendered":"<p>Me llamo Olivia. Soy una estudiante de la Universidad de Boston y estoy en Espa\u00f1a para mejorar mi espa\u00f1ol. Quiero ser profesora de espa\u00f1ol en Los Estados Unidos porque creo que hay poder en saber m\u00e1s de una lengua. Carlomagno dijo que tener dos lenguas es tener dos almas. No creo que esto sea verdad. [&hellip;]<\/p>\n","protected":false},"author":5659,"featured_media":0,"parent":17,"menu_order":5,"comment_status":"closed","ping_status":"closed","template":"","meta":[],"_links":{"self":[{"href":"https:\/\/sites.bu.edu\/madridenvivo2016\/wp-json\/wp\/v2\/pages\/46"}],"collection":[{"href":"https:\/\/sites.bu.edu\/madridenvivo2016\/wp-json\/wp\/v2\/pages"}],"about":[{"href":"https:\/\/sites.bu.edu\/madridenvivo2016\/wp-json\/wp\/v2\/types\/page"}],"author":[{"embeddable":true,"href":"https:\/\/sites.bu.edu\/madridenvivo2016\/wp-json\/wp\/v2\/users\/5659"}],"replies":[{"embeddable":true,"href":"https:\/\/sites.bu.edu\/madridenvivo2016\/wp-json\/wp\/v2\/comments?post=46"}],"version-history":[{"count":4,"href":"https:\/\/sites.bu.edu\/madridenvivo2016\/wp-json\/wp\/v2\/pages\/46\/revisions"}],"predecessor-version":[{"id":343,"href":"https:\/\/sites.bu.edu\/madridenvivo2016\/wp-json\/wp\/v2\/pages\/46\/revisions\/343"}],"up":[{"embeddable":true,"href":"https:\/\/sites.bu.edu\/madridenvivo2016\/wp-json\/wp\/v2\/pages\/17"}],"wp:attachment":[{"href":"https:\/\/sites.bu.edu\/madridenvivo2016\/wp-json\/wp\/v2\/media?parent=46"}],"curies":[{"name":"wp","href":"https:\/\/api.w.org\/{rel}","templated":true}]}}