{"id":43,"date":"2016-05-31T06:59:46","date_gmt":"2016-05-31T10:59:46","guid":{"rendered":"https:\/\/sites.bu.edu\/madridenvivo2016\/?page_id=43"},"modified":"2016-07-01T13:38:49","modified_gmt":"2016-07-01T17:38:49","slug":"camille","status":"publish","type":"page","link":"https:\/\/sites.bu.edu\/madridenvivo2016\/nuestros-blogs\/camille\/","title":{"rendered":"Camille"},"content":{"rendered":"<p>Para m\u00ed, es dif\u00edcil la concordancia. Siempre quiero poner \u201cla\u201d delante de caf\u00e9 o quiero decir \u201cbuenos noches\u201d. No s\u00e9 por qu\u00e9 pero ese es el mayor problema ahora para m\u00ed. Otro estudiante me dijo ayer que es la cuenta y no el cuento. Antes de eso, yo ped\u00eda un \u201ccuento\u201d como un cuento de hadas. Ahora entiendo por qu\u00e9 los camareros se estaban riendo. Me encanta Madrid, especialmente c\u00f3mo la gente camina por la ciudad. En Austin siempre tomamos el coche y aqu\u00ed no.<\/p>\n<p><a href=\"https:\/\/sites.bu.edu\/madridenvivo2016\/2016\/06\/26\/comparacion-entre-cordoba-y-madrid-3\/\" title=\"Comparaci\u00f3n entre C\u00f3rdoba y Madrid\" target=\"_blank\"><strong>Comparaci\u00f3n entre C\u00f3rdoba y Madrid<\/strong><\/a><\/p>\n<p><a href=\"https:\/\/sites.bu.edu\/madridenvivo2016\/2016\/07\/01\/el-matadero\/\" title=\"El Matadero\" target=\"_blank\"><strong>El Matadero<\/strong><\/a><\/p>\n","protected":false},"excerpt":{"rendered":"<p>Para m\u00ed, es dif\u00edcil la concordancia. Siempre quiero poner \u201cla\u201d delante de caf\u00e9 o quiero decir \u201cbuenos noches\u201d. No s\u00e9 por qu\u00e9 pero ese es el mayor problema ahora para m\u00ed. Otro estudiante me dijo ayer que es la cuenta y no el cuento. Antes de eso, yo ped\u00eda un \u201ccuento\u201d como un cuento de [&hellip;]<\/p>\n","protected":false},"author":5659,"featured_media":0,"parent":17,"menu_order":4,"comment_status":"closed","ping_status":"closed","template":"","meta":[],"_links":{"self":[{"href":"https:\/\/sites.bu.edu\/madridenvivo2016\/wp-json\/wp\/v2\/pages\/43"}],"collection":[{"href":"https:\/\/sites.bu.edu\/madridenvivo2016\/wp-json\/wp\/v2\/pages"}],"about":[{"href":"https:\/\/sites.bu.edu\/madridenvivo2016\/wp-json\/wp\/v2\/types\/page"}],"author":[{"embeddable":true,"href":"https:\/\/sites.bu.edu\/madridenvivo2016\/wp-json\/wp\/v2\/users\/5659"}],"replies":[{"embeddable":true,"href":"https:\/\/sites.bu.edu\/madridenvivo2016\/wp-json\/wp\/v2\/comments?post=43"}],"version-history":[{"count":5,"href":"https:\/\/sites.bu.edu\/madridenvivo2016\/wp-json\/wp\/v2\/pages\/43\/revisions"}],"predecessor-version":[{"id":415,"href":"https:\/\/sites.bu.edu\/madridenvivo2016\/wp-json\/wp\/v2\/pages\/43\/revisions\/415"}],"up":[{"embeddable":true,"href":"https:\/\/sites.bu.edu\/madridenvivo2016\/wp-json\/wp\/v2\/pages\/17"}],"wp:attachment":[{"href":"https:\/\/sites.bu.edu\/madridenvivo2016\/wp-json\/wp\/v2\/media?parent=43"}],"curies":[{"name":"wp","href":"https:\/\/api.w.org\/{rel}","templated":true}]}}