{"id":40,"date":"2016-05-31T06:57:34","date_gmt":"2016-05-31T10:57:34","guid":{"rendered":"https:\/\/sites.bu.edu\/madridenvivo2016\/?page_id=40"},"modified":"2016-06-28T14:26:29","modified_gmt":"2016-06-28T18:26:29","slug":"caroline","status":"publish","type":"page","link":"https:\/\/sites.bu.edu\/madridenvivo2016\/nuestros-blogs\/caroline\/","title":{"rendered":"Caroline"},"content":{"rendered":"<p>Soy de Nueva York y este oto\u00f1o empiezo mi tercer a\u00f1o en la Universidad de Harvard. Es mi intenci\u00f3n ser neurocirujana. Soy estudiante del curso de introducci\u00f3n a la medicina, de arqueolog\u00eda, de neurobiolog\u00eda y de literatura y lengua espa\u00f1ola. Actualmente, domino los idiomas ingl\u00e9s y polaco; adem\u00e1s, estoy perfeccionando espa\u00f1ol y chino. Por eso, he viajado a Madrid para tener m\u00e1s fluidez de espa\u00f1ol y estudiar su cultura: el arte, la historia y c\u00f3mo ha influido en la vida de la gente y sigue influyendo.<\/p>\n<p>Mis pasatiempos incluyen viajar a otros pa\u00edses y explorar los mejores secretos de los barrios, ir de caminata, hacer surfing y practicar paddle-boarding en el mar, bucear bajo el agua, montar a caballo, estudiar la influencia de las religiones y la mitolog\u00eda en las culturas antiguas y hacer cosas como cocinar diferentes recetas, tallar la madera y crear muebles de madera, hacer bisuter\u00eda, pintar, dibujar y hacer \u00e1lbumes de recortes (por eso, soy adicta a Pinterest). Lo que todos saben de m\u00ed es que tengo alma de artista: participo en obras de teatro y en operetas, imito acentos de idiomas y sonidos de animales (tambi\u00e9n a Gollum de \u201cEl Se\u00f1or de los Anillos\u201d) y toco siete instrumentos.<\/p>\n<p>Me encanta que este programa nos ofrezca la oportunidad para entender y asimilar las cosas que constituyen esta cultura espa\u00f1ola. Quer\u00eda hacerlo porque nunca habr\u00eda podido conocerla tan intensamente si no fuera de esta forma. Adem\u00e1s si un extranjero quiere integrarse en esta sociedad, tiene que buscar lo que verdaderamente le interesa. Para m\u00ed, los museos, las obras de arte y la arqueolog\u00eda, los parques, la m\u00fasica folkl\u00f3rica y los bailes de flamenco y de sevillanas forman mis intereses y pasatiempos favoritos.<\/p>\n<p><strong><a title=\"La Selva del Metro\" href=\"https:\/\/sites.bu.edu\/madridenvivo2016\/2016\/06\/16\/la-selva-del-metro\/\" target=\"_blank\">La Selva del Metro<\/a><\/strong><\/p>\n<p><a href=\"https:\/\/sites.bu.edu\/madridenvivo2016\/2016\/06\/28\/un-tinto-y-una-historia-2\/\" title=\"Un Tinto y Una Historia\" target=\"_blank\"><strong>Un Tinto y Una Historia<\/strong><\/a><\/p>\n","protected":false},"excerpt":{"rendered":"<p>Soy de Nueva York y este oto\u00f1o empiezo mi tercer a\u00f1o en la Universidad de Harvard. Es mi intenci\u00f3n ser neurocirujana. Soy estudiante del curso de introducci\u00f3n a la medicina, de arqueolog\u00eda, de neurobiolog\u00eda y de literatura y lengua espa\u00f1ola. Actualmente, domino los idiomas ingl\u00e9s y polaco; adem\u00e1s, estoy perfeccionando espa\u00f1ol y chino. Por eso, [&hellip;]<\/p>\n","protected":false},"author":5659,"featured_media":0,"parent":17,"menu_order":3,"comment_status":"closed","ping_status":"closed","template":"","meta":[],"_links":{"self":[{"href":"https:\/\/sites.bu.edu\/madridenvivo2016\/wp-json\/wp\/v2\/pages\/40"}],"collection":[{"href":"https:\/\/sites.bu.edu\/madridenvivo2016\/wp-json\/wp\/v2\/pages"}],"about":[{"href":"https:\/\/sites.bu.edu\/madridenvivo2016\/wp-json\/wp\/v2\/types\/page"}],"author":[{"embeddable":true,"href":"https:\/\/sites.bu.edu\/madridenvivo2016\/wp-json\/wp\/v2\/users\/5659"}],"replies":[{"embeddable":true,"href":"https:\/\/sites.bu.edu\/madridenvivo2016\/wp-json\/wp\/v2\/comments?post=40"}],"version-history":[{"count":5,"href":"https:\/\/sites.bu.edu\/madridenvivo2016\/wp-json\/wp\/v2\/pages\/40\/revisions"}],"predecessor-version":[{"id":344,"href":"https:\/\/sites.bu.edu\/madridenvivo2016\/wp-json\/wp\/v2\/pages\/40\/revisions\/344"}],"up":[{"embeddable":true,"href":"https:\/\/sites.bu.edu\/madridenvivo2016\/wp-json\/wp\/v2\/pages\/17"}],"wp:attachment":[{"href":"https:\/\/sites.bu.edu\/madridenvivo2016\/wp-json\/wp\/v2\/media?parent=40"}],"curies":[{"name":"wp","href":"https:\/\/api.w.org\/{rel}","templated":true}]}}