{"id":33,"date":"2016-05-30T13:45:47","date_gmt":"2016-05-30T17:45:47","guid":{"rendered":"https:\/\/sites.bu.edu\/madridenvivo2016\/?page_id=33"},"modified":"2016-07-01T13:40:47","modified_gmt":"2016-07-01T17:40:47","slug":"melissa","status":"publish","type":"page","link":"https:\/\/sites.bu.edu\/madridenvivo2016\/nuestros-blogs\/melissa\/","title":{"rendered":"Melissa"},"content":{"rendered":"<p>Hola, soy Melissa Soleimani y soy de Somerset, Massachusetts. Estoy estudiando educaci\u00f3n, psicolog\u00eda, antropolog\u00eda y espa\u00f1ol en la Universidad de Brandeis. Soy una estudiante atleta en Brandeis, ya que huego al softbol. En Brandeis trabajo en una guarder\u00eda y un d\u00eda me gustar\u00eda trabajar en el campo de la educaci\u00f3n. Cunado no estoy trabajando o practicando para el softbol puede encontrarme comprando en muchas tiendas. Una de las cosas que me gustan de Madrid son las tiendas maravillosas que tiene para ofrecer. Me encanta conocer nuevas personas y aprender nuevas culturas, por eso estoy emocionada de visitar tantos lugares como sea posible en Espa\u00f1a.<\/p>\n<p><a href=\"https:\/\/sites.bu.edu\/madridenvivo2016\/2016\/06\/20\/mi-primer-dia-en-madrid\/\" title=\"Mi primer d\u00eda en Madrid\" target=\"_blank\"><strong>Mi primer d\u00eda en Madrid<\/strong><\/a><\/p>\n<p><a href=\"https:\/\/sites.bu.edu\/madridenvivo2016\/2016\/07\/01\/perdida-y-encontrada\/\" title=\"Perdida y encontrada\" target=\"_blank\"><strong>Perdida y encontrada<\/strong><\/a><\/p>\n","protected":false},"excerpt":{"rendered":"<p>Hola, soy Melissa Soleimani y soy de Somerset, Massachusetts. Estoy estudiando educaci\u00f3n, psicolog\u00eda, antropolog\u00eda y espa\u00f1ol en la Universidad de Brandeis. Soy una estudiante atleta en Brandeis, ya que huego al softbol. En Brandeis trabajo en una guarder\u00eda y un d\u00eda me gustar\u00eda trabajar en el campo de la educaci\u00f3n. Cunado no estoy trabajando o [&hellip;]<\/p>\n","protected":false},"author":5659,"featured_media":0,"parent":17,"menu_order":2,"comment_status":"closed","ping_status":"closed","template":"","meta":[],"_links":{"self":[{"href":"https:\/\/sites.bu.edu\/madridenvivo2016\/wp-json\/wp\/v2\/pages\/33"}],"collection":[{"href":"https:\/\/sites.bu.edu\/madridenvivo2016\/wp-json\/wp\/v2\/pages"}],"about":[{"href":"https:\/\/sites.bu.edu\/madridenvivo2016\/wp-json\/wp\/v2\/types\/page"}],"author":[{"embeddable":true,"href":"https:\/\/sites.bu.edu\/madridenvivo2016\/wp-json\/wp\/v2\/users\/5659"}],"replies":[{"embeddable":true,"href":"https:\/\/sites.bu.edu\/madridenvivo2016\/wp-json\/wp\/v2\/comments?post=33"}],"version-history":[{"count":6,"href":"https:\/\/sites.bu.edu\/madridenvivo2016\/wp-json\/wp\/v2\/pages\/33\/revisions"}],"predecessor-version":[{"id":418,"href":"https:\/\/sites.bu.edu\/madridenvivo2016\/wp-json\/wp\/v2\/pages\/33\/revisions\/418"}],"up":[{"embeddable":true,"href":"https:\/\/sites.bu.edu\/madridenvivo2016\/wp-json\/wp\/v2\/pages\/17"}],"wp:attachment":[{"href":"https:\/\/sites.bu.edu\/madridenvivo2016\/wp-json\/wp\/v2\/media?parent=33"}],"curies":[{"name":"wp","href":"https:\/\/api.w.org\/{rel}","templated":true}]}}