{"id":30,"date":"2016-05-30T13:44:14","date_gmt":"2016-05-30T17:44:14","guid":{"rendered":"https:\/\/sites.bu.edu\/madridenvivo2016\/?page_id=30"},"modified":"2016-06-28T14:27:32","modified_gmt":"2016-06-28T18:27:32","slug":"joliette","status":"publish","type":"page","link":"https:\/\/sites.bu.edu\/madridenvivo2016\/nuestros-blogs\/joliette\/","title":{"rendered":"Joliette"},"content":{"rendered":"<p>Despu\u00e9s de muchos meses de anticipaci\u00f3n, finalmente estoy en Madrid, Espa\u00f1a. Mi vida en Madrid es muy diferente de mi vida en la universidad o en mi casa. Los miembros de mi familia anfitriona son muy simp\u00e1ticos y aprecio sus consejos y su ayuda. He caminado por mi barrio, Chamber\u00ed, cada d\u00eda. La falta de un mapa consistente en mi tel\u00e9fono me ha forzado a aprender las calles r\u00e1pidamente. Me encanta explorar la ciudad, y mis partes favoritas ahora son los parques. Corro en un parque que se llama GolfCanal, y el Retiro es incre\u00edble. \u00a1Todav\u00eda estoy disfrutando la experiencia!<\/p>\n<p><a href=\"https:\/\/sites.bu.edu\/madridenvivo2016\/2016\/06\/20\/despues-de-algunas-semanas-en-madrid\/\" title=\"Despu\u00e9s de algunas semanas en Madrid\" target=\"_blank\"><strong>Despu\u00e9s de algunas semanas en Madrid<\/strong><\/a><\/p>\n<p><a href=\"https:\/\/sites.bu.edu\/madridenvivo2016\/2016\/06\/28\/no-quiero-irme-de-madrid\/\" title=\"No Quiero Irme de Madrid\" target=\"_blank\"><strong>No Quiero Irme de Madrid<\/strong><\/a><\/p>\n","protected":false},"excerpt":{"rendered":"<p>Despu\u00e9s de muchos meses de anticipaci\u00f3n, finalmente estoy en Madrid, Espa\u00f1a. Mi vida en Madrid es muy diferente de mi vida en la universidad o en mi casa. Los miembros de mi familia anfitriona son muy simp\u00e1ticos y aprecio sus consejos y su ayuda. He caminado por mi barrio, Chamber\u00ed, cada d\u00eda. La falta de [&hellip;]<\/p>\n","protected":false},"author":5659,"featured_media":0,"parent":17,"menu_order":1,"comment_status":"closed","ping_status":"closed","template":"","meta":[],"_links":{"self":[{"href":"https:\/\/sites.bu.edu\/madridenvivo2016\/wp-json\/wp\/v2\/pages\/30"}],"collection":[{"href":"https:\/\/sites.bu.edu\/madridenvivo2016\/wp-json\/wp\/v2\/pages"}],"about":[{"href":"https:\/\/sites.bu.edu\/madridenvivo2016\/wp-json\/wp\/v2\/types\/page"}],"author":[{"embeddable":true,"href":"https:\/\/sites.bu.edu\/madridenvivo2016\/wp-json\/wp\/v2\/users\/5659"}],"replies":[{"embeddable":true,"href":"https:\/\/sites.bu.edu\/madridenvivo2016\/wp-json\/wp\/v2\/comments?post=30"}],"version-history":[{"count":4,"href":"https:\/\/sites.bu.edu\/madridenvivo2016\/wp-json\/wp\/v2\/pages\/30\/revisions"}],"predecessor-version":[{"id":345,"href":"https:\/\/sites.bu.edu\/madridenvivo2016\/wp-json\/wp\/v2\/pages\/30\/revisions\/345"}],"up":[{"embeddable":true,"href":"https:\/\/sites.bu.edu\/madridenvivo2016\/wp-json\/wp\/v2\/pages\/17"}],"wp:attachment":[{"href":"https:\/\/sites.bu.edu\/madridenvivo2016\/wp-json\/wp\/v2\/media?parent=30"}],"curies":[{"name":"wp","href":"https:\/\/api.w.org\/{rel}","templated":true}]}}