{"id":13,"date":"2016-05-23T14:05:17","date_gmt":"2016-05-23T18:05:17","guid":{"rendered":"https:\/\/sites.bu.edu\/madridenvivo2016\/?page_id=13"},"modified":"2016-06-03T15:52:33","modified_gmt":"2016-06-03T19:52:33","slug":"madrid-en-video","status":"publish","type":"page","link":"https:\/\/sites.bu.edu\/madridenvivo2016\/madrid-en-video\/","title":{"rendered":"MADRID EN IM\u00c1GENES"},"content":{"rendered":"<p>\u00bfQuieres &#8220;ver&#8221; Madrid? \u00a1Aqu\u00ed est\u00e1n nuestros v\u00eddeos y fotos!<\/p>\n","protected":false},"excerpt":{"rendered":"<p>\u00bfQuieres &#8220;ver&#8221; Madrid? \u00a1Aqu\u00ed est\u00e1n nuestros v\u00eddeos y fotos!<\/p>\n","protected":false},"author":5659,"featured_media":0,"parent":0,"menu_order":3,"comment_status":"closed","ping_status":"closed","template":"","meta":[],"_links":{"self":[{"href":"https:\/\/sites.bu.edu\/madridenvivo2016\/wp-json\/wp\/v2\/pages\/13"}],"collection":[{"href":"https:\/\/sites.bu.edu\/madridenvivo2016\/wp-json\/wp\/v2\/pages"}],"about":[{"href":"https:\/\/sites.bu.edu\/madridenvivo2016\/wp-json\/wp\/v2\/types\/page"}],"author":[{"embeddable":true,"href":"https:\/\/sites.bu.edu\/madridenvivo2016\/wp-json\/wp\/v2\/users\/5659"}],"replies":[{"embeddable":true,"href":"https:\/\/sites.bu.edu\/madridenvivo2016\/wp-json\/wp\/v2\/comments?post=13"}],"version-history":[{"count":3,"href":"https:\/\/sites.bu.edu\/madridenvivo2016\/wp-json\/wp\/v2\/pages\/13\/revisions"}],"predecessor-version":[{"id":62,"href":"https:\/\/sites.bu.edu\/madridenvivo2016\/wp-json\/wp\/v2\/pages\/13\/revisions\/62"}],"wp:attachment":[{"href":"https:\/\/sites.bu.edu\/madridenvivo2016\/wp-json\/wp\/v2\/media?parent=13"}],"curies":[{"name":"wp","href":"https:\/\/api.w.org\/{rel}","templated":true}]}}