{"id":111,"date":"2016-06-02T15:13:09","date_gmt":"2016-06-02T19:13:09","guid":{"rendered":"https:\/\/sites.bu.edu\/madridenvivo2016\/?page_id=111"},"modified":"2016-06-29T14:39:29","modified_gmt":"2016-06-29T18:39:29","slug":"tom","status":"publish","type":"page","link":"https:\/\/sites.bu.edu\/madridenvivo2016\/nuestros-blogs\/tom\/","title":{"rendered":"Tom"},"content":{"rendered":"<p>Para el verano, el escritor actualmente vive en Madrid para un programa de estudiar en el extranjero a trav\u00e9s de la Universidad de Boston. Durante las otras estaciones \u00e9l estudia en Harvard, de donde desea obtener un t\u00edtulo de f\u00edsica y matem\u00e1ticas y un t\u00edtulo menor de espa\u00f1ol. Despu\u00e9s de graduarse le gustar\u00eda trabajar en el campo de las matem\u00e1ticas aplicadas y especialmente matem\u00e1ticas gr\u00e1ficas.<\/p>\n<p>A causa de ser de Nueva Hampshire, en su tiempo libre el escritor disfruta el aire libre y como resultado le gusta correr, nadar, esquiar y los paseos en barco. Adem\u00e1s le gusta leer (especialmente libros de la generaci\u00f3n perdida e historia), tocar la guitarra y\u2014lo m\u00e1s importante\u2014 pasar tiempo con sus amigos, su madre, su padre, sus hermanos y sus sobrinos.<\/p>\n<p><a href=\"https:\/\/sites.bu.edu\/madridenvivo2016\/2016\/06\/20\/como-es-mejor-para-el-estomago-comer-mas-lentamente\/\" title=\"Como Es Mejor para el Est\u00f3mago Comer M\u00e1s Lentamente\" target=\"_blank\"><strong>Como Es Mejor para el Est\u00f3mago Comer M\u00e1s Lentamente<\/strong><\/a><\/p>\n<p><a href=\"https:\/\/sites.bu.edu\/madridenvivo2016\/2016\/06\/29\/el-comportamiento-en-la-mesa\/\" title=\"El Comportamiento en la Mesa\" target=\"_blank\"><strong>El Comportamiento en la Mesa<\/strong><\/a><\/p>\n","protected":false},"excerpt":{"rendered":"<p>Para el verano, el escritor actualmente vive en Madrid para un programa de estudiar en el extranjero a trav\u00e9s de la Universidad de Boston. Durante las otras estaciones \u00e9l estudia en Harvard, de donde desea obtener un t\u00edtulo de f\u00edsica y matem\u00e1ticas y un t\u00edtulo menor de espa\u00f1ol. Despu\u00e9s de graduarse le gustar\u00eda trabajar en [&hellip;]<\/p>\n","protected":false},"author":5659,"featured_media":0,"parent":17,"menu_order":10,"comment_status":"closed","ping_status":"closed","template":"","meta":[],"_links":{"self":[{"href":"https:\/\/sites.bu.edu\/madridenvivo2016\/wp-json\/wp\/v2\/pages\/111"}],"collection":[{"href":"https:\/\/sites.bu.edu\/madridenvivo2016\/wp-json\/wp\/v2\/pages"}],"about":[{"href":"https:\/\/sites.bu.edu\/madridenvivo2016\/wp-json\/wp\/v2\/types\/page"}],"author":[{"embeddable":true,"href":"https:\/\/sites.bu.edu\/madridenvivo2016\/wp-json\/wp\/v2\/users\/5659"}],"replies":[{"embeddable":true,"href":"https:\/\/sites.bu.edu\/madridenvivo2016\/wp-json\/wp\/v2\/comments?post=111"}],"version-history":[{"count":3,"href":"https:\/\/sites.bu.edu\/madridenvivo2016\/wp-json\/wp\/v2\/pages\/111\/revisions"}],"predecessor-version":[{"id":389,"href":"https:\/\/sites.bu.edu\/madridenvivo2016\/wp-json\/wp\/v2\/pages\/111\/revisions\/389"}],"up":[{"embeddable":true,"href":"https:\/\/sites.bu.edu\/madridenvivo2016\/wp-json\/wp\/v2\/pages\/17"}],"wp:attachment":[{"href":"https:\/\/sites.bu.edu\/madridenvivo2016\/wp-json\/wp\/v2\/media?parent=111"}],"curies":[{"name":"wp","href":"https:\/\/api.w.org\/{rel}","templated":true}]}}