{"id":109,"date":"2016-06-02T15:12:05","date_gmt":"2016-06-02T19:12:05","guid":{"rendered":"https:\/\/sites.bu.edu\/madridenvivo2016\/?page_id=109"},"modified":"2016-06-29T14:41:38","modified_gmt":"2016-06-29T18:41:38","slug":"mamanding","status":"publish","type":"page","link":"https:\/\/sites.bu.edu\/madridenvivo2016\/nuestros-blogs\/mamanding\/","title":{"rendered":"Mamanding"},"content":{"rendered":"<p><span>Me llamo Mamanding Nasso. Soy de \u00c1frica pero vivo en Estados Unidos. Estudio biolog\u00eda y espa\u00f1ol en la universidad de Boston. Creo que soy una persona bastante tranquila y reservada. Tambi\u00e9n soy exc\u00e9ntrica y activa, pero soy un poco perezosa e introvertida a veces. Mucha gente piensa que soy simp\u00e1tica y honesta. Mi color favorito es el verde, mi comida favorita es arroz con pollo, y mi deporte favorito es el baloncesto. En mi tiempo libre me gusta escuchar m\u00fasica y bailar con mis amigos. Otras cosas que me encanta hacer son ir a la playa y a otros pa\u00edses. Soy una persona a la que le gusta salir y divertirse.<\/span><\/p>\n<p><a href=\"https:\/\/sites.bu.edu\/madridenvivo2016\/2016\/06\/20\/el-retiro\/\" title=\"El Retiro\" target=\"_blank\"><strong>El Retiro<\/strong><\/a><\/p>\n<p><a href=\"https:\/\/sites.bu.edu\/madridenvivo2016\/2016\/06\/29\/gran-via\/\" title=\"Gran V\u00eda\" target=\"_blank\"><strong>Gran V\u00eda<\/strong><\/a><\/p>\n","protected":false},"excerpt":{"rendered":"<p>Me llamo Mamanding Nasso. Soy de \u00c1frica pero vivo en Estados Unidos. Estudio biolog\u00eda y espa\u00f1ol en la universidad de Boston. Creo que soy una persona bastante tranquila y reservada. Tambi\u00e9n soy exc\u00e9ntrica y activa, pero soy un poco perezosa e introvertida a veces. Mucha gente piensa que soy simp\u00e1tica y honesta. Mi color favorito [&hellip;]<\/p>\n","protected":false},"author":5659,"featured_media":0,"parent":17,"menu_order":9,"comment_status":"closed","ping_status":"closed","template":"","meta":[],"_links":{"self":[{"href":"https:\/\/sites.bu.edu\/madridenvivo2016\/wp-json\/wp\/v2\/pages\/109"}],"collection":[{"href":"https:\/\/sites.bu.edu\/madridenvivo2016\/wp-json\/wp\/v2\/pages"}],"about":[{"href":"https:\/\/sites.bu.edu\/madridenvivo2016\/wp-json\/wp\/v2\/types\/page"}],"author":[{"embeddable":true,"href":"https:\/\/sites.bu.edu\/madridenvivo2016\/wp-json\/wp\/v2\/users\/5659"}],"replies":[{"embeddable":true,"href":"https:\/\/sites.bu.edu\/madridenvivo2016\/wp-json\/wp\/v2\/comments?post=109"}],"version-history":[{"count":3,"href":"https:\/\/sites.bu.edu\/madridenvivo2016\/wp-json\/wp\/v2\/pages\/109\/revisions"}],"predecessor-version":[{"id":391,"href":"https:\/\/sites.bu.edu\/madridenvivo2016\/wp-json\/wp\/v2\/pages\/109\/revisions\/391"}],"up":[{"embeddable":true,"href":"https:\/\/sites.bu.edu\/madridenvivo2016\/wp-json\/wp\/v2\/pages\/17"}],"wp:attachment":[{"href":"https:\/\/sites.bu.edu\/madridenvivo2016\/wp-json\/wp\/v2\/media?parent=109"}],"curies":[{"name":"wp","href":"https:\/\/api.w.org\/{rel}","templated":true}]}}