{"id":103,"date":"2016-06-02T15:01:23","date_gmt":"2016-06-02T19:01:23","guid":{"rendered":"https:\/\/sites.bu.edu\/madridenvivo2016\/?page_id=103"},"modified":"2016-06-29T14:43:01","modified_gmt":"2016-06-29T18:43:01","slug":"joanne","status":"publish","type":"page","link":"https:\/\/sites.bu.edu\/madridenvivo2016\/nuestros-blogs\/joanne\/","title":{"rendered":"Joanne"},"content":{"rendered":"<p>Yo soy Joanne pero muchos de mis amigos me llaman Jo. Soy estudiante en la Universidad de Boston y comenzar\u00e9 mi tercer a\u00f1o universitario. Estoy estudiando fisiolog\u00eda humana y espa\u00f1ol. Con el tiempo, quiero ser m\u00e9dica (cirujana o pediatra). Soy de Connecticut pero prefiero vida en la ciudad, por eso decid\u00ed ir a la universidad en Boston. He estado estudiando espa\u00f1ol desde la escuela secundaria. Aunque puedo entenderlo bastante bien, todav\u00eda tengo dificultad para hablarlo. Yo hablo criollo de Hait\u00ed y el idioma tiene muchas similitudes con el espa\u00f1ol. Mi principal reto es separar los dos idiomas antes de hablar. Espero no tener las mismas dificultades cuando termine el programa.<\/p>\n<p><strong><a title=\"Mi malentendido\" href=\"https:\/\/sites.bu.edu\/madridenvivo2016\/2016\/06\/16\/mi-malentendido\/\" target=\"_blank\">Mi malentendido<\/a><\/strong><\/p>\n<p><a href=\"https:\/\/sites.bu.edu\/madridenvivo2016\/2016\/06\/29\/la-gente-que-nunca-duerme\/\" title=\"La gente que nunca duerme\" target=\"_blank\"><strong>La gente que nunca duerme<\/strong><\/a><\/p>\n","protected":false},"excerpt":{"rendered":"<p>Yo soy Joanne pero muchos de mis amigos me llaman Jo. Soy estudiante en la Universidad de Boston y comenzar\u00e9 mi tercer a\u00f1o universitario. Estoy estudiando fisiolog\u00eda humana y espa\u00f1ol. Con el tiempo, quiero ser m\u00e9dica (cirujana o pediatra). Soy de Connecticut pero prefiero vida en la ciudad, por eso decid\u00ed ir a la universidad [&hellip;]<\/p>\n","protected":false},"author":5659,"featured_media":0,"parent":17,"menu_order":8,"comment_status":"closed","ping_status":"closed","template":"","meta":[],"_links":{"self":[{"href":"https:\/\/sites.bu.edu\/madridenvivo2016\/wp-json\/wp\/v2\/pages\/103"}],"collection":[{"href":"https:\/\/sites.bu.edu\/madridenvivo2016\/wp-json\/wp\/v2\/pages"}],"about":[{"href":"https:\/\/sites.bu.edu\/madridenvivo2016\/wp-json\/wp\/v2\/types\/page"}],"author":[{"embeddable":true,"href":"https:\/\/sites.bu.edu\/madridenvivo2016\/wp-json\/wp\/v2\/users\/5659"}],"replies":[{"embeddable":true,"href":"https:\/\/sites.bu.edu\/madridenvivo2016\/wp-json\/wp\/v2\/comments?post=103"}],"version-history":[{"count":5,"href":"https:\/\/sites.bu.edu\/madridenvivo2016\/wp-json\/wp\/v2\/pages\/103\/revisions"}],"predecessor-version":[{"id":392,"href":"https:\/\/sites.bu.edu\/madridenvivo2016\/wp-json\/wp\/v2\/pages\/103\/revisions\/392"}],"up":[{"embeddable":true,"href":"https:\/\/sites.bu.edu\/madridenvivo2016\/wp-json\/wp\/v2\/pages\/17"}],"wp:attachment":[{"href":"https:\/\/sites.bu.edu\/madridenvivo2016\/wp-json\/wp\/v2\/media?parent=103"}],"curies":[{"name":"wp","href":"https:\/\/api.w.org\/{rel}","templated":true}]}}