{"id":5,"date":"2018-09-10T12:37:29","date_gmt":"2018-09-10T16:37:29","guid":{"rendered":"https:\/\/sites.bu.edu\/kevinlang\/faculty-model-website\/"},"modified":"2022-06-13T17:15:11","modified_gmt":"2022-06-13T21:15:11","slug":"about","status":"publish","type":"page","link":"https:\/\/sites.bu.edu\/kevinlang\/about\/","title":{"rendered":"CV"},"content":{"rendered":"<p><a href=\"https:\/\/www.dropbox.com\/s\/ef0dvlgslzotgwa\/reskl-10pt.pdf?dl=0\"><strong><a href=\"https:\/\/www.dropbox.com\/s\/ef0dvlgslzotgwa\/reskl-10pt.pdf?dl=0\">PDF version of my CV<\/a><\/strong><\/a><\/p>\n<p>June 2022<\/p>\n<p><strong>KEVIN LANG<\/strong><br \/>\nLaurence A. Bloom Professor of Economics<br \/>\nDepartment of Economics<br \/>\nBoston University<br \/>\n270 Bay State Road<br \/>\nBoston, MA 02215<br \/>\n(617) 353-5694<br \/>\nlang@bu.edu<\/p>\n<p><strong>EDUCATION<\/strong><br \/>\nPh.D. Massachusetts Institute of Technology, Economics, 1978-1982.<br \/>\nM.Sc. Universite de Montreal, Economics, 1976-1978<br \/>\nB.A. University of Oxford (St. Catherine&#8217;s College), Philosophy, Politics, and Economics (PPE), (1973-1976; M.A. awarded 1980)<\/p>\n<p><strong>ACADEMIC POSITIONS HELD<\/strong><br \/>\n2021- Laurence A. Bloom Professor of Economics, Boston University<br \/>\n2005-09 Chair, Department of Economics, Boston University<br \/>\n2000-01 Visiting Professor of Economics, Massachusetts Institute of Technology<br \/>\n1997 Acting Chair, Department of Economics, Boston University<br \/>\n1990- Professor, Boston University<br \/>\n1989-93 Associate Chair, Department of Economics, Boston University<br \/>\n1987-90 Associate Professor, Boston University<br \/>\n1982-87 Assistant Professor, University of California, Irvine<br \/>\n1981-82 Acting Assistant Professor, University of California, Irvine<br \/>\n1977-78 Part-time lecturer, \u201cMethodes d&#8217;enquetes et de sondages\u201d (Research and survey methods) Faculte de l&#8217;education permanente, l&#8217;Universite de Montreal (B.A. Program)<\/p>\n<p><strong>OTHER RELEVANT POSITIONS<\/strong><br \/>\n2021- Advisory Editor, Journal of Asian Business and Economic Studies<br \/>\n2019-2022 Vice President (2019-20), President-elect (2020-21), President (2021-22) Society of Labor Economists<br \/>\n2019- Editor-in-Chief, Journal of Labor Economics<br \/>\n2019 Visiting Professor, Massachusetts Institute of Technology<br \/>\n2018 Visiting Scholar, Harvard University<br \/>\n2016 Chair, Sherwin Rosen Prize Committee, Society of Labor Economists<br \/>\n2015 Jacob Mincer Prize Committee, Society of Labor Economists<br \/>\n2015-2017 Program Committee, Society of Labor Economics<br \/>\n2014-2016 Board of Officers of the Society of Labor Economists<br \/>\n2014-2017 Research Strategy Board, Centre on Dynamics of Ethnicity, University of Manchester<br \/>\n2013-2019 Editor, Journal of Labor Economics<br \/>\n2013- Associate Editor, Labour Economics<br \/>\n2012-2013 Jacob Mincer Prize Committee, Society of Labor Economists<br \/>\n2012-2015 Board Member, American Economic Association Committee on the Status of Women in the Economics Profession<br \/>\n2011-2012 Program Committee, Society of Labor Economics<br \/>\n2011-2012 Sherwin Rosen Prize Committee, Society of Labor Economists<br \/>\n2011- Editorial Board, Eurasian Economic Review<br \/>\n2009-2010 Visiting Scholar, Faculty of Economics, University of New South Wales<br \/>\n2009 Visiting Fellow, Collegio Carlo Alberto, Turin, Italy<br \/>\n2009- Research Fellow, Institute for the Study of Labor (IZA), Bonn<br \/>\n2009-2010 Member, Roundtable on Education Systems and Accountability, National Research Council<br \/>\n2009-2012 Member, Board on Testing and Assessment, National Academy of Sciences<br \/>\n2008-2010 Member, National Research Council panel on Value-added Methodology for Instructional Improvement, Program Evaluations, and Educational Accountability<br \/>\n2007-2011 Member, National Research Council panel on Incentives and Test-Based Accountability in Public Education<br \/>\n2006- Fellow, Center for the Study of Poverty and Inequality, Stanford University<br \/>\n2006- Research Associate, Center for Research and Analysis of Migration, University College, London<br \/>\n2004-2012 Co-Editor, Labour Economics, (journal of the European Association of Labor Economists)<br \/>\n2001- Research Associate, National Bureau of Economic Research<br \/>\n2000-2003 Advisory Board, Latino Research Program Project<br \/>\n1996-2009 Elected member, School Board (Brookline, Massachusetts), Vice Chair (2001-2004), Chair (2004-2006)<br \/>\n1996 H. Gregg Lewis Award Committee, Society of Labor Economics<br \/>\n1993-1994 Visiting Scholar, Department of Economics, Massachusetts Institute of Technology<br \/>\n1993 Program Committee, Econometric Society, North American Summer Meetings<br \/>\n1991-2012 Advisory Board, Canadian Employment Research Forum<br \/>\n1989- Faculty Affiliate, Institute for Economic Development, Boston University<br \/>\n1988-2004 Editor, monograph series on \u201cSociology and Economics: Controversy and Integration,\u201d Aldine de Gruyter.<br \/>\n1987-1992 Faculty Research Fellow, National Bureau of Economic Research<br \/>\n1973-1978 Principal Investigator (started as Research Assistant), CROP Inc., Montreal<\/p>\n<p><strong>HONORS, AWARDS, FELLOWSHIPS<\/strong><br \/>\n2021 55th Annual Gilbert Memorial Lecture, \u201cTasks and Investments in Skills\u201d<br \/>\n2019-22 National Science Foundation, \u201cDynamics of Occupation Choice: Skill Investment and Output Pricing with Multidimensional Skill,\u201d $280,000.<br \/>\n2018 Boston University Graduate Economics Student Association, \u201cPhD Advisor of the Year\u201d award.<br \/>\n2017 Economic Journal Referee Prize for 2016<br \/>\n2015 Gerald L. Gitner Award for Excellence in Undergraduate Teaching<br \/>\n2013-17 National Science Foundation, \u201cMonitoring for Worker Quality: A Theory of Task Assignment, Job Ladders, Wages and Mobility in Internal Labor Markets,\u201d $283,525<br \/>\n2010- Elected Fellow of the Society of Labor Economists<br \/>\n2007 Honorable Mention, 2007 Award for Best Professional\/Academic Book in Sociology and Social Work, Association of American Publishers<br \/>\n2007-09 National Institute of Child Health and Human Development, \u201cThe Consequences of Teenage Childbearing,\u201d $162,500<br \/>\n2007 Canadian Labor Market and Skills Researcher Network, \u201cEffects of Social Networks on Labour Market Outcomes of Recent Immigrants,\u201d $12,873<br \/>\n2004-07 National Science Foundation, \u201cDiscrimination, Segregation and Wage Differentials,\u201d $276,817 (with Michael Manove).<br \/>\n2003-04 Economic Research Initiative on the Uninsured (Robert Wood Johnson Foundation), \u201cWorker Sorting, Health Insurance Coverage and Wages,\u201d $90,284.<br \/>\n2002 Neu Family Award for Excellence in Teaching in Economics<br \/>\n2001-02 Mini-grant, Upjohn Institute for Employment Research, \u201cVoluntary Desegregation and Human Capital Acquisition in a Recipient District.\u201d<br \/>\n1996-98 National Science Foundation, \u201cUnemployment, Underemployment and Wage Determination,\u201d $150,486<br \/>\n1993-95 National Science Foundation, \u201cRecruiting by Employers: Implications for Labor Market Behavior and Policy\u201d $117,213<br \/>\n1989 Fulbright Fellowship, NZ Institute of Economic Research, Wellington, New Zealand, \u201cDeregulation and the Labor Market\u201d<br \/>\n1987-89 Alfred P. Sloan Foundation Faculty Research Fellow<br \/>\n1987-89 National Science Foundation, \u201cConstraints on the Choice of Work Hours,\u201d $35,652 (with Shulamit Kahn)<br \/>\n1986-88 National Science Foundation, \u201cTesting Theories of the Dual Labor Market,\u201d $46,385 (with William Dickens)<br \/>\n1986-88 National Science Foundation, \u201cAn Empirical Study of Labor Market Structure,\u201d supercomputer funds (with William Dickens)<br \/>\n1986-87 NBER-Olin Fellow, National Bureau of Economic Research<br \/>\n1984-87 National Science Foundation, \u201cAn Econometric Examination of Dual Labor Market Theory,\u201d $74,600 (with William Dickens)<br \/>\n1978-81 Fellowship, Quebec Ministry of Education<br \/>\n1978-81 Fellowship, Social Sciences and Humanities Research Council of Canada (formerly Canada Council)<br \/>\n1973-76 Exhibition (competi<\/p>\n<p><strong>CONFERENCE, SEMINAR AND WORKSHOP PRESENTATIONS<\/strong><br \/>\nAmerican Economics Association; American Education Research Association; American Sociological Association Mini-Conference; Arizona State University; Australian Labour Market Research; Australian National University; Baruch College (CUNY); Boston College; Boston University; Brandeis University; Brigham Young University, The Brookings Institution; Brown University; Canadian Association of Applied Social Research; Canadian Economic Theory Conference; Canadian Economics Association; Canadian Employment Research Forum; Canadian Labour Economics Conference; Canadian Labour Market and Skills Researcher Network; Carnegie-Mellon University, CASE (Center for Economic and Social Research, Warsaw); Center for Economic Policy Research; Centre Interuniversitaire de Recherche en \u00c9conomie Quantitative (CIREQ); CERGE-EI; Chinese University of Hong Kong; CIRANO (Montreal); Chinese University of Hong Kong; Chinese University of Hong Kong &#8211; Shenzhen; Claremont Graduate School; Collegio Carlo Alberto; Columbia University, Conference of Economists (Australia); Cornell University; Duke University; Dunedin University; Econometric Society; Einaude Institute of Economics and Finance (Rome); Eurasian Business and Economics Society; Erasmus University; European Society of Population Economics; Federal Reserve Bank of Minneapolis; Federal Reserve Bank of New York; Fudan University; George Washington University, Georgetown University; Harvard University; Hebrew University of Jerusalem; Ho Chi Minh University of Economics; ICER (Turin); Industrial Relations Research Association; Institut d&#8217;\u00e9tudes politiques de Paris (Sciences Po); Institut national de la statistique et des \u00e9tudes \u00e9conomiques (NSEE); Instituto de An\u00e1lisis Econ\u00f3mic (barcelona); Instituto Tecnologico Autonomo de Mexico; International Symposium on Contemporary Labor Economics (Jinan University); IZA (Institute for the Study of Labor, Bonn); Koc University (Istanbul); Linnaeus University; Levy Institute (Bard College); London School of Economics; Massachusetts Institute of Technology; Mathematica Policy Research; McGill University; McMaster University; Monash University; National Bureau of Economic Research; National University of Singapore, New York State Conference on the Elimination of Childhood Lead Poisoning; New York University; Northeastern University; Northwestern University; Oberlin College; Organisation for Economic Cooperation and Development; Otago University; Peking University &#8211; Shenzhen; Princeton University, Queen&#8217;s University; Pomona College; Princeton University; Purdue University; Rice University; Rochester University; Shanghai University of Finance of Economics; Singapore Management University; Society for Economic Dynamics; Society of Labor Economists; Stanford University; Statistics Canada, Stockholm University; Syracuse University, Tel Aviv University; Tilburg University; Tinbergen Institute (Amsterdam, Rotterdam); Tinbergen Institute (Rotterdam); Tufts University; Universidad Carlos III; Universitat Autonoma de Barcelona; Universitat Pompeu Fabra; University Universite Aix-Marseille, University du Quebec \u00e0 Montr\u00e9al; Universite de Montr\u00e9al; Universite Laval; Universit\u00e9 d&#8217;Aix-Marseille II (GREQAM); College, London (CreAM), University of Alberta, Edmonton; University of Calgary; University of California, Berkeley; University of California, Irvine; University of California, Los Angeles; University of California, Riverside; University of California, San Diego; University of California, Santa Barbara; University of California, Santa Cruz; University of Chicago; University of Connecticut; University of Delaware; University of Economics Ho Chi Minh City; University of Houston; University of Kentucky; University of Louisville; University of Manchester; University of Mannheim; University of Massachusetts, Amherst; University of Michigan, University of New South Wales; University of Oklahoma; University of Pennsylvania; University of Rochester; University of St. Gallen; University of Southern California; University of Washington; University of Waterloo; University of Western Ontario; University of Wisconsin; University of Wollongong; Victoria University of Wellington; University of Zurich; Waikato University; Washington University, Western Economics Association; West Point Military Academy; Yale University<\/p>\n<p>REFEREE<br \/>\nAmerican Economic Review; American Economic Review: Insights; Cambridge University Press; Canadian Business Economics; Canadian Journal of Economics; Contemporary Policy Issues; Eastern Economic Journal; Econometrica; Economic Development and Cultural Change; Economic Inquiry; Economic Journal; Economica; Education Economics; Educational Testing Service; European Economic Review; FCAR (Quebec); Industrial and Labor Relations Review; Industrial Relations; International Economic Review; International Review of Economics and Finance; Journal of Development Economics; Journal of Development Studies; Journal of Econometrics; Journal of Economic Behavior and Organization; Journal of the Economics of Ageing; Journal of Economic Studies; Journal of Economics and Business; Journal of Health Economics; Journal of Human Resources; Journal of International Economics; Journal of Labor Economics; Journal of Law, Economics, and Organization; Journal of Macroeconomics; Journal of Money, Credit, and Banking; Journal of Policy Analysis and Management; Journal of Political Economy; Journal of Population Economics; Journal of Public Economics; Labour; Labour Economics; Levy Institute; MacArthur Foundation; Mass Insight; McGraw-Hill; MIT Press; National Institute of Occupational Safety and Health; National Science Foundation; Policy Studies Review; Princeton University Press; Quarterly Journal of Business and Economics; Quarterly Journal of Economics; Research in Labor Economics; Review of Black Political Economy; Review of Economic Studies; Review of Economics and Statistics; Scandinavian Journal of Economics; Science; Social Sciences and Humanities Research Council of Canada; Southern Economic Journal; Theoretical Economics; U.S.-Israel Binational Science Foundation; Veteran&#8217;s Administration; W.W. Norton<\/p>\n<p>&nbsp;<\/p>\n","protected":false},"excerpt":{"rendered":"<p>PDF version of my CV June 2022 KEVIN LANG Laurence A. Bloom Professor of Economics Department of Economics Boston University 270 Bay State Road Boston, MA 02215 (617) 353-5694 lang@bu.edu EDUCATION Ph.D. Massachusetts Institute of Technology, Economics, 1978-1982. M.Sc. Universite de Montreal, Economics, 1976-1978 B.A. University of Oxford (St. Catherine&#8217;s College), Philosophy, Politics, and Economics [&hellip;]<\/p>\n","protected":false},"author":6036,"featured_media":0,"parent":0,"menu_order":4,"comment_status":"closed","ping_status":"closed","template":"","meta":[],"_links":{"self":[{"href":"https:\/\/sites.bu.edu\/kevinlang\/wp-json\/wp\/v2\/pages\/5"}],"collection":[{"href":"https:\/\/sites.bu.edu\/kevinlang\/wp-json\/wp\/v2\/pages"}],"about":[{"href":"https:\/\/sites.bu.edu\/kevinlang\/wp-json\/wp\/v2\/types\/page"}],"author":[{"embeddable":true,"href":"https:\/\/sites.bu.edu\/kevinlang\/wp-json\/wp\/v2\/users\/6036"}],"replies":[{"embeddable":true,"href":"https:\/\/sites.bu.edu\/kevinlang\/wp-json\/wp\/v2\/comments?post=5"}],"version-history":[{"count":50,"href":"https:\/\/sites.bu.edu\/kevinlang\/wp-json\/wp\/v2\/pages\/5\/revisions"}],"predecessor-version":[{"id":450,"href":"https:\/\/sites.bu.edu\/kevinlang\/wp-json\/wp\/v2\/pages\/5\/revisions\/450"}],"wp:attachment":[{"href":"https:\/\/sites.bu.edu\/kevinlang\/wp-json\/wp\/v2\/media?parent=5"}],"curies":[{"name":"wp","href":"https:\/\/api.w.org\/{rel}","templated":true}]}}