{"id":63,"date":"2016-11-14T09:36:29","date_gmt":"2016-11-14T14:36:29","guid":{"rendered":"https:\/\/sites.bu.edu\/fichotlab\/?page_id=63"},"modified":"2023-03-30T13:31:15","modified_gmt":"2023-03-30T17:31:15","slug":"publications","status":"publish","type":"page","link":"https:\/\/sites.bu.edu\/fichotlab\/publications\/","title":{"rendered":"Publications"},"content":{"rendered":"<div class=\"page\" title=\"Page 4\">\n<div class=\"layoutArea\">\n<div class=\"column\">\n<div class=\"layoutArea\">\n<div class=\"column\">\n<div class=\"layoutArea\">\n<div class=\"column\">\n<hr \/>\n<p>Cedric G. Fichot <a href=\"https:\/\/scholar.google.com\/citations?user=58nAO9AAAAAJ&amp;hl=en\">Google Scholar page<\/a><\/p>\n<h6>*graduate student, <sup>\u00a7<\/sup>undergraduate student, <sup>\u2020<\/sup>technician, <sup>\u2021<\/sup>visiting scholar, \u02c6graduate student committee<\/h6>\n<hr \/>\n<h3><em><strong>In Progress<\/strong><\/em><\/h3>\n<p>*Harringmeyer, J., <sup>\u2020<\/sup>N. Ghosh, *M. Weiser, D. Thompson, M. Simard, S. Lohrenz, and <span style=\"text-decoration: underline;\"><strong>C. Fichot<\/strong><\/span>. (<em>In review<\/em>) Mapping Suspended Particle Properties in Nearshore Coastal Waters using Imaging Spectroscopy. <em>Remote Sensing of Environment<\/em><\/p>\n<p><span style=\"text-decoration: underline;\"><strong>Fichot, C.G.<\/strong><\/span>, M. Tzortziou, and A. Mannino (<em>In press<\/em>). Remote sensing of dissolved organic carbon (DOC) stocks, fluxes and transformations along the land-ocean aquatic continuum: advances, challenges, and opportunities. <em>Earth Science Reviews<\/em>.<\/p>\n<hr \/>\n<h3><em><strong>2023<\/strong><\/em><\/h3>\n<p>Brewin, R.J.W., S. Sathyendranath, G. Kulk, M-H. Rio, J.A. Concha, T.G. Bell, A. Bracher, <span style=\"text-decoration: underline;\"><strong>C. Fichot<\/strong><\/span>, T.L. Fr\u00f6licher, M.Gal\u00ed, D.A. Hansell, T.S. Kostadinov, C. Mitchell, A. R. Neeley, E. Organelli, K. Richardson, C. Rousseaux, F. Shen, D. Stramski, M .Tzortziou, A.J. Watson, C.I. Addey, M. Bellacicco, H. Bouman, D. Carroll, I. Cetini\u0107, G. Dall\u2019Olmo, R. Frouin, J. Hauck, M. Hieronymi, C. Hu, V. Ibello, B. J\u00f6nsson C.E. Kong, \u017d. Kova\u010d, M. Laine, J. Lauderdale, S. Lavender, E. Livanou, J. Llort, L. Lorinczi, M. Nowicki, N.A. Pradisty, S. Psarra, D.E. Raitsos, A.B. Ruescas, J.L. Russell, J. Salisbury, R. Sanders, J.D. Shutler, X. Sun, F.G. Taboada, G. Tilstone, X. Wei, D.K. Woolf (2023). Ocean carbon from space: current status and priorities for the next decade. <em>Earth Science Reviews, <\/em>240. \u00a0<a href=\"https:\/\/doi.org\/10.1016\/j.earscirev.2023.104386\">https:\/\/doi.org\/10.1016\/j.earscirev.2023.104386<\/a><\/p>\n<p>Lehmann, M.K., D. Gurlin, N. Pahlevan, K. Alikas, J. Anstee, S.V. Balasubramanian, C.C.F Barbosa, C. Binding, A. Bracher, M. Bresciani, A. Burtner, Z. Cao, A.G. Dekker, C. Di Vittorio, N. Drayson, R.M Errera, V. Fernandez, D. Ficek, <span style=\"text-decoration: underline;\"><strong>C.G. Fichot<\/strong>,<\/span> P. Gege, C. Giardino, A.A. Gitelson, S.R. Greb, H. Henderson, H. Higa, A.I. Rahaghi, C. Jamet, D. Jiang, T. Jordan, K. Kangro, J.A. Kravitz, A.S. Kristoffersen, R. Kudela, L. Li, M. Ligi, H. Loisel, S. Lohrenz, R. Ma, D.A. Maciel, T.J. Malthus, B. Matsushita, M. Matthews, C. Minaudo, D.R. Mishra, S. Mishra, T. Moore, W.J. Moses, H. Nguy\u1ec5n, E.M.L.M Novo, S. Novoa, D. Odermatt, D.M. O&#8217;Donnell, L.G. Olmanson, M. Ondrusek, N. Oppelt, S. Ouillon, F.W. Pereira, S. Plattner, A.R. Verd\u00fa, S.I. Salem, J.F Schalles, S.G.H Simis, E. Siswanto, B. Smith, I. Somlai-Schweiger, M.A Soppa, E. Spyrakos, E. Tessin, H.J van der Woerd, A. Vander Woude, R.A. Vandermeulen, V. Vantrepotte, M.R. Wernand, M. Werther, K. Young, L. Yue\u00a0(2023). GLORIA &#8211; A globally representative hyperspectral\u00a0<em>in situ<\/em>\u00a0dataset for optical sensing of water quality.\u00a0<em>Sci Data<\/em>\u00a0<strong>10<\/strong>, 100. <a href=\"https:\/\/doi.org\/10.1038\/s41597-023-01973-y\">https:\/\/doi.org\/10.1038\/s41597-023-01973-y<\/a><\/p>\n<div class=\"column\">\n<div class=\"layoutArea\">\n<div class=\"column\">\n<hr \/>\n<h3><em><strong>2022<\/strong><\/em><\/h3>\n<p>Thompson, D.R., N. Bohn, P.G. Brodrick, N. Carmon, M.L. Eastwood, R. Eckert, <span style=\"text-decoration: underline;\"><strong>C.G. Fichot<\/strong><\/span>, *J.P. Harringmeyer, H.M. Nguyen, M. Simard, and A.K. Thorpe (2022). Atmospheric lengthscales for global VSWIR imaging spectroscopy<em>. Journal of Geophysical Research: Biogeosciences,<\/em> 127 (6), e2021JG006711. <a href=\"https:\/\/doi.org\/10.1029\/2021JG006711\">doi:10.1029\/2021JG006711<\/a><\/p>\n<p>Greenberg, E., D.R. Thompson, D. Jensen, P.A. Townsend, N. Queally, A. Chlus, <span style=\"text-decoration: underline;\"><strong>C.G. Fichot<\/strong><\/span>, *J.P. Harringmeyer, M. Simard (2022). An Improved Scheme for Correcting Remote Spectral Surface Reflectance Simultaneously for Terrestrial BRDF and Water-Surface Sunglint in Coastal Environments. <em>Journal of Geophysical Research: Biogeosciences,<\/em> 127 (3), e2021JG006712. <a href=\"https:\/\/doi.org\/10.1029\/2021JG006712\">doi:10.1029\/2021JG006712<\/a><\/p>\n<p><sup>\u00a7<\/sup>Cronin-Golomb, O., *J. Harringmeyer, *M. Weiser, *X. Zhu, <sup>\u2020<\/sup>N. Ghosh, A. Novak, I. Forbrich and <span style=\"text-decoration: underline;\"><strong>C.G. Fichot<\/strong><\/span> (2022). Modeling benthic solar exposure (UV and visible) in dynamic coastal systems to better inform seagrass habitat suitability. <em>Science of the Total Environment,<\/em> 812, 151481. <a href=\"https:\/\/doi.org\/10.1016\/j.scitotenv.2021.151481\">doi:10.1016\/j.scitotenv.2021.151481<\/a><\/p>\n<p>Mejia, F.H., C.E. Torgersen, and <span style=\"text-decoration: underline;\"><strong>C.G. Fichot<\/strong> <\/span>(2022). Keeping an eye on water quality from the sky. <em>Frontiers for Young Minds,<\/em> 10, 619716. <a href=\"https:\/\/doi.org\/10.3389\/frym.2022.619716\">doi:10.3389\/frym.2022.619716<\/a><\/p>\n<hr \/>\n<h3><em><strong>2021<\/strong><\/em><\/h3>\n<\/div>\n<p>Nerma, V, S. Lohrenz, S. Chakraborty, and <span style=\"text-decoration: underline;\"><strong>C.G. Fichot<\/strong> <\/span>(2021). Underway Hyperspectral Bio-Optical Assessments of Phytoplankton Size Classes in the River-Influenced Northern Gulf of Mexico. <em>Remote Sens<\/em>ing, 13 (17), 3346. <a href=\"https:\/\/doi.org\/10.3390\/rs13173346\">doi:10.3390\/rs13173346<\/a><\/p>\n<p>*Harringmeyer, J., D.R. Thompson, K. Kaiser, M. Gierach, C. Cash and <span style=\"text-decoration: underline;\"><strong>C.G. Fichot<\/strong><\/span> (2021). Detection and sourcing of CDOM in urban coastal waters with UV-visible imaging spectroscopy. <em>Frontiers in Environmental Science,<\/em> 9:647966. <a href=\"https:\/\/doi.org\/10.3389\/fenvs.2021.647966\">doi:10.3389\/fenvs.2021.647966<\/a><\/p>\n<p>Massicotte, P., R.M.W. Amon, D. Antoine, P. Archambault, S. Balzano, S. B\u00e9langer, R. Benner, D. Boeuf, A. Bricaud, F. Bruyant, G. Chaillou, M. Chami, B. Charri\u00e8re, J. Chen, H. Claustre, P. Coupel, N. Delsaut, D. Doxaran, J. Ehn, <span style=\"text-decoration: underline;\"><strong>C. Fichot<\/strong>,<\/span> M-H Forget, P. Fu, J. Gangon, N. Garcia, B. Gasser, J-F Ghiglione, G. Gorsky, M. Gosselin, P. Gourvil, Y. Gratton, P. Guillot, H.J. Heipieper, S. Heussner, S.B. Hooker, Y. Huot, C. Jeanthon, W. Jeffrey, F. Joux, K. Kawamura, B. Lansard, E. Leymarie, H. Link, C. Lovejoy, C. Marec, D. Marie, J. Martin, J. Mart\u00edn, G. Mass\u00e9, A. Matsuoka, V. McKague, A. Mignot, W.L. Miller, J-C Miguel, A. Mucci, K. Ono, E. Ortega-Retuerta, C. Panagiotopoulos, T. Papakyriakou, M. Picheral, L. Prieur, P. Raimbault, J. Ras, R.A. Reynolds, A. Rochon, J-F Rontani, C. Schmechtig, S. Schmidt, R. Semp\u00e9r\u00e9, Y. Shen, G. Song, D. Stramski, E. Tachibana, A. Thirouard, I. Tolosa, J-\u00c9 Tremblay, M. Va\u00eftllingom, D. Vaulot, F. Vaultier, J.K. Volkman, H. Xie, G. Zheng, and M. Babin (2021). The MALINA oceanographic expedition: How do changes in ice cover, permafrost and UV radiation impact biodiversity and biogeochemical fluxes in the Arctic Ocean? <em>Earth System Science Data, <\/em>13, 1561\u20131592. <a href=\"https:\/\/doi.org\/10.5194\/essd-13-1561-2021\">doi:10.5194\/essd-13-1561-2021<\/a><\/p>\n<p>Jiang, S., B. Matsushita, N. Pahlevan, D. Gurlin, M.K. Lehmann, <span style=\"text-decoration: underline;\"><strong>C.G. Fichot<\/strong><\/span>, J. Schalles, H. Loisel, C. Binding, Y. Zhang, K. Alikas, K. Kangro, M. Uus\u00f5ue, M. Ondrusek, S. Greb, W. J. Moses, S. Lohrenz, D. O\u2019Donnell (2021). Remotely estimating total suspended solids concentration in clear to extremely turbid waters using a novel semi-analytical method. <em>Remote Sensing of Environment<\/em>. 258:112386<a href=\"https:\/\/doi.org\/10.1016\/j.rse.2021.112386\">. doi:10.1016\/j.rse.2021.112386<\/a><\/p>\n<p><sup>\u2021<\/sup>Jin, S., Y. Liu, S. Fagherazzi, <sup>\u2021<\/sup>H. Mi, G. Qiao, W. Xu, C. Sun, Y. Liu, B. Zhao, and <span style=\"text-decoration: underline;\"><strong>C.G. Fichot<\/strong><\/span> (2021). River body extraction from sentinel-2A\/B MSI images based on an adaptive multi-scale region growth method. <em>Remote Sensing of Environment<\/em>. 7:604893. <a href=\"https:\/\/doi.org\/10.1016\/j.rse.2021.112297\">doi:10.1016\/j.rse.2021.112297<\/a><\/p>\n<\/div>\n<\/div>\n<\/div>\n<\/div>\n<\/div>\n<\/div>\n<\/div>\n<\/div>\n<div class=\"layoutArea\">\n<div class=\"column\">\n<div class=\"layoutArea\">\n<div class=\"column\">\n<div class=\"layoutArea\">\n<div class=\"column\">\n<hr \/>\n<h3><em><strong>2020<\/strong><\/em><\/h3>\n<\/div>\n<p>Tanioka, T., <span style=\"text-decoration: underline;\"><strong>C.G. Fichot<\/strong><\/span>, and K. Matsumoto (2020). Toward Determining the Spatio-Temporal Variability of Upper-Ocean Ecosystem Stoichiometry From Satellite Remote Sensing. <em>Frontiers in Marine Science,<\/em> 7:604893. <a href=\"https:\/\/doi.org\/10.3389\/fmars.2020.604893\">doi: 10.3389\/fmars.2020.604893<\/a><\/p>\n<p>*Zhu, X., W.L. Miller, and <span style=\"text-decoration: underline;\"><strong>C.G. Fichot<\/strong><\/span> (2020). Simple Method to Determine the Apparent Quantum Yield Matrix of CDOM Photobleaching in Natural Waters. <em>Environmental Science and Technology<\/em>, 54(21): 14096\u221214106. <a href=\"https:\/\/doi.org\/10.1021\/acs.est.0c03605\">doi:10.1021\/acs.est.0c03605<\/a><\/p>\n<p><sup>\u2021<\/sup>Mi, H., <span style=\"text-decoration: underline;\"><strong>C.G. Fichot<\/strong><\/span>, K.R. Bryan, G. Qiao, and S. Fagherazzi (2020). Rapid shoreline flooding enhances water turbidity by sediment resuspension: an example in a large Tibetan lake. <em>Earth Surface Processes and Land Forms<\/em>, 45(15): 3780-3790. <a href=\"https:\/\/doi.org\/10.1002\/esp.5000\">doi:10.1002\/esp.5000<\/a><\/p>\n<p>Li, Y., <span style=\"text-decoration: underline;\"><strong>C.G. Fichot<\/strong><\/span>, L. Geng, M.G. Scarratt, H. Xie (2020). The contribution of methane photoproduction to the oceanic methane paradox. <em>Geophysical Research Letters<\/em>, 47 (14). <a href=\"https:\/\/doi.org\/10.1029\/2020GL088362\">doi:10.1029\/2020GL088362<\/a><\/p>\n<p>Balasubramanian, S. V., N. Pahlevan, B. Smith, C. Binding, J. Schalles, H. Loisel, D. Gurlin, S. Greb, K. Alikas, M. Randla, M. Bunkei, W. Moses, H. Nguy\u1ec5n, M.K. Lehmann, D. O\u2019Donnell, M. Ondrusek, T-H.Han, <span style=\"text-decoration: underline;\"><strong>C.G. Fichot<\/strong><\/span>, T. Moore, E. Boss (2020). Robust algorithm for estimating total suspended solids (TSS) in inland and nearshore coastal waters. <em>Remote Sensing of Environment<\/em>, 246. <a href=\"https:\/\/doi.org\/10.1016\/j.rse.2020.111768\">doi:10.1016\/j.rse.2020.111768<\/a><\/p>\n<p>\u02c6Zhang, X., <span style=\"text-decoration: underline;\"><strong>C.G. Fichot<\/strong><\/span>, <sup>\u00a7<\/sup>C. Baracco, <sup>\u00a7<\/sup>R. Guo, S. Neugebauer, Z. Bengtsson, N. Ganju, S. Fagherazzi (2020). Determining the drivers of suspended sediment dynamics in tidal marsh-influenced estuaries using high-resolution ocean color remote sensing. <em>Remote Sensing of Environment<\/em>, 240. <a href=\"https:\/\/doi.org\/10.1016\/j.rse.2020.111682\">doi: 10.1016\/j.rse.2020.111682<\/a><\/p>\n<div class=\"column\">\n<hr \/>\n<h3><em><strong>2019<\/strong><\/em><\/h3>\n<p><span style=\"text-decoration: underline;\"><strong>Fichot, C.G<\/strong>.<\/span>, K. Matsumoto, B.M. Holt, M.M. Gierach, K. Tokos (2019). Assessing change in the overturning behavior of the Laurentian Great Lakes using remotely sensed lake surface water temperatures. <em>Remote Sensing of Environment<\/em>, 235. <a href=\"https:\/\/doi.org\/10.1016\/j.rse.2019.111427\">doi:10.1016\/j.rse.2019.111427<\/a><\/p>\n<p><sup>\u2021<\/sup>Mi, H., S. Fagherazzi, G. Qiao, Y. Hong, and <span style=\"text-decoration: underline;\"><strong>C.G. Fichot<\/strong><\/span> (2019). Climate change leads to a doubling of turbidity in a rapidly expanding Tibetan lake. <em>Science of the Total Environment<\/em>, 688, 952-959. <a href=\"https:\/\/doi.org\/10.1016\/j.scitotenv.2019.06.339\">doi:10.1016\/j.scitotenv.2019.06.339<\/a><\/p>\n<p>Jensen, D., M. Simard, K. Cavanaugh, Y. Sheng, <span style=\"text-decoration: underline;\"><strong>C.G. Fichot<\/strong><\/span>, T. Pavelsky, R. Twilley (2019). Improving the Transferability of Suspended Solid Estimation in Wetland and Deltaic Waters with an Empirical Hyperspectral Approach. <em>Remote Sensing<\/em>, 11(13), 1629. <a href=\"https:\/\/doi.org\/10.3390\/rs11131629\">doi:10.3390\/rs11131629<\/a><\/p>\n<p>Thompson, D., K. Cawse-Nicholson, Z. Erickson, <span style=\"text-decoration: underline;\"><strong>C.G. Fichot<\/strong><\/span>, C. Frankenberg, B-C. Gao, M. Gierach, R.O. Green, N. Vijay, A. Thompson (2019). A unified approach to estimate land and water reflectances with uncertainties for coastal imaging spectroscopy. <em>Remote Sensing of Environment,<\/em> 231. <a href=\"https:\/\/doi.org\/10.1016\/j.rse.2019.05.017\">doi:10.1016\/j.rse.2019.05.017<\/a><\/p>\n<hr \/>\n<h3><em><strong>2018<\/strong><\/em><\/h3>\n<p>Needham, D., E.B. Fichot, E. Wang, L. Berdjeb , J. Cram , <span style=\"text-decoration: underline;\"><strong>C.G. Fichot<\/strong><\/span>, J. Fuhrman (2018). Dynamics of finely resolved, abundant symbiotic marine plankton and other interacting microbes via automated high-frequency sampling. <em>The<\/em> <em>ISME Journal, <\/em>12: 2417\u20132432. <a href=\"http:\/\/doi.org\/10.1038\/s41396-018-0169-y\">doi: 10.1038\/s41396-018-0169-y<\/a><\/p>\n<p>Whelan, M.E., S.T. Lennartz, T.E. Gimeno, R. Wehr, G. Wohlfahrt, Y. Wang, L.M.J. Kooijmans, T.W. Hilton, S. Belviso, P. Peylin, R. Commane, W. Sun, H. Chen, L. Kuai, I. Mammarella, K. Maseyk, M. Berkelhammer, K-F Li, D. Yakir, A. Zumkehr, Y. Katayama, J. Og\u00e9e, F.M. Spielmann, F. Kitz, B. Rastogi, J. Kesselmeier, J Marshall, K-M Erkkil\u00e4, L. Wingate, L.K. Meredith, W. He, R. Bunk, T. Launois, T. Vesala, J.A. Schmidt, <span style=\"text-decoration: underline;\"><strong>C.G. Fichot<\/strong><\/span>, U. Seibt, S. Saleska, E.S. Saltzman, S.A. Montzka, J.A. Berry, and J.E. Campbell (2018). Reviews and syntheses: Carbonyl sulfide as a multi-scale tracer for carbon and water cycles. <em>Biogeosciences<\/em>, 15: 3625-3657. <a href=\"https:\/\/doi.org\/10.5194\/bg-15-3625-2018\">doi:10.5194\/bg-15-3625-2018<\/a><\/p>\n<p>Shen, Y., R. Benner, K. Kaiser, <span style=\"text-decoration: underline;\"><strong>C.G. Fichot<\/strong><\/span>, and T.E. Whitledge. (2018). Pan-Arctic distribution of bioavailable dissolved organic matter and linkages with productivity in ocean margins. <em>Geophysical Research Lett<\/em>ers, 45: 1490\u20131498. <a href=\"https:\/\/doi.org\/10.1002\/2017GL076647\">doi:10.1002\/2017GL076647<\/a><\/p>\n<p>Cao, F., M. Tzortziou, C. Hu, A. Mannino, <span style=\"text-decoration: underline;\"><strong>C.G.<\/strong> <strong>Fichot<\/strong><\/span>, R. Del Vecchio, R. Najjar, M. Novak (2018). Remote sensing retrievals of colored dissolved organic matter and dissolved organic carbon dynamics in North American estuaries and their margins. <em>Remote Sensing of the Environment<\/em>, 205: 151-165. <a href=\"https:\/\/doi.org\/10.1016\/j.rse.2017.11.014\">doi:10.1016\/j.rse.2017.11.014<\/a><\/p>\n<\/div>\n<\/div>\n<hr \/>\n<h3><em><strong>2017<\/strong><\/em><\/h3>\n<p>Trinh, R. C., <span style=\"text-decoration: underline;\"><strong>C.G. Fichot<\/strong><\/span>, M.M. Gierach, B. Holt, N.K. Malakar, G. Hulley, &amp; J. Smith (2017). Application of Landsat 8 for Monitoring Impacts of Wastewater Discharge on Coastal Water Quality. <em>Frontiers in Marine Science<\/em>, 4. <a href=\"https:\/\/doi.org\/10.3389\/fmars.2017.00329\">doi:10.3389\/fmars.2017.00329<\/a><\/p>\n<\/div>\n<\/div>\n<hr \/>\n<h3><em><strong>2016<\/strong><\/em><\/h3>\n<p>Lu, C-J., R. Benner, <span style=\"text-decoration: underline;\"><strong>C.G. Fichot<\/strong><\/span>, H. Fukuda, Y. Yamashita and H. Ogawa (2016). Sources and Transformations of Dissolved Lignin Phenols and Chromophoric Dissolved Organic Matter in Otsuchi Bay, Japan. <em>Frontiers in Marine Science<\/em>, 3:85. <a href=\"https:\/\/doi.org\/10.3389\/fmars.2016.00085\">doi: 10.3389\/fmars.2016.00085<\/a><\/p>\n<p>Shen, Y., <span style=\"text-decoration: underline;\"><strong>C.G. Fichot<\/strong><\/span>, S. Liang, and R. Benner (2016). Biological hot spots and the accumulation of marine dissolved organic matter in a highly productive ocean margin. Limnol. Oceanogr., <a href=\"https:\/\/doi.org\/10.1002\/lno.10290\">doi:10.1002\/lno.10290<\/a><\/p>\n<p>Strong, A., K.E. Lowry, Z.W. Brown, M.M. Mills, G.L. van Dijken, R.S. Pickart, L.W. Cooper, K.E. Frey, R. Benner, <span style=\"text-decoration: underline;\"><strong>C.G. Fichot<\/strong><\/span>, J.T. Mathis, N.R. Bates, and K.R. Arrigo (2016). Mass balance estimates of carbon export in different water masses of the Chukchi Sea Shelf. <em>Deep-Sea Research II<\/em>, 130,88-99. <a href=\"https:\/\/doi.org\/10.1016\/j.dsr2.2016.05.003\">doi:10.1016\/j.dsr2.2016.05.003<\/a><\/p>\n<p><strong><span style=\"text-decoration: underline;\">Fichot, C.G.<\/span>,<\/strong> R. Benner, K. Kaiser, Y. Shen, R.M.W. Amon, H. Ogawa, and C-J. Lu (2016). Predicting dissolved lignin phenol concentrations in the coastal oceans from chromophoric dissolved organic matter (CDOM) absorption coefficients. <em>Frontiers in Marine Science,<\/em> 3:7. <a href=\"https:\/\/doi.org\/10.3389\/fmars.2016.00007\">doi:10.3389\/fmars.2016.00007<\/a><\/p>\n<p><span style=\"text-decoration: underline;\"><strong>Fichot, C.G<\/strong>.<\/span>, B. Downing, B. Bergamaschi, L. Windham-Myers, M. Marvin-DiPasquale, D. Thompson, and M. Gierach (2016). High-resolution remote sensing of water quality in the San Francisco Bay-Delta Estuary. <em>Environmental Science and Technology,<\/em> 50, 573\u2212583. <a href=\"https:\/\/doi.org\/10.1021\/acs.est.5b03518\">doi:10.1021\/acs.est.5b03518<\/a><\/p>\n<\/div>\n<\/div>\n<div class=\"layoutArea\">\n<div class=\"column\">\n<hr \/>\n<h3><em><strong>2015<\/strong><\/em><\/h3>\n<p>Mouroulis, P., B. Van Gorp, H. Dierssen, M. Gierach, <span style=\"text-decoration: underline;\"><strong>C. Fichot<\/strong><\/span> (2015).The Portable Remote Imaging Spectrometer (PRISM): Recent Campaigns and Developments. <em>Fourier Transform Spectroscopy and Hyperspectral Imaging and Sounding of the Environment. <\/em><a href=\"https:\/\/doi.org\/10.1364\/HISE.2015.HM4B.5\">doi:10.1364\/hise.2015.hm4b.5<\/a><\/p>\n<p>Yamashita, Y., <span style=\"text-decoration: underline;\"><strong>C.G. Fichot<\/strong><\/span>, Y. Shen, R. Jaff\u00e9, and R. Benner (2015). Linkages among fluorescent dissolved organic matter, dissolved amino acids and lignin-derived phenols in a river-influenced ocean margin. <em>Frontiers in Marine Science,<\/em> 2:92. <a href=\"https:\/\/doi.org\/10.3389\/fmars.2015.00092\">doi:10.3389\/fmars.2015.00092<\/a><\/p>\n<p>Launois, T., S. Belviso, L. Bopp, <span style=\"text-decoration: underline;\"><strong>C.G. Fichot<\/strong><\/span>, and P. Peylin (2015). A new model for the global biogeochemical cycle of carbonyl sulfide Part 1: Assessment of direct marine emissions with an oceanic general circulation and biogeochemistry model. <em>Atmospheric Chemistry and Physics<\/em>, 15: 2295-2312. <a href=\"https:\/\/doi.org\/10.5194\/acp-15-2295-2015\">doi:10.5194\/acp-15-2295-2015<\/a><\/p>\n<hr \/>\n<h3><strong><em>2014<\/em><\/strong><\/h3>\n<p>&nbsp;<\/p>\n<\/div>\n<\/div>\n<\/div>\n<div class=\"page\" title=\"Page 5\">\n<div class=\"layoutArea\">\n<div class=\"column\">\n<p>Ortega-Retuerta, E., <span style=\"text-decoration: underline;\"><strong>C.G. Fichot<\/strong><\/span>, K.R. Arrigo, G.L. van Dijken, and F. Joux (2014). Response of marine bacterioplankton to a massive under-ice phytoplankton bloom in the Chukchi Sea (Western Arctic Ocean). <em>Deep-Sea Research II<\/em>, 105: 74-84. <a href=\"https:\/\/doi.org\/10.1016\/j.dsr2.2014.03.015\">doi:10.1016\/j.dsr2.2014.03.015<\/a><\/p>\n<p><span style=\"text-decoration: underline;\"><strong>Fichot, C.G.<\/strong><\/span> and R. Benner (2014). The fate of terrigenous dissolved organic carbon in a river-influenced ocean margin. <em>Global Biogeochemical Cycles<\/em>, 28(3): 300-318. <a href=\"https:\/\/doi.org\/10.1002\/2013GB004670\">doi:10.1002\/2013GB004670<\/a><\/p>\n<p><span style=\"text-decoration: underline;\"><strong>Fichot, C.G<\/strong>.<\/span>, S.E. Lohrenz, and R. Benner (2014). Pulsed, cross-shelf export of terrigenous dissolved organic carbon from the Mississippi-Atchafalaya river system. <em>Journal of Geophysical Research: Oceans<\/em>, 119(2): 1176-1194. <a href=\"https:\/\/doi.org\/10.1002\/2013JC009424\">doi:10.1002\/2013JC009424<\/a><\/p>\n<p>Cao, F., <span style=\"text-decoration: underline;\"><strong>C.G. Fichot<\/strong><\/span>, S.B. Hooker, and W.L. Miller (2014). Improved algorithms for accurate retrieval of UV\/Visible diffuse attenuation coefficients in optically complex, inshore waters. <em>Remote Sensing of Environ<\/em>ment, 144: 11-27. <a href=\"https:\/\/doi.org\/10.1016\/j.rse.2014.01.003\">doi:10.1016\/j.rse.2014.01.003<\/a><\/p>\n<hr \/>\n<h3><em><strong>2013<\/strong><\/em><\/h3>\n<p><strong><span style=\"text-decoration: underline;\">Fichot, C.G.<\/span>,<\/strong> K. Kaiser, S.B. Hooker, R.M.W. Amon, M. Babin, S. B\u00e9langer, S.A. Walker, and R. Benner (2013). Pan-Arctic distributions of continental runoff in the Arctic Ocean. <em>Nature: Scientific Reports<\/em>, 3: 1053. <a href=\"https:\/\/doi.org\/10.1038\/srep01053\">doi:10.1038\/srep01053<\/a><br \/>\n<span>\u2192 <\/span><span>Highlighted in Science, Editor\u2019s Choice, Vol. 339, <a href=\"https:\/\/doi.org\/10.1126\/science.339.6119.491-c\">doi:10.1126\/science.339.6119.491-c<\/a><\/span><\/p>\n<hr \/>\n<h3><em><strong>2012<\/strong><\/em><\/h3>\n<p>Shen, Y., <span style=\"text-decoration: underline;\"><strong>C.G. Fichot<\/strong><\/span>, and R. Benner (2012). Dissolved organic matter composition and bioavailability reflect ecosystem productivity in the western Arctic Ocean. <em>Biogeosciences<\/em>, 9: 4993- 5005. <a href=\"https:\/\/doi.org\/10.5194\/bg-9-4993-2012\">doi:10.5194\/bg-9-4993-2012<\/a><\/p>\n<p><span style=\"text-decoration: underline;\"><strong>Fichot, C.G.<\/strong><\/span> and R. Benner (2012). The spectral slope coefficient of chromophoric dissolved organic matter (S275-295) as a tracer of terrigenous dissolved organic carbon in river-influenced ocean margins. <em>Limnology and Oceanography<\/em>, 57(5): 1453-1466. <a href=\"https:\/\/doi.org\/10.4319\/lo.2012.57.5.1453\">doi:10.4319\/lo.2012.57.5.1453<\/a><\/p>\n<p>Shen, Y., <span style=\"text-decoration: underline;\"><strong>C.G. Fichot<\/strong>,<\/span>\u00a0and R. Benner (2012). Floodplain influence on dissolved organic matter composition and export from the Mississippi-Atchafalaya River system to the Gulf of Mexico. <em>Limnology and Oceanography<\/em>, 57(4): 1149-1160. <a href=\"https:\/\/doi.org\/10.4319\/lo.2012.57.4.1149\">doi:10.4319\/lo.2012.57.4.1149<\/a><\/p>\n<hr \/>\n<h3><em><strong>2011<\/strong><\/em><\/h3>\n<p>Belviso, S., I. Masotti, A. Tagliabue, L. Bopp, P. Brockmann, <span style=\"text-decoration: underline;\"><strong>C.G. Fichot<\/strong><\/span>, and 9 authors (2011). DMS dynamics in the most oligotrophic subtropical zones of the global ocean. <em>Biogeochemistry<\/em>, 110: 215-241. <a href=\"https:\/\/doi.org\/10.1007\/s10533-011-9648-1\">doi:10.1007\/s10533-011-9648-1<\/a><\/p>\n<p><span style=\"text-decoration: underline;\"><strong>Fichot, C.G<\/strong>.<\/span>, and R. Benner (2011). A novel method to estimate DOC concentrations from\u2028CDOM absorption coefficients in coastal waters. <em>Geophysical Research Lett<\/em>ers, 38(3). <a href=\"https:\/\/doi.org\/10.1029\/2010GL046152\">doi:10.1029\/2010GL046152<\/a><\/p>\n<hr \/>\n<h3><strong><em>2010<\/em><\/strong><\/h3>\n<p><span style=\"text-decoration: underline;\"><strong>Fichot, C.G<\/strong>.<\/span>, and W.L. Miller (2010). An approach to quantify depth-resolved marine photochemical fluxes using remote sensing: Application to carbon monoxide (CO) photoproduction. <em>Remote Sensing of Environment,<\/em> 114: 1363-1377. <a href=\"https:\/\/doi.org\/10.1016\/j.rse.2010.01.019\">doi: 10.1016\/j.rse.2010.01.019<\/a><\/p>\n<hr \/>\n<h3><strong><em>2008<\/em><\/strong><\/h3>\n<p>Zhang, Y., H. Xie, <span style=\"text-decoration: underline;\"><strong>C.G. Fichot<\/strong><\/span>, G. Chen (2008). Dark production of carbon monoxide (CO) from dissolved organic matter in the St. Lawrence estuarine system: Implication for the global coastal and blue water CO budgets. <em>Journal of Geophysical Research: Oceans<\/em>, 113, C12020. <a href=\"https:\/\/doi.org\/10.1029\/2008JC004811\">doi:10.1029\/2008JC004811<\/a><\/p>\n<p><strong><span style=\"text-decoration: underline;\">Fichot, C.G.<\/span>,<\/strong> S. Sathyendranath, and W.L. Miller (2008). SeaUV and SeaUVc: Algorithms for the retrieval of diffuse attenuation coefficients (UV\/Visible domain) from ocean color. <em>Remote Sensing of Environment,<\/em> 112(4): 1584-1602. <a href=\"https:\/\/doi.org\/10.1016\/j.rse.2007.08.009\">doi:10.1016\/j.rse.2007.08.009<\/a><\/p>\n<\/div>\n<\/div>\n<\/div>\n","protected":false},"excerpt":{"rendered":"<p>Cedric G. Fichot Google Scholar page *graduate student, \u00a7undergraduate student, \u2020technician, \u2021visiting scholar, \u02c6graduate student committee In Progress *Harringmeyer, J., \u2020N. Ghosh, *M. Weiser, D. Thompson, M. Simard, S. Lohrenz, and C. Fichot. (In review) Mapping Suspended Particle Properties in Nearshore Coastal Waters using Imaging Spectroscopy. Remote Sensing of Environment Fichot, C.G., M. Tzortziou, and [&hellip;]<\/p>\n","protected":false},"author":12515,"featured_media":0,"parent":0,"menu_order":5,"comment_status":"closed","ping_status":"closed","template":"page-templates\/no-sidebars.php","meta":[],"_links":{"self":[{"href":"https:\/\/sites.bu.edu\/fichotlab\/wp-json\/wp\/v2\/pages\/63"}],"collection":[{"href":"https:\/\/sites.bu.edu\/fichotlab\/wp-json\/wp\/v2\/pages"}],"about":[{"href":"https:\/\/sites.bu.edu\/fichotlab\/wp-json\/wp\/v2\/types\/page"}],"author":[{"embeddable":true,"href":"https:\/\/sites.bu.edu\/fichotlab\/wp-json\/wp\/v2\/users\/12515"}],"replies":[{"embeddable":true,"href":"https:\/\/sites.bu.edu\/fichotlab\/wp-json\/wp\/v2\/comments?post=63"}],"version-history":[{"count":41,"href":"https:\/\/sites.bu.edu\/fichotlab\/wp-json\/wp\/v2\/pages\/63\/revisions"}],"predecessor-version":[{"id":1298,"href":"https:\/\/sites.bu.edu\/fichotlab\/wp-json\/wp\/v2\/pages\/63\/revisions\/1298"}],"wp:attachment":[{"href":"https:\/\/sites.bu.edu\/fichotlab\/wp-json\/wp\/v2\/media?parent=63"}],"curies":[{"name":"wp","href":"https:\/\/api.w.org\/{rel}","templated":true}]}}