{"id":179,"date":"2018-12-10T12:20:27","date_gmt":"2018-12-10T17:20:27","guid":{"rendered":"https:\/\/sites.bu.edu\/emsconf\/?page_id=179"},"modified":"2018-12-11T13:45:11","modified_gmt":"2018-12-11T18:45:11","slug":"april-2017-journalism-and-the-search-for-truth","status":"publish","type":"page","link":"https:\/\/sites.bu.edu\/emsconf\/past-conferences\/april-2017-journalism-and-the-search-for-truth\/","title":{"rendered":"April 24, 2017: Journalism and the Search for Truth"},"content":{"rendered":"<h2>Journalism and the Search for Truth in the Age of Social Media<\/h2>\n<h3>Overview<\/h3>\n<p>Hosted by the College of Communication\u2019s Divison of Emerging Media, the conference, \u201cJournalism and the Search for Truth in the Age of Social Media\u201c, took place on April 24-25, 2017, at Boston University.<\/p>\n<p>As the journalism profession struggles to respond to social media\u2019s proliferating role, fresh social scientific and philosophical perspectives are required to comprehend news in relationship to the pursuit of truth. Such perspectives will allow insight into the limits and potential of news creation. Moreover, they will yield a firmer grasp of professional journalism\u2019s role as the public consumes and responds to news.<\/p>\n<p>Social media-based production and consumption of news poses not only unprecedented challenges to journalism\u2019s gatekeeper role in society but also to democratic processes themselves. Social media\u2019s effects reverberate around the world, altering events on a global scale. Although there is a constantly changing kaleidoscope of particular manifestations of these challenges, questions of credibility and truthfulness as represented through information outlets have recently gained renewed prominence.<\/p>\n<blockquote><p>Social media-based production and consumption of news poses not only unprecedented challenges to journalism\u2019s gatekeeper role in society but also to democratic processes themselves.<\/p><\/blockquote>\n<p>This was an issue foreseen by<span>\u00a0<\/span><a href=\"http:\/\/www.bu.edu\/com\/profile\/james-e-katz\/\">James E. Katz<\/a>\u2019s 1998 article, \u201c<a href=\"https:\/\/www.jstor.org\/stable\/1048986?seq=1#page_scan_tab_contents\">Struggle in cyberspace: Fact and friction on the World Wide Web<\/a>.\u201d Of course in the intervening years, this struggle has broadened well beyond the World Wide Web to encompass an array of rapidly evolving digital outlets and technologies. Indeed, the struggle has become a pivotal dimension concerning how people come to grips with their reality.<\/p>\n<p>Consequently, a sense of crisis has gripped many quarters as the authority of democratic processes and institutions have been questioned. One response has been calls for action that are now reverberating throughout boardrooms, college campuses, and legislatures. In response, steps are already being taken by media giants, but to unknown effect and with virtually no transparency or accountability. Moreover, such steps have been greeted by telling criticism on philosophical, ideological and oligopolistic grounds.<\/p>\n<p>To pursue a clearer understanding of the scope and implications of this dramatic struggle between fact and fiction, which now goes to the heart of the journalistic enterprise, Boston University will hold interconnected sessions April 24-25, 2017.<\/p>\n<p>During these sessions, social media\u2019s interaction with journalism and democracy will be analyzed from philosophical, ethical, practical and political perspectives. Experts from these fields will examine the current situation and consider likely future trajectories. Drawing on such an array of specialties, and by taking a cross-cutting approach, the event co-sponsors anticipate that new insights will be gained into the high-pressure world of journalism and its responsibilities. Discussions will be aimed at laying the conceptual groundwork for recommendations and action at the professional, procedural and policy levels.<\/p>\n<p>Practitioners and subject-matter experts will give brief papers on selected topics which will then be followed by interrogative discussion. The the talks are organized into panels. In each panel there will be a brief presentation by the paper author followed by an extended commentary from among panelists.<\/p>\n<p>Audiences, both attending in-person and participating via live-streaming sessions, will have an opportunity to raise questions and contribute viewpoints. Ample time is also scheduled for informal discussion so that discrete ideas can be explored in depth and serendipitous interpersonal connections can be forged. Following the conference, selected papers will be published online and in special issues of peer-reviewed journals so that the ideas developed and expressed during the conference can receive wide circulation. Some talks and interview excerpts will also be posted online to further the event\u2019s impact.<\/p>\n<div class=\"video-fluid\"><iframe loading=\"lazy\" width=\"560\" height=\"315\" src=\"https:\/\/www.youtube.com\/embed\/MhegOOnpB5Y\" frameborder=\"0\"><\/iframe><\/div>\n<p>For more information, visit <a href=\"http:\/\/www.bu.edu\/com\/academics\/what-we-do\/emerging-media\/journalism-and-truth-in-social-media\/\">the conference website<\/a>.<\/p>\n<p><b>Monday April 24, 2017<\/b><\/p>\n<p><span>9:00 AM Registration &amp; coffee<\/span><\/p>\n<p><span>9:30 AM Welcome and Introduction. James E. Katz &amp; Dean Thomas E. Fiedler, Boston University<\/span><\/p>\n<p><span>9:45 AM Panel 1: The journalistic crisis: The Fourth Estate, social media, and communicating the truth.\u00a0<\/span><i><span>Panel chair: Chris Daly, Boston University<\/span><\/i><\/p>\n<ul>\n<li><span>David Karpf, George Washington University<\/span><\/li>\n<li><span>Dominique Cardon, Sciences Po<\/span><\/li>\n<li><span>Craig T. Robertson, Michigan State University<\/span><\/li>\n<\/ul>\n<p><span>11:00 Short break<\/span><\/p>\n<p><span>11:15 AM Panel 2: Social responses to fake news: fears, trust, and knowledge.\u00a0<\/span><i><span>Panel chair:<\/span><\/i><span>\u00a0<\/span><i><span>Jessica Baldwin-Phillips, Fordham University<\/span><\/i><\/p>\n<ul>\n<li><span>Matt Carlson, St. Louis University<\/span><\/li>\n<li><span>Erik Bucy, Texas Tech University<\/span><\/li>\n<li><span>Sun Kyong \u201cSunny\u201d Lee, University of Oklahoma<\/span><\/li>\n<\/ul>\n<p><span>12:45 PM Lunch and\u00a0<\/span><b>poster session<\/b><\/p>\n<ul>\n<li>Josh Braun and Jessica Eklund, University of Massachusetts Amherst \u201cAd Tech Firms and the Monetization of Fake News\u201d<\/li>\n<li>Jacob Nelson, Northwestern University, \u201cFake News is not the Real Problem\u201d<\/li>\n<li>Joshua J. Weikert, Immaculata University, \u201cMisunderstanding the News: Credibility and News Literacy Among Social Media Users\u201d<\/li>\n<li>Giovanni Luca Ciampaglia, Indiana University TBD<\/li>\n<li>Julia Kamin, University of Michigan, \u201cMotivations for sharing political information on social media\u201d<\/li>\n<\/ul>\n<p><span>1:45 PM Panel 3: Trolling, computer moderation, and algorithms.\u00a0<\/span><i><span>Panel chair:<\/span><\/i><span>\u00a0<\/span><i><span>Michael Schudson, Columbia University<\/span><\/i><\/p>\n<ul>\n<li><span>Jo Ann Oravec, University of Wisconsin, White Water<\/span><\/li>\n<li><span>Nathaniel Matias, MIT<\/span><\/li>\n<li><span>Giovanni Luca Ciampaglia, Indiana University<\/span><\/li>\n<\/ul>\n<p><span>3:15 Coffee Break<\/span><\/p>\n<p><span>3:30 PM Panel 4: Perspectives on Truth, Knowing, and Communication.\u00a0<\/span><i><span>Panel chair: Juliet Floyd, Boston University \u00a0<\/span><\/i><\/p>\n<ul>\n<li><span>Alex Couch, MIT<\/span><\/li>\n<li><span>Peppino Ortoleva, University of Turin<\/span><\/li>\n<li><span>Jacob Groshek, Boston University<\/span><\/li>\n<\/ul>\n<p><span>5:00 PM Open discussion over appetizers &amp; drinks<\/span><\/p>\n<p>&nbsp;<\/p>\n<p><b>Tuesday April 25, 2017<\/b><\/p>\n<p><span>9:00 AM Coffee &amp; registration<\/span><\/p>\n<p><span>9:30 AM Panel 5: Fake news in a historical and contemporary perspective.\u00a0<\/span><i><span>Panel chair: Michelle Amazeen, Boston University<\/span><\/i><\/p>\n<ul>\n<li><span>Julien Gorbach, University of Hawaii<\/span><\/li>\n<li><span>Emily Vraga\/Leticia Bode, George Mason University<\/span><\/li>\n<li><span>Martin Glazier, University of North Carolina-Chapel Hill<\/span><\/li>\n<\/ul>\n<p><span>11:00 Short break<\/span><\/p>\n<p><span>11:15 PM Panel 6: Global perspectives: similarities and novelties.\u00a0<\/span><i><span>Panel chair: Micha\u00ebl Vallee, Consulate of France in Boston<\/span><\/i><\/p>\n<ul>\n<li><span>Daniel Halpern, Catholic University of Santiago<\/span><\/li>\n<li><span>Agnes Veszelszki, Corvinus University of Budapest<\/span><\/li>\n<\/ul>\n<p><span>12:15 PM Lunch &amp; informal discussion<\/span><\/p>\n<p><span>1:15 PM Keynote Speaker.\u00a0<\/span><i><span>Session chair:<\/span><\/i><span>\u00a0<\/span><i><span>James E. Katz, Boston University<\/span><\/i><\/p>\n<ul>\n<li><span>Keynote address: Michael Schudson, Columbia University<\/span><\/li>\n<\/ul>\n<p><span>2:15 PM Short break<\/span><\/p>\n<p><span>2:30 PM Panel 7: What it is meaning of the journalistic search for truth, and how do we move forward in an era of social media?\u00a0<\/span><i><span>Panel chair:<\/span><\/i><span>\u00a0<\/span><i><span>Ellen Cushman, Northeastern University<\/span><\/i><\/p>\n<ul>\n<li><span>Jennifer Forestal, Stockton University<\/span><\/li>\n<li><span>Bruno Patino, Sciences Po<\/span><\/li>\n<li><span>Thomas E. Fiedler, Boston University<\/span><\/li>\n<\/ul>\n<p><span>3:45 Concluding remarks: James E. Katz, Boston University<\/span><\/p>\n<p><span>4:00 PM \u2013 4:45 PM Reception and informal discussion<\/span><\/p>\n<h3>Symposium Format<\/h3>\n<ul>\n<li>Brief papers and in-depth discussion, built on research and scholarly perspectives.<\/li>\n<li>Advocating political or partisan viewpoints is discouraged.<\/li>\n<li>The event will have an in-person audience and also be live-streamed. (Papers and live-stream will be archived on our website.) Please stay tuned for a link to the live-stream.<\/li>\n<\/ul>\n<h3>Sponsored By<\/h3>\n<ul>\n<li>Andrew R. Lack, Trustee, Boston University<\/li>\n<li>Feld Family Professorship in Emerging Media, Division of Emerging Media Studies, College of Communication<\/li>\n<li>Andrew W. Mellon Foundation Project on Philosophy of Emerging Computational Technologies: Humans, Values and Society in Transition, Philosophy Department and Division of Emerging Media Studies<\/li>\n<li>Rafik B. Hariri Institute for Computing and Computational Science and Engineering<\/li>\n<li>The\u00a0Consulate General of France in Boston<\/li>\n<\/ul>\n<h3>International Scientific Advisory Committee<\/h3>\n<ul>\n<li>Baldwin-Philippi, Jessica (Fordham University, New York)<\/li>\n<li>Belair-Gagnon, Valerie (University of Minnesota-Minneapolis, Minneapolis)<\/li>\n<li>Boczkowski, Pablo J. (Northwestern University, Evanston)<\/li>\n<li>Bouin, Olivier (Fondation Maison des sciences de l\u2019homme, Paris)<\/li>\n<li>Bowen, Shannon (University of South Carolina, Columbia)<\/li>\n<li>Braman, Sandra (Texas A&amp;M, College Station)<\/li>\n<li>Brossard, Dominique (University of Wisconsin-Madison, Madison)<\/li>\n<li>Coleman, Gabriella (McGill University, Montr\u00e9al)<\/li>\n<li>Cushman, Ellen (Northeastern University, Boston)<\/li>\n<li>Floyd, Juliet (Boston University, Boston)<\/li>\n<li>Guo, Lei (Boston University, Boston)<\/li>\n<li>Haldane, John (St. Andrew\u2019s University, Edinburgh)<\/li>\n<li>Halpern, Daniel (La Pontificia Universidad Cat\u00f3lica de Chile, Santiago)<\/li>\n<li>Karpf, David (George Washington University, Washington, DC)<\/li>\n<li>Kreiss, Daniel (University of North Carolina, Chapel Hill)<\/li>\n<li>Lai, Chih-Hui (National Chiao Tung University, Taipei)<\/li>\n<li>Lee, Sun Kyong (University of Oklahoma, Norman)<\/li>\n<li>Neff, Gina (Oxford University, Oxford)<\/li>\n<li>Ny\u00edri, Krist\u00f3f (Budapesti M\u0171szaki \u00e9s Gazdas\u00e1gtudom\u00e1nyi Egyetem, Budapest)<\/li>\n<li>Ortoleva, Peppino (Universit\u00e0 degli Studi di Torino, Torino)<\/li>\n<li>Papacharissi, Zizi (University of Illinois-Chicago, Chicago)<\/li>\n<li>Poiger, Uta (Northeastern University, Boston)<\/li>\n<li>Schudson, Michael (Columbia University, New York)<\/li>\n<li>Stoellger, Philipp (Universit\u00e4t Heidelberg, Heidelberg)<\/li>\n<li>Vallee, Micha\u00ebl (Consulate General of France, Boston)<\/li>\n<li>Zanette, Maria Carolina (Universidade de Ribeir\u00e3o Preto, S\u00e3o Paulo)<\/li>\n<\/ul>\n<p><sup>*<\/sup><em>Institutional affiliations are for identification purposes and do not imply endorsement.<\/em><\/p>\n","protected":false},"excerpt":{"rendered":"<p>Journalism and the Search for Truth in the Age of Social Media Overview Hosted by the College of Communication\u2019s Divison of Emerging Media, the conference, \u201cJournalism and the Search for Truth in the Age of Social Media\u201c, took place on April 24-25, 2017, at Boston University. As the journalism profession struggles to respond to social [&hellip;]<\/p>\n","protected":false},"author":14812,"featured_media":0,"parent":40,"menu_order":4,"comment_status":"closed","ping_status":"closed","template":"","meta":[],"_links":{"self":[{"href":"https:\/\/sites.bu.edu\/emsconf\/wp-json\/wp\/v2\/pages\/179"}],"collection":[{"href":"https:\/\/sites.bu.edu\/emsconf\/wp-json\/wp\/v2\/pages"}],"about":[{"href":"https:\/\/sites.bu.edu\/emsconf\/wp-json\/wp\/v2\/types\/page"}],"author":[{"embeddable":true,"href":"https:\/\/sites.bu.edu\/emsconf\/wp-json\/wp\/v2\/users\/14812"}],"replies":[{"embeddable":true,"href":"https:\/\/sites.bu.edu\/emsconf\/wp-json\/wp\/v2\/comments?post=179"}],"version-history":[{"count":9,"href":"https:\/\/sites.bu.edu\/emsconf\/wp-json\/wp\/v2\/pages\/179\/revisions"}],"predecessor-version":[{"id":215,"href":"https:\/\/sites.bu.edu\/emsconf\/wp-json\/wp\/v2\/pages\/179\/revisions\/215"}],"up":[{"embeddable":true,"href":"https:\/\/sites.bu.edu\/emsconf\/wp-json\/wp\/v2\/pages\/40"}],"wp:attachment":[{"href":"https:\/\/sites.bu.edu\/emsconf\/wp-json\/wp\/v2\/media?parent=179"}],"curies":[{"name":"wp","href":"https:\/\/api.w.org\/{rel}","templated":true}]}}