{"id":80,"date":"2021-05-20T22:05:14","date_gmt":"2021-05-21T02:05:14","guid":{"rendered":"https:\/\/sites.bu.edu\/ecinstitute\/?page_id=80"},"modified":"2025-10-08T10:46:41","modified_gmt":"2025-10-08T14:46:41","slug":"getinvolved","status":"publish","type":"page","link":"https:\/\/sites.bu.edu\/ecinstitute\/getinvolved\/","title":{"rendered":""},"content":{"rendered":"<h3 style=\"text-align: center;\"><strong>Boston University Faculty<\/strong><\/h3>\n<p style=\"text-align: center;\">BU Faculty members have the opportunity to collaborate with colleagues, identify new colleagues to research with, seek consultation and problem solve within the BU Community. Share your news and events with us by filling out this <a href=\"https:\/\/docs.google.com\/forms\/d\/e\/1FAIpQLSfk7a2xcnTvQJ8MP7EBDVr-kdG6vpp7KZ6H7LFUrTBNgjxXgQ\/viewform?usp=sharing&amp;ouid=108176407065547085339\">form<\/a>.<\/p>\n<h3 style=\"text-align: center;\"><strong>Community Affiliate<\/strong><\/h3>\n<p style=\"text-align: center;\">Community affiliates have the opportunity to access expertise related to implementation and evaluation, identify current best practices, enlarge professional network, and explore job opportunities.<\/p>\n<h3 style=\"text-align: center;\"><strong>Early Childhood Educators\/Practitioners<\/strong><\/h3>\n<p style=\"text-align: center;\">Educators have the opportunity to influence new curricula and classroom practice developments, receive policy updates, regulatory guidance and network.<\/p>\n<h3 style=\"text-align: center;\"><strong>Students<\/strong><\/h3>\n<p style=\"text-align: center;\">Students have the opportunity to seek volunteer and practicum opportunities, learn about BU educational opportunities related to early childhood study, and connect with state of the art research projects. Students who are interested in learning more about working with us, fill out this <a href=\"https:\/\/sites.bu.edu\/ecinstitute\/?gf_page=preview&amp;id=4\">form<\/a>.<\/p>\n<h3 style=\"text-align: center;\"><strong>Funders\/Donors<\/strong><\/h3>\n<p style=\"text-align: center;\">Funders &amp; Donors have the opportunity to access to cutting edge initiatives for young children locally and globally along with ways to shape the next generations of leaders in early childhood.<\/p>\n<h3 style=\"text-align: center;\"><strong>Alumni<\/strong><\/h3>\n<p style=\"text-align: center;\">Alumni have the opportunity to stay involved with BU, share post graduate knowledge and experience, connect and influence the next generation of students.<\/p>\n<h3 style=\"text-align: center;\"><strong>Leaders\/Advocates\u00a0<\/strong><\/h3>\n<p style=\"text-align: center;\">Leaders &amp; Advocates have inside access to new ideas and data in the field that inform legislative action &amp; policy, dialogue with parents and constituencies.<\/p>\n<p style=\"text-align: center;\"><a class=\"button\" href=\"https:\/\/sites.bu.edu\/ecinstitute\/join-our-network\">Join our Network <\/a><\/p>\n<hr \/>\n<p>&nbsp;<\/p>\n<h3 style=\"text-align: center;\"><span style=\"color: #993300;\"><strong>Connect with our current network members:<\/strong><\/span><\/h3>\n<table class=\"searchable sortable\" width=\"1040\" height=\"1139\">\n<thead>\n<tr>\n<th>Name<\/th>\n<th>Interests<\/th>\n<th>Organization<\/th>\n<th>Email<\/th>\n<\/tr>\n<\/thead>\n<tbody>\n<tr>\n<td><a href=\"https:\/\/www.bu.edu\/psych\/profile\/amanda-tarullo-phd\/\"><span data-contrast=\"auto\" xml:lang=\"EN-US\" lang=\"EN-US\" class=\"TextRun SCXW89372927 BCX0\"><span class=\"NormalTextRun SCXW89372927 BCX0\">Amanda Tarullo<\/span><\/span><span class=\"EOP SCXW89372927 BCX0\" data-ccp-props=\"{&quot;201341983&quot;:0,&quot;335559739&quot;:160,&quot;335559740&quot;:240}\">\u00a0<\/span><\/a><\/td>\n<td><span>Developmental Psychology, Biological Stress, Executive Function, Neural Development, Parenting<\/span><\/td>\n<td>Boston University, College of Arts and Science<\/td>\n<td><a href=\"mailto:atarullo@bu.edu\">atarullo@bu.edu<\/a><\/td>\n<\/tr>\n<tr>\n<td><a href=\"https:\/\/www.bu.edu\/sph\/profile\/davidson-hamer\/\"><span data-contrast=\"auto\" xml:lang=\"EN-US\" lang=\"EN-US\" class=\"TextRun SCXW10089450 BCX0\"><span class=\"NormalTextRun SCXW10089450 BCX0\">David Hamer, MD<\/span><\/span><span class=\"EOP SCXW10089450 BCX0\" data-ccp-props=\"{&quot;201341983&quot;:0,&quot;335559739&quot;:160,&quot;335559740&quot;:240}\">\u00a0<\/span><\/a><\/td>\n<td><span data-contrast=\"auto\" xml:lang=\"EN-US\" lang=\"EN-US\" class=\"TextRun BCX0 SCXW111423766\"><span class=\"NormalTextRun BCX0 SCXW111423766\">Global Health, Neonatal Sepsis Prevention, Community <\/span><\/span><span data-contrast=\"auto\" xml:lang=\"EN-US\" lang=\"EN-US\" class=\"TextRun BCX0 SCXW111423766\"><span class=\"NormalTextRun BCX0 SCXW111423766\">Health, Community-based Parenting Groups<\/span><\/span><\/td>\n<td>Boston University, School of Public Health<\/td>\n<td><a href=\"mailto:dhamer@bu.edu\">dhamer@bu.edu<\/a><\/td>\n<\/tr>\n<tr>\n<td><span data-contrast=\"none\" xml:lang=\"EN-US\" lang=\"EN-US\" class=\"TextRun SCXW170745404 BCX0\"><span class=\"NormalTextRun SCXW170745404 BCX0\" data-ccp-parastyle=\"Normal (Web)\">Elizabeth Farrah Louis, M.A.<\/span><\/span><span class=\"EOP SCXW170745404 BCX0\" data-ccp-props=\"{&quot;134233117&quot;:true,&quot;134233118&quot;:true,&quot;201341983&quot;:0,&quot;335559740&quot;:240}\">\u00a0<\/span><\/td>\n<td>Psychology, Mental Health<\/td>\n<td>The SPARK Center<\/td>\n<td><a href=\"mailto:eflouis2011@gmail.com\">eflouis2011@gmail.com<\/a><\/td>\n<\/tr>\n<tr>\n<td><a href=\"https:\/\/www.bu.edu\/wheelock\/profile\/felicity-crawford\/\"><span data-contrast=\"none\" xml:lang=\"EN-US\" lang=\"EN-US\" class=\"TextRun SCXW170745404 BCX0\"><span class=\"NormalTextRun SCXW170745404 BCX0\" data-ccp-parastyle=\"Normal (Web)\">Felicity Crawford<\/span><\/span><span class=\"EOP SCXW170745404 BCX0\" data-ccp-props=\"{&quot;134233117&quot;:true,&quot;134233118&quot;:true,&quot;201341983&quot;:0,&quot;335559740&quot;:240}\">\u00a0<\/span><\/a><\/td>\n<td>Teacher Ideology, Urban Special Education, Racial, cultural, and linguistic backgrounds<\/td>\n<td>Boston University, Wheelock College of Education and Human Development<\/td>\n<td><a href=\"mailto:fcraw@bu.edu\">fcraw@bu.edu<\/a><\/td>\n<\/tr>\n<tr>\n<td><a href=\"https:\/\/www.bu.edu\/wheelock\/profile\/ellie-friedland\/\"><span data-contrast=\"auto\" xml:lang=\"EN-US\" lang=\"EN-US\" class=\"TextRun BCX0 SCXW90090983\"><span class=\"NormalTextRun BCX0 SCXW90090983\">Ellie Friedland<\/span><\/span><\/a><\/td>\n<td>Social Justice Through Theatre of the Oppressed, Anti-bias Education, Cultural Competence, Professional Development<\/td>\n<td>Boston University, Wheelock College of Education and Human Development<\/td>\n<td><a href=\"mailto:elliefr@bu.edu\"><span data-contrast=\"auto\" xml:lang=\"EN-US\" lang=\"EN-US\" class=\"TextRun SCXW45367788 BCX0\"><span class=\"NormalTextRun SCXW45367788 BCX0\">elliefr@bu.edu<\/span><\/span><span class=\"EOP SCXW45367788 BCX0\" data-ccp-props=\"{&quot;201341983&quot;:0,&quot;335559739&quot;:160,&quot;335559740&quot;:240}\">\u00a0<\/span><\/a><\/td>\n<\/tr>\n<tr>\n<td><a href=\"https:\/\/www.bu.edu\/wheelock\/profile\/kathleen-corriveau\/\"><span data-contrast=\"auto\" xml:lang=\"EN-US\" lang=\"EN-US\" class=\"TextRun SCXW216392786 BCX0\"><span class=\"NormalTextRun SCXW216392786 BCX0\">Kathleen Corriveau<\/span><\/span><\/a><\/td>\n<td><span data-contrast=\"auto\" xml:lang=\"EN-US\" lang=\"EN-US\" class=\"TextRun BCX0 SCXW30675379\"><span class=\"NormalTextRun BCX0 SCXW30675379\">Applied Human Development, Social Cognitive Development, School Readiness<\/span><\/span><\/td>\n<td>Boston University, Wheelock College of Education and Human Development<\/td>\n<td><a href=\"mailto:kcorriv@bu.edu\">kcorriv@bu.edu<\/a><\/td>\n<\/tr>\n<tr>\n<td><a href=\"https:\/\/www.bu.edu\/globalprograms\/staff\/lauren-thorman\/\"><span data-contrast=\"auto\" xml:lang=\"EN-US\" lang=\"EN-US\" class=\"TextRun SCXW242563508 BCX0\"><span class=\"NormalTextRun SCXW242563508 BCX0\">Lauren<span>\u00a0<\/span><\/span><span class=\"NormalTextRun SCXW242563508 BCX0\">Thorman<\/span><\/span><span class=\"EOP SCXW242563508 BCX0\" data-ccp-props=\"{&quot;201341983&quot;:0,&quot;335559739&quot;:160,&quot;335559740&quot;:240}\">\u00a0<\/span><\/a><\/td>\n<td>Early Childhood Professional Development<\/td>\n<td>Boston University, Global Programs<\/td>\n<td><a href=\"mailto:lthorman@bu.edu\">lthorman@bu.edu<\/a><\/td>\n<\/tr>\n<tr>\n<td><a href=\"https:\/\/www.bu.edu\/sargent\/profile\/lindsey-locks\/\">Lindsey Locks<\/a><\/td>\n<td>Global Health, Nutrition, Epidemiology, Maternal, child and adolescent health, Implementation science<\/td>\n<td>Boston University, <span>Sargent College of Health and Rehabilitation Sciences<\/span><\/td>\n<td><a href=\"mailto:LMLocks@bu.edu\">LMLocks@bu.edu<\/a><\/td>\n<\/tr>\n<tr>\n<td><a href=\"https:\/\/www.bumc.bu.edu\/busm\/profile\/martha-vibbert\/\">Martha Vibbert<\/a><\/td>\n<td>Behavioral Health Care in Pediatric and Community Settings, Equitable Access, Caregiver-child connections, Healthy Neurodevelopment<\/td>\n<td>Boston Medical Center<\/td>\n<td><a href=\"mailto:mvibbert@bu.edu\">mvibbert@bu.edu<\/a><\/td>\n<\/tr>\n<tr>\n<td><a href=\"https:\/\/sites.bu.edu\/ecinstitute\/profile\/megina-baker\/\">Megina Baker<\/a><\/td>\n<td>Early Childhood Education, Bilingualism, Learning through Play, Early Childhood Curriculum, Teacher Professional Development<\/td>\n<td>Boston Public Schools, Department of Early Childhood<\/td>\n<td><a href=\"mailto:mbaker@neighborhoodvillages.org\"><span>mbaker@neighborhoodvillages.org<\/span><\/a><\/td>\n<\/tr>\n<tr>\n<td><a href=\"https:\/\/www.bu.edu\/sph\/profile\/peter-rockers\/\">Peter Rockers<\/a><\/td>\n<td><span>Global Health, Early Childhood Interventions, Child Nutrition, <\/span><\/p>\n<p><span>Brain Sciences, Impact Evaluation<\/span><\/td>\n<td>Boston University, School of Public Health<\/td>\n<td><a href=\"mailto:prockers@bu.edu\"><span>prockers@bu.edu<\/span><\/a><\/td>\n<\/tr>\n<tr>\n<td><a href=\"https:\/\/www.bu.edu\/ssw\/profile\/ruth-paris-lcsw-licsw\/\">Ruth Paris<\/a><\/td>\n<td><span>Infant and Early Childhood Mental Health, Parenting Interventions, Attachment and Early Childhood, Parental Substance Use, Diversity and Equity in Early Childhood Interventions<\/span><\/td>\n<td>Boston University, School of Social Work<\/td>\n<td><a href=\"mailto:rparis@bu.edu\"><span>rparis@bu.edu<\/span><\/a><\/td>\n<\/tr>\n<tr>\n<td><a href=\"https:\/\/www.bu.edu\/wheelock\/profile\/stephanie-cox-suarez\/\">Stephanie Cox Suarez<\/a><\/td>\n<td>Special Education, Early Childhood Education<\/td>\n<td>Boston University, Wheelock College of Education and Human Development<\/td>\n<td><span><a href=\"mailto:scsuarez@bu.edu\">scsuarez@bu.edu<\/a> <\/span><\/td>\n<\/tr>\n<tr>\n<td><a href=\"https:\/\/www.bu.edu\/wheelock\/profile\/stephanie-curenton\/\">Stephanie Curenton<\/a><\/td>\n<td>Parent-child Interactions, Early Childhood Education Programs, Early Childhood Workforce Programs, and State and Federal Policy<\/td>\n<td>Boston University, Wheelock College of Education and Human Development<\/td>\n<td><a href=\"mailto:curenton@bu.edu\"><span>curenton@bu.edu<\/span><\/a><\/td>\n<\/tr>\n<tr>\n<td><a href=\"https:\/\/connects.catalyst.harvard.edu\/Profiles\/display\/Person\/54985\"><span data-contrast=\"auto\" xml:lang=\"EN-US\" lang=\"EN-US\" class=\"TextRun BCX0 SCXW81941413\"><span class=\"NormalTextRun BCX0 SCXW81941413\">Susan Linn, Ed.D.<\/span><\/span><\/a><\/td>\n<td>Advocacy, Systemic Issues, Creative Play, Impact of media and commercial marketing on children, Therapeutic Tools<\/td>\n<td>Boston Children&#8217;s Hospital<\/td>\n<td><a href=\"mailto:Susan@susanlinn.net\"><span><span data-contrast=\"auto\" xml:lang=\"EN-US\" lang=\"EN-US\" class=\"TextRun BCX0 SCXW261590217\"><span class=\"NormalTextRun BCX0 SCXW261590217\">Susan@susanlinn.net<\/span><\/span><\/span><\/a><\/td>\n<\/tr>\n<tr>\n<td><a href=\"https:\/\/www.bu.edu\/ssw\/profile\/yoonsook-ha\/\"><span data-contrast=\"auto\" xml:lang=\"EN-US\" lang=\"EN-US\" class=\"TextRun BCX0 SCXW81941413\"><span class=\"NormalTextRun BCX0 SCXW81941413\">Yoonsook Ha<\/span><\/span><\/a><\/td>\n<td>Child and family policy, Early care and education, Equitable access to safety-net programs and its impacts on the well-being of children and families, Family and work balance among low-income working families, Immigrant families, and At-risk youth and their access to resources<\/td>\n<td>Boston University, School of Social Work<\/td>\n<td><a href=\"mailto:yha@bu.edu\"><span><span data-contrast=\"auto\" xml:lang=\"EN-US\" lang=\"EN-US\" class=\"TextRun BCX0 SCXW261590217\"><span class=\"NormalTextRun BCX0 SCXW261590217\">yha@bu.edu<\/span><\/span><\/span><\/a><\/td>\n<\/tr>\n<tr>\n<td><a href=\"https:\/\/www.bu.edu\/wheelock\/profile\/dina-castro\/\"><span data-contrast=\"auto\" xml:lang=\"EN-US\" lang=\"EN-US\" class=\"TextRun BCX0 SCXW81941413\"><span class=\"NormalTextRun BCX0 SCXW81941413\">Dina Castro<\/span><\/span><\/a><\/td>\n<td>\n<p class=\"cvGsUA direction-ltr align-center para-style-body\"><span class=\"a_GcMg font-feature-liga-off font-feature-clig-off font-feature-calt-off text-decoration-none text-strikethrough-none\">Early Education and Learning in Multilingual Multicultural Communities, Teacher Education, Evaluation of Early Education Quality,<\/span><span class=\"a_GcMg font-feature-liga-off font-feature-clig-off font-feature-calt-off text-decoration-none text-strikethrough-none white-space-prewrap\"> <\/span><span class=\"a_GcMg font-feature-liga-off font-feature-clig-off font-feature-calt-off text-decoration-none text-strikethrough-none\">Pedagogical approaches and Educational Policies<\/span><\/p>\n<\/td>\n<td>Boston University, Wheelock College of Education and Human Development<\/td>\n<td><span><span data-contrast=\"auto\" xml:lang=\"EN-US\" lang=\"EN-US\" class=\"TextRun BCX0 SCXW261590217\"><span class=\"NormalTextRun BCX0 SCXW261590217\"><a href=\"mailto:dccastro@bu.edu\">dccastro@bu.edu<\/a><\/span><\/span><\/span><\/td>\n<\/tr>\n<tr>\n<td><a href=\"https:\/\/sites.bu.edu\/ecinstitute\/profile\/erika-gaby-cordova-ramos\/\"><span data-contrast=\"auto\" xml:lang=\"EN-US\" lang=\"EN-US\" class=\"TextRun BCX0 SCXW81941413\"><span class=\"NormalTextRun BCX0 SCXW81941413\"><span class=\"a_GcMg font-feature-liga-off font-feature-clig-off font-feature-calt-off text-decoration-none text-strikethrough-none\">Erika cordova Ramos<\/span><\/span><\/span><\/a><\/td>\n<td>\n<p class=\"cvGsUA direction-ltr align-center para-style-body\"><span class=\"a_GcMg font-feature-liga-off font-feature-clig-off font-feature-calt-off text-decoration-none text-strikethrough-none\">Neonatal-perinatal care, racial and linguistic disparities, global health equity<\/span><\/p>\n<\/td>\n<td>\n<p class=\"cvGsUA direction-ltr align-center para-style-body\"><span class=\"a_GcMg font-feature-liga-off font-feature-clig-off font-feature-calt-off text-decoration-none text-strikethrough-none\">Boston University School of Medicine <\/span><span class=\"a_GcMg font-feature-liga-off font-feature-clig-off font-feature-calt-off text-decoration-none text-strikethrough-none\">and Boston Medical Center<\/span><\/p>\n<\/td>\n<td><span><span data-contrast=\"auto\" xml:lang=\"EN-US\" lang=\"EN-US\" class=\"TextRun BCX0 SCXW261590217\"><span class=\"NormalTextRun BCX0 SCXW261590217\"><a href=\"mailto:gcordova@bu.edu\">gcordova@bu.edu<\/a><\/span><\/span><\/span><\/td>\n<\/tr>\n<tr>\n<td><span data-contrast=\"auto\" xml:lang=\"EN-US\" lang=\"EN-US\" class=\"TextRun BCX0 SCXW81941413\"><span class=\"NormalTextRun BCX0 SCXW81941413\"><span class=\"a_GcMg font-feature-liga-off font-feature-clig-off font-feature-calt-off text-decoration-none text-strikethrough-none\">Kori <span>Bardige\u00a0<\/span><\/span><\/span><\/span><\/td>\n<td>\n<p class=\"cvGsUA direction-ltr align-center para-style-body\"><span class=\"a_GcMg font-feature-liga-off font-feature-clig-off font-feature-calt-off text-decoration-none text-strikethrough-none\"><span>Early Childhood Professional Development<\/span><\/span><\/p>\n<\/td>\n<td>\n<p class=\"cvGsUA direction-ltr align-center para-style-body\"><span class=\"a_GcMg font-feature-liga-off font-feature-clig-off font-feature-calt-off text-decoration-none text-strikethrough-none\"><span>Learning Circle Consulting<\/span><\/span><\/p>\n<\/td>\n<td><span><span data-contrast=\"auto\" xml:lang=\"EN-US\" lang=\"EN-US\" class=\"TextRun BCX0 SCXW261590217\"><span class=\"NormalTextRun BCX0 SCXW261590217\">kbardige@gmail.com\u00a0<\/span><\/span><\/span><\/td>\n<\/tr>\n<tr>\n<td>Danielle Eddins<\/td>\n<td><span>Inclusive Early Childhood Education, Parent Empowerment, Autism Advocacy, Black People in Educational Leadership, and Strengths-Based Learning<\/span><\/td>\n<td><span>Reign &amp; Root Academy<\/span><\/td>\n<td><span>danieddins@icloud.com<\/span><\/td>\n<\/tr>\n<tr>\n<td>Teresa Gerdes<\/td>\n<td><span>Early Childhood Education and Elementary Education, specifically in the realm of language acquisition. Interest in songs, fingerless, chants, raps, and other dynamic activities in the learning of English naturally.<\/span><\/td>\n<td><span>Native Learn<\/span><\/td>\n<td><span>teresagerdes@gmail.com<\/span><\/td>\n<\/tr>\n<tr>\n<td>Allison <span>Kimble-Cusano<\/span><\/td>\n<td><span>Early Childhood Assessment, Anti-Bias\/Anti-Racist Early Childhood, Relational Health, Early Language and Literacy<\/span><\/td>\n<td><span>Institute for Child Success\u00a0<\/span><\/td>\n<td><span>akimblecusano@instituteforchildsuccess.org\u00a0<\/span><\/td>\n<\/tr>\n<tr>\n<td>Maria Emilia Bianco<\/td>\n<td><span>Migrant mothers and children, <\/span><span>Mental health, <\/span><span>Human rights, <\/span><span>Gender and development<\/span><\/td>\n<td><span>Boston University School of Social Work<\/span><\/td>\n<td>\n<table class=\"wp-list-table widefat fixed striped gf_entries\">\n<tbody id=\"the-list\" data-wp-lists=\"list:gf_entry\">\n<tr id=\"entry_row_133\" class=\"entry_row gf-locking \" data-id=\"133\">\n<td class=\"field_id-8 column-field_id-8\" data-colname=\"Email Address\">mebianco@bu.edu<\/td>\n<td class=\"field_id-3 column-field_id-3\" data-colname=\"Organization\"><\/td>\n<\/tr>\n<\/tbody>\n<\/table>\n<\/td>\n<\/tr>\n<tr>\n<td>Rose <span>Cardarelli,\u00a0Ed.D.\u00a0<\/span><\/td>\n<td><span>Climate Resilience and Children, <\/span><span>Children and Forced Migration, <\/span><span>Social Emotional Learning, <\/span><span>Human Rights and Children, <\/span><span>Sustainable Development Goals<\/span><\/td>\n<td><span>Education for All Coalition<\/span><\/td>\n<td><span>rosecardarelli@msn.com<\/span><\/td>\n<\/tr>\n<tr>\n<td>Julia Sayles<\/td>\n<td><span>Infant early childhood mental, <\/span><span>Infant and early childhood mental health consultation, <\/span><span>Trauma informed social emotional skill building, <\/span><span>Implementation science, <\/span><span>Early childhood systems of care<\/span><\/td>\n<td><span>Georgetown University<\/span><\/td>\n<td><span>jks116@georgetown.edu<\/span><\/td>\n<\/tr>\n<tr>\n<td>Sara <span>Alharbi\u00a0<\/span><\/td>\n<td><span>Diversity, Early Childhood, Children Literature, Inclusion, Children Voice<\/span><\/td>\n<td><span>Qassim University<\/span><\/td>\n<td><span>Dr.Sara.Alharbi@hotmail.com<\/span><\/td>\n<\/tr>\n<tr>\n<td>Jelonid Fuentes<\/td>\n<td><span>Multilingual Learners and Teacher Quality<\/span><\/td>\n<td><span>Institute for Early Childhood Well-Being<\/span><\/td>\n<td><span>jelonid@bu.edu<\/span><\/td>\n<\/tr>\n<tr>\n<td>Cristina Gago<\/td>\n<td><span>Early childhood nutrition, Family-based nutrition interventions, Food insecurity interventions, Federal nutrition programs, Population health approaches to healthy eating promotion, Implementation science research<\/span><\/td>\n<td><span>Boston University School of Public Health<\/span><\/td>\n<td><span>gago@bu.edu<\/span><\/td>\n<\/tr>\n<tr>\n<td>Giampaolo Sabino<\/td>\n<td><span>Integrated system for early childhood education and care, Early Childhood well-being, Childhood social participation<\/span><\/td>\n<td><span>Universit\u00e0 della Valle d&#8217;Aosta-Universit\u00e9 de la Vall\u00e9e d&#8217;Aoste<\/span><\/td>\n<td><span>giampaolo.sabino@unicatt.it<\/span><\/td>\n<\/tr>\n<tr>\n<td>Kimberlie Hurley<\/td>\n<td><span>Early Childhood Education, Child Development, Curriculum<\/span><\/td>\n<td><span>Stoughton Public Schools, MA<\/span><\/td>\n<td><span>kimberliehurley13@gmail.com<\/span><\/td>\n<\/tr>\n<tr>\n<td>Nicole Willard<\/td>\n<td><span>Early Childhood Professional Development, Early Childhood Education and Care, Early Childhood Leadership<\/span><\/td>\n<td><span>Windmill School<\/span><\/td>\n<td><span>nwillard.edd@gmail.com<\/span><\/td>\n<\/tr>\n<tr>\n<td>Yilin Wang<\/td>\n<td><span>Applied Human Development, Early Childhood Policies, Child Poverty, Minority Children and Parents<\/span><\/td>\n<td><span>Boston College<\/span><\/td>\n<td><span>wangecw@bc.edu<\/span><\/td>\n<\/tr>\n<tr>\n<td>Debra Noe<\/td>\n<td><span>Anti-bias education, English language learners, Family collaboration, Sustainability of the field for early childhood educators, Educator growth<\/span><\/td>\n<td><span>Boston University Children&#8217;s Center<\/span><\/td>\n<td><span>dnoe@bu.edu<\/span><\/td>\n<\/tr>\n<tr>\n<td>Francis Samonte<\/td>\n<td><span>Pediatric neurodevelopmental specialist (M.D.), C<\/span><span>ognitive behavioral scientist (PhD), <\/span><span>Global Health, Policy &amp; Nutrition (previous experience Asia, Haiti), <\/span><span>Human Brain Development (Harvard Translation Catalysts Member), <\/span><span>Early Childhood and Developmental Specialist<\/span><\/td>\n<td>Boston University College of Arts and Sciences<\/td>\n<td><span>frsamont@bu.edu<\/span><\/td>\n<\/tr>\n<tr>\n<td>Shaakira Parker<\/td>\n<td><span>Public health, Early childhood policy, Early childhood mental health, Child development, Child health and wellbeing<\/span><\/td>\n<td><span>Brandeis University\u00a0<\/span><\/td>\n<td><span>shaakiraparker@brandeis.edu\u00a0<\/span><\/td>\n<\/tr>\n<tr>\n<td>Diana Greene<\/td>\n<td><span>Early Childhood Professional Development and Coaching<\/span><\/td>\n<td><span>Children&#8217;s Literacy Initiative<\/span><\/td>\n<td>dgreene@cli.org<\/td>\n<\/tr>\n<tr>\n<td>John Noble Jr.<\/td>\n<td><span>Alignment of Learning Environment design with Pedagogy, Child-centered spaces, Facility master plans as vital elements of long-term business plans, Incorporation of learning environment standards into standards of quality<\/span><\/td>\n<td><span>SHP\u00a0<\/span><\/td>\n<td><span>jnoble@shp.com<\/span><\/td>\n<\/tr>\n<tr>\n<td>Elena Hasse Cox<\/td>\n<td><span>Early childhood emotional wellbeing, Curiosity and creativity and their connection to resilience, Power of relationships to support emotional and overall wellbeing, How we can support children during difficult moments<\/span><\/td>\n<td><span>Harvard Graduate School of Education\u00a0<\/span><\/td>\n<td><span>ellie.cox491@yahoo.com\u00a0<\/span><\/td>\n<\/tr>\n<tr>\n<td>Angelina Philip<\/td>\n<td><span>Early Childhood Education, Social and Emotional Learning, Creativity, Technology<\/span><\/td>\n<td><span>Freethinking Foundation<\/span><\/td>\n<td><span>angiesphilip@gmail.com\u00a0<\/span><\/td>\n<\/tr>\n<tr>\n<td>Alan Mozaffari<\/td>\n<td><span>Applied Human Development, Social and Behavioral Sciences, Participatory and Community-Based Research, Public Health, Systems Science<\/span><\/td>\n<td><span>Harvard Graduate School of Education\u00a0<\/span><\/td>\n<td><span>alan.mozaffari@gmail.com<\/span><\/td>\n<\/tr>\n<tr>\n<td>Cecilia Garcia Caballero<\/td>\n<td>Early Childhood Professional Development, Integrative Care, International Education Experience<\/td>\n<td>The Golden Chickpea Center<\/td>\n<td>cmpgarciac@gmail.com<\/td>\n<\/tr>\n<tr>\n<td>Erin Morris<\/td>\n<td><span>Early Childhood Education and Professional Development, Family Support, Growth and Human Development<\/span><\/td>\n<td><span>Berkshire Community College\u00a0<\/span><\/td>\n<td><span>emorris@berkshirecc.edu\u00a0<\/span><\/td>\n<\/tr>\n<tr>\n<td>Lindsay Beatty<\/td>\n<td><span>Early Childhood Education, Multilingual learners, teacher preparation, Professional development<\/span><\/td>\n<td><span>University of Massachusetts Boston\u00a0<\/span><\/td>\n<td><span>lindsebd@bu.edu\u00a0<\/span><\/td>\n<\/tr>\n<tr>\n<td>Samira Farhat<\/td>\n<td><span>Inclusive classrooms, <\/span><span>English literacy, <\/span><span>Critical discourse analysis, <\/span><span>Early childhood education<\/span><\/td>\n<td><span>Bahrain Teachers College\u00a0<\/span><\/td>\n<td>sfarhat@uob.edu.bh<\/td>\n<\/tr>\n<tr>\n<td>Dilara Yaya-Bryson<\/td>\n<td><span>Early Education Systems and Workforce. Human Development<\/span><\/td>\n<td><span>University of Connecticut\u00a0<\/span><\/td>\n<td><span>ydilara@gmail.com\u00a0<\/span><\/td>\n<\/tr>\n<\/tbody>\n<\/table>\n","protected":false},"excerpt":{"rendered":"<p>Boston University Faculty BU Faculty members have the opportunity to collaborate with colleagues, identify new colleagues to research with, seek consultation and problem solve within the BU Community. Share your news and events with us by filling out this form. Community Affiliate Community affiliates have the opportunity to access expertise related to implementation and evaluation, [&hellip;]<\/p>\n","protected":false},"author":19292,"featured_media":0,"parent":0,"menu_order":9,"comment_status":"closed","ping_status":"closed","template":"page-templates\/no-sidebars.php","meta":[],"_links":{"self":[{"href":"https:\/\/sites.bu.edu\/ecinstitute\/wp-json\/wp\/v2\/pages\/80"}],"collection":[{"href":"https:\/\/sites.bu.edu\/ecinstitute\/wp-json\/wp\/v2\/pages"}],"about":[{"href":"https:\/\/sites.bu.edu\/ecinstitute\/wp-json\/wp\/v2\/types\/page"}],"author":[{"embeddable":true,"href":"https:\/\/sites.bu.edu\/ecinstitute\/wp-json\/wp\/v2\/users\/19292"}],"replies":[{"embeddable":true,"href":"https:\/\/sites.bu.edu\/ecinstitute\/wp-json\/wp\/v2\/comments?post=80"}],"version-history":[{"count":49,"href":"https:\/\/sites.bu.edu\/ecinstitute\/wp-json\/wp\/v2\/pages\/80\/revisions"}],"predecessor-version":[{"id":1283,"href":"https:\/\/sites.bu.edu\/ecinstitute\/wp-json\/wp\/v2\/pages\/80\/revisions\/1283"}],"wp:attachment":[{"href":"https:\/\/sites.bu.edu\/ecinstitute\/wp-json\/wp\/v2\/media?parent=80"}],"curies":[{"name":"wp","href":"https:\/\/api.w.org\/{rel}","templated":true}]}}