{"id":1485,"date":"2014-01-05T21:05:15","date_gmt":"2014-01-06T02:05:15","guid":{"rendered":"https:\/\/sites.bu.edu\/ealab\/?page_id=1485"},"modified":"2016-10-04T13:20:19","modified_gmt":"2016-10-04T17:20:19","slug":"stephanie-simms","status":"publish","type":"page","link":"https:\/\/sites.bu.edu\/ealab\/people\/stephanie-simms\/","title":{"rendered":"Stephanie R. Simms"},"content":{"rendered":"<p><img loading=\"lazy\" src=\"\/ealab\/files\/2016\/10\/Simms-300.jpg\" alt=\"Simms-300\" width=\"300\" height=\"300\" class=\"alignleft size-full wp-image-2671\" srcset=\"https:\/\/sites.bu.edu\/ealab\/files\/2016\/10\/Simms-300.jpg 300w, https:\/\/sites.bu.edu\/ealab\/files\/2016\/10\/Simms-300-150x150.jpg 150w, https:\/\/sites.bu.edu\/ealab\/files\/2016\/10\/Simms-300-100x100.jpg 100w\" sizes=\"(max-width: 300px) 100vw, 300px\" \/><\/p>\n<h3>Currently: Research Data Specialist, California Digital Library<\/h3>\n<h3>Formerly: CLIR Postdoctoral Fellow, UCLA<\/h3>\n<p>PhD 2014, Archaeology<br \/>\nBoston University<br \/>\n<a href=\"mailto:ssimms@bu.edu\" target=\"_blank\">ssimms@bu.edu <\/a><\/p>\n<p>Areas of interest: <em>Foodways; Tropical forest ecology; Paleoethnobotany; Microbotanical methods (starch and phytoliths); Mesoamerican archaeology<\/em><br \/>\n<br style=\"clear: both;\" \/><\/p>\n<h3>Research<\/h3>\n<p>My research examines daily food practices in the New World tropics, especially in the Maya area. Maize is universally considered to be the basis of prehispanic Maya foodways and maize-beans-squash agriculture the primary means of food acquisition. This narrow view is attributable to a lack of direct evidence and an oversimplification of the ethnographic data. I employ microbotanical methods and traditional artifact analyses to recover evidence of both cultivated and wild foodstuffs, regional food preferences, techniques of preparation, production and procurement strategies, and symbolic associations of foods. By highlighting the tremendous variety of environments, foods, and food practices, I use the archaeological evidence to evaluate ancient Neotropical human-environment interactions.<\/p>\n<h3>Publications<\/h3>\n<p>Simms, Stephanie R., Francesco Berna, and George J. Bey, III. 2013. A Prehispanic Maya Pit Oven? Microanalysis of Fired Clay Balls from the Puuc Region, Yucat\u00e1n, Mexico. <em>Journal of Archaeological Science<\/em> 40: 1144\u20131157.<\/p>\n<p>Simms, Stephanie R., Evan Parker, George J. Bey, III, and Tom\u00e1s Gallareta Negr\u00f3n. 2012. Evidence from Escalera al Cielo: Abandonment of a Terminal Classic Puuc Maya Hill Complex in Yucat\u00e1n, Mexico. <em>Journal of Field Archaeology<\/em> 37: 270\u2013288.<\/p>\n<h3>Projects<\/h3>\n<p>I am a member of the Bolonch\u00e9n Regional Archaeology Project (BRAP), directed by Tom\u00e1s Gallareta Negr\u00f3n, George Bey, and Bill Ringle. The BRAP is part of the Kaxil Kiuic Biocultural Reserve, a Mexican non-profit organization dedicated to research, conservation, and public outreach.<\/p>\n<div id=\"crumbs\">\n<ul>\n<li><a href=\"https:\/\/sites.bu.edu\/ealab\/\">Home<\/a><\/li>\n<li><a href=\"https:\/\/sites.bu.edu\/ealab\/people\/\">Lab Members<\/a><\/li>\n<li><a href=\"https:\/\/sites.bu.edu\/ealab\/people\/alumni\/\">Alumni<\/a><\/li>\n<li><a href=\"#\">Stephanie R. Simms<\/a><\/li>\n<\/ul>\n<\/div>\n","protected":false},"excerpt":{"rendered":"<p>Currently: Research Data Specialist, California Digital Library Formerly: CLIR Postdoctoral Fellow, UCLA PhD 2014, Archaeology Boston University ssimms@bu.edu Areas of interest: Foodways; Tropical forest ecology; Paleoethnobotany; Microbotanical methods (starch and phytoliths); Mesoamerican archaeology Research My research examines daily food practices in the New World tropics, especially in the Maya area. Maize is universally considered to [&hellip;]<\/p>\n","protected":false},"author":7952,"featured_media":0,"parent":26,"menu_order":17,"comment_status":"closed","ping_status":"closed","template":"page-templates\/no-sidebars.php","meta":[],"_links":{"self":[{"href":"https:\/\/sites.bu.edu\/ealab\/wp-json\/wp\/v2\/pages\/1485"}],"collection":[{"href":"https:\/\/sites.bu.edu\/ealab\/wp-json\/wp\/v2\/pages"}],"about":[{"href":"https:\/\/sites.bu.edu\/ealab\/wp-json\/wp\/v2\/types\/page"}],"author":[{"embeddable":true,"href":"https:\/\/sites.bu.edu\/ealab\/wp-json\/wp\/v2\/users\/7952"}],"replies":[{"embeddable":true,"href":"https:\/\/sites.bu.edu\/ealab\/wp-json\/wp\/v2\/comments?post=1485"}],"version-history":[{"count":17,"href":"https:\/\/sites.bu.edu\/ealab\/wp-json\/wp\/v2\/pages\/1485\/revisions"}],"predecessor-version":[{"id":2685,"href":"https:\/\/sites.bu.edu\/ealab\/wp-json\/wp\/v2\/pages\/1485\/revisions\/2685"}],"up":[{"embeddable":true,"href":"https:\/\/sites.bu.edu\/ealab\/wp-json\/wp\/v2\/pages\/26"}],"wp:attachment":[{"href":"https:\/\/sites.bu.edu\/ealab\/wp-json\/wp\/v2\/media?parent=1485"}],"curies":[{"name":"wp","href":"https:\/\/api.w.org\/{rel}","templated":true}]}}