{"id":21,"date":"2021-01-11T20:49:47","date_gmt":"2021-01-12T01:49:47","guid":{"rendered":"https:\/\/sites.bu.edu\/denisonlab\/?page_id=21"},"modified":"2025-09-14T10:06:30","modified_gmt":"2025-09-14T14:06:30","slug":"people","status":"publish","type":"page","link":"https:\/\/sites.bu.edu\/denisonlab\/people\/","title":{"rendered":"People"},"content":{"rendered":"<div class=\"contentbox\">\n<div class=\"column sizepeopleimg\"><img src=\"\/denisonlab\/files\/2021\/01\/Rachel.jpg\" alt=\"Rachel Denison\" class=\"peopleimg\" \/><\/div>\n<div class=\"column sizepeopletext\">\n<h4>Rachel Denison, Ph.D.<\/h4>\n<p>Assistant Professor of Psychological &amp; Brain Sciences<br \/>\nLab Director<br \/>\n<a href=\"https:\/\/scholar.google.com\/citations?user=_IE9C_EAAAAJ&amp;hl=en\" target=\"_blank\" rel=\"noopener noreferrer\">Google Scholar<\/a><br \/>\n<a href=\"mailto:rdenison@bu.edu\">rdenison@bu.edu<\/a><\/p>\n<\/div>\n<\/div>\n<div class=\"contentbox\">\n<div class=\"column sizepeopleimg\"><img src=\"\/denisonlab\/files\/2023\/01\/Angus.jpg\" alt=\"Angus Chapman\" class=\"peopleimg\" \/><\/div>\n<div class=\"column sizepeopletext\">\n<h4>Angus Chapman, Ph.D.<\/h4>\n<p>Postdoctoral Associate<br \/>\n<a href=\"https:\/\/afchapman.github.io\/\" target=\"_blank\" rel=\"noopener noreferrer\">Website<\/a> | <a href=\"https:\/\/scholar.google.com\/citations?user=GjpdpusAAAAJ&amp;hl=en\" target=\"_blank\" rel=\"noopener noreferrer\">Google Scholar<\/a><br \/>\n<a href=\"mailto:angusc@bu.edu\">angusc@bu.edu<\/a><\/p>\n<\/div>\n<\/div>\n<div class=\"contentbox\">\n<div class=\"column sizepeopleimg\"><img src=\"\/denisonlab\/files\/2024\/08\/IMG_4108.jpg\" alt=\"Jeff Nestor\" class=\"peopleimg\" \/><\/div>\n<div class=\"column sizepeopletext\">\n<h4>Jeff Nestor<\/h4>\n<p>Doctoral Student<br \/>\n<a href=\"mailto:jnestor@bu.edu\">jnestor@bu.edu<\/a><\/p>\n<\/div>\n<\/div>\n<div class=\"contentbox\">\n<div class=\"column sizepeopleimg\"><img src=\"\/denisonlab\/files\/2021\/01\/Karen.jpg\" alt=\"Karen Tian\" class=\"peopleimg\" \/><\/div>\n<div class=\"column sizepeopletext\">\n<h4>Karen Tian<\/h4>\n<p>Doctoral Student<br \/>\n<a href=\"http:\/\/www.karentian.com\" target=\"_blank\" rel=\"noopener noreferrer\">Website<\/a> | <a href=\"https:\/\/scholar.google.com\/citations?hl=en&amp;view_op=list_works&amp;gmla=AJsN-F6DQxVCfizP467WXG3KslWrb5FcDwB_hZUhgRRzq10QTz0OxjRSeJvxdNUhtqjizYFQQtW1dWKclrd4Wp8_JTRIga5_xPI30JZA4UwJibobXa3HueQ&amp;user=sPWp2NcAAAAJ\" target=\"_blank\" rel=\"noopener noreferrer\">Google Scholar<\/a><br \/>\n<a href=\"mailto:ktian@bu.edu\">ktian@bu.edu<\/a><\/p>\n<\/div>\n<\/div>\n<div class=\"contentbox\">\n<div class=\"column sizepeopleimg\"><img src=\"\/denisonlab\/files\/2021\/03\/Juneau.jpg\" alt=\"Juneau Wang\" class=\"peopleimg\" \/><\/div>\n<div class=\"column sizepeopletext\">\n<h4>Juneau Wang<\/h4>\n<p>Doctoral Student<br \/>\n<a href=\"https:\/\/www.juneauwang.com\/\" target=\"_blank\" rel=\"noopener noreferrer\">Website<\/a><br \/>\n<a href=\"mailto:juneauw@bu.edu\">juneauw@bu.edu<\/a><\/p>\n<\/div>\n<\/div>\n<div class=\"contentbox\">\n<div class=\"column sizepeopleimg\"><img src=\"\/denisonlab\/files\/2021\/01\/Jiating.jpg\" alt=\"Jiating Zhu\" class=\"peopleimg\" \/><\/div>\n<div class=\"column sizepeopletext\">\n<h4>Jiating Zhu<\/h4>\n<p>Doctoral Student<br \/>\n<a href=\"https:\/\/sophiezhu.netlify.app\/\" target=\"_blank\" rel=\"noopener noreferrer\">Website<\/a> | <a href=\"https:\/\/scholar.google.com\/citations?user=LHpRnSAAAAAJ&amp;hl=\" target=\"_blank\" rel=\"noopener noreferrer\">Google Scholar<\/a><br \/>\n<a href=\"mailto:jtszhu@bu.edu\">jtszhu@bu.edu<\/a><\/p>\n<\/div>\n<\/div>\n<div class=\"contentbox\">\n<div class=\"column sizepeopleimg\"><img src=\"\/denisonlab\/files\/2024\/09\/rsz_1rsz_13em-gamboa-photo_-_diana_marie_gamboa-3.png\" alt=\"Diana Marie \"Em\" Gamboa\" class=\"peopleimg\" \/><\/div>\n<div class=\"column sizepeopletext\">\n<h4>Diana Marie &#8220;Em&#8221; Gamboa <\/h4>\n<p>Undergraduate Research Assistant<br \/>\n<a href=\"mailto:dianamng@bu.edu\">dianamng@bu.edu<\/a><\/p>\n<\/div>\n<\/div>\n<div class=\"contentbox\">\n<div class=\"column sizepeopleimg\"><img src=\"\/denisonlab\/files\/2024\/09\/A14D702F-1354-48DA-B1C6-3D8ED30C0F36_1_201_a-2.jpeg\" alt=\"Muskan Kumar\" class=\"peopleimg\" \/><\/div>\n<div class=\"column sizepeopletext\">\n<h4>Muskan Kumar<\/h4>\n<p>Undergraduate Research Assistant<br \/>\n<a href=\"mailto:mkumar26@bu.edu\">mkumar26@bu.edu<\/a><\/p>\n<\/div>\n<\/div>\n<div class=\"contentbox\">\n<div class=\"column sizepeopleimg\"><img src=\"\/denisonlab\/files\/2024\/09\/rsz_7img_3922_-_kashai_minott.jpg\" alt=\"Kashai Minott\" class=\"peopleimg\" \/><\/div>\n<div class=\"column sizepeopletext\">\n<h4>Kashai Minott<\/h4>\n<p>Undergraduate Research Assistant<br \/>\n<a href=\"mailto:kashaim@bu.edu\">kashaim@bu.edu<\/a><\/p>\n<\/div>\n<\/div>\n<div class=\"contentbox\">\n<div class=\"column sizepeopleimg\"><img src=\"\/denisonlab\/files\/2024\/09\/IMG_9337-3.jpg\" alt=\"Corina Porada\" class=\"peopleimg\" \/><\/div>\n<div class=\"column sizepeopletext\">\n<h4>Corina Porada<\/h4>\n<p>Undergraduate Research Assistant<br \/>\n<a href=\"mailto:kashaim@bu.edu\">cporada@bu.edu<\/a><\/p>\n<\/div>\n<\/div>\n<div class=\"contentbox\">\n<\/div>\n<div class=\"contentbox\">\n<\/div>\n<h2>Lab Alumni<\/h2>\n<div class=\"contentbox\">\n<div class=\"column sizepeopleimg\"><img src=\"\/denisonlab\/files\/2021\/01\/Michael.jpg\" alt=\"Michael Epstein\" class=\"peopleimg\" \/><\/div>\n<div class=\"column sizepeopletext\">\n<h4>Michael Epstein, Ph.D.<\/h4>\n<p>Postdoctoral Associate<br \/>\n<a href=\"https:\/\/sites.google.com\/view\/michaellewisepstein\/\" target=\"_blank\" rel=\"noopener noreferrer\">Website<\/a> | <a href=\"https:\/\/scholar.google.com\/citations?user=dbPtu3sAAAAJ&amp;hl=en\" target=\"_blank\" rel=\"noopener noreferrer\">Google Scholar<\/a><br \/>\nNext position: Staff Research Scientist at the Center for Brain Imaging, New York University<\/p>\n<\/div>\n<\/div>\n<div class=\"contentbox\">\n<div class=\"column sizepeopleimg\"><img src=\"\/denisonlab\/files\/2023\/10\/Melissa.png\" alt=\"Melissa Allouche\" class=\"peopleimg\" \/><\/div>\n<div class=\"column sizepeopletext\">\n<h4>Melissa Allouche<\/h4>\n<p>Master&#8217;s Student<br \/>\nNext position: PhD student at \u00c9cole Polytechnique F\u00e9d\u00e9rale de Lausanne<\/p>\n<\/div>\n<\/div>\n<div class=\"contentbox\">\n<div class=\"column sizepeopleimg\"><img src=\"\/denisonlab\/files\/2024\/01\/Raina.png\" alt=\"Raina Sheldon\" class=\"peopleimg\" \/><\/div>\n<div class=\"column sizepeopletext\">\n<h4>Raina Sheldon<\/h4>\n<p>Master&#8217;s Student<\/p>\n<\/div>\n<\/div>\n<div class=\"contentbox\">\n<div class=\"column sizepeopleimg\"><img src=\"\/denisonlab\/files\/2021\/10\/Jennifer.jpg\" alt=\"Jennifer Motzer\" class=\"peopleimg\" \/><\/div>\n<div class=\"column sizepeopletext\">\n<h4>Jenny Motzer<\/h4>\n<p>Research Associate, Undergraduate Research Assistant<br \/>\nNext position: Medical student at Cooper Medical School of Rowan University<\/p>\n<\/div>\n<\/div>\n<div class=\"contentbox\">\n<div class=\"column sizepeopleimg\"><img src=\"\/denisonlab\/files\/2022\/10\/Emily.jpg\" alt=\"Emily Russell\" class=\"peopleimg\" \/><\/div>\n<div class=\"column sizepeopletext\">\n<h4>Emily Russell<\/h4>\n<p>Research Associate<br \/>\nNext position: Teacher at Fusion Academy<\/p>\n<\/div>\n<\/div>\n<div class=\"contentbox\">\n<div class=\"column sizepeopleimg\"><img src=\"\/denisonlab\/files\/2022\/10\/Sophie.jpg\" alt=\"Sophie Kovacevich\" class=\"peopleimg\" \/><\/div>\n<div class=\"column sizepeopletext\">\n<h4>Sophie Kovacevich<\/h4>\n<p>Undergraduate Research Assistant<br \/>\nNext position: Post-Baccalaureate student in Psychology, University of California, Irvine<\/p>\n<\/div>\n<\/div>\n<div class=\"contentbox\">\n<div class=\"column sizepeopleimg\"><img src=\"\/denisonlab\/files\/2021\/08\/Meghan.jpg\" alt=\"Meghan Walsh\" class=\"peopleimg\" \/><\/div>\n<div class=\"column sizepeopletext\">\n<h4>Meghan Walsh<\/h4>\n<p>Undergraduate Research Assistant<br \/>\nNext position: Clinical Research Assistant at Boston Children&#8217;s Hospital, Neurology Department<\/p>\n<\/div>\n<\/div>\n","protected":false},"excerpt":{"rendered":"<p>Rachel Denison, Ph.D. Assistant Professor of Psychological &amp; Brain Sciences Lab Director Google Scholar rdenison@bu.edu Angus Chapman, Ph.D. Postdoctoral Associate Website | Google Scholar angusc@bu.edu Jeff Nestor Doctoral Student jnestor@bu.edu Karen Tian Doctoral Student Website | Google Scholar ktian@bu.edu Juneau Wang Doctoral Student Website juneauw@bu.edu Jiating Zhu Doctoral Student Website | Google Scholar jtszhu@bu.edu Diana [&hellip;]<\/p>\n","protected":false},"author":18219,"featured_media":0,"parent":0,"menu_order":4,"comment_status":"closed","ping_status":"closed","template":"page-templates\/no-sidebars.php","meta":[],"_links":{"self":[{"href":"https:\/\/sites.bu.edu\/denisonlab\/wp-json\/wp\/v2\/pages\/21"}],"collection":[{"href":"https:\/\/sites.bu.edu\/denisonlab\/wp-json\/wp\/v2\/pages"}],"about":[{"href":"https:\/\/sites.bu.edu\/denisonlab\/wp-json\/wp\/v2\/types\/page"}],"author":[{"embeddable":true,"href":"https:\/\/sites.bu.edu\/denisonlab\/wp-json\/wp\/v2\/users\/18219"}],"replies":[{"embeddable":true,"href":"https:\/\/sites.bu.edu\/denisonlab\/wp-json\/wp\/v2\/comments?post=21"}],"version-history":[{"count":50,"href":"https:\/\/sites.bu.edu\/denisonlab\/wp-json\/wp\/v2\/pages\/21\/revisions"}],"predecessor-version":[{"id":1663,"href":"https:\/\/sites.bu.edu\/denisonlab\/wp-json\/wp\/v2\/pages\/21\/revisions\/1663"}],"wp:attachment":[{"href":"https:\/\/sites.bu.edu\/denisonlab\/wp-json\/wp\/v2\/media?parent=21"}],"curies":[{"name":"wp","href":"https:\/\/api.w.org\/{rel}","templated":true}]}}