{"id":124,"date":"2022-09-20T12:09:43","date_gmt":"2022-09-20T16:09:43","guid":{"rendered":"https:\/\/sites.bu.edu\/crespolab\/?page_id=124"},"modified":"2024-07-02T17:46:27","modified_gmt":"2024-07-02T21:46:27","slug":"124-2","status":"publish","type":"page","link":"https:\/\/sites.bu.edu\/crespolab\/124-2\/","title":{"rendered":"Participe"},"content":{"rendered":"<p><img loading=\"lazy\" src=\"\/crespolab\/files\/2022\/10\/Screen-Shot-2022-10-05-at-11.02.53-PM-636x236.png\" alt=\"\" width=\"636\" height=\"236\" class=\"size-medium wp-image-351 aligncenter\" srcset=\"https:\/\/sites.bu.edu\/crespolab\/files\/2022\/10\/Screen-Shot-2022-10-05-at-11.02.53-PM-636x236.png 636w, https:\/\/sites.bu.edu\/crespolab\/files\/2022\/10\/Screen-Shot-2022-10-05-at-11.02.53-PM-1024x381.png 1024w, https:\/\/sites.bu.edu\/crespolab\/files\/2022\/10\/Screen-Shot-2022-10-05-at-11.02.53-PM-768x285.png 768w, https:\/\/sites.bu.edu\/crespolab\/files\/2022\/10\/Screen-Shot-2022-10-05-at-11.02.53-PM-1536x571.png 1536w, https:\/\/sites.bu.edu\/crespolab\/files\/2022\/10\/Screen-Shot-2022-10-05-at-11.02.53-PM.png 1722w\" sizes=\"(max-width: 636px) 100vw, 636px\" \/><\/p>\n<p style=\"font-weight: 400;\"><span>En este momento estamos invitando <strong>a ni\u00f1os monoling\u00fces y biling\u00fces que hablen ingl\u00e9s y que tengan entre 5 a 9 a\u00f1os de edad<\/strong> para un estudio de investigaci\u00f3n que examina c\u00f3mo los ni\u00f1os aprenden y recuerdan palabras. Espec\u00edficamente, estamos interesados \u200b\u200ben aprender sobre como las diferencias en las propiedades perceptivas de los objetos (ej., taza grande, taza azul) y la variabilidad de m\u00faltiples interlocutores (ej., mam\u00e1 y pap\u00e1 dicen \u201ctaza\u201d) impactan la capacidad de los ni\u00f1os para aprender y recordar palabras nuevas a largo plazo.<\/span><\/p>\n<h4 style=\"font-weight: 400;\"><em><strong>\u00bfC\u00f3mo puedo participar?<\/strong><\/em><\/h4>\n<p style=\"font-weight: 400;\"><span>Puede participar en nuestro estudio sobre el aprendizaje de palabras en persona en la <span style=\"color: #ff0000;\"><strong>Universidad de Boston<\/strong><\/span> o <strong>remotamente a trav\u00e9s de <span style=\"color: #3366ff;\">Zoom<\/span><\/strong>. Los participantes deber\u00e1n tener acceso a una computadora\/laptop\/tablet<\/span><span>, un teclado f\u00edsico, una conexi\u00f3n de internet estable, y un espacio de trabajo relativamente tranquilo.\u00a0<\/span><\/p>\n<p>Env\u00edenos un correo electr\u00f3nico a <strong style=\"font-weight: 400;\">cresplab@bu.edu<\/strong>,\u00a0ll\u00e1menos al <strong>(617) 358-0790<\/strong>, o complete este formulario\u00a0<a href=\"https:\/\/sites.bu.edu\/crespolab\/contact-us-2\/contact-us\/\">aqu\u00ed<\/a> para obtener m\u00e1s informaci\u00f3n o programar una cita.<\/p>\n<h4 style=\"font-weight: 400;\"><em><strong>\u00bfQu\u00e9 puedo esperar del estudio de investigaci\u00f3n?<\/strong><\/em><\/h4>\n<p style=\"font-weight: 400;\"><span>Los padres tendr\u00e1n que completar un formulario de consentimiento antes de la sesi\u00f3n, y adem\u00e1s completar\u00e1n cuestionarios sobre el desarrollo y las experiencias ling\u00fc\u00edsticas de la familia.<\/span><\/p>\n<p style=\"font-weight: 400;\"><span>Los ni\u00f1os trabajar\u00e1n con un asistente de investigaci\u00f3n entre 2 y 3 sesiones<\/span><span>. En estas sesiones se les administrar\u00e1n pruebas estandarizadas y juegos de lenguaje y pensamiento. Estas pruebas y juegos estandarizados nos permiten evaluar las habilidades de comprensi\u00f3n y expresi\u00f3n oral en ingl\u00e9s de los ni\u00f1os. Si su hijo es biling\u00fce, tambi\u00e9n evaluaremos las habilidades ling\u00fc\u00edsticas en espa\u00f1ol<\/span><span>. En algunos estudios, tambi\u00e9n medimos las habilidades de funci\u00f3n ejecutiva de los ni\u00f1os, como la atenci\u00f3n y la memoria.<\/span><\/p>\n<p style=\"font-weight: 400;\"><span>Todas nuestras tareas se presentan a los ni\u00f1os como &#8220;<strong>juegos<\/strong>&#8221; breves. \u00a1As\u00ed es como involucramos a los ni\u00f1os en nuestra investigaci\u00f3n de una manera divertida!<\/span><\/p>\n<h4 style=\"font-weight: 400;\"><em><strong>\u00bfCu\u00e1nto dura nuestro estudio de investigaci\u00f3n?<\/strong><\/em><\/h4>\n<p style=\"font-weight: 400;\"><span><strong>La participaci\u00f3n requiere al menos dos sesiones de 1 hora.<\/strong> Podemos programar m\u00e1s sesiones para los ni\u00f1os que necesiten m\u00e1s tiempo para completar nuestras tareas. \u00a1Para citas en persona, ofrecemos una sala de espera familiar con juguetes y pel\u00edculas!<\/span><\/p>\n<p style=\"font-weight: 400;\"><strong>Las sesiones se programan en el momento m\u00e1s conveniente para las familias. \u00a1Ofrecemos disponibilidad entre semana y fines de semana!<\/strong><\/p>\n<h4 style=\"font-weight: 400;\"><em><strong>\u00bfQu\u00e9 puedo conseguir al participar en el estudio de investigaci\u00f3n?<\/strong><\/em><\/h4>\n<p style=\"font-weight: 400;\"><span>Las familias reciben una <strong>tarjeta de regalo de $20 por cada sesi\u00f3n<\/strong> que completen con nosotros. Las tarjetas de regalo incluyen <strong><span style=\"color: #ff9900;\">Amazon<\/span>, <span style=\"color: #ff0000;\">Target<\/span>, or <span style=\"color: #3366ff;\">Walmart.<\/span><\/strong> Adem\u00e1s, para los ni\u00f1os que participan en persona reciben un juguete peque\u00f1o o un libro.<\/span><span>\u00a0<\/span><\/p>\n<p style=\"font-weight: 400;\"><span>Los padres reciben un breve <strong>reporte<\/strong> que resume las habilidades ling\u00fc\u00edsticas de sus hijos y reciben informaci\u00f3n sobre recursos para ni\u00f1os con habilidades ling\u00fc\u00edsticas m\u00e1s d\u00e9biles. <\/span><\/p>\n<p style=\"font-weight: 400;\"><span>Los padres tambi\u00e9n pueden consultar con la Dra. Crespo, una pat\u00f3loga del habla y lenguaje biling\u00fce, sobre las inquietudes que puedan tener sobre las habilidades ling\u00fc\u00edsticas de sus hijos.<\/span><\/p>\n<h4 style=\"font-weight: 400;\"><em><strong>\u00bfD\u00f3nde est\u00e1 ubicado nuestro laboratorio?<\/strong><\/em><\/h4>\n<p style=\"font-weight: 400;\"><span>Nuestro laboratorio est\u00e1 ubicado en:\u00a0<\/span><\/p>\n<div><span>Boston University<\/span><span><br aria-hidden=\"true\" \/><\/span><\/div>\n<div><span>Sargent College of Health &amp; Rehabilitation Sciences<\/span><\/div>\n<div><span>635 Commonwealth Ave, Boston, \u00a0MA, 02215<\/span><\/div>\n<div><\/div>\n<p abp=\"2257\"><iframe style=\"border: 0px solid #fff; margin: 0; padding: 0; width: 100%; height: 500px;\" src=\"https:\/\/maps.bu.edu\/?id=647#!m\/287918?ce\/29708\" frameborder=\"0\" scrolling=\"no\" border=\"0\"><span data-mce-type=\"bookmark\" style=\"display: inline-block; width: 0px; overflow: hidden; line-height: 0;\" class=\"mce_SELRES_start\">\ufeff<\/span><\/iframe><\/p>\n<p>&nbsp;<\/p>\n<h3 data-placeholder=\"Translation\" id=\"tw-target-text\" dir=\"ltr\" style=\"text-align: center;\"><span lang=\"es\">\u00bfEst\u00e1s interesado en participar o quieres m\u00e1s informaci\u00f3n?<\/span><\/h3>\n<table width=\"755\" height=\"80\" class=\" aligncenter\">\n<tbody>\n<tr>\n<td><img loading=\"lazy\" src=\"\/crespolab\/files\/2022\/09\/image-4-e1663725757133.png\" alt=\"\" width=\"52\" height=\"50\" class=\"wp-image-187 aligncenter\" \/><\/td>\n<td>\n<p data-placeholder=\"Translation\" id=\"tw-target-text\" dir=\"ltr\"><span lang=\"es\">Env\u00edenos un correo electr\u00f3nico a\u00a0<\/span><strong>cresplab@bu.edu<\/strong><\/p>\n<\/td>\n<td><img loading=\"lazy\" src=\"\/crespolab\/files\/2022\/09\/image-5-e1663725865497.jpeg\" alt=\"\" width=\"37\" height=\"69\" class=\"aligncenter\" \/><\/td>\n<td>\n<p class=\"tw-data-text tw-text-large tw-ta\" data-placeholder=\"Translation\" id=\"tw-target-text\" dir=\"ltr\"><span class=\"Y2IQFc\" lang=\"es\">Llamenos al <strong>(617) 358-0790<\/strong><\/span><\/p>\n<\/td>\n<\/tr>\n<\/tbody>\n<\/table>\n<p data-placeholder=\"Translation\" id=\"tw-target-text\" dir=\"ltr\" style=\"text-align: center;\"><strong><span lang=\"es\">O complete un <a href=\"https:\/\/sites.bu.edu\/crespolab\/contact-us-2\/contact-us\/\">formulario de inter\u00e9s<\/a>, y nos pondremos en contacto con usted!<\/span><\/strong><\/p>\n<p style=\"text-align: center;\">\n","protected":false},"excerpt":{"rendered":"<p>En este momento estamos invitando a ni\u00f1os monoling\u00fces y biling\u00fces que hablen ingl\u00e9s y que tengan entre 5 a 9 a\u00f1os de edad para un estudio de investigaci\u00f3n que examina c\u00f3mo los ni\u00f1os aprenden y recuerdan palabras. Espec\u00edficamente, estamos interesados \u200b\u200ben aprender sobre como las diferencias en las propiedades perceptivas de los objetos (ej., taza [&hellip;]<\/p>\n","protected":false},"author":21183,"featured_media":0,"parent":0,"menu_order":18,"comment_status":"closed","ping_status":"closed","template":"","meta":[],"_links":{"self":[{"href":"https:\/\/sites.bu.edu\/crespolab\/wp-json\/wp\/v2\/pages\/124"}],"collection":[{"href":"https:\/\/sites.bu.edu\/crespolab\/wp-json\/wp\/v2\/pages"}],"about":[{"href":"https:\/\/sites.bu.edu\/crespolab\/wp-json\/wp\/v2\/types\/page"}],"author":[{"embeddable":true,"href":"https:\/\/sites.bu.edu\/crespolab\/wp-json\/wp\/v2\/users\/21183"}],"replies":[{"embeddable":true,"href":"https:\/\/sites.bu.edu\/crespolab\/wp-json\/wp\/v2\/comments?post=124"}],"version-history":[{"count":23,"href":"https:\/\/sites.bu.edu\/crespolab\/wp-json\/wp\/v2\/pages\/124\/revisions"}],"predecessor-version":[{"id":795,"href":"https:\/\/sites.bu.edu\/crespolab\/wp-json\/wp\/v2\/pages\/124\/revisions\/795"}],"wp:attachment":[{"href":"https:\/\/sites.bu.edu\/crespolab\/wp-json\/wp\/v2\/media?parent=124"}],"curies":[{"name":"wp","href":"https:\/\/api.w.org\/{rel}","templated":true}]}}