{"id":114,"date":"2022-09-20T11:40:03","date_gmt":"2022-09-20T15:40:03","guid":{"rendered":"https:\/\/sites.bu.edu\/crespolab\/?page_id=114"},"modified":"2025-07-23T12:39:40","modified_gmt":"2025-07-23T16:39:40","slug":"en-espanol","status":"publish","type":"page","link":"https:\/\/sites.bu.edu\/crespolab\/en-espanol\/","title":{"rendered":""},"content":{"rendered":"<p>&nbsp;<\/p>\n<h3><img loading=\"lazy\" src=\"\/crespolab\/files\/2023\/10\/website-logo-1024x343.png\" alt=\"\" width=\"719\" height=\"241\" class=\" wp-image-635 aligncenter\" srcset=\"https:\/\/sites.bu.edu\/crespolab\/files\/2023\/10\/website-logo-1024x343.png 1024w, https:\/\/sites.bu.edu\/crespolab\/files\/2023\/10\/website-logo-636x213.png 636w, https:\/\/sites.bu.edu\/crespolab\/files\/2023\/10\/website-logo-768x257.png 768w, https:\/\/sites.bu.edu\/crespolab\/files\/2023\/10\/website-logo-810x270.png 810w, https:\/\/sites.bu.edu\/crespolab\/files\/2023\/10\/website-logo.png 1453w\" sizes=\"(max-width: 719px) 100vw, 719px\" \/><\/h3>\n<h3 style=\"font-weight: 400;\"><strong>\u00a1Bienvenidos!<\/strong><\/h3>\n<p style=\"font-weight: 400;\">El Bilingual Learning Lab (Laboratorio de Aprendizaje Biling\u00fce) es parte del <a href=\"https:\/\/www.bu.edu\/sargent\/academics\/departments-programs\/speech-language-hearing-sciences\/\">Departamento de Ciencias del Habla, el Lenguaje y la Audici\u00f3n de la Universidad de Boston.<span style=\"color: #000000;\"> <\/span><\/a>La directora del laboratorio es <a href=\"https:\/\/www.bu.edu\/sargent\/profile\/kimberly-crespo-phd-ccc-slp\/\">Kimberly Crespo, PhD, CCC-SLP<\/a>.<\/p>\n<p style=\"font-weight: 400;\">Por medio de nuestros estudios de investigaci\u00f3n, queremos comprender c\u00f3mo las diferencias individuales en la experiencia biling\u00fce, la capacidad ling\u00fc\u00edstica y las habilidades cognitivas interact\u00faan para que los ni\u00f1os puedan aprender y desarrollar sus idiomas.<\/p>\n<p style=\"font-weight: 400;\"><strong>Ejemplos de preguntas que estamos investigando:<\/strong><\/p>\n<ul style=\"font-weight: 400;\">\n<li>\u00bfC\u00f3mo es que los ni\u00f1os\u00a0y los adultos aprenden los patrones en sus idiomas?<\/li>\n<li>\u00bfC\u00f3mo aprenden y organizan los significados de las palabras en monoling\u00fces y biling\u00fces?<\/li>\n<li>\u00bfC\u00f3mo las habilidades de memoria y atenci\u00f3n apoyan el aprendizaje de los idiomas?<\/li>\n<li>\u00bfDe qu\u00e9 manera podemos estructurar la terapia leguaje para facilitar el aprendizaje en ni\u00f1os con trastornos del lenguaje?<\/li>\n<\/ul>\n<p style=\"font-weight: 400;\"><strong>Nuestros objetivos son:<\/strong><\/p>\n<ul style=\"font-weight: 400;\">\n<li>Comprender mejor los mecanismos que promueven el aprendizaje de los idiomas<\/li>\n<li>Desarrollar modelos m\u00e1s inclusivos de lenguaje y desarrollo cognitivo<\/li>\n<li>Mejorar las estrategias educativas y los resultados cl\u00ednicos de los ni\u00f1os biling\u00fces con trastornos del lenguaje<\/li>\n<\/ul>\n<h5><span style=\"color: #3366ff;\"><a href=\"https:\/\/sites.bu.edu\/crespolab\/contact-us-2\/contact-us\/\" style=\"color: #3366ff;\"><strong>\u00bfInteresado\/a en aprender m\u00e1s sobre nuestros estudios? \u00bfQuiere participar? \u00a1Rellene este formulario y nos pondremos en contacto con usted!<\/strong><\/a><\/span><\/h5>\n<p style=\"font-weight: 400;\">\u00bfQuiere contribuir a nuestro trabajo? Puede hacerlo participando en uno de nuestros estudios o como voluntario en el laboratorio. Cont\u00e1ctenos a <a href=\"mailto:cresplab@bu.edu\">cresplab@bu.edu<\/a>\u00a0para obtener m\u00e1s informaci\u00f3n.<\/p>\n","protected":false},"excerpt":{"rendered":"<p>&nbsp; \u00a1Bienvenidos! El Bilingual Learning Lab (Laboratorio de Aprendizaje Biling\u00fce) es parte del Departamento de Ciencias del Habla, el Lenguaje y la Audici\u00f3n de la Universidad de Boston. La directora del laboratorio es Kimberly Crespo, PhD, CCC-SLP. Por medio de nuestros estudios de investigaci\u00f3n, queremos comprender c\u00f3mo las diferencias individuales en la experiencia biling\u00fce, la [&hellip;]<\/p>\n","protected":false},"author":21183,"featured_media":0,"parent":0,"menu_order":16,"comment_status":"closed","ping_status":"closed","template":"","meta":[],"_links":{"self":[{"href":"https:\/\/sites.bu.edu\/crespolab\/wp-json\/wp\/v2\/pages\/114"}],"collection":[{"href":"https:\/\/sites.bu.edu\/crespolab\/wp-json\/wp\/v2\/pages"}],"about":[{"href":"https:\/\/sites.bu.edu\/crespolab\/wp-json\/wp\/v2\/types\/page"}],"author":[{"embeddable":true,"href":"https:\/\/sites.bu.edu\/crespolab\/wp-json\/wp\/v2\/users\/21183"}],"replies":[{"embeddable":true,"href":"https:\/\/sites.bu.edu\/crespolab\/wp-json\/wp\/v2\/comments?post=114"}],"version-history":[{"count":19,"href":"https:\/\/sites.bu.edu\/crespolab\/wp-json\/wp\/v2\/pages\/114\/revisions"}],"predecessor-version":[{"id":1346,"href":"https:\/\/sites.bu.edu\/crespolab\/wp-json\/wp\/v2\/pages\/114\/revisions\/1346"}],"wp:attachment":[{"href":"https:\/\/sites.bu.edu\/crespolab\/wp-json\/wp\/v2\/media?parent=114"}],"curies":[{"name":"wp","href":"https:\/\/api.w.org\/{rel}","templated":true}]}}