{"id":121,"date":"2024-03-04T09:48:25","date_gmt":"2024-03-04T14:48:25","guid":{"rendered":"https:\/\/sites.bu.edu\/cheng\/?page_id=121"},"modified":"2024-03-05T13:55:07","modified_gmt":"2024-03-05T18:55:07","slug":"software","status":"publish","type":"page","link":"https:\/\/sites.bu.edu\/cheng\/software\/","title":{"rendered":"Software"},"content":{"rendered":"<p>We are developing tools for biomedical imaging including microscopy as well as human brain measurements. If you have a particular research question regarding wave propagation or light scattering in biological tissue, you are welcome to discuss it with us! Contact: xcheng17@bu.edu<\/p>\n<p><strong>Dynamic speckle model:<\/strong><\/p>\n<p>A fast way to compute speckle pattern evolution. It is useful for speckle-based techniques such as laser speckle contrast imaging (LSCI) and speckle contrast optical spectroscopy (SCOS).<\/p>\n<p><a href=\"https:\/\/github.com\/BUNPC\/DynamicSpeckleModel\">https:\/\/github.com\/BUNPC\/DynamicSpeckleModel<\/a><\/p>\n<p>Cite paper: <span>Zilpelwar S, Sie EJ, Postnov D, Chen AI, Zimmermann B, Marsili F, Boas DA, Cheng X. Model of dynamic speckle evolution for evaluating laser speckle contrast measurements of tissue dynamics. Biomedical Optics Express. 2022 Dec 1;13(12):6533-49.<\/span><\/p>\n<p>&nbsp;<\/p>\n<p><strong>Beam propagation model:<\/strong><\/p>\n<p><span>Our model based on the beam propagation method calculates the wave propagation in the scattering medium.\u00a0<\/span><\/p>\n<p><a href=\"https:\/\/github.com\/BUNPC\/Beam-Propagation-Method\">https:\/\/github.com\/BUNPC\/Beam-Propagation-Method<\/a><\/p>\n<p>Cite paper: <span>Cheng X, Li Y, Mertz J, Sakad\u017ei\u0107 S, Devor A, Boas DA, Tian L. Development of a beam propagation method to simulate the point spread function degradation in scattering media. Optics letters. 2019 Oct 15;44(20):4989-92.<\/span><\/p>\n<p>&nbsp;<\/p>\n<p><strong>Monte Carlo wave model:<\/strong><\/p>\n<p>It combines Monte Carlo simulation (photon picture) with wave propagation that calculates the traditional and time-domain DCS signals from first principles.<\/p>\n<p><a href=\"https:\/\/github.com\/BUNPC\/MonteCarloWaveModel\">https:\/\/github.com\/BUNPC\/MonteCarloWaveModel<\/a><\/p>\n<p>Cite paper: <span>Cheng X, Chen H, Sie EJ, Marsili F, Boas DA. Development of a Monte Carlo-wave model to simulate time-domain diffuse correlation spectroscopy measurements from first principles. Journal of Biomedical Optics. 2022 Aug 1;27(8):083009-.<\/span><\/p>\n<p>&nbsp;<\/p>\n<p><strong>Vascular Anatomical Network Model:<\/strong><\/p>\n<p><span>The vascular anatomical network (VAN) model computes\u00a0<\/span><em>oxygen distribution<\/em><span>,\u00a0<\/span><em>blood flow distribution<\/em><span>\u00a0and\u00a0<\/span><em>BOLD fMRI signals<\/em><span>\u00a0within mouse microvascular stacks obtained from in-vivo two-photon microscopy.<\/span><\/p>\n<p><a href=\"https:\/\/github.com\/BUNPC\/VAN_modeling\">https:\/\/github.com\/BUNPC\/VAN_modeling<\/a><\/p>\n<p>Cite papers:<\/p>\n<p dir=\"auto\">Cheng, X., Berman, A.J.L.J., Polimeni, J.R., Buxton, R.B., Gagnon, L., Devor, A., Sakad\u017ei\u0107, S., and Boas, D.A., \u201cDependence of the MR signal on the magnetic susceptibility of blood studied with models based on real microvascular networks.,\u201d Magnetic resonance in medicine (2019).<\/p>\n<p dir=\"auto\">Gagnon, L., Sakad\u017ei\u0107, S., Lesage, F., Pouliot, P., Dale, A.M., Devor, A., Buxton, R.B., and Boas, D.A., \u201cValidation and optimization of hypercapnic-calibrated fMRI from oxygen-sensitive two-photon microscopy.,\u201d Philosophical transactions of the Royal Society of London. Series B, Biological sciences 371(1705), 20150359 (2016).<\/p>\n<p dir=\"auto\">Gagnon, L., Sakad\u017ei\u0107, S., Lesage, F., Musacchia, J.J., Lefebvre, J., Fang, Q., Y\u00fccel, M.A., Evans, K.C., Mandeville, E.T., et al., \u201cQuantifying the microvascular origin of BOLD-fMRI from first principles with two-photon microscopy and an oxygen-sensitive nanoprobe.,\u201d The Journal of neuroscience\u202f: the official journal of the Society for Neuroscience 35(8), 3663\u20133675 (2015).<\/p>\n","protected":false},"excerpt":{"rendered":"<p>We are developing tools for biomedical imaging including microscopy as well as human brain measurements. If you have a particular research question regarding wave propagation or light scattering in biological tissue, you are welcome to discuss it with us! Contact: xcheng17@bu.edu Dynamic speckle model: A fast way to compute speckle pattern evolution. It is useful [&hellip;]<\/p>\n","protected":false},"author":14271,"featured_media":0,"parent":0,"menu_order":4,"comment_status":"closed","ping_status":"closed","template":"","meta":[],"_links":{"self":[{"href":"https:\/\/sites.bu.edu\/cheng\/wp-json\/wp\/v2\/pages\/121"}],"collection":[{"href":"https:\/\/sites.bu.edu\/cheng\/wp-json\/wp\/v2\/pages"}],"about":[{"href":"https:\/\/sites.bu.edu\/cheng\/wp-json\/wp\/v2\/types\/page"}],"author":[{"embeddable":true,"href":"https:\/\/sites.bu.edu\/cheng\/wp-json\/wp\/v2\/users\/14271"}],"replies":[{"embeddable":true,"href":"https:\/\/sites.bu.edu\/cheng\/wp-json\/wp\/v2\/comments?post=121"}],"version-history":[{"count":11,"href":"https:\/\/sites.bu.edu\/cheng\/wp-json\/wp\/v2\/pages\/121\/revisions"}],"predecessor-version":[{"id":132,"href":"https:\/\/sites.bu.edu\/cheng\/wp-json\/wp\/v2\/pages\/121\/revisions\/132"}],"wp:attachment":[{"href":"https:\/\/sites.bu.edu\/cheng\/wp-json\/wp\/v2\/media?parent=121"}],"curies":[{"name":"wp","href":"https:\/\/api.w.org\/{rel}","templated":true}]}}