{"id":35,"date":"2021-10-08T14:03:10","date_gmt":"2021-10-08T18:03:10","guid":{"rendered":"https:\/\/sites.bu.edu\/buckdntresearch\/?page_id=35"},"modified":"2023-04-12T10:08:25","modified_gmt":"2023-04-12T14:08:25","slug":"publications","status":"publish","type":"page","link":"https:\/\/sites.bu.edu\/buckdntresearch\/publications\/","title":{"rendered":"Publications"},"content":{"rendered":"<p><strong>PUBLISHED ON 04\/12\/2023<\/strong><\/p>\n<p><span>Petropoulos, Z.E., Keogh, S.A., Jarqu\u00edn, E.\u00a0<\/span><i>et al.<\/i><span>\u00a0<strong>Heat stress and heat strain among outdoor workers in El Salvador and Nicaragua.<\/strong>\u00a0<\/span><i>J Expo Sci Environ Epidemiol<\/i><span>\u00a0(2023). https:\/\/doi.org\/10.1038\/s41370-023-00537-x<\/span><\/p>\n<p>Access the full publication here:\u00a0<a href=\"https:\/\/www.nature.com\/articles\/s41370-023-00537-x#citeas\">Journal of Exposure Science and Environmental Epidemiology<\/a><\/p>\n<p><a href=\"\/buckdntresearch\/files\/2023\/04\/Petropoulos-Z.E.-Keogh-S.A.-Jarqu\u00edn-E.-et-al.-2023-English.pdf\">Click here to read a lay summary of this publication.<\/a><\/p>\n<hr \/>\n<p><strong>PUBLISHED ON 07\/07\/2022<\/strong><\/p>\n<p><span data-contrast=\"none\" xml:lang=\"EN-US\" lang=\"EN-US\" class=\"TextRun SCXW97677174 BCX8\"><span class=\"NormalTextRun SCXW97677174 BCX8\">Keogh, S. A., Leibler, J. H., Sennett Decker, C. M., Amador Vel\u00e1zquez, J. J., Jarquin, E. R., Lopez-Pilarte, D., Garcia-Trabanino, R., Delgado, I. S., Petropoulos, Z. E., Friedman, D. J., Amador S\u00e1nchez, M. R., Guevara, R., McClean, M. D., Brooks, D. R., &amp; Scammell, M. K. (2022). <strong>High prevalence of chronic kidney disease of unknown etiology among workers in the Mesoamerican Nephropathy Occupational Study. <\/strong><\/span><\/span><span data-contrast=\"none\" xml:lang=\"EN-US\" lang=\"EN-US\" class=\"TextRun SCXW97677174 BCX8\"><span class=\"NormalTextRun SCXW97677174 BCX8\">BMC Nephrology<\/span><\/span><span data-contrast=\"none\" xml:lang=\"EN-US\" lang=\"EN-US\" class=\"TextRun SCXW97677174 BCX8\"><span class=\"NormalTextRun SCXW97677174 BCX8\">, <\/span><\/span><span data-contrast=\"none\" xml:lang=\"EN-US\" lang=\"EN-US\" class=\"TextRun SCXW97677174 BCX8\"><span class=\"NormalTextRun SCXW97677174 BCX8\">23<\/span><\/span><span data-contrast=\"none\" xml:lang=\"EN-US\" lang=\"EN-US\" class=\"TextRun SCXW97677174 BCX8\"><span class=\"NormalTextRun SCXW97677174 BCX8\">(1), 238.<\/span><\/span><\/p>\n<p>Access the full publication here: <a href=\"https:\/\/bmcnephrol.biomedcentral.com\/articles\/10.1186\/s12882-022-02861-0\">BMC Nephrology<\/a><\/p>\n<p><a href=\"\/buckdntresearch\/files\/2022\/08\/Lay-Summary-Keogh-S.A.-et-al.-2022.pdf\">Click here to read a lay summary of this publication.<\/a><\/p>\n<hr \/>\n<p><strong>PUBLISHED ON 11\/2020<\/strong><\/p>\n<p>Crowe JL, Joubert BR, Brooks DR, (Eds.). (2020). <strong>Report From the Third International Workshop on Chronic Kidney Diseases of Uncertain\/Non-Traditional Etiology in Mesoamerica and Other Regions.<\/strong> Heredia, Costa Rica: SALTRA.<\/p>\n<p>Read more: <a href=\"https:\/\/www.niehs.nih.gov\/news\/assets\/docs_a_e\/ckdu_report_508.pdf\" target=\"_blank\" rel=\"noopener noreferrer\">National Institute of Environmental Health Sciences<\/a><\/p>\n<hr \/>\n<p><strong>PUBLISHED ON 10\/29\/2020<\/strong><\/p>\n<p>Petropoulos ZE, Laws RL, Amador JJ, L\u00f3pez-Pilarte D, Kaufman JS, Weiner DE, Ramirez-Rubio O, Brooks DR*, McClean MD*, Scammell MK*. (2020). <strong>Kidney Function, Self-Reported Symptoms, and Urine Findings in Nicaraguan Sugarcane Workers.<\/strong> <em>Kidney 360<\/em><em>1<\/em>(10), 1042-1051<\/p>\n<p>Read more: <a href=\"https:\/\/kidney360.asnjournals.org\/content\/1\/10\/1042\" target=\"_blank\" rel=\"noopener noreferrer\">KIDNEY360<\/a><\/p>\n<hr \/>\n<p><strong>PUBLISHED ON 7\/22\/2020<\/strong><\/p>\n<p>Scammell ML, Sennett C, Laws RL, Rubin RL, Brooks DR, Amador JJ, Lopez-Pilarte D, Ramirez-Rubio O, Robles NV, Friedman DJ, McClean MD, Navajo Birth Cohort Study Team, Lewis J, Erdei E. (2020). <strong>Urinary concentrations of metals and biomarkers of autoimmunity among Navajo and Nicaraguan men.<\/strong> <em>International Journal of Environmental Research and Public Health. 17(15):5263<\/em><\/p>\n<p>Read more: <a href=\"https:\/\/pubmed.ncbi.nlm.nih.gov\/32707746\/\" target=\"_blank\" rel=\"noopener noreferrer\">PUBMED<\/a><\/p>\n<hr \/>\n<p><strong>PUBLISHED ONLINE ON 6\/5\/2020<\/strong><\/p>\n<p>Leibler JH, Ramirez-Rubio O, Amador Velazquez JJ, L\u00f3pez Pilarte D, Obeid W, Parikh CR, Gadupudi S, Scammell MK, Friedman DJ, Brooks DR. (2020). <strong>Biomarkers of kidney injury among children in a high-risk region for chronic kidney disease of uncertain etiology.<\/strong> <em>Pediatric Nephrology<\/em>.<\/p>\n<p>Read more: <a href=\"https:\/\/pubmed.ncbi.nlm.nih.gov\/32504218\/\" target=\"_blank\" rel=\"noopener noreferrer\">PUBMED<\/a><\/p>\n<hr \/>\n<p><strong>PUBLISHED ONLINE ON 5\/29\/2020<\/strong><\/p>\n<p>Ferguson R, Leatherman S, Fiore M, Minnings K, Mosco M, Kaufman JS, Kerns E, Amador JJ, Brooks DR, Fiore M, Parekh R, Fiore L. (2020). <strong>Prevalence and risk factors for CKD in the general population of Southwestern Nicaragua.<\/strong> <em>Journal of the American Society of Nephrology.<\/em><\/p>\n<p>Read more: <a href=\"https:\/\/pubmed.ncbi.nlm.nih.gov\/32471819\/\" target=\"_blank\" rel=\"noopener noreferrer\">PUBMED<\/a><\/p>\n<hr \/>\n<p><strong>PUBLISHED ONLINE ON 10\/19\/2019<\/strong><\/p>\n<p>Scammell MK. (2019).<strong> Trust, Conflict, and Engagement in Occupational Health: North American Epidemiologists Conduct Occupational Study in Communities Affected by Chronic Kidney Disease of Unknown Origin (CKDnt)<\/strong>. <em>Current Environmental Health Reports<\/em>.<\/p>\n<p>Read more: <a href=\"https:\/\/www.ncbi.nlm.nih.gov\/pubmed\/31630378\" target=\"_blank\" rel=\"noopener noreferrer\">PUBMED<\/a><\/p>\n<hr \/>\n<p><strong>PUBLISHED ON 8\/22\/2019<\/strong><\/p>\n<p>Sorensen C, Garcia-Trabanino R (2019)\u00a0\u00a0<span><strong>A New Era of Climate Medicine \u2014 Addressing Heat-Triggered Renal Disease.\u00a0<\/strong><em>New England Journal of Medicine.<\/em> 38(8)<\/span><\/p>\n<p>Read more: <a href=\"https:\/\/www.nejm.org\/doi\/full\/10.1056\/NEJMp1907859\" target=\"_blank\" rel=\"noopener noreferrer\">NEW ENGLAND JOURNAL OF MEDICINE<\/a><\/p>\n<hr \/>\n<p><strong>PUBLISHED ON 8\/16\/2019<\/strong><\/p>\n<p>Mendley SR, Levin A, Correa-Rotter R, Joubert B, Whelan E, Curwin B, Koritzinsky E, Gaughan D, Kimmel PL, Anand S, Ord\u00fa\u00f1ez P, Reveiz L, Rohlman DS, Saenz C, Scammell MK, Wright RO, Star RA (2019)<strong>Chronic Kidney Diseases in Agricultural Communities Report from a Workshop.<\/strong> <em>Kidney International.<\/em><\/p>\n<p>Read more: <a href=\"https:\/\/www-sciencedirect-com.ezproxy.bu.edu\/science\/article\/pii\/S0085253819307811\" target=\"_blank\" rel=\"noopener noreferrer\">SCIENCEDIRECT<\/a><\/p>\n<hr \/>\n<p><strong>PUBLISHED ONLINE ON 7\/15\/2019<\/strong><\/p>\n<p>Yih WK, Kulldorff M, Friedman DJ, Leibler JH, Amador JJ, L\u00f3pez-Pilarte D, Galloway RL, Ram\u00edrez-Rubio O, Riefkohl A, Brooks DR (2019). <strong>Investigating Possible Infectious Causes of Chronic Kidney Disease of Unknown Etiology in a Nicaraguan Mining Community.<\/strong> <em>The American Journal of Tropical Medicine and Hygiene<\/em><\/p>\n<p>Read more: <a href=\"https:\/\/www.ncbi.nlm.nih.gov\/pubmed\/?term=Chronic+Kidney+disease+leptospirosis+Yih\" target=\"_blank\" rel=\"noopener noreferrer\">PUBMED<\/a><\/p>\n<hr \/>\n<p><strong>PUBLISHED ON 5\/1\/2019<\/strong><\/p>\n<p>Scammell MK., Sennett CM, Petropoulos ZE, Kamal J, &amp; Kaufman JS (2019). <strong>Environmental and Occupational Exposures in Kidney Disease<\/strong>. <em>Seminars in Nephrology<\/em>, <em>39<\/em>(3), 230\u2013243.<\/p>\n<p>Read more: <a href=\"https:\/\/www.sciencedirect.com\/science\/article\/pii\/S0270929519300075?dgcid=author\" target=\"_blank\" rel=\"noopener noreferrer\">SCIENCEDIRECT<\/a><\/p>\n<hr \/>\n<p><strong>PUBLISHED ON 2\/27\/2019<\/strong><\/p>\n<p>Gallo-Ruiz L, Sennett CM, S\u00e1nchez-Delgado M, Garc\u00eda-Urbina A, G\u00e1mez-Altamirano T, Basra K, Laws\u00a0<span>LL, Amador JJ, Lopez-Pilarte D, Tripodis Y, Brooks DR, McClean MD, Kupferman J, Friedman D, Arag\u00f3n A, Gonz\u00e1lez-Quiroz M, &amp;\u00a0<\/span>Scammell MK (2019). <strong>Prevalence and Risk Factors for CKD Among Brickmaking Workers in La Paz Centro, Nicaragua<\/strong>. <em>American Journal of Kidney Diseases\u202f: The Official Journal of the National Kidney Foundation<\/em>, <em>0<\/em>(0).<\/p>\n<p>Read more: <a href=\"https:\/\/www.ajkd.org\/article\/S0272-6386(19)30097-6\/fulltext\" target=\"_blank\" rel=\"noopener noreferrer\">THE AMERICAN JOURNAL OF KIDNEY DISEASE<\/a><\/p>\n<hr \/>\n<p><strong>PUBLISHED ON 7\/2\/2018<\/strong><\/p>\n<p>Kupferman J, Ram\u00edrez-Rubio O, Amador JJ, L\u00f3pez-Pilarte D, Wilker EH, Laws RL, Sennett C, Robles NV, Lau JL, Salinas AJ, Kaufman JS, Weiner DE, Scammell MK, McClean MD, Brooks DR, &amp; Friedman DJ (2018). <strong>Acute Kidney Injury in Sugarcane Workers at Risk for Mesoamerican Nephropathy<\/strong>. <em>American Journal of Kidney Diseases<\/em>, <em>72<\/em>(4), 475\u2013482.<\/p>\n<p>Read more: <a href=\"https:\/\/www.ncbi.nlm.nih.gov\/pubmed\/30042041\" target=\"_blank\" rel=\"noopener noreferrer\">PUBMED<\/a><\/p>\n<hr \/>\n<p><strong>PUBLISHED ON 11\/6\/2017<\/strong><\/p>\n<p>Scammell MK (2017) <strong>Climate Disease and Kidney Injustice<\/strong>. <span><em>Public Health Post<\/em><\/span>. November 6, 2017. Available at: https:\/\/www.publichealthpost.org\/research\/climate-chronic-kidney-disease<\/p>\n<p>Read more: <a href=\"https:\/\/www.publichealthpost.org\/research\/climate-chronic-kidney-disease\" target=\"_blank\" rel=\"noopener noreferrer\">PUBLIC HEALTH POST<\/a><\/p>\n<hr \/>\n<p><strong>PUBLISHED ON 2\/17\/2017<\/strong><\/p>\n<p>Riefkohl A, Ram\u00edrez-Rubio O, Laws RL, McClean MD, Weiner DE, Kaufman JS, Galloway RL, Shadomy SV, Guerra M, Amador JJ, S\u00e1nchez JM, L\u00f3pez-Pilarte D, Parikh CR, Leibler JH,\u00a0&amp; Brooks DR (2017). <strong><em>Leptospira<\/em> seropositivity as a risk factor for Mesoamerican Nephropathy<\/strong>. <em>International Journal of Occupational and Environmental Health<\/em>, <em>23<\/em>(1), 1\u201310.<\/p>\n<p>Read more: <a href=\"http:\/\/www.tandfonline.com\/doi\/full\/10.1080\/10773525.2016.1275462\" target=\"_blank\" rel=\"noopener noreferrer\">TAYLOR &amp; FRANCIS<\/a><\/p>\n<hr \/>\n<p><strong>PUBLISHED ON 8\/26\/2016<\/strong><\/p>\n<p>Kupferman J, Amador JJ, Lynch KE, Laws RL, L\u00f3pez-Pilarte D, Ram\u00edrez-Rubio O, Kaufman JL, Lau JL, Weiner DE, Robles NV, Verma KP, Scammell MK, McClean MD, Brooks DR, &amp; Friedman DJ (2016). <strong>Characterization of Mesoamerican Nephropathy in a Kidney Failure Hotspot in Nicaragua<\/strong>. <em>American Journal of Kidney Diseases<\/em>, <em>68<\/em>(5), 716\u2013725.<\/p>\n<p>Read more: <a href=\"https:\/\/www.ncbi.nlm.nih.gov\/pubmed\/?term=Characterization+of+Mesoamerican+Nephropathy+in+a+Kidney+Failure+Hotspot+in+Nicaragua\" target=\"_blank\" rel=\"noopener noreferrer\">PUBMED<\/a><\/p>\n<hr \/>\n<p><strong>PUBLISHED ON 8\/2016<\/strong><\/p>\n<p>Scammell MK, &amp; Gonzalez M (2016).<strong> Land, Life, and Security: An Interview with Edgardo Garcia, Secretary General of the Association of Farm Workers in Nicaragua<\/strong>. <em>NEW SOLUTIONS: A Journal of Environmental and Occupational Health Policy<\/em>, <em>26<\/em>(2), 314\u2013325.<\/p>\n<p>Read more: <a href=\"https:\/\/journals.sagepub.com\/doi\/full\/10.1177\/1048291116650973\" target=\"_blank\" rel=\"noopener noreferrer\">NEW SOLUTIONS<\/a><\/p>\n<hr \/>\n<p><strong>PUBLISHED ON 7\/25\/2016<\/strong><\/p>\n<p>Minnings K, Fiore M, Mosco M, Ferguson R, Leatherman S, Kerns E, Kaufman JS, Fiore M, Brooks DR, Amador JJ, Paulsen H,\u00a0 Ernstberger A, Trejo B, Sullivan E, Lichtman A, Nobil K, Lawlor M, Parker C, Parekh R, &amp; Fiore L (2016). <strong>The Rivas Cohort Study: design and baseline characteristics of a Nicaraguan cohort.<\/strong> <em>BMC Nephrology, 17<\/em>(1), 93.<\/p>\n<p>Read more: <a href=\"https:\/\/www.ncbi.nlm.nih.gov\/pubmed\/?term=The+Rivas+Cohort+Study%3A+design+and+baseline+characteristics+of+a+Nicaraguan+cohort\" target=\"_blank\" rel=\"noopener noreferrer\">PUBMED<\/a><\/p>\n<hr \/>\n<p><strong>PUBLISHED ON 1\/2016<\/strong><\/p>\n<p>McClean MD, Laws RL, Amador JJ, L\u00f3pez-Pilarte D, Scammell MK, Ram\u00edrez-Rubio O, Friedman DJ, Kaufman JS, Weiner De, Riefkohl A, Brooks DR. Boston University School of Public Health: <strong>Studies of occupational and non-occupational risk factors for chronic kidney disease<\/strong>. In: Wegman D, Crowe J, Hogstedt C, Jakobsson K, Wesseling C, eds. <em>Mesoamerican Nephropathy: Report From the Second International Research Workshop on MeN<\/em>. Heredia, Costa Rica: SALTRA\/IRET-UNA. 2016. pp. 94-99.<\/p>\n<p>Read more: <a href=\"http:\/\/www.regionalnephropathy.org\/wp-content\/uploads\/2016\/08\/MeN-2015-Scientific-Report-high-resolution_final.pdf\" target=\"_blank\" rel=\"noopener noreferrer\">REGIONAL NEPHROPATHY<\/a><\/p>\n<hr \/>\n<p><strong>PUBLISHED ON 2\/1\/2016<\/strong><\/p>\n<p>Laws RL, Brooks DR, Amador JJ, Weiner DE, Kaufman JS, Ram\u00edrez-Rubio O, Riefkohl A, Scammell MK, L\u00f3pez-Pilarte D, S\u00e1nchez JM, Parikh CR, &amp; MD (2016). <strong>Biomarkers of Kidney Injury Among Nicaraguan Sugarcane Workers.<\/strong> <em>American Journal of Kidney Diseases<\/em>,<em> 67<\/em>(2), 209\u2013217.<\/p>\n<p>Read more: <a href=\"http:\/\/www.ncbi.nlm.nih.gov\/pubmed\/26454687\" target=\"_blank\" rel=\"noopener noreferrer\">PUBMED<\/a><\/p>\n<hr \/>\n<p><strong>PUBLISHED ON 3\/1\/2016<\/strong><\/p>\n<p>Ram\u00edrez-Rubio O, Amador JJ, Kaufman JS, Weiner DE, Parikh CR, Khan U, McClean MD, Laws RL, L\u00f3pez-Pilarte D, Friedman DJ, Kupferman J, &amp; Brooks DR (2016). <strong>Urine biomarkers of kidney injury among adolescents in Nicaragua, a region affected by an epidemic of chronic kidney disease of unknown aetiology.\u00a0<\/strong><em>Nephrology, Dialysis, Transplantation, 31<\/em>(3), 424\u2013432.<\/p>\n<p>Read more: <a href=\"http:\/\/www.ncbi.nlm.nih.gov\/pubmed\/26311057\" target=\"_blank\" rel=\"noopener noreferrer\">PUBMED<\/a><\/p>\n<hr \/>\n<p><strong>PUBLISED ON 10\/2015<\/strong><\/p>\n<p>Ramon Garcia-Trabanino, Emmanuel Jarqu\u00edn, Catharina Wesseling, Richard J Johnson, Marvin Gonz\u00e1lez-Quiroz, Ilana Weiss, Jason Glaser, Juan Jos\u00e9 Vindell, Leo Stockfelt, Carlos Roncal, Tamara Harra, &amp; Lars Berrgard (2015).\u00a0<strong>Heat stress, dehydration, and kidney function in sugarcane cutters in El Salvador &#8211; A cross-shift study of workers at risk of Mesoamerican n<\/strong><b>ephropathy.<\/b>\u00a0<em>Environmental Research.<\/em><\/p>\n<p>Read more: <a href=\"https:\/\/www.sciencedirect.com\/science\/article\/pii\/S0013935115300281?via%3Dihub\" target=\"_blank\" rel=\"noopener noreferrer\">Environmental Research<\/a><\/p>\n<hr \/>\n<p><strong>PUBLISHED ON 1\/28\/2015<\/strong><\/p>\n<p>Laws RL, Brooks DR, Amador JJ, Weiner DE, Kaufman JS, Ram\u00edrez-Rubio O, Riefkohl A, Scammell MK, L\u00f3pez-Pilarte D, S\u00e1nchez JM, Parikh CR, &amp; McClean MD (2015). <strong>Changes in kidney function among Nicaraguan sugarcane workers<\/strong>. <em>International Journal of <\/em><em>Occupational and Environmental Health<\/em>, <em>21<\/em>(3), 241\u2013250.<\/p>\n<p>Read more: <a href=\"http:\/\/www.ncbi.nlm.nih.gov\/pubmed\/25631575\" target=\"_blank\" rel=\"noopener noreferrer\">PUBMED<\/a><\/p>\n<hr \/>\n<p><strong>PUBLISHED ON 4\/16\/2013<\/strong><\/p>\n<p>Weiner DE, McClean MD, Kaufman JS, &amp; Brooks DR (2013). <strong>The Central American epidemic of CKD<\/strong>. <em>Clinical Journal of the American Society of Nephrology\u202f: CJASN, 8<\/em>(3), 504\u2013511.<\/p>\n<p>Read more: <a href=\"http:\/\/www.ncbi.nlm.nih.gov\/pubmed\/23099656\" target=\"_blank\" rel=\"noopener noreferrer\">PUBMED<\/a><\/p>\n<hr \/>\n<p><strong>PUBLISHED ON 3\/7\/2013<\/strong><\/p>\n<p>Ramirez-Rubio O, Brooks DR, Amador JJ, Kaufman JS, Weiner DE, &amp; Scammell MK (2013). <strong>Chronic kidney disease in Nicaragua: a qualitative analysis of semi-structured interviews with physicians and pharmacists.<\/strong> <em>BMC Public Health, 13,<\/em> 350.<\/p>\n<p>Read more: <a href=\"http:\/\/www.ncbi.nlm.nih.gov\/pubmed\/23590528\" target=\"_blank\" rel=\"noopener noreferrer\">PUBMED<\/a><\/p>\n<hr \/>\n<p><strong>PUBLISHED ON 1\/1\/2013<\/strong><\/p>\n<p>Ramirez-Rubio O, McClean MD, Amador JJ, &amp; Brooks DR (2013).<strong> An epidemic of chronic kidney disease in Central America: an overview<\/strong>. <em>Journal of Epidemiology &amp; Community Health<\/em>, <em>67<\/em>(1), 1\u20133.<\/p>\n<p>Read more: <a href=\"http:\/\/www.ncbi.nlm.nih.gov\/pubmed\/23002432\" target=\"_blank\" rel=\"noopener noreferrer\">PUBMED<\/a><\/p>\n<hr \/>\n<p><strong>PUBLISHED ON 4\/1\/2012<\/strong><\/p>\n<p>Brooks DR, Ramirez-Rubio O, &amp; Amador JJ (2012). <strong>CKD in Central America: A Hot Issue<\/strong>. <em>American Journal of Kidney Diseases<\/em>, <em>59<\/em>(4), 481\u2013484.<\/p>\n<p>Read more: <a href=\"http:\/\/www.ncbi.nlm.nih.gov\/pubmed\/22444491\" target=\"_blank\" rel=\"noopener noreferrer\">PUBMED<\/a><\/p>\n<hr \/>\n<p><strong>PUBLISHED ON 4\/1\/2010<\/strong><\/p>\n<p>Soderland P, Lovekar S, Weiner DE, Brooks DR, &amp; Kaufman JS (2010).<strong> Chronic Kidney Disease Associated With Environmental Toxins and Exposures<\/strong>. <em>Advances in Chronic Kidney Disease<\/em>, <em>17<\/em>(3), 254\u2013264.\\<\/p>\n<p>Read more: <a href=\"http:\/\/www.ncbi.nlm.nih.gov\/pubmed\/20439094\" target=\"_blank\" rel=\"noopener noreferrer\">PUBMED<\/a><\/p>\n<hr \/>\n<p>&nbsp;<\/p>\n<p>&nbsp;<\/p>\n","protected":false},"excerpt":{"rendered":"<p>PUBLISHED ON 04\/12\/2023 Petropoulos, Z.E., Keogh, S.A., Jarqu\u00edn, E.\u00a0et al.\u00a0Heat stress and heat strain among outdoor workers in El Salvador and Nicaragua.\u00a0J Expo Sci Environ Epidemiol\u00a0(2023). https:\/\/doi.org\/10.1038\/s41370-023-00537-x Access the full publication here:\u00a0Journal of Exposure Science and Environmental Epidemiology Click here to read a lay summary of this publication. PUBLISHED ON 07\/07\/2022 Keogh, S. A., Leibler, [&hellip;]<\/p>\n","protected":false},"author":19802,"featured_media":0,"parent":0,"menu_order":4,"comment_status":"closed","ping_status":"closed","template":"page-templates\/no-sidebars.php","meta":[],"_links":{"self":[{"href":"https:\/\/sites.bu.edu\/buckdntresearch\/wp-json\/wp\/v2\/pages\/35"}],"collection":[{"href":"https:\/\/sites.bu.edu\/buckdntresearch\/wp-json\/wp\/v2\/pages"}],"about":[{"href":"https:\/\/sites.bu.edu\/buckdntresearch\/wp-json\/wp\/v2\/types\/page"}],"author":[{"embeddable":true,"href":"https:\/\/sites.bu.edu\/buckdntresearch\/wp-json\/wp\/v2\/users\/19802"}],"replies":[{"embeddable":true,"href":"https:\/\/sites.bu.edu\/buckdntresearch\/wp-json\/wp\/v2\/comments?post=35"}],"version-history":[{"count":16,"href":"https:\/\/sites.bu.edu\/buckdntresearch\/wp-json\/wp\/v2\/pages\/35\/revisions"}],"predecessor-version":[{"id":969,"href":"https:\/\/sites.bu.edu\/buckdntresearch\/wp-json\/wp\/v2\/pages\/35\/revisions\/969"}],"wp:attachment":[{"href":"https:\/\/sites.bu.edu\/buckdntresearch\/wp-json\/wp\/v2\/media?parent=35"}],"curies":[{"name":"wp","href":"https:\/\/api.w.org\/{rel}","templated":true}]}}