{"id":91,"date":"2021-10-08T16:42:40","date_gmt":"2021-10-08T20:42:40","guid":{"rendered":"https:\/\/sites.bu.edu\/buckdntresearch-es\/?page_id=91"},"modified":"2022-03-21T13:28:53","modified_gmt":"2022-03-21T17:28:53","slug":"covid-19-resources","status":"publish","type":"page","link":"https:\/\/sites.bu.edu\/buckdntresearch-es\/covid-19-resources\/","title":{"rendered":"Recursos para el Coronavirus (COVID-19)"},"content":{"rendered":"<p>El COVID-19, m\u00e1s conocido como coronavirus, ha transformado dr\u00e1sticamente nuestras vidas, afectando negativamente a la salud en todo el mundo. Les deseamos a todos lo mejor en estos momentos dif\u00edciles y quer\u00edamos compartir los recursos creados por los colegas de la Universidad de Boston y los Centros para el Control y la Prevenci\u00f3n de Enfermedades (CDC) en espa\u00f1ol sobre c\u00f3mo podemos protegernos a nosotros mismos y a nuestros seres queridos. Visite nuestra <a href=\"https:\/\/www.bu.edu\/sph\/about\/departments\/epidemiology\/research\/research-group-for-the-study-of-chronic-kidney-disease-in-central-america\/recursos-para-la-coronavirus-covid-19\/\">p\u00e1gina de recursos de COVID-19<\/a> para obtener m\u00e1s informaci\u00f3n.<\/p>\n","protected":false},"excerpt":{"rendered":"<p>El COVID-19, m\u00e1s conocido como coronavirus, ha transformado dr\u00e1sticamente nuestras vidas, afectando negativamente a la salud en todo el mundo. Les deseamos a todos lo mejor en estos momentos dif\u00edciles y quer\u00edamos compartir los recursos creados por los colegas de la Universidad de Boston y los Centros para el Control y la Prevenci\u00f3n de Enfermedades [&hellip;]<\/p>\n","protected":false},"author":19802,"featured_media":0,"parent":0,"menu_order":6,"comment_status":"closed","ping_status":"closed","template":"profiles.php","meta":[],"_links":{"self":[{"href":"https:\/\/sites.bu.edu\/buckdntresearch-es\/wp-json\/wp\/v2\/pages\/91"}],"collection":[{"href":"https:\/\/sites.bu.edu\/buckdntresearch-es\/wp-json\/wp\/v2\/pages"}],"about":[{"href":"https:\/\/sites.bu.edu\/buckdntresearch-es\/wp-json\/wp\/v2\/types\/page"}],"author":[{"embeddable":true,"href":"https:\/\/sites.bu.edu\/buckdntresearch-es\/wp-json\/wp\/v2\/users\/19802"}],"replies":[{"embeddable":true,"href":"https:\/\/sites.bu.edu\/buckdntresearch-es\/wp-json\/wp\/v2\/comments?post=91"}],"version-history":[{"count":9,"href":"https:\/\/sites.bu.edu\/buckdntresearch-es\/wp-json\/wp\/v2\/pages\/91\/revisions"}],"predecessor-version":[{"id":937,"href":"https:\/\/sites.bu.edu\/buckdntresearch-es\/wp-json\/wp\/v2\/pages\/91\/revisions\/937"}],"wp:attachment":[{"href":"https:\/\/sites.bu.edu\/buckdntresearch-es\/wp-json\/wp\/v2\/media?parent=91"}],"curies":[{"name":"wp","href":"https:\/\/api.w.org\/{rel}","templated":true}]}}