{"id":54,"date":"2021-10-08T15:58:59","date_gmt":"2021-10-08T19:58:59","guid":{"rendered":"https:\/\/sites.bu.edu\/buckdntresearch-es\/?page_id=54"},"modified":"2022-04-13T12:23:42","modified_gmt":"2022-04-13T16:23:42","slug":"genetics","status":"publish","type":"page","link":"https:\/\/sites.bu.edu\/buckdntresearch-es\/our-research\/genetics\/","title":{"rendered":"Gen\u00e9tica"},"content":{"rendered":"<p><span data-contrast=\"auto\">Nuestro trabajo inicial con la enfermedad renal cr\u00f3nica de etiolog\u00eda no tradicional (ERCnt) revel\u00f3 que era com\u00fan que varios individuos de una familia sufrieran ERCnt o problemas de salud asociados. Los genes se transmiten de generaciones anteriores, y muchos miembros de la comunidad comparten caracter\u00edsticas f\u00edsicas similares, as\u00ed como caracter\u00edsticas gen\u00e9ticas. En consecuencia, nuestra hip\u00f3tesis es que la ascendencia podr\u00eda desempe\u00f1ar un papel en la susceptibilidad a la ERC. Es posible que haya un gen, o varios genes, que influyan en la susceptibilidad a ciertas exposiciones ambientales (por ejemplo, el estr\u00e9s t\u00e9rmico, la deshidrataci\u00f3n, los productos agroqu\u00edmicos) que hagan que alguien tenga m\u00e1s probabilidades de desarrollar ERC.\u00a0<\/span><span data-ccp-props=\"{&quot;201341983&quot;:0,&quot;335559740&quot;:276}\">\u00a0<\/span><\/p>\n<p><span data-contrast=\"auto\">Aunque nuestro objetivo general es descubrir factores de riesgo de la ERCnt que podamos mitigar, la identificaci\u00f3n de variantes gen\u00e9ticas que afectan al riesgo de la enfermedad puede dar lugar a un mejor dise\u00f1o de los estudios epidemiol\u00f3gicos para aumentar nuestra comprensi\u00f3n de las exposiciones ambientales, laborales y socio-comportamentales asociadas a la aparici\u00f3n de la ERCnt. La identificaci\u00f3n de un gen tambi\u00e9n puede proporcionar informaci\u00f3n sobre la exposici\u00f3n ambiental responsable del desarrollo de la ERC. Por ejemplo, si el gen identificado est\u00e1 implicado en la desintoxicaci\u00f3n, puede apuntar a que una exposici\u00f3n t\u00f3xica es el principal factor causal de la ERC. Si una persona con la enfermedad (caso) es m\u00e1s sensible a la exposici\u00f3n ambiental que una persona sin la enfermedad (control), podr\u00edamos identificar variantes gen\u00e9ticas que son m\u00e1s frecuentes entre ciertos grupos. Esto podr\u00eda ayudar a explicar ciertas incoherencias aparentes en relaci\u00f3n con las exposiciones ambientales, como la exposici\u00f3n global generalizada a factores como el estr\u00e9s t\u00e9rmico o la exposici\u00f3n a productos agroqu\u00edmicos y, sin embargo, la aparente concentraci\u00f3n de ERCnt en determinadas poblaciones.<\/span><span data-ccp-props=\"{&quot;201341983&quot;:0,&quot;335559740&quot;:276}\">\u00a0<\/span><\/p>\n<p><strong><span data-contrast=\"auto\" xml:lang=\"EN\" lang=\"EN\" class=\"TextRun SCXW190464074 BCX0\"><span class=\"NormalTextRun SpellingErrorV2 SCXW190464074 BCX0\">Estudios<\/span><span class=\"NormalTextRun SCXW190464074 BCX0\"> <\/span><span class=\"NormalTextRun SpellingErrorV2 SCXW190464074 BCX0\">gen\u00e9ticos<\/span><span class=\"NormalTextRun SCXW190464074 BCX0\"> hasta la <\/span><span class=\"NormalTextRun SpellingErrorV2 SCXW190464074 BCX0\">fecha<\/span><\/span>:<\/strong><\/p>\n<p><a href=\"https:\/\/sites.bu.edu\/buckdntresearch-es\/our-research\/genetics\/case-control-study\/\"><span data-contrast=\"auto\" xml:lang=\"EN\" lang=\"EN\" class=\"TextRun SCXW141288448 BCX0\"><span class=\"NormalTextRun SpellingErrorV2 SCXW141288448 BCX0\">Estudio<\/span><span class=\"NormalTextRun SCXW141288448 BCX0\"> de C<\/span><span class=\"NormalTextRun SpellingErrorV2 SCXW141288448 BCX0\">asos<\/span><span class=\"NormalTextRun SCXW141288448 BCX0\"> y C<\/span><span class=\"NormalTextRun SpellingErrorV2 SCXW141288448 BCX0\">ontroles<\/span><\/span><\/a><\/p>\n<hr \/>\n<p>&nbsp;<\/p>\n","protected":false},"excerpt":{"rendered":"<p>Nuestro trabajo inicial con la enfermedad renal cr\u00f3nica de etiolog\u00eda no tradicional (ERCnt) revel\u00f3 que era com\u00fan que varios individuos de una familia sufrieran ERCnt o problemas de salud asociados. Los genes se transmiten de generaciones anteriores, y muchos miembros de la comunidad comparten caracter\u00edsticas f\u00edsicas similares, as\u00ed como caracter\u00edsticas gen\u00e9ticas. En consecuencia, nuestra hip\u00f3tesis [&hellip;]<\/p>\n","protected":false},"author":19802,"featured_media":0,"parent":52,"menu_order":2,"comment_status":"closed","ping_status":"closed","template":"","meta":[],"_links":{"self":[{"href":"https:\/\/sites.bu.edu\/buckdntresearch-es\/wp-json\/wp\/v2\/pages\/54"}],"collection":[{"href":"https:\/\/sites.bu.edu\/buckdntresearch-es\/wp-json\/wp\/v2\/pages"}],"about":[{"href":"https:\/\/sites.bu.edu\/buckdntresearch-es\/wp-json\/wp\/v2\/types\/page"}],"author":[{"embeddable":true,"href":"https:\/\/sites.bu.edu\/buckdntresearch-es\/wp-json\/wp\/v2\/users\/19802"}],"replies":[{"embeddable":true,"href":"https:\/\/sites.bu.edu\/buckdntresearch-es\/wp-json\/wp\/v2\/comments?post=54"}],"version-history":[{"count":15,"href":"https:\/\/sites.bu.edu\/buckdntresearch-es\/wp-json\/wp\/v2\/pages\/54\/revisions"}],"predecessor-version":[{"id":980,"href":"https:\/\/sites.bu.edu\/buckdntresearch-es\/wp-json\/wp\/v2\/pages\/54\/revisions\/980"}],"up":[{"embeddable":true,"href":"https:\/\/sites.bu.edu\/buckdntresearch-es\/wp-json\/wp\/v2\/pages\/52"}],"wp:attachment":[{"href":"https:\/\/sites.bu.edu\/buckdntresearch-es\/wp-json\/wp\/v2\/media?parent=54"}],"curies":[{"name":"wp","href":"https:\/\/api.w.org\/{rel}","templated":true}]}}