{"id":52,"date":"2021-10-08T15:58:24","date_gmt":"2021-10-08T19:58:24","guid":{"rendered":"https:\/\/sites.bu.edu\/buckdntresearch-es\/?page_id=52"},"modified":"2022-04-11T10:11:46","modified_gmt":"2022-04-11T14:11:46","slug":"our-research","status":"publish","type":"page","link":"https:\/\/sites.bu.edu\/buckdntresearch-es\/our-research\/","title":{"rendered":"Nuestra Investigaci\u00f3n"},"content":{"rendered":"<p>El consenso entre los investigadores es que lo m\u00e1s probable es que la ERCnt es causada por una combinaci\u00f3n de factores. Por esta raz\u00f3n, nuestro programa de investigaci\u00f3n incluye m\u00faltiples estudios dise\u00f1ados para investigar el papel de las exposiciones ocupacionales y no ocupacionales experimentadas a lo largo de la vida. Por ello, los dividimos en tres categor\u00edas: <a href=\"https:\/\/sites.bu.edu\/buckdntresearch-es\/our-research\/early-exposure\/\">Exposiciones en las primeras etapas de la vida<\/a>, <a href=\"https:\/\/sites.bu.edu\/buckdntresearch-es\/our-research\/adult-occupation\/\">exposiciones laborales<\/a> y <a href=\"https:\/\/sites.bu.edu\/buckdntresearch-es\/our-research\/genetics\/\">susceptibilidad gen\u00e9tica<\/a>.<\/p>\n<p><span data-contrast=\"auto\" xml:lang=\"EN\" lang=\"EN\" class=\"TextRun SCXW203098836 BCX0\"><span class=\"NormalTextRun SCXW203098836 BCX0\">Factores <\/span><span class=\"NormalTextRun SpellingErrorV2 SCXW203098836 BCX0\">como<\/span><span class=\"NormalTextRun SCXW203098836 BCX0\"> <\/span><span class=\"NormalTextRun SpellingErrorV2 SCXW203098836 BCX0\">el<\/span><span class=\"NormalTextRun SCXW203098836 BCX0\"> bajo peso al <\/span><span class=\"NormalTextRun SpellingErrorV2 SCXW203098836 BCX0\">nacer<\/span><span class=\"NormalTextRun SCXW203098836 BCX0\">, la <\/span><span class=\"NormalTextRun SpellingErrorV2 SCXW203098836 BCX0\">gen\u00e9tica<\/span><span class=\"NormalTextRun SCXW203098836 BCX0\">, la <\/span><span class=\"NormalTextRun SpellingErrorV2 SCXW203098836 BCX0\">dieta<\/span><span class=\"NormalTextRun SCXW203098836 BCX0\">, la <\/span><span class=\"NormalTextRun SpellingErrorV2 SCXW203098836 BCX0\">medicaci\u00f3n<\/span><span class=\"NormalTextRun SCXW203098836 BCX0\"> y la <\/span><span class=\"NormalTextRun SpellingErrorV2 SCXW203098836 BCX0\">exposici\u00f3n<\/span><span class=\"NormalTextRun SCXW203098836 BCX0\"> <\/span><span class=\"NormalTextRun SpellingErrorV2 SCXW203098836 BCX0\">ambiental<\/span><span class=\"NormalTextRun SCXW203098836 BCX0\"> a <\/span><span class=\"NormalTextRun SpellingErrorV2 SCXW203098836 BCX0\">t\u00f3xicos<\/span><span class=\"NormalTextRun SCXW203098836 BCX0\"> o <\/span><span class=\"NormalTextRun SpellingErrorV2 SCXW203098836 BCX0\">agentes<\/span><span class=\"NormalTextRun SCXW203098836 BCX0\"> <\/span><span class=\"NormalTextRun SpellingErrorV2 SCXW203098836 BCX0\">infecciosos<\/span><span class=\"NormalTextRun SCXW203098836 BCX0\"> <\/span><span class=\"NormalTextRun SpellingErrorV2 SCXW203098836 BCX0\">pueden<\/span><span class=\"NormalTextRun SCXW203098836 BCX0\"> <\/span><span class=\"NormalTextRun SpellingErrorV2 SCXW203098836 BCX0\">desempe\u00f1ar<\/span><span class=\"NormalTextRun SCXW203098836 BCX0\"> un <\/span><span class=\"NormalTextRun SpellingErrorV2 SCXW203098836 BCX0\">papel<\/span><span class=\"NormalTextRun SCXW203098836 BCX0\"> <\/span><span class=\"NormalTextRun SpellingErrorV2 SCXW203098836 BCX0\">en<\/span><span class=\"NormalTextRun SCXW203098836 BCX0\"> <\/span><span class=\"NormalTextRun SpellingErrorV2 SCXW203098836 BCX0\">el<\/span><span class=\"NormalTextRun SCXW203098836 BCX0\"> <\/span><span class=\"NormalTextRun SpellingErrorV2 SCXW203098836 BCX0\">da\u00f1o<\/span><span class=\"NormalTextRun SCXW203098836 BCX0\"> de <\/span><span class=\"NormalTextRun SpellingErrorV2 SCXW203098836 BCX0\">los<\/span><span class=\"NormalTextRun SCXW203098836 BCX0\"> <\/span><span class=\"NormalTextRun SpellingErrorV2 SCXW203098836 BCX0\">ri\u00f1ones<\/span><span class=\"NormalTextRun SCXW203098836 BCX0\"> <\/span><span class=\"NormalTextRun SpellingErrorV2 SCXW203098836 BCX0\">en<\/span><span class=\"NormalTextRun SCXW203098836 BCX0\"> la <\/span><span class=\"NormalTextRun SpellingErrorV2 SCXW203098836 BCX0\">infancia<\/span><span class=\"NormalTextRun SCXW203098836 BCX0\"> y la <\/span><span class=\"NormalTextRun SpellingErrorV2 SCXW203098836 BCX0\">adolescencia<\/span><span class=\"NormalTextRun SCXW203098836 BCX0\">. Una <\/span><span class=\"NormalTextRun SpellingErrorV2 SCXW203098836 BCX0\">vez<\/span><span class=\"NormalTextRun SCXW203098836 BCX0\"> que <\/span><span class=\"NormalTextRun SpellingErrorV2 SCXW203098836 BCX0\">los<\/span><span class=\"NormalTextRun SCXW203098836 BCX0\"> <\/span><span class=\"NormalTextRun SpellingErrorV2 SCXW203098836 BCX0\">individuos<\/span><span class=\"NormalTextRun SCXW203098836 BCX0\"> <\/span><span class=\"NormalTextRun SpellingErrorV2 SCXW203098836 BCX0\">tienen<\/span><span class=\"NormalTextRun SCXW203098836 BCX0\"> la <\/span><span class=\"NormalTextRun SpellingErrorV2 SCXW203098836 BCX0\">edad<\/span><span class=\"NormalTextRun SCXW203098836 BCX0\"> <\/span><span class=\"NormalTextRun SpellingErrorV2 SCXW203098836 BCX0\">suficiente<\/span><span class=\"NormalTextRun SCXW203098836 BCX0\"> para <\/span><span class=\"NormalTextRun SpellingErrorV2 SCXW203098836 BCX0\">incorporarse<\/span><span class=\"NormalTextRun SCXW203098836 BCX0\"> al <\/span><span class=\"NormalTextRun SpellingErrorV2 SCXW203098836 BCX0\">mundo<\/span><span class=\"NormalTextRun SCXW203098836 BCX0\"> <\/span><span class=\"NormalTextRun SpellingErrorV2 SCXW203098836 BCX0\">laboral<\/span><span class=\"NormalTextRun SCXW203098836 BCX0\">, es probable que las <\/span><span class=\"NormalTextRun SpellingErrorV2 SCXW203098836 BCX0\">exposiciones<\/span><span class=\"NormalTextRun SCXW203098836 BCX0\"> <\/span><span class=\"NormalTextRun SpellingErrorV2 SCXW203098836 BCX0\">laborales<\/span><span class=\"NormalTextRun SCXW203098836 BCX0\"> <\/span><span class=\"NormalTextRun SpellingErrorV2 SCXW203098836 BCX0\">desempe\u00f1en<\/span><span class=\"NormalTextRun SCXW203098836 BCX0\"> un <\/span><span class=\"NormalTextRun SpellingErrorV2 SCXW203098836 BCX0\">papel<\/span><span class=\"NormalTextRun SCXW203098836 BCX0\"> <\/span><span class=\"NormalTextRun SpellingErrorV2 SCXW203098836 BCX0\">importante<\/span><span class=\"NormalTextRun SCXW203098836 BCX0\"> <\/span><span class=\"NormalTextRun SpellingErrorV2 SCXW203098836 BCX0\">en<\/span><span class=\"NormalTextRun SCXW203098836 BCX0\"> la <\/span><span class=\"NormalTextRun SpellingErrorV2 SCXW203098836 BCX0\">aparici\u00f3n<\/span><span class=\"NormalTextRun SCXW203098836 BCX0\"> de la <\/span><span class=\"NormalTextRun SpellingErrorV2 SCXW203098836 BCX0\">enfermedad<\/span><span class=\"NormalTextRun SCXW203098836 BCX0\">, <\/span><span class=\"NormalTextRun SpellingErrorV2 SCXW203098836 BCX0\">ya<\/span><span class=\"NormalTextRun SCXW203098836 BCX0\"> sea <\/span><span class=\"NormalTextRun SpellingErrorV2 SCXW203098836 BCX0\">directamente<\/span><span class=\"NormalTextRun SCXW203098836 BCX0\"> o <\/span><span class=\"NormalTextRun SpellingErrorV2 SCXW203098836 BCX0\">como<\/span><span class=\"NormalTextRun SCXW203098836 BCX0\"> <\/span><span class=\"NormalTextRun SpellingErrorV2 SCXW203098836 BCX0\">modificadores<\/span><span class=\"NormalTextRun SCXW203098836 BCX0\"> de <\/span><span class=\"NormalTextRun SpellingErrorV2 SCXW203098836 BCX0\">otros<\/span><span class=\"NormalTextRun SCXW203098836 BCX0\"> <\/span><span class=\"NormalTextRun SpellingErrorV2 SCXW203098836 BCX0\">factores<\/span><span class=\"NormalTextRun SCXW203098836 BCX0\"> de <\/span><span class=\"NormalTextRun SpellingErrorV2 SCXW203098836 BCX0\">riesgo<\/span><span class=\"NormalTextRun SCXW203098836 BCX0\">. <\/span><span class=\"NormalTextRun SpellingErrorV2 SCXW203098836 BCX0\">Tambi\u00e9n<\/span><span class=\"NormalTextRun SCXW203098836 BCX0\"> <\/span><span class=\"NormalTextRun SpellingErrorV2 SCXW203098836 BCX0\">pueden<\/span><span class=\"NormalTextRun SCXW203098836 BCX0\"> <\/span><span class=\"NormalTextRun SpellingErrorV2 SCXW203098836 BCX0\">haber<\/span><span class=\"NormalTextRun SCXW203098836 BCX0\"> <\/span><span class=\"NormalTextRun SpellingErrorV2 SCXW203098836 BCX0\">diferencias<\/span><span class=\"NormalTextRun SCXW203098836 BCX0\"> <\/span><span class=\"NormalTextRun SpellingErrorV2 SCXW203098836 BCX0\">importantes<\/span><span class=\"NormalTextRun SCXW203098836 BCX0\"> <\/span><span class=\"NormalTextRun SpellingErrorV2 SCXW203098836 BCX0\">en<\/span><span class=\"NormalTextRun SCXW203098836 BCX0\"> la <\/span><span class=\"NormalTextRun SpellingErrorV2 SCXW203098836 BCX0\">susceptibilidad<\/span><span class=\"NormalTextRun SCXW203098836 BCX0\"> <\/span><span class=\"NormalTextRun SpellingErrorV2 SCXW203098836 BCX0\">gen\u00e9tica<\/span><span class=\"NormalTextRun SCXW203098836 BCX0\"> que <\/span><span class=\"NormalTextRun SpellingErrorV2 SCXW203098836 BCX0\">pueden<\/span><span class=\"NormalTextRun SCXW203098836 BCX0\"> <\/span><span class=\"NormalTextRun SpellingErrorV2 SCXW203098836 BCX0\">interactuar<\/span><span class=\"NormalTextRun SCXW203098836 BCX0\"> con las <\/span><span class=\"NormalTextRun SpellingErrorV2 SCXW203098836 BCX0\">exposiciones<\/span><span class=\"NormalTextRun SCXW203098836 BCX0\"> <\/span><span class=\"NormalTextRun SpellingErrorV2 SCXW203098836 BCX0\">ambientales<\/span><span class=\"NormalTextRun SCXW203098836 BCX0\"> y <\/span><span class=\"NormalTextRun SpellingErrorV2 SCXW203098836 BCX0\">ocupacionales<\/span><span class=\"NormalTextRun SCXW203098836 BCX0\"> para <\/span><span class=\"NormalTextRun SpellingErrorV2 SCXW203098836 BCX0\">aumentar<\/span><span class=\"NormalTextRun SCXW203098836 BCX0\"> <\/span><span class=\"NormalTextRun SpellingErrorV2 SCXW203098836 BCX0\">a\u00fan<\/span><span class=\"NormalTextRun SCXW203098836 BCX0\"> <\/span><span class=\"NormalTextRun SpellingErrorV2 SCXW203098836 BCX0\">m\u00e1s<\/span><span class=\"NormalTextRun SCXW203098836 BCX0\"> <\/span><span class=\"NormalTextRun SpellingErrorV2 SCXW203098836 BCX0\">el<\/span><span class=\"NormalTextRun SCXW203098836 BCX0\"> <\/span><span class=\"NormalTextRun SpellingErrorV2 SCXW203098836 BCX0\">riesgo<\/span><span class=\"NormalTextRun SCXW203098836 BCX0\"> de <\/span><span class=\"NormalTextRun SpellingErrorV2 SCXW203098836 BCX0\">enfermedad<\/span><span class=\"NormalTextRun SCXW203098836 BCX0\">. El <\/span><span class=\"NormalTextRun SpellingErrorV2 SCXW203098836 BCX0\">objetivo<\/span><span class=\"NormalTextRun SCXW203098836 BCX0\"> <\/span><span class=\"NormalTextRun SpellingErrorV2 SCXW203098836 BCX0\">com\u00fan<\/span><span class=\"NormalTextRun SCXW203098836 BCX0\"> de <\/span><span class=\"NormalTextRun SpellingErrorV2 SCXW203098836 BCX0\">nuestro<\/span><span class=\"NormalTextRun SCXW203098836 BCX0\"> <\/span><span class=\"NormalTextRun SpellingErrorV2 SCXW203098836 BCX0\">trabajo<\/span><span class=\"NormalTextRun SCXW203098836 BCX0\"> es <\/span><span class=\"NormalTextRun SpellingErrorV2 SCXW203098836 BCX0\">identificar<\/span><span class=\"NormalTextRun SCXW203098836 BCX0\"> la(s) causa(s) de la <\/span><span class=\"NormalTextRun SpellingErrorV2 SCXW203098836 BCX0\">epidemia<\/span><span class=\"NormalTextRun SCXW203098836 BCX0\"> para <\/span><span class=\"NormalTextRun SpellingErrorV2 SCXW203098836 BCX0\">informar<\/span><span class=\"NormalTextRun SCXW203098836 BCX0\"> <\/span><span class=\"NormalTextRun SpellingErrorV2 SCXW203098836 BCX0\">sobre<\/span><span class=\"NormalTextRun SCXW203098836 BCX0\"> las <\/span><span class=\"NormalTextRun SpellingErrorV2 SCXW203098836 BCX0\">intervenciones<\/span><span class=\"NormalTextRun SCXW203098836 BCX0\"> y <\/span><span class=\"NormalTextRun SpellingErrorV2 SCXW203098836 BCX0\">los<\/span><span class=\"NormalTextRun SCXW203098836 BCX0\"> <\/span><span class=\"NormalTextRun SpellingErrorV2 SCXW203098836 BCX0\">cambios<\/span><span class=\"NormalTextRun SCXW203098836 BCX0\"> de <\/span><span class=\"NormalTextRun SpellingErrorV2 SCXW203098836 BCX0\">pol\u00edtica<\/span><span class=\"NormalTextRun SCXW203098836 BCX0\"> para <\/span><span class=\"NormalTextRun SpellingErrorV2 SCXW203098836 BCX0\">minimizar<\/span><span class=\"NormalTextRun SCXW203098836 BCX0\"> <\/span><span class=\"NormalTextRun SpellingErrorV2 SCXW203098836 BCX0\">el<\/span><span class=\"NormalTextRun SCXW203098836 BCX0\"> <\/span><span class=\"NormalTextRun SpellingErrorV2 SCXW203098836 BCX0\">riesgo<\/span><span class=\"NormalTextRun SCXW203098836 BCX0\"> de <\/span><span class=\"NormalTextRun SpellingErrorV2 SCXW203098836 BCX0\">enfermedad<\/span><span class=\"NormalTextRun SCXW203098836 BCX0\"> renal <\/span><span class=\"NormalTextRun SpellingErrorV2 SCXW203098836 BCX0\">cr\u00f3nica<\/span><span class=\"NormalTextRun SCXW203098836 BCX0\"> (ERC).<\/span><\/span><span class=\"EOP SCXW203098836 BCX0\" data-ccp-props=\"{&quot;201341983&quot;:0,&quot;335559740&quot;:276}\">\u00a0<\/span><\/p>\n<p><span data-contrast=\"auto\" xml:lang=\"EN\" lang=\"EN\" class=\"TextRun SCXW253193177 BCX0\"><span class=\"NormalTextRun SpellingErrorV2 SCXW253193177 BCX0\">Recientemente<\/span><span class=\"NormalTextRun SCXW253193177 BCX0\"> se <\/span><span class=\"NormalTextRun SpellingErrorV2 SCXW253193177 BCX0\">nos<\/span><span class=\"NormalTextRun SCXW253193177 BCX0\"> ha <\/span><span class=\"NormalTextRun SpellingErrorV2 SCXW253193177 BCX0\">concedido<\/span><span class=\"NormalTextRun SCXW253193177 BCX0\"> la <\/span><span class=\"NormalTextRun SpellingErrorV2 SCXW253193177 BCX0\">participaci\u00f3n<\/span><span class=\"NormalTextRun SCXW253193177 BCX0\"> <\/span><span class=\"NormalTextRun SpellingErrorV2 SCXW253193177 BCX0\">en<\/span><span class=\"NormalTextRun SCXW253193177 BCX0\"> <\/span><span class=\"NormalTextRun SpellingErrorV2 SCXW253193177 BCX0\">el<\/span><span class=\"NormalTextRun SCXW253193177 BCX0\"> Consorcio de <\/span><span class=\"NormalTextRun SpellingErrorV2 SCXW253193177 BCX0\">los<\/span><span class=\"NormalTextRun SCXW253193177 BCX0\"> <\/span><span class=\"NormalTextRun SpellingErrorV2 SCXW253193177 BCX0\">Institutos<\/span><span class=\"NormalTextRun SCXW253193177 BCX0\"> Nacionales de Salud (NIH <\/span><span class=\"NormalTextRun SpellingErrorV2 SCXW253193177 BCX0\">por<\/span><span class=\"NormalTextRun SCXW253193177 BCX0\"> sus <\/span><span class=\"NormalTextRun SpellingErrorV2 SCXW253193177 BCX0\">siglas<\/span><span class=\"NormalTextRun SCXW253193177 BCX0\"> <\/span><span class=\"NormalTextRun SpellingErrorV2 SCXW253193177 BCX0\">en<\/span><span class=\"NormalTextRun SCXW253193177 BCX0\"> <\/span><span class=\"NormalTextRun SpellingErrorV2 SCXW253193177 BCX0\">ingl\u00e9s<\/span><span class=\"NormalTextRun SCXW253193177 BCX0\">) para <\/span><span class=\"NormalTextRun SpellingErrorV2 SCXW253193177 BCX0\">el<\/span><span class=\"NormalTextRun SCXW253193177 BCX0\"> <\/span><span class=\"NormalTextRun SpellingErrorV2 SCXW253193177 BCX0\">estudio<\/span><span class=\"NormalTextRun SCXW253193177 BCX0\"> de la <\/span><span class=\"NormalTextRun SpellingErrorV2 SCXW253193177 BCX0\">ERCnt<\/span><span class=\"NormalTextRun SCXW253193177 BCX0\">, <\/span><\/span><span data-contrast=\"auto\" xml:lang=\"EN\" lang=\"EN\" class=\"TextRun SCXW253193177 BCX0\"><a href=\"http:\/\/need to insert hyperlink to CURE consor. in spanish - ask Selene?\"><span class=\"NormalTextRun CommentStart CommentHighlightPipeRest CommentHighlightRest SCXW253193177 BCX0\">Consorcio de <\/span><span class=\"NormalTextRun SpellingErrorV2 CommentHighlightRest SCXW253193177 BCX0\">investigaci\u00f3n<\/span><span class=\"NormalTextRun CommentHighlightRest SCXW253193177 BCX0\"> <\/span><span class=\"NormalTextRun SpellingErrorV2 CommentHighlightRest SCXW253193177 BCX0\">sobre<\/span><span class=\"NormalTextRun CommentHighlightRest SCXW253193177 BCX0\"> <\/span><span class=\"NormalTextRun SpellingErrorV2 CommentHighlightRest SpellingErrorHighlight SCXW253193177 BCX0\">enfermedades<\/span><span class=\"NormalTextRun CommentHighlightRest SCXW253193177 BCX0\"> <\/span><span class=\"NormalTextRun SpellingErrorV2 CommentHighlightRest SCXW253193177 BCX0\">renales<\/span><span class=\"NormalTextRun CommentHighlightRest SCXW253193177 BCX0\"> <\/span><span class=\"NormalTextRun SpellingErrorV2 CommentHighlightRest SCXW253193177 BCX0\">cr\u00f3nicas<\/span><span class=\"NormalTextRun CommentHighlightRest SCXW253193177 BCX0\"> de <\/span><span class=\"NormalTextRun SpellingErrorV2 CommentHighlightRest SCXW253193177 BCX0\">etiolog\u00eda<\/span><span class=\"NormalTextRun CommentHighlightRest SCXW253193177 BCX0\"> <\/span><span class=\"NormalTextRun SpellingErrorV2 CommentHighlightRest SCXW253193177 BCX0\">desconocida<\/span><span class=\"NormalTextRun CommentHighlightRest SCXW253193177 BCX0\"> (<\/span><span class=\"NormalTextRun SpellingErrorV2 CommentHighlightRest SCXW253193177 BCX0\">CKDnt<\/span><span class=\"NormalTextRun CommentHighlightRest SCXW253193177 BCX0\">) <\/span><span class=\"NormalTextRun SpellingErrorV2 CommentHighlightRest SCXW253193177 BCX0\">en<\/span><span class=\"NormalTextRun CommentHighlightRest SCXW253193177 BCX0\"> <\/span><span class=\"NormalTextRun SpellingErrorV2 CommentHighlightRest SCXW253193177 BCX0\">comunidades<\/span><span class=\"NormalTextRun CommentHighlightRest SCXW253193177 BCX0\"> <\/span><span class=\"NormalTextRun SpellingErrorV2 CommentHighlightRest SCXW253193177 BCX0\">agr\u00edcolas<\/span><span class=\"NormalTextRun CommentHighlightRest SCXW253193177 BCX0\"> (CURE).<\/span><\/a><span class=\"NormalTextRun CommentHighlightPipeRest SCXW253193177 BCX0\"> <\/span><\/span><span data-contrast=\"auto\" xml:lang=\"EN\" lang=\"EN\" class=\"TextRun SCXW253193177 BCX0\"><span class=\"NormalTextRun SCXW253193177 BCX0\">El <\/span><span class=\"NormalTextRun SpellingErrorV2 SCXW253193177 BCX0\">consorcio<\/span><span class=\"NormalTextRun SCXW253193177 BCX0\"> CURE <\/span><span class=\"NormalTextRun SpellingErrorV2 SCXW253193177 BCX0\">tambi\u00e9n<\/span><span class=\"NormalTextRun SCXW253193177 BCX0\"> <\/span><span class=\"NormalTextRun SpellingErrorV2 SCXW253193177 BCX0\">estudiar\u00e1<\/span><span class=\"NormalTextRun SCXW253193177 BCX0\"> <\/span><span class=\"NormalTextRun SpellingErrorV2 SCXW253193177 BCX0\">el<\/span><span class=\"NormalTextRun SCXW253193177 BCX0\"> <\/span><span class=\"NormalTextRun SpellingErrorV2 SCXW253193177 BCX0\">papel<\/span><span class=\"NormalTextRun SCXW253193177 BCX0\"> de la <\/span><span class=\"NormalTextRun SpellingErrorV2 SCXW253193177 BCX0\">exposici\u00f3n<\/span><span class=\"NormalTextRun SCXW253193177 BCX0\"> a lo largo de la <\/span><span class=\"NormalTextRun SpellingErrorV2 SCXW253193177 BCX0\">vida<\/span><span class=\"NormalTextRun SCXW253193177 BCX0\">.\u00a0<\/span><\/span><span class=\"EOP SCXW253193177 BCX0\" data-ccp-props=\"{&quot;201341983&quot;:0,&quot;335559740&quot;:276}\">\u00a0<\/span><\/p>\n<p><em><span style=\"color: #ff00ff;\"><a href=\"\/buckdntresearch-es\/files\/2022\/04\/Perspectiva-del-curso-de-vida-de-la-ERCnt_jpeg_4.06.22-scaled.jpg\"><img loading=\"lazy\" src=\"\/buckdntresearch-es\/files\/2022\/04\/Perspectiva-del-curso-de-vida-de-la-ERCnt_jpeg_4.06.22-1024x724.jpg\" alt=\"Infograf\u00eda que describe la perspectiva del curso vital de la ERCnt.\" width=\"1024\" height=\"724\" class=\"aligncenter wp-image-961 size-large\" srcset=\"https:\/\/sites.bu.edu\/buckdntresearch-es\/files\/2022\/04\/Perspectiva-del-curso-de-vida-de-la-ERCnt_jpeg_4.06.22-1024x724.jpg 1024w, https:\/\/sites.bu.edu\/buckdntresearch-es\/files\/2022\/04\/Perspectiva-del-curso-de-vida-de-la-ERCnt_jpeg_4.06.22-636x450.jpg 636w, https:\/\/sites.bu.edu\/buckdntresearch-es\/files\/2022\/04\/Perspectiva-del-curso-de-vida-de-la-ERCnt_jpeg_4.06.22-768x543.jpg 768w, https:\/\/sites.bu.edu\/buckdntresearch-es\/files\/2022\/04\/Perspectiva-del-curso-de-vida-de-la-ERCnt_jpeg_4.06.22-1536x1086.jpg 1536w, https:\/\/sites.bu.edu\/buckdntresearch-es\/files\/2022\/04\/Perspectiva-del-curso-de-vida-de-la-ERCnt_jpeg_4.06.22-2048x1448.jpg 2048w\" sizes=\"(max-width: 1024px) 100vw, 1024px\" \/><\/a><\/span>Descripci\u00f3n de la imagen: Perspectiva del curso de vida de la ERCnt. Una combinaci\u00f3n de exposiciones a lo largo de la vida de una persona son factores de riesgo para la ERCnt. Pueden incluir exposiciones ambientales involuntarias, exposiciones sociocomportamentales y susceptibilidad biol\u00f3gica. Algunos ejemplos de exposiciones ambientales son el sol, el calor, los pesticidas, los metales y los pat\u00f3genos (por ejemplo, las infecciones). Entre los ejemplos de exposiciones socioconductuales se encuentran la falta de acceso a tratamientos m\u00e9dicos, bajo nivel socioecon\u00f3mico, el empleo, el uso de determinados productos farmac\u00e9uticos, el acceso al agua potable y la dieta. La susceptibilidad biol\u00f3gica podr\u00eda incluir el haber nacido con bajo peso y la gen\u00e9tica. Las exposiciones nocivas a lo largo de las generaciones pueden influir en la susceptibilidad gen\u00e9tica de cada descendiente a la enfermedad. Las diferencias gen\u00e9ticas pueden hacer que una persona tenga m\u00e1s riesgo de desarrollar una ERCnt, cuando se combinan con exposiciones adversas a lo largo de su vida. La imagen incluye un diagrama con \u00a0ilustraciones de figuras humanas para representar el curso de la vida de dos seres humanos, desde el \u00fatero hasta la edad adulta, en el que uno desarrolla ERCnt y otro no. De izquierda a derecha, la ilustracion representa a dos personas en el \u00fatero, que nacen y pasan de la infancia a la edad adulta. La imagen representa c\u00f3mo las personas pueden ser elegidas para un estudio, y las exposiciones a lo largo de su vida pueden ayudar a los investigadores a entender los resultados del desarrollo de la ERCnt.<\/em><\/p>\n","protected":false},"excerpt":{"rendered":"<p>El consenso entre los investigadores es que lo m\u00e1s probable es que la ERCnt es causada por una combinaci\u00f3n de factores. Por esta raz\u00f3n, nuestro programa de investigaci\u00f3n incluye m\u00faltiples estudios dise\u00f1ados para investigar el papel de las exposiciones ocupacionales y no ocupacionales experimentadas a lo largo de la vida. Por ello, los dividimos en [&hellip;]<\/p>\n","protected":false},"author":19802,"featured_media":0,"parent":0,"menu_order":2,"comment_status":"closed","ping_status":"closed","template":"","meta":[],"_links":{"self":[{"href":"https:\/\/sites.bu.edu\/buckdntresearch-es\/wp-json\/wp\/v2\/pages\/52"}],"collection":[{"href":"https:\/\/sites.bu.edu\/buckdntresearch-es\/wp-json\/wp\/v2\/pages"}],"about":[{"href":"https:\/\/sites.bu.edu\/buckdntresearch-es\/wp-json\/wp\/v2\/types\/page"}],"author":[{"embeddable":true,"href":"https:\/\/sites.bu.edu\/buckdntresearch-es\/wp-json\/wp\/v2\/users\/19802"}],"replies":[{"embeddable":true,"href":"https:\/\/sites.bu.edu\/buckdntresearch-es\/wp-json\/wp\/v2\/comments?post=52"}],"version-history":[{"count":34,"href":"https:\/\/sites.bu.edu\/buckdntresearch-es\/wp-json\/wp\/v2\/pages\/52\/revisions"}],"predecessor-version":[{"id":967,"href":"https:\/\/sites.bu.edu\/buckdntresearch-es\/wp-json\/wp\/v2\/pages\/52\/revisions\/967"}],"wp:attachment":[{"href":"https:\/\/sites.bu.edu\/buckdntresearch-es\/wp-json\/wp\/v2\/media?parent=52"}],"curies":[{"name":"wp","href":"https:\/\/api.w.org\/{rel}","templated":true}]}}