{"id":5,"date":"2021-09-29T08:10:15","date_gmt":"2021-09-29T12:10:15","guid":{"rendered":"https:\/\/sites.bu.edu\/buckdntresearch-es\/research-center-for-chronic-kidney-disease-in-central-america\/"},"modified":"2022-03-18T13:26:53","modified_gmt":"2022-03-18T17:26:53","slug":"research-center-for-chronic-kidney-disease-in-central-america","status":"publish","type":"page","link":"https:\/\/sites.bu.edu\/buckdntresearch-es\/","title":{"rendered":"Grupo de Investigaci\u00f3n para el Estudio de la Enfermedad Renal Cr\u00f3nica en Centroam\u00e9rica"},"content":{"rendered":"<p>En las \u00faltimas d\u00e9cadas, se han observado tasas extraordinariamente altas de enfermedad renal cr\u00f3nica (ERC) en la costa del Pac\u00edfico de varios pa\u00edses centroamericanos, como Nicaragua, El Salvador, Guatemala y Costa Rica. Esta epidemia cada vez m\u00e1s reconocida de enfermedad renal, denominada por algunos investigadores como Nefropat\u00eda Mesoamericana (MeN por sus siglas en ingl\u00e9s) o Enfermedad Renal Cr\u00f3nica (ERC) de etiolog\u00eda no tradicional (ERCnt), <a href=\"https:\/\/www3.paho.org\/hq\/index.php?option=com_content&amp;view=article&amp;id=9062:2013-kidney-disease-agricultural-communities-central-america-serious-public-health-problem&amp;Itemid=1926&amp;lang=es\" target=\"_blank\" rel=\"noopener noreferrer\">es considerada una importante amenaza<\/a> para la salud p\u00fablica por la Organizaci\u00f3n Panamericana de la Salud (OPS) y declarada prioritaria por la <a href=\"http:\/\/comisca.net\/sites\/default\/files\/2ERC%2002-2012.pdf\" target=\"_blank\" rel=\"noopener noreferrer\">Comisi\u00f3n de Ministerios de Salud de Centroam\u00e9rica (COMISCA)<\/a>.<\/p>\n<p>La poblaci\u00f3n m\u00e1s afectada por la ERCnt difiere de la del Norte global. En Estados Unidos y Europa, los principales factores de riesgo de la ERC tradicional son la edad avanzada, la diabetes y la hipertensi\u00f3n. En cambio, la ERCnt afecta de forma desproporcionada a hombres j\u00f3venes, la mayor\u00eda sin antecedentes de diabetes o hipertensi\u00f3n. Tambi\u00e9n se observan epidemias de ERCnt con caracter\u00edsticas sorprendentemente similares entre las poblaciones marginales de otras regiones tropicales, incluyendo epidemias documentadas en <a href=\"https:\/\/www.medigraphic.com\/pdfs\/medicreview\/mrw-2014\/mrw142j.pdf\" target=\"_blank\" rel=\"noopener noreferrer\">Sri Lanka<\/a> y la <a href=\"https:\/\/www.isglobal.org\/-\/la-enfermedad-renal-cronica-de-origen-desconocido-hasta-ahora-descrita-en-america-central-y-sri-lanka-presente-tambien-en-la-india\" target=\"_blank\" rel=\"noopener noreferrer\">India<\/a>, as\u00ed como informes en varios otros lugares. Los trabajadores agr\u00edcolas parecen estar entre los grupos m\u00e1s afectados por la ERCnt, especialmente aquellos cuyas comunidades experimentan una pobreza intergeneracional, pero los trabajadores manuales de otras industrias, como la fabricaci\u00f3n de ladrillos y la miner\u00eda subterr\u00e1nea, tambi\u00e9n presentan altas tasas de enfermedad. Las hip\u00f3tesis sobre la causa de la enfermedad incluyen el estr\u00e9s t\u00e9rmico y la consiguiente deshidrataci\u00f3n, los productos agroqu\u00edmicos, los metales, las enfermedades infecciosas, los medicamentos, la dieta, el bajo peso al nacer y la susceptibilidad gen\u00e9tica, entre otros. A pesar de m\u00e1s de una d\u00e9cada de investigaci\u00f3n, las causas siguen sin estar claras, debido en parte a la probable naturaleza multifactorial de la enfermedad y -hasta hace poco- a la limitada financiaci\u00f3n disponible para la investigaci\u00f3n.<\/p>\n<p>Nuestro equipo ha estado investigando la epidemia de ERCnt desde 2009 en Nicaragua, y ampliamos nuestro trabajo a El Salvador en 2018. La investigaci\u00f3n se basa en un enfoque del curso de la vida, que reconoce que los factores ambientales, biol\u00f3gicos, socioecon\u00f3micos e hist\u00f3ricos desempe\u00f1an un papel en la salud de un individuo a lo largo de su vida. En nuestra investigaci\u00f3n, nos centramos en las exposiciones que comienzan en los primeros a\u00f1os de vida hasta la edad adulta. Tambi\u00e9n tenemos en cuenta la susceptibilidad gen\u00e9tica, que podr\u00eda potenciar las exposiciones ambientales y ocupacionales de un individuo para hacer m\u00e1s probable el desarrollo de la ERC. Encuentre m\u00e1s informaci\u00f3n sobre nuestras Hip\u00f3tesis y Estudios de Investigaci\u00f3n.<\/p>\n","protected":false},"excerpt":{"rendered":"<p>En las \u00faltimas d\u00e9cadas, se han observado tasas extraordinariamente altas de enfermedad renal cr\u00f3nica (ERC) en la costa del Pac\u00edfico de varios pa\u00edses centroamericanos, como Nicaragua, El Salvador, Guatemala y Costa Rica. Esta epidemia cada vez m\u00e1s reconocida de enfermedad renal, denominada por algunos investigadores como Nefropat\u00eda Mesoamericana (MeN por sus siglas en ingl\u00e9s) o [&hellip;]<\/p>\n","protected":false},"author":16935,"featured_media":0,"parent":0,"menu_order":1,"comment_status":"closed","ping_status":"closed","template":"","meta":[],"_links":{"self":[{"href":"https:\/\/sites.bu.edu\/buckdntresearch-es\/wp-json\/wp\/v2\/pages\/5"}],"collection":[{"href":"https:\/\/sites.bu.edu\/buckdntresearch-es\/wp-json\/wp\/v2\/pages"}],"about":[{"href":"https:\/\/sites.bu.edu\/buckdntresearch-es\/wp-json\/wp\/v2\/types\/page"}],"author":[{"embeddable":true,"href":"https:\/\/sites.bu.edu\/buckdntresearch-es\/wp-json\/wp\/v2\/users\/16935"}],"replies":[{"embeddable":true,"href":"https:\/\/sites.bu.edu\/buckdntresearch-es\/wp-json\/wp\/v2\/comments?post=5"}],"version-history":[{"count":15,"href":"https:\/\/sites.bu.edu\/buckdntresearch-es\/wp-json\/wp\/v2\/pages\/5\/revisions"}],"predecessor-version":[{"id":873,"href":"https:\/\/sites.bu.edu\/buckdntresearch-es\/wp-json\/wp\/v2\/pages\/5\/revisions\/873"}],"wp:attachment":[{"href":"https:\/\/sites.bu.edu\/buckdntresearch-es\/wp-json\/wp\/v2\/media?parent=5"}],"curies":[{"name":"wp","href":"https:\/\/api.w.org\/{rel}","templated":true}]}}