{"id":435,"date":"2021-12-03T15:49:40","date_gmt":"2021-12-03T20:49:40","guid":{"rendered":"https:\/\/sites.bu.edu\/buckdntresearch-es\/?page_id=435"},"modified":"2022-04-13T12:24:22","modified_gmt":"2022-04-13T16:24:22","slug":"case-control-study","status":"publish","type":"page","link":"https:\/\/sites.bu.edu\/buckdntresearch-es\/our-research\/genetics\/case-control-study\/","title":{"rendered":"Estudio de Casos y Controles"},"content":{"rendered":"<p><span data-contrast=\"auto\">Los objetivos del estudio gen\u00e9tico de casos y controles son:\u00a0<\/span><span data-ccp-props=\"{&quot;201341983&quot;:0,&quot;335559740&quot;:276}\">\u00a0<\/span><\/p>\n<p><span data-contrast=\"auto\"><strong>OBJETIVO 1)<\/strong> Llevar a cabo un estudio de asociaci\u00f3n del genoma completo (GWAS por sus siglas en ingl\u00e9s) de casos y controles de antiguos trabajadores de la ca\u00f1a de az\u00facar con ERC (casos) y compararlos con trabajadores sanos actuales (controles) de la misma comunidad que tienen exposiciones ambientales similares.<\/span><span data-ccp-props=\"{&quot;201341983&quot;:0,&quot;335559740&quot;:276}\">\u00a0<\/span><\/p>\n<p><span data-contrast=\"auto\"><strong>OBJETIVO 2)<\/strong> Estudiar las familias extensas para identificar las variantes gen\u00e9ticas que contribuyen a la ERCnt. Hemos recogido ADN e informaci\u00f3n cl\u00ednica detallada de la mayor\u00eda de los miembros afectados y muchos no afectados de 25 grandes familias multigeneracionales (n=300). Hemos descubierto que muchas de estas familias reclutadas de forma independiente est\u00e1n interrelacionadas.<\/span><span data-ccp-props=\"{&quot;201341983&quot;:0,&quot;335559740&quot;:276}\">\u00a0<\/span><\/p>\n<p><span data-contrast=\"auto\"><strong>OBJETIVO 3)<\/strong> Explorar los factores de riesgo gen\u00e9tico de la ERCnt en otras comunidades y ocupaciones. Aunque se describi\u00f3 originalmente en comunidades agr\u00edcolas, la ERCnt est\u00e1 m\u00e1s extendida de lo que se hab\u00eda reconocido anteriormente. Probaremos los alelos de riesgo descubiertos en el Objetivo 1 en tres grupos en los que ya hemos documentado altas tasas de ERC: en una comunidad minera, en ladrilleros y en una cohorte longitudinal prospectiva de ocupaciones mixtas. Tambi\u00e9n agruparemos estas tres poblaciones comunitarias en una cohorte para el descubrimiento de nuevos SNP con validaci\u00f3n en nuestro estudio de casos y controles de la ca\u00f1a de az\u00facar.\u00a0<\/span><span data-ccp-props=\"{&quot;201341983&quot;:0,&quot;335559740&quot;:276}\">\u00a0<\/span><\/p>\n<p><span data-contrast=\"auto\">Hasta la fecha, hemos recogido muestras de saliva de ADN de m\u00e1s de 1.000 participantes en el noroeste de Nicaragua. Analizamos estos datos gen\u00e9ticos a trav\u00e9s de estudios de asociaci\u00f3n de todo el genoma (GWAS por sus siglas en ingl\u00e9s), donde se identifican las diferencias gen\u00e9ticas entre los pacientes renales (casos) y los trabajadores sanos (controles). Son de inter\u00e9s los genes implicados en la capacidad del ri\u00f1\u00f3n para concentrar la orina, conservar el agua, regular el calor, eliminar toxinas y otras funciones importantes para la salud renal. Cuando se combinen con la informaci\u00f3n de otras actividades del estudio, estos datos ayudar\u00e1n a comprender qu\u00e9 exposiciones ambientales tienen m\u00e1s o menos probabilidades de estar implicadas en la aparici\u00f3n de la ERCnt en esta poblaci\u00f3n, y si la variaci\u00f3n gen\u00e9tica dentro de la poblaci\u00f3n es un factor que contribuye a la susceptibilidad de la enfermedad.<\/span><span data-ccp-props=\"{&quot;201341983&quot;:0,&quot;335559740&quot;:276}\">\u00a0<\/span><\/p>\n<p>&nbsp;<\/p>\n<hr \/>\n<p><span data-contrast=\"auto\"><strong>Financiaci\u00f3n:<\/strong> Este estudio est\u00e1 financiado por los Institutos Nacionales de Diabetes y Enfermedades Digestivas y Renales (NIDDK) R01 DK116021-01A1<\/span><span data-ccp-props=\"{&quot;201341983&quot;:0,&quot;335559740&quot;:276}\">\u00a0<\/span><\/p>\n<p><span data-contrast=\"auto\"><strong>Publicaciones:<\/strong> Ninguna hasta la fecha<\/span><span data-ccp-props=\"{&quot;201341983&quot;:0,&quot;335559740&quot;:276}\">\u00a0<\/span><\/p>\n","protected":false},"excerpt":{"rendered":"<p>Los objetivos del estudio gen\u00e9tico de casos y controles son:\u00a0\u00a0 OBJETIVO 1) Llevar a cabo un estudio de asociaci\u00f3n del genoma completo (GWAS por sus siglas en ingl\u00e9s) de casos y controles de antiguos trabajadores de la ca\u00f1a de az\u00facar con ERC (casos) y compararlos con trabajadores sanos actuales (controles) de la misma comunidad que [&hellip;]<\/p>\n","protected":false},"author":19802,"featured_media":0,"parent":54,"menu_order":1,"comment_status":"closed","ping_status":"closed","template":"","meta":[],"_links":{"self":[{"href":"https:\/\/sites.bu.edu\/buckdntresearch-es\/wp-json\/wp\/v2\/pages\/435"}],"collection":[{"href":"https:\/\/sites.bu.edu\/buckdntresearch-es\/wp-json\/wp\/v2\/pages"}],"about":[{"href":"https:\/\/sites.bu.edu\/buckdntresearch-es\/wp-json\/wp\/v2\/types\/page"}],"author":[{"embeddable":true,"href":"https:\/\/sites.bu.edu\/buckdntresearch-es\/wp-json\/wp\/v2\/users\/19802"}],"replies":[{"embeddable":true,"href":"https:\/\/sites.bu.edu\/buckdntresearch-es\/wp-json\/wp\/v2\/comments?post=435"}],"version-history":[{"count":10,"href":"https:\/\/sites.bu.edu\/buckdntresearch-es\/wp-json\/wp\/v2\/pages\/435\/revisions"}],"predecessor-version":[{"id":981,"href":"https:\/\/sites.bu.edu\/buckdntresearch-es\/wp-json\/wp\/v2\/pages\/435\/revisions\/981"}],"up":[{"embeddable":true,"href":"https:\/\/sites.bu.edu\/buckdntresearch-es\/wp-json\/wp\/v2\/pages\/54"}],"wp:attachment":[{"href":"https:\/\/sites.bu.edu\/buckdntresearch-es\/wp-json\/wp\/v2\/media?parent=435"}],"curies":[{"name":"wp","href":"https:\/\/api.w.org\/{rel}","templated":true}]}}