{"id":360,"date":"2021-12-01T12:19:39","date_gmt":"2021-12-01T17:19:39","guid":{"rendered":"https:\/\/sites.bu.edu\/buckdntresearch-es\/?page_id=360"},"modified":"2022-03-18T15:00:43","modified_gmt":"2022-03-18T19:00:43","slug":"cure-consortium","status":"publish","type":"page","link":"https:\/\/sites.bu.edu\/buckdntresearch-es\/our-research\/cure-consortium\/","title":{"rendered":"CURE Consorcio"},"content":{"rendered":"<p><span data-contrast=\"auto\">Los Institutos Nacionales de Salud (NIH por sus siglas en ingl\u00e9s) establecieron un Consorcio para la investigaci\u00f3n de la ERCnt en 2020. El Consorcio, Enfermedades Renales Cr\u00f3nicas de Etiolog\u00eda Desconocida (ERCnt) en Comunidades Agr\u00edcolas, conocido como CURE, est\u00e1 compuesto por tres subgrupos: 1) el Centro de Coordinaci\u00f3n de Datos Cient\u00edficos (SDCC), 2) los Sitios de Epidemiolog\u00eda de Campo (FES), y 3) el N\u00facleo de Ciencia Renal (RSC). Los sitios de epidemiolog\u00eda de campo (FES) estar\u00e1n ubicados en todas las regiones del mundo afectadas por la ERCnt. El Centro de Coordinaci\u00f3n de Datos Cient\u00edficos combinar\u00e1 los datos recogidos en los FES y el N\u00facleo Cient\u00edfico Renal analizar\u00e1 las muestras biol\u00f3gicas. Se trata de una emocionante oportunidad para combinar la potencia de m\u00faltiples estudios en todo el mundo para comprender mejor la etiolog\u00eda de la ERCnt.\u00a0<\/span><span data-ccp-props=\"{&quot;201341983&quot;:0,&quot;335559740&quot;:276}\">\u00a0<\/span><\/p>\n<p><span data-contrast=\"auto\">El Grupo de Investigaci\u00f3n de la Universidad de Boston para el Estudio de la Enfermedad Renal Cr\u00f3nica obtuvo subvenciones de los NIH para participar en cada uno de los subgrupos. La Dra. Scammell es la investigadora principal de un sitio de epidemiolog\u00eda de campo en El Salvador y Nicaragua, el Dr. Brooks es miembro del Centro de Coordinaci\u00f3n de Datos Cient\u00edficos y el Dr. Friedman es miembro del N\u00facleo de Ciencia Renal. Nuestro grupo de investigaci\u00f3n est\u00e1 actualmente muy involucrado en la planificaci\u00f3n del estudio CURE y est\u00e1 entusiasmado por comenzar el trabajo de campo en 2022.<\/span><\/p>\n","protected":false},"excerpt":{"rendered":"<p>Los Institutos Nacionales de Salud (NIH por sus siglas en ingl\u00e9s) establecieron un Consorcio para la investigaci\u00f3n de la ERCnt en 2020. El Consorcio, Enfermedades Renales Cr\u00f3nicas de Etiolog\u00eda Desconocida (ERCnt) en Comunidades Agr\u00edcolas, conocido como CURE, est\u00e1 compuesto por tres subgrupos: 1) el Centro de Coordinaci\u00f3n de Datos Cient\u00edficos (SDCC), 2) los Sitios de [&hellip;]<\/p>\n","protected":false},"author":19802,"featured_media":0,"parent":52,"menu_order":5,"comment_status":"closed","ping_status":"closed","template":"","meta":[],"_links":{"self":[{"href":"https:\/\/sites.bu.edu\/buckdntresearch-es\/wp-json\/wp\/v2\/pages\/360"}],"collection":[{"href":"https:\/\/sites.bu.edu\/buckdntresearch-es\/wp-json\/wp\/v2\/pages"}],"about":[{"href":"https:\/\/sites.bu.edu\/buckdntresearch-es\/wp-json\/wp\/v2\/types\/page"}],"author":[{"embeddable":true,"href":"https:\/\/sites.bu.edu\/buckdntresearch-es\/wp-json\/wp\/v2\/users\/19802"}],"replies":[{"embeddable":true,"href":"https:\/\/sites.bu.edu\/buckdntresearch-es\/wp-json\/wp\/v2\/comments?post=360"}],"version-history":[{"count":5,"href":"https:\/\/sites.bu.edu\/buckdntresearch-es\/wp-json\/wp\/v2\/pages\/360\/revisions"}],"predecessor-version":[{"id":908,"href":"https:\/\/sites.bu.edu\/buckdntresearch-es\/wp-json\/wp\/v2\/pages\/360\/revisions\/908"}],"up":[{"embeddable":true,"href":"https:\/\/sites.bu.edu\/buckdntresearch-es\/wp-json\/wp\/v2\/pages\/52"}],"wp:attachment":[{"href":"https:\/\/sites.bu.edu\/buckdntresearch-es\/wp-json\/wp\/v2\/media?parent=360"}],"curies":[{"name":"wp","href":"https:\/\/api.w.org\/{rel}","templated":true}]}}