{"id":138,"date":"2021-10-15T17:34:27","date_gmt":"2021-10-15T21:34:27","guid":{"rendered":"https:\/\/sites.bu.edu\/buckdntresearch-es\/?page_id=138"},"modified":"2022-03-18T15:02:46","modified_gmt":"2022-03-18T19:02:46","slug":"additional-studies","status":"publish","type":"page","link":"https:\/\/sites.bu.edu\/buckdntresearch-es\/our-research\/additional-studies\/","title":{"rendered":"Estudios Adicionales y Proyectos de Investigaci\u00f3n"},"content":{"rendered":"<h4><a href=\"https:\/\/sites.bu.edu\/buckdntresearch-es\/our-research\/additional-studies\/ckd-in-quezalguaque-nicaragua-2015-2017\/\">Estudio de seguimiento de la enfermedad renal cr\u00f3nica en Quezalguaque, Nicaragua: 2015-2017<\/a><\/h4>\n<hr \/>\n<h4><a href=\"https:\/\/sites.bu.edu\/buckdntresearch-es\/our-research\/additional-studies\/infectious-disease-and-mesoamercian-nephropathy-in-nicaragua-2017-2019\/\">Estudio de casos y controles de enfermedades infecciosas y nefropat\u00eda mesoamericana en Nicaragua: 2017-2019<\/a><\/h4>\n<hr \/>\n<h4><a href=\"https:\/\/sites.bu.edu\/buckdntresearch-es\/our-research\/additional-studies\/capacity-building-and-planning-for-research-collaborations-in-agriculture-and-informal-works-sectors-in-nicaragua-2014-2015\/\">Desarrollo de capacidades y planificaci\u00f3n de colaboraciones de investigaci\u00f3n en los sectores de agricultura y trabajos informales en Nicaragua: 2014-2015<\/a><\/h4>\n<hr \/>\n<h4><a href=\"https:\/\/sites.bu.edu\/buckdntresearch-es\/our-research\/additional-studies\/conference-support-2nd-international-workshop-on-epidemic-of-men-2015-2015\/\">Apoyo a conferencias: II Taller Internacional sobre la Epidemia de MeN: 2015-2015<\/a><\/h4>\n<hr \/>\n<h4><a href=\"https:\/\/sites.bu.edu\/buckdntresearch-es\/our-research\/additional-studies\/cao-process-dialogue-between-nsel-and-asochivida-busph-studies-2008-2012\/\">Proceso de CAO, di\u00e1logo entre NSEL y ASOCHIVIDA, estudios de BUSPH: 2008-2012<\/a><\/h4>\n<hr \/>\n<p>&nbsp;<\/p>\n","protected":false},"excerpt":{"rendered":"<p>Estudio de seguimiento de la enfermedad renal cr\u00f3nica en Quezalguaque, Nicaragua: 2015-2017 Estudio de casos y controles de enfermedades infecciosas y nefropat\u00eda mesoamericana en Nicaragua: 2017-2019 Desarrollo de capacidades y planificaci\u00f3n de colaboraciones de investigaci\u00f3n en los sectores de agricultura y trabajos informales en Nicaragua: 2014-2015 Apoyo a conferencias: II Taller Internacional sobre la Epidemia [&hellip;]<\/p>\n","protected":false},"author":19802,"featured_media":0,"parent":52,"menu_order":6,"comment_status":"closed","ping_status":"closed","template":"","meta":[],"_links":{"self":[{"href":"https:\/\/sites.bu.edu\/buckdntresearch-es\/wp-json\/wp\/v2\/pages\/138"}],"collection":[{"href":"https:\/\/sites.bu.edu\/buckdntresearch-es\/wp-json\/wp\/v2\/pages"}],"about":[{"href":"https:\/\/sites.bu.edu\/buckdntresearch-es\/wp-json\/wp\/v2\/types\/page"}],"author":[{"embeddable":true,"href":"https:\/\/sites.bu.edu\/buckdntresearch-es\/wp-json\/wp\/v2\/users\/19802"}],"replies":[{"embeddable":true,"href":"https:\/\/sites.bu.edu\/buckdntresearch-es\/wp-json\/wp\/v2\/comments?post=138"}],"version-history":[{"count":7,"href":"https:\/\/sites.bu.edu\/buckdntresearch-es\/wp-json\/wp\/v2\/pages\/138\/revisions"}],"predecessor-version":[{"id":910,"href":"https:\/\/sites.bu.edu\/buckdntresearch-es\/wp-json\/wp\/v2\/pages\/138\/revisions\/910"}],"up":[{"embeddable":true,"href":"https:\/\/sites.bu.edu\/buckdntresearch-es\/wp-json\/wp\/v2\/pages\/52"}],"wp:attachment":[{"href":"https:\/\/sites.bu.edu\/buckdntresearch-es\/wp-json\/wp\/v2\/media?parent=138"}],"curies":[{"name":"wp","href":"https:\/\/api.w.org\/{rel}","templated":true}]}}