{"id":16,"date":"2017-11-26T15:10:10","date_gmt":"2017-11-26T20:10:10","guid":{"rendered":"https:\/\/sites.bu.edu\/boas\/?page_id=16"},"modified":"2025-08-15T13:59:37","modified_gmt":"2025-08-15T17:59:37","slug":"people","status":"publish","type":"page","link":"https:\/\/sites.bu.edu\/boas\/people\/","title":{"rendered":"People"},"content":{"rendered":"<p><strong><a href=\"https:\/\/sites.bu.edu\/boas\/people\/faculty\/\">Faculty<\/a><\/strong><br \/>\nDavid Boas, PhD<br \/>\nXiaojun Cheng, PhD<br \/>\nMeryem Y\u00fccel, PhD<\/p>\n<p><strong><a href=\"https:\/\/sites.bu.edu\/boas\/people\/staff\/\">Staff<\/a><\/strong><br \/>\nJohn Jiang<br \/>\nParya Farzam<br \/>\nSreekanth Kura<br \/>\nBernhard Zimmermann, PhD (Senior Research Scientist)<br \/>\nAishwarya Veerkumar<br \/>\nEmily Long<\/p>\n<p><strong><a href=\"https:\/\/sites.bu.edu\/boas\/people\/postdocs\/\">Postdoctoral fellows<\/a><br \/>\n<\/strong>Miray Alt\u0131nkaynak, PhD<\/p>\n<p><strong><a href=\"https:\/\/sites.bu.edu\/boas\/people\/students\/\">Graduate students<\/a><br \/>\n<\/strong>Jessie Anderson<br \/>\nDe\u2019Ja Rogers<br \/>\nAnna Novoseltseva<br \/>\nSudan Duwadi<br \/>\nRockwell Tang<br \/>\nMatthew Simkulet<br \/>\nSung Ahn<br \/>\nLaura Carlton<br \/>\nTom Cheng<br \/>\n<span data-markjs=\"true\" class=\"outlook-search-highlight\">Sudan<\/span> Duwadi<br \/>\nAlexander Howard<br \/>\nMackenzie Hyman<br \/>\nShannon Kelley<br \/>\nAllen Zhou<br \/>\nAlexander Howard<\/p>\n<p><strong><a href=\"https:\/\/sites.bu.edu\/boas\/people\/alumni\/\">Alumni<\/a><\/strong><br \/>\nJuliette Selb, PhD (Staff)<br \/>\n\u015eefik Evren Erdener, MD, PhD (Postdoc)<br \/>\nShen Ning (PhD candidate)<br \/>\nCameron Snow (Ms candidate)<br \/>\nXinge Li (Staff)<br \/>\nBlaire Lee (staff)<br \/>\nNathan Perkins, PhD (Postdoc)<br \/>\nK\u0131v\u0131lc\u0131m K\u0131l\u0131\u00e7, MD, PhD (Staff)<br \/>\nChang Liu (MS Candidate)<br \/>\nAlexander von L\u00fchmann, PhD\u00a0(Postdoc)<br \/>\nSeong-Wook\u00a0(Sparky)\u00a0Park,\u00a0PhD (Staff)<br \/>\nDmitry Postnov, PhD\u00a0(Postdoc)<br \/>\nJianbo Tang, PhD(Postdoc)<br \/>\nSmrithi Sunil\u00a0(PhD candidate)<br \/>\nStephen Tucker (Staff)<br \/>\nAnderson Chen, PhD (Faculty)<br \/>\nJack Giblin (Graduate Student)<br \/>\nJairui Yang(Graduate Student)<br \/>\nYuanyuan Gao, (Postdoc)<br \/>\nAntonio Ortega Martinez (PhD candidate)<br \/>\nJay Dubb (Staff)<br \/>\nParisa Hajirahimi (Staff)<br \/>\nSamuel Montero Hernandez, PhD (Postdoc)<br \/>\nG\u00fclce K\u00fcreli, PhD (Postdoc)<br \/>\nBingxue Liu (PhD candidate)<br \/>\nDanyal Bhutto(PhD candidate)<br \/>\nStephan Chang(PhD candidate)<br \/>\nTony (Kuan-Cheng) Wu (PhD candidate)<br \/>\nSharvari Zilpelwar (PhD candidate)<br \/>\nMaria Iennaco (MS Student)<br \/>\nJoe O\u2019Brian (PhD candidate)<br \/>\nAyman Abdelhakeem (PhD candidate)<br \/>\nNikola Otic (PhD candidate)<br \/>\nByungchan Kim (Kenny)(PhD candidate)<\/p>\n<hr \/>\n<p><strong>Group Photo Archive<\/strong><\/p>\n<p><img loading=\"lazy\" src=\"\/boas\/files\/2023\/04\/Group_230410a-scaled.jpeg\" alt=\"\" width=\"696\" height=\"522\" class=\"wp-image-858 \" srcset=\"https:\/\/sites.bu.edu\/boas\/files\/2023\/04\/Group_230410a-scaled.jpeg 2560w, https:\/\/sites.bu.edu\/boas\/files\/2023\/04\/Group_230410a-636x477.jpeg 636w, https:\/\/sites.bu.edu\/boas\/files\/2023\/04\/Group_230410a-1024x768.jpeg 1024w, https:\/\/sites.bu.edu\/boas\/files\/2023\/04\/Group_230410a-768x576.jpeg 768w, https:\/\/sites.bu.edu\/boas\/files\/2023\/04\/Group_230410a-1536x1152.jpeg 1536w, https:\/\/sites.bu.edu\/boas\/files\/2023\/04\/Group_230410a-2048x1536.jpeg 2048w\" sizes=\"(max-width: 696px) 100vw, 696px\" \/><\/p>\n<p>April 2023<\/p>\n<p><img loading=\"lazy\" src=\"\/boas\/files\/2022\/06\/IMG_4838-scaled-e1655480455469-636x519.jpg\" alt=\"BOAS lab group photo 2022\" width=\"636\" height=\"519\" class=\"wp-image-784 size-medium alignnone\" srcset=\"https:\/\/sites.bu.edu\/boas\/files\/2022\/06\/IMG_4838-scaled-e1655480455469-636x519.jpg 636w, https:\/\/sites.bu.edu\/boas\/files\/2022\/06\/IMG_4838-scaled-e1655480455469-1024x836.jpg 1024w, https:\/\/sites.bu.edu\/boas\/files\/2022\/06\/IMG_4838-scaled-e1655480455469-768x627.jpg 768w, https:\/\/sites.bu.edu\/boas\/files\/2022\/06\/IMG_4838-scaled-e1655480455469-1536x1254.jpg 1536w, https:\/\/sites.bu.edu\/boas\/files\/2022\/06\/IMG_4838-scaled-e1655480455469-2048x1671.jpg 2048w\" sizes=\"(max-width: 636px) 100vw, 636px\" \/><\/p>\n<p>July 2021<\/p>\n<p>&nbsp;<\/p>\n<p>July 2020\u00a0<img loading=\"lazy\" src=\"\/boas\/files\/2020\/09\/BoasGroup_200925c-636x332.png\" alt=\"\" width=\"636\" height=\"332\" class=\"alignnone size-medium wp-image-642\" srcset=\"https:\/\/sites.bu.edu\/boas\/files\/2020\/09\/BoasGroup_200925c-636x332.png 636w, https:\/\/sites.bu.edu\/boas\/files\/2020\/09\/BoasGroup_200925c-1024x535.png 1024w, https:\/\/sites.bu.edu\/boas\/files\/2020\/09\/BoasGroup_200925c-768x401.png 768w, https:\/\/sites.bu.edu\/boas\/files\/2020\/09\/BoasGroup_200925c-1536x802.png 1536w, https:\/\/sites.bu.edu\/boas\/files\/2020\/09\/BoasGroup_200925c-2048x1069.png 2048w\" sizes=\"(max-width: 636px) 100vw, 636px\" \/><\/p>\n<p>July 2019<img loading=\"lazy\" src=\"\/boas\/files\/2019\/06\/Group-Photo-June-2019-e1561751737728-636x335.jpg\" alt=\"\" width=\"636\" height=\"335\" class=\"alignnone size-medium wp-image-469\" srcset=\"https:\/\/sites.bu.edu\/boas\/files\/2019\/06\/Group-Photo-June-2019-e1561751737728-636x335.jpg 636w, https:\/\/sites.bu.edu\/boas\/files\/2019\/06\/Group-Photo-June-2019-e1561751737728-768x405.jpg 768w, https:\/\/sites.bu.edu\/boas\/files\/2019\/06\/Group-Photo-June-2019-e1561751737728-1024x540.jpg 1024w\" sizes=\"(max-width: 636px) 100vw, 636px\" \/><\/p>\n<p>July 2018<img loading=\"lazy\" src=\"\/boas\/files\/2018\/07\/Group-Photo-July-2018-636x353.png\" alt=\"\" width=\"636\" height=\"353\" class=\"alignnone size-medium wp-image-278\" srcset=\"https:\/\/sites.bu.edu\/boas\/files\/2018\/07\/Group-Photo-July-2018-636x353.png 636w, https:\/\/sites.bu.edu\/boas\/files\/2018\/07\/Group-Photo-July-2018-768x426.png 768w, https:\/\/sites.bu.edu\/boas\/files\/2018\/07\/Group-Photo-July-2018-1024x568.png 1024w, https:\/\/sites.bu.edu\/boas\/files\/2018\/07\/Group-Photo-July-2018.png 1634w\" sizes=\"(max-width: 636px) 100vw, 636px\" \/><\/p>\n<p>Dec 2017<img loading=\"lazy\" src=\"\/boas\/files\/2018\/07\/Group-Photo-Dec-2017-636x273.png\" alt=\"\" width=\"636\" height=\"273\" class=\"alignnone size-medium wp-image-280\" srcset=\"https:\/\/sites.bu.edu\/boas\/files\/2018\/07\/Group-Photo-Dec-2017-636x273.png 636w, https:\/\/sites.bu.edu\/boas\/files\/2018\/07\/Group-Photo-Dec-2017-768x329.png 768w, https:\/\/sites.bu.edu\/boas\/files\/2018\/07\/Group-Photo-Dec-2017-1024x439.png 1024w, https:\/\/sites.bu.edu\/boas\/files\/2018\/07\/Group-Photo-Dec-2017.png 1274w\" sizes=\"(max-width: 636px) 100vw, 636px\" \/><\/p>\n","protected":false},"excerpt":{"rendered":"<p>Faculty David Boas, PhD Xiaojun Cheng, PhD Meryem Y\u00fccel, PhD Staff John Jiang Parya Farzam Sreekanth Kura Bernhard Zimmermann, PhD (Senior Research Scientist) Aishwarya Veerkumar Emily Long Postdoctoral fellows Miray Alt\u0131nkaynak, PhD Graduate students Jessie Anderson De\u2019Ja Rogers Anna Novoseltseva Sudan Duwadi Rockwell Tang Matthew Simkulet Sung Ahn Laura Carlton Tom Cheng Sudan Duwadi Alexander [&hellip;]<\/p>\n","protected":false},"author":13261,"featured_media":0,"parent":0,"menu_order":3,"comment_status":"closed","ping_status":"closed","template":"","meta":[],"_links":{"self":[{"href":"https:\/\/sites.bu.edu\/boas\/wp-json\/wp\/v2\/pages\/16"}],"collection":[{"href":"https:\/\/sites.bu.edu\/boas\/wp-json\/wp\/v2\/pages"}],"about":[{"href":"https:\/\/sites.bu.edu\/boas\/wp-json\/wp\/v2\/types\/page"}],"author":[{"embeddable":true,"href":"https:\/\/sites.bu.edu\/boas\/wp-json\/wp\/v2\/users\/13261"}],"replies":[{"embeddable":true,"href":"https:\/\/sites.bu.edu\/boas\/wp-json\/wp\/v2\/comments?post=16"}],"version-history":[{"count":50,"href":"https:\/\/sites.bu.edu\/boas\/wp-json\/wp\/v2\/pages\/16\/revisions"}],"predecessor-version":[{"id":1094,"href":"https:\/\/sites.bu.edu\/boas\/wp-json\/wp\/v2\/pages\/16\/revisions\/1094"}],"wp:attachment":[{"href":"https:\/\/sites.bu.edu\/boas\/wp-json\/wp\/v2\/media?parent=16"}],"curies":[{"name":"wp","href":"https:\/\/api.w.org\/{rel}","templated":true}]}}