{"id":93,"date":"2024-09-04T16:48:53","date_gmt":"2024-09-04T20:48:53","guid":{"rendered":"https:\/\/sites.bu.edu\/biocontrol\/?page_id=93"},"modified":"2026-03-17T11:08:56","modified_gmt":"2026-03-17T15:08:56","slug":"apply","status":"publish","type":"page","link":"https:\/\/sites.bu.edu\/biocontrol\/apply\/","title":{"rendered":"Applications are Open!"},"content":{"rendered":"<p><img loading=\"lazy\" src=\"\/biocontrol\/files\/2024\/10\/BU_BiologicalFeedbackControl_Icon-Only_Color-150x150.png\" alt=\"Green and blue butterfly logo only\" width=\"150\" height=\"150\" class=\"alignleft size-thumbnail wp-image-195\" \/><\/p>\n<h2>Eligibility<\/h2>\n<p>The NRT program is open to all Boston University PhD students in the areas of engineering, natural sciences, physical sciences, health sciences, and data science. The program is designed to begin in the second (or third) year of a student\u2019s PhD and generally, we expect students to take \u201cIntroduction to Biological Feedback Control\u201d in the spring semester of the first year of their PhD as a prerequisite for applying to the NRT. However, we understand that some PhD programs make it difficult for students to fit non-required courses into their schedules during the first year. In this case, accepted Trainees would be expected to take the course in the following spring semester. If you are applying from one of these PhD programs, please explain this in your personal statement. <span>Eligible students in their first year may be in the process of completing their required lab rotations and should be prepared to develop a research proposal describing the general area\/project of interest.<\/span><\/p>\n<p>For more information, you may register for one of our upcoming information sessions:<\/p>\n<p style=\"text-align: center;\"><a href=\"https:\/\/docs.google.com\/forms\/d\/e\/1FAIpQLSfsBBBgxiGlkFGMw-u6nvBSCQ74YD4ZUrajrJY1rifgOwTqvg\/viewform?usp=publish-editor\" target=\"_blank\" rel=\"noopener\">March 17 @2:00pm (in person)<\/a><\/p>\n<p style=\"text-align: center;\"><a href=\"https:\/\/bostonu.zoom.us\/meeting\/register\/FzcSnouqQ0K43FDhcz-rOA\" target=\"_blank\" rel=\"noopener\">March 18 @1:00pm (Zoom)<\/a><\/p>\n<ul><\/ul>\n<h2>Applying<\/h2>\n<p><a href=\"https:\/\/docs.google.com\/forms\/d\/e\/1FAIpQLSdVf0-cTVzz4uIW3o8PVLPN6TGGSCPzYz5bUlUsbCayruOfKQ\/viewform?usp=header\" target=\"_blank\" rel=\"noopener noreferrer\">Applications<\/a> for Fall 2026 are now open! Applicants will need to submit:<\/p>\n<ul>\n<li>One document (one page total) that includes a personal statement about your background and why you are interested in this program (~0.5 pages), and that proposes a research project of interest to you that incorporates biological feedback control, for example, by extending a project idea you worked on in a rotation or based on the research direction of the lab you have joined or are planning to join (~0.5 pages).<\/li>\n<li><span jsslot=\"\">A current r\u00e9sum\u00e9 or CV (see more about writing r\u00e9sum\u00e9s and CVs <a href=\"https:\/\/careers.bu.edu\/channels\/resumes-and-cover-letters\/\" target=\"_blank\" rel=\"noopener noreferrer\">here<\/a>).<br \/>\n<\/span><\/li>\n<li><span jsslot=\"\">A letter of recommendation from a faculty member in your department, ideally your advisor, to be sent directly from the faculty member to me: <a href=\"mailto:gdreese@bu.edu\">gdreese@bu.edu<\/a>.<\/span><\/li>\n<li>Applications are due <strong>April 17, 2026<\/strong>.<\/li>\n<\/ul>\n<p>You don\u2019t need to be a Trainee to participate in many of the NRT Program activities! Please email <a href=\"mailto:biofc@bu.edu\">biofc@bu.edu<\/a> to be added to the mailing list and you\u2019ll get advanced notice about upcoming events.<\/p>\n<p>&nbsp;<\/p>\n<p style=\"text-align: center;\">With support from:<\/p>\n<p><a href=\"https:\/\/www.bu.edu\/mechanobiology\/\"><img loading=\"lazy\" src=\"\/biocontrol\/files\/2024\/12\/CMTMlogo-copy.png\" alt=\"CMTM logo\" width=\"315\" height=\"137\" class=\"size-full wp-image-357 aligncenter\" \/><\/a><\/p>\n<p style=\"text-align: center;\">NSF DGE #2244366<\/p>\n<p><a href=\"https:\/\/new.nsf.gov\/funding\/opportunities\/us-national-science-foundation-research-traineeship-program\"><img loading=\"lazy\" src=\"\/biocontrol\/files\/2024\/10\/NSF-copy-150x150.png\" alt=\"NSF logo\" width=\"150\" height=\"150\" class=\"size-thumbnail wp-image-243 aligncenter\" \/><\/a><\/p>\n<p>&nbsp;<\/p>\n","protected":false},"excerpt":{"rendered":"<p>Eligibility The NRT program is open to all Boston University PhD students in the areas of engineering, natural sciences, physical sciences, health sciences, and data science. The program is designed to begin in the second (or third) year of a student\u2019s PhD and generally, we expect students to take \u201cIntroduction to Biological Feedback Control\u201d in [&hellip;]<\/p>\n","protected":false},"author":23576,"featured_media":0,"parent":0,"menu_order":5,"comment_status":"closed","ping_status":"closed","template":"","meta":[],"_links":{"self":[{"href":"https:\/\/sites.bu.edu\/biocontrol\/wp-json\/wp\/v2\/pages\/93"}],"collection":[{"href":"https:\/\/sites.bu.edu\/biocontrol\/wp-json\/wp\/v2\/pages"}],"about":[{"href":"https:\/\/sites.bu.edu\/biocontrol\/wp-json\/wp\/v2\/types\/page"}],"author":[{"embeddable":true,"href":"https:\/\/sites.bu.edu\/biocontrol\/wp-json\/wp\/v2\/users\/23576"}],"replies":[{"embeddable":true,"href":"https:\/\/sites.bu.edu\/biocontrol\/wp-json\/wp\/v2\/comments?post=93"}],"version-history":[{"count":35,"href":"https:\/\/sites.bu.edu\/biocontrol\/wp-json\/wp\/v2\/pages\/93\/revisions"}],"predecessor-version":[{"id":459,"href":"https:\/\/sites.bu.edu\/biocontrol\/wp-json\/wp\/v2\/pages\/93\/revisions\/459"}],"wp:attachment":[{"href":"https:\/\/sites.bu.edu\/biocontrol\/wp-json\/wp\/v2\/media?parent=93"}],"curies":[{"name":"wp","href":"https:\/\/api.w.org\/{rel}","templated":true}]}}