{"id":141,"date":"2024-02-06T14:37:52","date_gmt":"2024-02-06T19:37:52","guid":{"rendered":"https:\/\/sites.bu.edu\/baislab\/?page_id=141"},"modified":"2025-05-11T20:24:42","modified_gmt":"2025-05-12T00:24:42","slug":"news-highlights","status":"publish","type":"page","link":"https:\/\/sites.bu.edu\/baislab\/news-highlights\/","title":{"rendered":"News &#038; Highlights"},"content":{"rendered":"<p>&gt; Epigenetics Breakthrough: Oral Cancer Treatment Advances. Mirage News <a href=\"https:\/\/www.miragenews.com\/epigenetics-breakthrough-oral-cancer-treatment-1456133\/\">Link<\/a><\/p>\n<p>&gt; New insights into oral cancer progression and treatment \u2013 RawNews. Raw News Health <a href=\"https:\/\/rawnews.com\/new-insights-into-oral-cancer-progression-and-treatment\/\">Link<\/a><\/p>\n<p>&gt; Unlocking Epigenetics: Breakthrough Insights into Oral Cancer Progression and Therapies. ScienMag <a href=\"https:\/\/scienmag.com\/unlocking-epigenetics-breakthrough-insights-into-oral-cancer-progression-and-therapies\/\">Link<\/a>\u00a0 Bioengineer.org <a href=\"https:\/\/bioengineer.org\/unlocking-epigenetics-breakthrough-insights-into-oral-cancer-progression-and-therapies\/\">Link<\/a><\/p>\n<p>&gt; Novas id\u00e9ias sobre a progress\u00e3o e tratamento do c\u00e2ncer bucal. PortalEnf Comunidade de Sa\u00fade <a href=\"https:\/\/portalenf.com\/2025\/05\/novas-ideias-sobre-a-progressao-e-tratamento-do-cancer-bucal\/\">Link<\/a><\/p>\n<p>&gt; Targeting epigenetics: new insights into oral cancer progression and treatment. MedicalXpress <a href=\"https:\/\/medicalxpress.com\/news\/2025-05-epigenetics-insights-oral-cancer-treatment.html\">Link<\/a>\u00a0 Newswise <a href=\"https:\/\/www.newswise.com\/articles\/targeting-epigenetics-new-insights-into-oral-cancer-progression-and-treatment\">Link<\/a>\u00a0 \u00a0EurekAlert! <a href=\"https:\/\/www.eurekalert.org\/news-releases\/1082943\">Link<\/a>\u00a0 eCancer <a href=\"https:\/\/ecancer.org\/en\/news\/26446-targeting-epigenetics-new-insights-into-oral-cancer-progression-and-treatment\">link<\/a><\/p>\n<p>&gt; Dr. Manish Bais has been promoted to <strong><em>Associate Professor<\/em><\/strong> from February 2024.<\/p>\n<p class=\"text-extra-large line-low my-2\" style=\"text-align: justify;\"><em>&gt; &#8220;Could blocking or deleting a protein help prevent common oral cancers?&#8221;\u00a0 \u00a0<\/em>MedicalXpress <a href=\"https:\/\/medicalxpress.com\/news\/2022-04-blocking-deleting-protein-common-oral.html\">Link<\/a>\u00a0 \u00a0The Dentist <a href=\"https:\/\/www.the-dentist.co.uk\/content\/news\/could-blocking-or-deleting-a-protein-help-prevent-common-oral-cancers\/\">Link<\/a>\u00a0 \u00a0EurekAlert! <a href=\"https:\/\/www.eurekalert.org\/multimedia\/931874\">Link<\/a><\/p>\n","protected":false},"excerpt":{"rendered":"<p>&gt; Epigenetics Breakthrough: Oral Cancer Treatment Advances. Mirage News Link &gt; New insights into oral cancer progression and treatment \u2013 RawNews. Raw News Health Link &gt; Unlocking Epigenetics: Breakthrough Insights into Oral Cancer Progression and Therapies. ScienMag Link\u00a0 Bioengineer.org Link &gt; Novas id\u00e9ias sobre a progress\u00e3o e tratamento do c\u00e2ncer bucal. PortalEnf Comunidade de Sa\u00fade [&hellip;]<\/p>\n","protected":false},"author":23297,"featured_media":0,"parent":0,"menu_order":0,"comment_status":"closed","ping_status":"closed","template":"","meta":[],"_links":{"self":[{"href":"https:\/\/sites.bu.edu\/baislab\/wp-json\/wp\/v2\/pages\/141"}],"collection":[{"href":"https:\/\/sites.bu.edu\/baislab\/wp-json\/wp\/v2\/pages"}],"about":[{"href":"https:\/\/sites.bu.edu\/baislab\/wp-json\/wp\/v2\/types\/page"}],"author":[{"embeddable":true,"href":"https:\/\/sites.bu.edu\/baislab\/wp-json\/wp\/v2\/users\/23297"}],"replies":[{"embeddable":true,"href":"https:\/\/sites.bu.edu\/baislab\/wp-json\/wp\/v2\/comments?post=141"}],"version-history":[{"count":14,"href":"https:\/\/sites.bu.edu\/baislab\/wp-json\/wp\/v2\/pages\/141\/revisions"}],"predecessor-version":[{"id":199,"href":"https:\/\/sites.bu.edu\/baislab\/wp-json\/wp\/v2\/pages\/141\/revisions\/199"}],"wp:attachment":[{"href":"https:\/\/sites.bu.edu\/baislab\/wp-json\/wp\/v2\/media?parent=141"}],"curies":[{"name":"wp","href":"https:\/\/api.w.org\/{rel}","templated":true}]}}