{"id":19,"date":"2019-01-10T13:06:34","date_gmt":"2019-01-10T17:06:34","guid":{"rendered":"https:\/\/sites.bu.edu\/astrangia\/?page_id=19"},"modified":"2025-07-16T08:42:58","modified_gmt":"2025-07-16T12:42:58","slug":"temperate-coral-publications","status":"publish","type":"page","link":"https:\/\/sites.bu.edu\/astrangia\/temperate-coral-publications\/","title":{"rendered":"Temperate Coral Publications"},"content":{"rendered":"<h1>This page is no longer being maintained. Please bookmark our new page at <a href=\"https:\/\/sites.tufts.edu\/astrangia\/\"><strong>https:\/\/sites.tufts.edu\/astrangia\/<\/strong><\/a><\/h1>\n<h6><strong>We ask that if your paper was inspired by the Temperate Coral Research Conference (or former <em>Astrangia<\/em> Research Workshops) that you please add the following text to the acknowledgements section of your paper. This helps us to generate support and resources to keep our conference going and growing. Thank you!<\/strong><\/h6>\n<h6><strong><span style=\"text-decoration: underline;\">Acknowledgement clause for authors:<\/span> &#8220;The authors extend appreciation to the Temperate Coral Research Conferences hosted by Roger Williams University, Boston University, and Southern Connecticut State University for fostering creative conversations and collaborations leading to this work.&#8221;<\/strong><\/h6>\n<p>Holliman, D. K., B.A. Logan, J.S. Reblin, J.H. Baumann. 2025. Population differentiation of thermal physiology in the temperate coral Astrangia poculata. 2025. Journal of Experimental Marine Biology and Ecology (590): 152114 <a href=\"https:\/\/doi.org\/10.1016\/j.jembe.2025.152114\">https:\/\/doi.org\/10.1016\/j.jembe.2025.152114<\/a><\/p>\n<p>Warner, J.F., R. Besemer, A. Schickle, E. Borbee, I. V. Changsut, K. Sharp, and L.S. Babonis. 2025. Microinjection, gene knockdown, and CRISPR-mediated gene knock-in in the hard coral, <em>Astrangia poculata<\/em>. <em>EvoDevo<\/em>. <a href=\"https:\/\/doi.org\/10.1186\/s13227-025-00243-9\">https:\/\/doi.org\/10.1186\/s13227-025-00243-9<\/a><\/p>\n<p><span>Ianniello C, Beery G, Chen TH, Deyle E, Heiger-Bernays W, Motter I, McAlister JS,\u00a0<\/span><span>Rotjan RD.<\/span><span>\u00a02025. Stress in the City: Disentangling multi-stressor events on an urbanized coral in a changing ocean.<\/span><span>\u00a0<\/span><i>M<\/i><i>arine Pollution Bulletin 216 (2025): 117918.<\/i><a href=\"https:\/\/doi.org\/10.1016\/j.marpolbul.2025.117918\">https:\/\/doi.org\/10.1016\/j.marpolbul.2025.117918<\/a><\/p>\n<p>Sheffey, HL., DJ Barshis, AB Bochdansky, and FC Dobbs. 2025. Do microplastics, <em>Vibrio<\/em> bacteria, and warming water temperatures impact the health and physiology of the Northern Star Coral, <em>Astrangia poculata<\/em>? <em>Marine Pollution Bulletin 217 (2025): 118066<\/em> <a href=\"https:\/\/doi.org\/10.1016\/j.marpolbul.2025.118066\">https:\/\/doi.org\/10.1016\/j.marpolbul.2025.118066<\/a><\/p>\n<p><span>Stankiewicz, K.H., Guiglielmoni, N., Kitchen, S.A., Flot, J.F., Barott, K.L., Davies, S.W., Finnerty, J.R., Grace, S.P., Kaufman, L.S., Putnam, H.M. and Rotjan, R.D., 2025. Genomic comparison of the temperate coral\u00a0<em>Astrangia poculata<\/em>\u00a0with tropical corals yields insights into winter quiescence, innate immunity, and sexual reproduction.\u00a0<\/span><i>G3: Genes, Genomes, Genetics<\/i><span>, p.jkaf033.\u00a0<a href=\"https:\/\/academic.oup.com\/g3journal\/advance-article\/doi\/10.1093\/g3journal\/jkaf033\/8020610\">https:\/\/academic.oup.com\/g3journal\/advance-article\/doi\/10.1093\/g3journal\/jkaf033\/8020610<\/a><\/span><\/p>\n<p><span>Lindsay, T., Dunster, W. and Prada, C., 2025. Macroalgae and Light Availability Modulate the Distribution of the Temperate Coral <em>Astrangia poculata<\/em>.\u00a0<\/span><i>Marine Ecology<\/i><span>,\u00a0<\/span><i>46<\/i><span>(1), p.e70001. <a href=\"https:\/\/onlinelibrary.wiley.com\/doi\/10.1111\/maec.70001?af=R\">https:\/\/onlinelibrary.wiley.com\/doi\/10.1111\/maec.70001?af=R<\/a><\/span><\/p>\n<p><span>Ashey, J., Putnam, H.M. and McManus, M.C., 2025. Guided by the northern star coral: a research synthesis and roadmap for <em>Astrangia poculata<\/em>.\u00a0<\/span><i>Biology Letters<\/i><span>,\u00a0<\/span><i>21<\/i><span>(3), p.20240469. <a href=\"https:\/\/royalsocietypublishing.org\/doi\/10.1098\/rsbl.2024.0469\">https:\/\/royalsocietypublishing.org\/doi\/10.1098\/rsbl.2024.0469<\/a><\/span><\/p>\n<p><span>Villafranca, N., Changsut, I., Diaz de Villegas, S.C., Womack, H.R. and Fuess, L.E., 2023. Characterization of trade-offs between immunity and reproduction in <em>Astrangia poculata<\/em>.\u00a0<\/span><i>bioRxiv<\/i><span>, pp.2023-07.<\/span><\/p>\n<p><span>Holliman, D.K., 2023. Effects of Origin Environment and Temperature Acclimation on the Temperate Coral <em>Astrangia poculata<\/em>.<\/span><\/p>\n<p><span>Fleming, C.G., Muller, E., McAlister, J.S. and Rotjan, R.D., 2023, February. Building a Dynamic Energy Budget for the northern star coral <em>Astrangia poculata<\/em>: modeling and parameterizing facultative symbioses. In\u00a0<\/span><i>Integrative and Comparative Biology<\/i><span> (Vol. 62, pp. S96-S96). Oxford University Press\u00a0<\/span><\/p>\n<p><span>Navarro, K., 2023. Host and symbiont-specific patterns of gene expression in response to cold stress in the temperate coral <em>Astrangia poculat<\/em>a.<\/span><\/p>\n<p><span>Beans, C., 2023. Are microplastics spreading infectious disease?.\u00a0<\/span><i>Proceedings of the National Academy of Sciences<\/i><span>,\u00a0<\/span><i>120<\/i><span>(31), p.e2311253120.<\/span><\/p>\n<p><span>Puntin, G, Sweet, M, Fraune, S, Medina, M,\u00a0<\/span>Sharp, KH<span>, Weis, VM, and M Ziegler. 2022. Harnessing the power of model organisms to unravel microbial functions in the coral holobiont.\u00a0<\/span><em>Microbiology and Molecular Biology Reviews<\/em><span> e00053-00022.<\/span><\/p>\n<p><span>Woosley, N., 2022.\u00a0<\/span><i>The Effects of Time, Depth, and Orientation on the Fluorescence of the Symbiont Breviolum psygmophilum in Astrangia poculata<\/i><span>. Southern Connecticut State University.<\/span><\/p>\n<p><span>Glass, B., Ashey, J., Okongwu, A., Putnam, H. and Barott, K., 2022. Characterization of a sperm motility signaling pathway in a gonochoric coral suggests conservation across sexual systems.\u00a0<\/span><i>bioRxiv<\/i><span>, pp.2022-12.<\/span><\/p>\n<p><span>Harman, T.E., Barshis, D.J., Salas, B.H., Hamsher, S.E. and Strychar, K.B., 2022. Indications of symbiotic state influencing melanin-synthesis immune response in the facultative coral <em>Astrangia poculata<\/em>.\u00a0<\/span><i>Diseases of Aquatic Organisms<\/i><span>,\u00a0<\/span><i>151<\/i><span>, pp.63-74.<\/span><\/p>\n<p><span>Sharp, K., Apprill, A. and Brown, A., 2022. Reshuffling of the Coral Microbiome during Dormancy.\u00a0<\/span><i>Applied and Environmental Microbiology<\/i><span>,\u00a0<\/span><i>88<\/i><span>(23).<\/span><\/p>\n<p><span>Ball, A., 2022. Characterization of The Northern Star Coral (<em>Astrangia poculata<\/em>) Behavioral and Physiological Response to Microplastics.<\/span><\/p>\n<p><span>Changsut, I., Womack, H.R., Shickle, A., Sharp, K.H. and Fuess, L.E., 2022. Variation in symbiont density is linked to changes in constitutive immunity in the facultatively symbiotic coral, Astrangia poculata.\u00a0<\/span><i>Biology Letters<\/i><span>,\u00a0<\/span><i>18<\/i><span>(11), p.20220273.<\/span><\/p>\n<p><span>Trumbauer, W., Grace, S.P. and Rodrigues, L.J., 2022. Seasonal variation in the bioaccumulation of potentially toxic metals in the tissues of Astrangia poculata in the northeastern United States.\u00a0<\/span><i>Marine Pollution Bulletin<\/i><span>,\u00a0<\/span><i>174<\/i><span>, p.113180.<\/span><\/p>\n<p><span>Dellaert, Z., Vargas, P.A., La Riviere, P.J. and Roberson, L.M., 2022. Uncovering the effects of symbiosis and temperature on coral calcification.\u00a0<\/span><i>The Biological Bulletin<\/i><span>,\u00a0<\/span><i>242<\/i><span>(1), pp.62-73.<\/span><\/p>\n<p><span>Speroff, S.M., 2022.\u00a0<\/span><i>Stressed out in a changed world: investigating the strength of the temperate coral response to acute and chronic anthropogenic stress<\/i><span> (Masters thesis, Boston University).<\/span><\/p>\n<p><span>Stankiewicz, K., 2022. Coral biology and evolution through the lens of genomics and population genetics.<\/span><\/p>\n<p><span>Wuitchik, D.M., Almanzar, A., Benson, B.E., Brennan, S., Chavez, J.D., Liesegang, M.B., Reavis, J.L., Reyes, C.L., Schniedewind, M.K., Trumble, I.F. and Davies, S.W., 2021. Characterizing environmental stress responses of aposymbiotic <em>Astrangia poculata<\/em> to divergent thermal challenges.\u00a0<\/span><i>Molecular Ecology<\/i><span>. <a href=\"https:\/\/doi.org\/10.1111\/mec.16108\">https:\/\/doi.org\/10.1111\/mec.16108<\/a><\/span><\/p>\n<p>Trumbauer, W, Grace, SP, and LJ Rodrigues. 2021. Physiological seasonality in the symbiont and host of the northern star coral, <em>Astrangia poculata<\/em>. <a href=\"https:\/\/scholar.google.com\/scholar?oi=bibs&amp;cluster=8443336116192696872&amp;btnI=1&amp;hl=en\">Coral Reefs 40: <span>1155\u20131166\u00a0<\/span>.<\/a><\/p>\n<p><span>DiRoberts, L.E., A. Dudek, N.E. Ray, R.W. Fulweiler, and R.D. Rotjan. 2021.\u00a0<\/span><a href=\"https:\/\/www.int-res.com\/articles\/meps_oa\/m670p061.pdf\">Testing assumptions of nitrogen cycling between a temperate, model coral host and its facultative symbiont: symbiotic contributions to dissolved inorganic nitrogen assimilation.<\/a><span>\u00a0Marine Ecology Progress Series 670: 61-74.\u00a0<\/span><a href=\"https:\/\/www.int-res.com\/articles\/meps_oa\/m670p061.pdf\">https:\/\/doi.org\/10.3354\/meps13731<\/a><\/p>\n<p><span>Bent SM, Miller CA,\u00a0Sharp KH, Hansel CM, Apprill A. 2021. Differential patterns of microbiota recovery in symbiotic and aposymbiotic corals following antibiotic disturbance.\u00a0<a href=\"https:\/\/pubmed.ncbi.nlm.nih.gov\/33850041\/\" target=\"_blank\" rel=\"noopener noreferrer\"><em>mSystems<\/em>.\u00a0e01086-20.<\/a><\/span><\/p>\n<p>Sweet, M, Villela, H, Keller-Costa, T, Costa, R, Romano, S, Bourne, D, Cardenas, A, Huggett, M, Kerwin, A, Kuek, F, Medina, M, Meyer, J, M\u00fcller, M, Pollock, J, Rappe, M, S\u00e9r\u00e9, M,\u00a0Sharp, KH, \u00a0Voolstra, C,\u00a0Zaccardi, N*, Ziegler, M, and R. Peixoto. 2021. Insights into the cultured bacterial fraction of corals.\u00a0<a href=\"https:\/\/journals.asm.org\/doi\/10.1128\/mSystems.01249-20\" target=\"_blank\" rel=\"noopener noreferrer\"><em>mSystems<\/em>\u00a0e01249-20R1<\/a>.<\/p>\n<p>Aichelman, H.E. and D.J. Barshis. 2020. <a href=\"https:\/\/peerj.com\/articles\/10201\/\">Adaptive divergence, neutral panmixia, and algal symbiont population structure in the temperate coral Astrangia poculata along the Mid-Atlantic United States. <\/a><span itemprop=\"isPartOf\" itemscope=\"itemscope\" itemtype=\"http:\/\/schema.org\/PublicationVolume\"><em><span class=\"self-citation-journal\" itemprop=\"isPartOf\" itemscope=\"itemscope\" itemtype=\"http:\/\/schema.org\/Periodical\"><span itemprop=\"name\">PeerJ<\/span><\/span>\u00a0<\/em><span class=\"self-citation-volume\" itemprop=\"volumeNumber\">8<\/span><\/span><span>:<\/span><span class=\"self-citation-elocation\" itemprop=\"pageStart\">e10201<\/span><span>\u00a0<\/span><a href=\"https:\/\/doi.org\/10.7717\/peerj.10201\" itemprop=\"url\">https:\/\/doi.org\/10.7717\/peerj.10201<\/a><\/p>\n<p>Rotjan, R.D., K.H. Sharp, A.E. Gauthier, R. Yelton, E. Baron Lopez, J. Carilli, J.C. Kagan, and J. Urban-Rich. 2019. <a href=\"https:\/\/royalsocietypublishing.org\/doi\/10.1098\/rspb.2019.0726\">Patterns, dynamics and consequences of microplastic ingestion by the temperate coral, <em>Astrangia poculata<\/em><\/a>.\u00a0<em>Proceedings of the Royal Society B\u00a0<\/em>286 (1905).<\/p>\n<p>Goldsmith, D., Pratte, A., Kellogg, C., Snader, S., Sharp, K. 2019. <a href=\"http:\/\/www.aimspress.com\/fileOther\/PDF\/microbiology\/microbiol-05-01-062.pdf\">Stability of temperate coral\u00a0<em>Astrangia poculata<\/em> microbiome is reflected across different sequencing methodologies.<\/a>\u00a0<em>AIMS Microbiology\u00a0<\/em>5(1): 62-76.<\/p>\n<p>Aichelman, H., Zimmerman, R., Barshis, D. 2019.\u00a0<a href=\"http:\/\/jeb.biologists.org\/content\/early\/2019\/02\/02\/jeb.189225.abstract?casa_token=rt1ZQS9X9d4AAAAA:H-a3xSZjYTjl7oZnfVjbZ-Os-CknbaDUR4taqZnn0uCotfupkQeRGK8AaQqSy-RMC0h4itz6wg\">Adaptive signatures in thermal performance of the temperate coral Astrangia poculata (Ellis &amp; Solander, 1786)<\/a>.\u00a0<em>Journal of Experimental Biology.\u00a0<\/em><\/p>\n<p>Grace, S.P.\u00a0<span>and B. Patrizzi. 2018.\u00a0Presence of the northern star coral (<i>Astrangia poculata<\/i>) as\u00a0an epibiont on the carapace of the spider crab\u00a0<i>Libinia emarginata<\/i>\u00a0in the\u00a0central Long\u00a0Island Sound, USA.\u00a0<em>Reef Encounter<\/em>. 33:54-55.<\/span><\/p>\n<p>Burmester, E., A. Breef-Pilz, N. Lawrence, L. Kaufman, J. Finnerty, and\u00a0R. Rotjan. 2018.\u00a0<a href=\"https:\/\/onlinelibrary.wiley.com\/doi\/10.1002\/ece3.4531\">The impact of autotrophic versus heterotrophic nutritional pathways on colony health and wound recovery in corals.<\/a>\u00a0<em>Ecology and Evolution<\/em>\u00a000:1-12.<\/p>\n<p>Sharp, K.H., Z.A. Pratte, A.H. Kerwin,\u00a0R.D. Rotjan, and F.J. Stewart. 2017.\u00a0<a href=\"https:\/\/microbiomejournal.biomedcentral.com\/articles\/10.1186\/s40168-017-0329-8\">Season, but not symbiont state, drives microbiome structure in the temperate coral\u00a0<em>Astrangia poculata<\/em><\/a>.\u00a0<em>Microbiome 5(120): 1-14.<\/em><\/p>\n<p>Grace, S. 2017.\u00a0<a href=\"https:\/\/bioone.org\/journals\/Northeastern-Naturalist\/volume-24\/issue-sp7\/045.024.s715\/Winter-Quiescence-Growth-Rate-and-the-Release-from-Competition-in\/10.1656\/045.024.s715.short\">Winter Quiescence, Growth Rate, and the Release from Competition in the Temperate Scleractinian Coral Astrangia poculata (Ellis &amp; Solander 1786)<\/a>.\u00a0<em>Northeastern Naturalist. 24(7).<\/em><\/p>\n<p>Burmester EM, Finnerty JR, Kaufman L,\u00a0Rotjan RD. 2017.\u00a0<a href=\"http:\/\/www.int-res.com\/abstracts\/meps\/v570\/p87-99\">Temperature and symbiosis affect lesion recovery in experimentally wounded, facultative symbiotic temperate corals<\/a>.\u00a0<em>Marine Ecology Progress Series<\/em>\u00a0570: 87-99.<\/p>\n<p>DeFilippo, L., EM Burmester, L Kaufman, and\u00a0RD Rotjan. 2016.\u00a0<a href=\"https:\/\/www.researchgate.net\/publication\/301758906_Patterns_of_surface_lesion_recovery_in_the_Northern_Star_Coral_Astrangia_poculata\">Patterns of surface lesion recovery in the northern star coral,\u00a0<em>Astrangia poculata<\/em><\/a>.\u00a0<em>Journal of Experimental Marine Biology and Ecology<\/em>. 481: 15-24.<\/p>\n<p>Perrault, Justin &amp; Muller, E &amp; Hall, Emily &amp; Rotjan, Randi. 2015. <a href=\"https:\/\/www.researchgate.net\/publication\/274566320_Presence_of_the_northern_star_coral_Astrangia_poculata_as_an_epibiont_on_the_carapace_of_a_nesting_loggerhead_turtle_Caretta_caretta_in_the_western_Gulf_of_Mexico_USA\">Presence of the northern star coral (<em>Astrangia poculata<\/em>) as an epibiont on the carapace of a nesting loggerhead turtle (<i>Caretta caretta<\/i>) in the western Gulf of Mexico, USA<\/a>. <em>Reef Encounter<\/em>. 30(46).<\/p>\n<p>Dimond, JL, AH Kerwin,\u00a0RD Rotjan, K Sharp, FJ Stewart, and DJ Thornhill. 2013.\u00a0<a href=\"https:\/\/link.springer.com\/article\/10.1007%2Fs00338-012-0983-z?LI=true\">A simple temperature-based model predicts the upper latitudinal limit of the temperate coral\u00a0<\/a><em>Astrangia poculata.\u00a0Coral Reefs\u00a0<\/em>32(2): 401-409 .<\/p>\n","protected":false},"excerpt":{"rendered":"<p>This page is no longer being maintained. Please bookmark our new page at https:\/\/sites.tufts.edu\/astrangia\/ We ask that if your paper was inspired by the Temperate Coral Research Conference (or former Astrangia Research Workshops) that you please add the following text to the acknowledgements section of your paper. This helps us to generate support and resources [&hellip;]<\/p>\n","protected":false},"author":14599,"featured_media":0,"parent":0,"menu_order":5,"comment_status":"closed","ping_status":"closed","template":"page-templates\/no-sidebars.php","meta":[],"_links":{"self":[{"href":"https:\/\/sites.bu.edu\/astrangia\/wp-json\/wp\/v2\/pages\/19"}],"collection":[{"href":"https:\/\/sites.bu.edu\/astrangia\/wp-json\/wp\/v2\/pages"}],"about":[{"href":"https:\/\/sites.bu.edu\/astrangia\/wp-json\/wp\/v2\/types\/page"}],"author":[{"embeddable":true,"href":"https:\/\/sites.bu.edu\/astrangia\/wp-json\/wp\/v2\/users\/14599"}],"replies":[{"embeddable":true,"href":"https:\/\/sites.bu.edu\/astrangia\/wp-json\/wp\/v2\/comments?post=19"}],"version-history":[{"count":51,"href":"https:\/\/sites.bu.edu\/astrangia\/wp-json\/wp\/v2\/pages\/19\/revisions"}],"predecessor-version":[{"id":433,"href":"https:\/\/sites.bu.edu\/astrangia\/wp-json\/wp\/v2\/pages\/19\/revisions\/433"}],"wp:attachment":[{"href":"https:\/\/sites.bu.edu\/astrangia\/wp-json\/wp\/v2\/media?parent=19"}],"curies":[{"name":"wp","href":"https:\/\/api.w.org\/{rel}","templated":true}]}}