{"id":357,"date":"2023-04-11T22:11:58","date_gmt":"2023-04-12T02:11:58","guid":{"rendered":"https:\/\/sites.bu.edu\/artichoke\/?page_id=357"},"modified":"2024-06-21T00:03:46","modified_gmt":"2024-06-21T04:03:46","slug":"about-us-2","status":"publish","type":"page","link":"https:\/\/sites.bu.edu\/artichoke\/about-us\/about-us-2\/","title":{"rendered":"About us"},"content":{"rendered":"<p>&nbsp;<\/p>\n<p style=\"text-align: center;\">Some of us are faculty members at different North American institutions of higher education who work on various aspects of Ottoman and Turkish language and literature. Some of us write poetry, prose or travel literature or work with manuscripts. We all share a love of Ottoman,\u00a0 Turkish and Turkic languages and literatures.<\/p>\n<p>&nbsp;<\/p>\n<hr \/>\n<p>&nbsp;<\/p>\n<p>&nbsp;<\/p>\n<p><img loading=\"lazy\" src=\"\/artichoke\/files\/2023\/04\/Screen-Shot-2023-04-12-at-12.31.29-PM-512x636.png\" alt=\"Image of Roberta Micallef\" width=\"160\" height=\"199\" class=\"wp-image-413 alignleft\" srcset=\"https:\/\/sites.bu.edu\/artichoke\/files\/2023\/04\/Screen-Shot-2023-04-12-at-12.31.29-PM-512x636.png 512w, https:\/\/sites.bu.edu\/artichoke\/files\/2023\/04\/Screen-Shot-2023-04-12-at-12.31.29-PM-768x954.png 768w, https:\/\/sites.bu.edu\/artichoke\/files\/2023\/04\/Screen-Shot-2023-04-12-at-12.31.29-PM.png 824w\" sizes=\"(max-width: 160px) 100vw, 160px\" \/><\/p>\n<p style=\"padding-left: 200px;\"><strong>Roberta Micallef<\/strong> is Professor of the Practice in the Department of World Languages and Literatures at Boston University where she teaches courses on Turkish language and literature, contemporary Middle Eastern Literature and Cinema, as well as Travel Literature. She is part of the BU MFA in literary translation steering committee. Roberta is also an active member of the Turkish language teaching community. She has served as the Executive Secretary and the President of the American Association of Teachers of Turkic Languages. Her professional and personal interests intersect in travel. She is one of the founding members of the BU Travel Studies Group\u00a0which has been active since 2007. Roberta is the co-editor of their first volume: On the Wonders of Land and Sea Persianate Travel Writing (2013) and editor of Illusion and Disillusionment Travel Writing in the Modern Age (2018), their second volume. She contributed a chapter titled, \u201cLady Craven and Ladies of the Ottoman Empire: When Travel Doesn\u2019t Enlighten\u201d to the third volume: Worlds of Knowledge in Women\u2019s Travel Writing (2022). The research group is in the process of preparing its fourth volume for publication. When Roberta isn\u2019t teaching or working on research projects or hanging out with her family, she is most likely traveling to places near and far.<\/p>\n<p>&nbsp;<\/p>\n<hr \/>\n<p>&nbsp;<\/p>\n<p>&nbsp;<\/p>\n<p><img loading=\"lazy\" src=\"\/artichoke\/files\/2023\/04\/Screen-Shot-2023-04-12-at-12.34.07-PM-e1718941022588.png\" alt=\"Image of Efe Murar Bal\u0131k\u00e7\u0131o\u011flu\" width=\"160\" height=\"213\" class=\"wp-image-416 alignleft\" \/><\/p>\n<p style=\"padding-left: 200px;\"><strong>Efe Murat Bal\u0131k\u00e7\u0131o\u011flu <\/strong>is a scholar of classical and post-classical Islamic intellectual history He holds A.M. and Ph.D. degrees in History and Islamic Studies from Harvard University. Dr. Bal\u0131k\u00e7\u0131o\u011flu is an anthologized poet, and has published several volumes of poetry and poetry translations in Turkey, under the pseudonym Efe Murad, including the first complete translation of Ezra Pound\u2019s Cantos in Turkish, as well as volumes by American poets Susan Howe, Lyn Hejinian, and C.K. Williams. His poems, writings, and translations in English have appeared in a wide range of journals, including Guernica, Five Points, Jacket2, Two Lines, The Critical Flame, Denver Quarterly, Talisman, and The<br \/>\nAmerican Reader, and in exhibitions including the 13th Istanbul Biennale. A recipient of \u201cMeral Divit\u00e7i Prize for Turkish Poetry in Translation\u201d together with poet Sidney Wade, he prepared a selection from the \u0153uvres of the Turkish modernist poet Melih Cevdet Anday under the title Silent Stones (Talisman Press, 2017). His poetry has been translated into English, Dutch, and Persian.<\/p>\n<p>&nbsp;<\/p>\n<hr \/>\n<p>&nbsp;<\/p>\n<p>&nbsp;<\/p>\n<p><img loading=\"lazy\" src=\"\/artichoke\/files\/2023\/04\/Screen-Shot-2023-04-11-at-9.27.46-PM-475x636.png\" alt=\"Image of Nil\u00fcfer Hatemi\" width=\"160\" height=\"214\" class=\"wp-image-414 alignleft\" srcset=\"https:\/\/sites.bu.edu\/artichoke\/files\/2023\/04\/Screen-Shot-2023-04-11-at-9.27.46-PM-475x636.png 475w, https:\/\/sites.bu.edu\/artichoke\/files\/2023\/04\/Screen-Shot-2023-04-11-at-9.27.46-PM-500x667.png 500w, https:\/\/sites.bu.edu\/artichoke\/files\/2023\/04\/Screen-Shot-2023-04-11-at-9.27.46-PM.png 530w\" sizes=\"(max-width: 160px) 100vw, 160px\" \/><\/p>\n<p style=\"padding-left: 160px;\"><strong><\/strong><\/p>\n<p style=\"padding-left: 200px;\"><strong>Nil\u00fcfer Hatemi<\/strong> received her PhD (\u201cUnfolding a Life: Marshal Fevzi \u00c7akmak\u2019s Diaries\u201d) in Near Eastern Studies from Princeton University in 2000 and worked as an assistant professor at Yeditepe and Kadir Has Universities, Istanbul, Turkey. At Princeton, she teaches courses on Turkish and Ottoman language and literature (some of which are: TUR 305, \u201cAdvanced Turkish: Selected Readings in Historical and Literary Texts,\u201d TUR 424, \u201cTurkish Language in Translation: from \u00d6mer Seyfettin to Orhan Pamuk,\u201d and NES 504, \u201cIntroduction to Ottoman Turkish\u201d).<\/p>\n<p>&nbsp;<\/p>\n<p>&nbsp;<\/p>\n<hr \/>\n<p>&nbsp;<\/p>\n<p>&nbsp;<\/p>\n<p><img loading=\"lazy\" src=\"\/artichoke\/files\/2023\/04\/Screen-Shot-2023-04-11-at-9.55.58-PM.png\" alt=\"Image of translator Esra \u00d6zdemir\" width=\"160\" height=\"206\" class=\"wp-image-415 alignleft\" \/><\/p>\n<p style=\"padding-left: 80px;\"><strong><\/strong><\/p>\n<p style=\"padding-left: 200px;\"><strong>Esra \u00d6zdemir<\/strong> is the Turkish language coordinator and instructor at Brown University. She received her PhD in Teaching English as a Second or Foreign Language from Istanbul University. In addition to being an avid reader and traveller, she is also an active member of the American Association of Teachers of Turkic Languages.<\/p>\n<p>&nbsp;<\/p>\n<p>&nbsp;<\/p>\n<p>&nbsp;<\/p>\n<p>&nbsp;<\/p>\n<hr \/>\n<p>&nbsp;<\/p>\n<p style=\"padding-left: 200px;\"><strong>Eleanor\u00a0(Nell)\u00a0Wright <\/strong>is a writer and translator from New Jersey. She holds a BA in Near Eastern Studies from Princeton University, where she focused on contemporary Turkish literature, and an MFA in creative writing (poetry) from NYU. She has lived and taught in Nuuk, Greenland and in Tatarstan, Russia, and she currently does both in New York. Her poems appear in\u00a0<em>The New Yorker<\/em>,\u00a0<em>The Yale Review<\/em>,\u00a0<em>The Iowa Review<\/em>, and elsewhere, and she serves as poetry editor for the journal\u00a0<em>American Chordata<\/em>.<\/p>\n<p>&nbsp;<\/p>\n<hr \/>\n<p>&nbsp;<\/p>\n","protected":false},"excerpt":{"rendered":"<p>&nbsp; Some of us are faculty members at different North American institutions of higher education who work on various aspects of Ottoman and Turkish language and literature. Some of us write poetry, prose or travel literature or work with manuscripts. We all share a love of Ottoman,\u00a0 Turkish and Turkic languages and literatures. &nbsp; &nbsp; [&hellip;]<\/p>\n","protected":false},"author":2718,"featured_media":0,"parent":25,"menu_order":1,"comment_status":"closed","ping_status":"closed","template":"","meta":[],"_links":{"self":[{"href":"https:\/\/sites.bu.edu\/artichoke\/wp-json\/wp\/v2\/pages\/357"}],"collection":[{"href":"https:\/\/sites.bu.edu\/artichoke\/wp-json\/wp\/v2\/pages"}],"about":[{"href":"https:\/\/sites.bu.edu\/artichoke\/wp-json\/wp\/v2\/types\/page"}],"author":[{"embeddable":true,"href":"https:\/\/sites.bu.edu\/artichoke\/wp-json\/wp\/v2\/users\/2718"}],"replies":[{"embeddable":true,"href":"https:\/\/sites.bu.edu\/artichoke\/wp-json\/wp\/v2\/comments?post=357"}],"version-history":[{"count":26,"href":"https:\/\/sites.bu.edu\/artichoke\/wp-json\/wp\/v2\/pages\/357\/revisions"}],"predecessor-version":[{"id":1353,"href":"https:\/\/sites.bu.edu\/artichoke\/wp-json\/wp\/v2\/pages\/357\/revisions\/1353"}],"up":[{"embeddable":true,"href":"https:\/\/sites.bu.edu\/artichoke\/wp-json\/wp\/v2\/pages\/25"}],"wp:attachment":[{"href":"https:\/\/sites.bu.edu\/artichoke\/wp-json\/wp\/v2\/media?parent=357"}],"curies":[{"name":"wp","href":"https:\/\/api.w.org\/{rel}","templated":true}]}}