{"id":277,"date":"2023-04-03T21:41:18","date_gmt":"2023-04-04T01:41:18","guid":{"rendered":"https:\/\/sites.bu.edu\/artichoke\/?page_id=277"},"modified":"2024-08-06T21:23:33","modified_gmt":"2024-08-07T01:23:33","slug":"about-the-translators","status":"publish","type":"page","link":"https:\/\/sites.bu.edu\/artichoke\/about-us\/about-the-translators\/","title":{"rendered":"About the Translators"},"content":{"rendered":"<h4>Helga Anetshofer<\/h4>\n<p>Helga Anetshofer teaches Ottoman and modern Turkish at the University of Chicago. She obtained her doctorate degree in Ottoman and Turkish Studies from the University of Vienna in 2001. Her expertise is in Old Anatolian Turkish and early Ottoman language and literature. She has published on Old Anatolian Turkish morphosyntax, lexicology, and etymology, and topics in Women\u2019s and Gender Studies. She contributed various entries on Turkish word formation to vols. 1\u20132 of Andreas Tietze\u2019s Historical and Etymological Dictionary of Turkish (Tarihi ve Etimolojik T\u00fcrkiye T\u00fcrk\u00e7esi Lugat\u0131, 2002, 2009); and has been working as a consultant for Turkic Languages for the Oxford English Dictionary since 2014. Recently, she has published selected translation examples from Ottoman literature in The Ottoman World: A Cultural History Reader, 1450\u20131700 (co-edited with Hakan T. Karateke, 2021).<\/p>\n<h4>Ceyhun Arlsan<\/h4>\n<p>C. Ceyhun Arslan is Assistant Professor of Comparative Literature at Ko\u00e7 University, Turkey. He received his PhD in Near Eastern Languages and Civilizations (with secondary fields in Comparative Literature and Studies of Women, Gender, and Sexuality). His main research interests are Arabic and Turkish literatures, Mediterranean studies, and literary theory. His peer-reviewed articles have appeared in various journals, such as Journal of Arabic Literature, Comparative Literature Studies, and Middle Eastern Literatures. He also has forthcoming book chapters in Sea of Literatures: Towards a Theory of Mediterranean Literature and The Routledge Companion to Arabic Poetry. His monograph, The Ottoman Canon and the Construction of Arabic and Turkish Literatures, is forthcoming from Edinburgh University Press. Mr. Arslan has recently been awarded the Georg Forster Fellowship for Experienced Researchers from the Alexander von Humboldt Foundation of Germany.<\/p>\n<h4>William Blair<\/h4>\n<p><span>William M. Blair has an M.A. in Near Eastern Studies from Princeton University, where he has worked the last thirty-five years in various capacities, including as lecturer in NES, Turkish bibliographer, Turkish and Ottoman print and manuscript cataloger, editor, and member of the NES administrative staff. His research interests include nineteenth-century Ottoman naval history, technology transfer, Ottoman bibliography, and German World War I propaganda in the Muslim world.<\/span><\/p>\n<h4>Evrim Emir-Sayers<\/h4>\n<p><span>Evrim Emir-Sayers\u00a0is a philosophy scholar who researches, teaches, writes, edits, and translates\u00a0out of Paris, France. She is a co-founder and core faculty member of the Paris Institute for Critical\u00a0Thinking (PICT).<\/span><\/p>\n<h4>Selen Erdo\u011fan<\/h4>\n<p>Selen Erdogan is a visiting scholar at Harvard University, The Center for Middle Eastern Studies. She received her Ph.D. in Turkish Language and Literature from Bogazici University in 2021 with a dissertation titled Writing from the Closet: Bilge Karasu\u2019s Queer Modernism. Her work examines how Bilge Karasu\u2019s fiction contributes to queer theory by transgressing the heterosexual matrix and Karasu\u2019s dialogue with significant works of modernism. She spent the 2018-19 academic year in the United States as a Fulbright Researcher at the University of Pennsylvania\u2019s Comparative Literature Department. Since 2015 she has taught Turkish modernism and queer literature courses at Bogazici, Sabanci, and Kadir Has Universities. She published articles, book chapters, essays, and reviews in journals, including New Perspectives on Turkey, Journal of Ottoman and Turkish Studies Association, Bir+Bir, and Notos. Her research interests include modern Middle Eastern literatures, women\u2019s writing and life narratives, comparative modernisms, gender and sexuality, queer theory.<\/p>\n<h4>Murat Nemet-Nejat<\/h4>\n<p><span>A talented writer and translator, was born in Istanbul. He studied literature at\u00a0<\/span><span>Amherst College\u00a0and\u00a0Columbia University\u00a0in the United States after graduating from\u00a0Robert College\u00a0in Istanbul, Turkey. Since\u00a01959<\/span><span>, he has made the United States his home.\u00a0 Nemet-Nejat is known for editing \u201cEda: An Anthology of Contemporary Turkish Poetry\u201d and translating works by renowned Turkish poets like\u00a0<\/span><span>Ece Ayhan\u00a0and\u00a0Orhan Veli<\/span><span>\u00a0for English-speaking audiences. His essays explore topics ranging from Istanbul\u2019s possibilities to reflections on photography. In addition to his literary contributions, Nemet-Nejat writes evocative poetry, including pieces like \u201cRooster Street\u201d and \u201cA 13th Century Dream.\u201d Currently, he is immersed in translating\u00a0<\/span><span>Seyhan Eroz\u00e7elik\u2019s<\/span><span>\u00a0\u201cRose Strikes and Coffee Grinds\u201d while also working on his own long poem, \u201cStructure of Escape.\u201d<\/span><\/p>\n<p><strong>Mehtap Ozdemir<\/strong><\/p>\n<p><span>Mehtap Ozdemir is an assistant professor of Comparative Literature at Emory University. She completed her PhD in Comparative Literature at the University of Massachusetts-Amherst (2022). Prior to joining the faculty at Emory in 2024, she was a postdoctoral research fellow at the University of Bologna. Mehtap Ozdemir\u2019s research focuses on translation, ethics, and secularization in Middle Eastern comparative modernities.<\/span><\/p>\n<h4>David Selim Sayers<\/h4>\n<p><span>David Selim Sayers\u00a0is a scholar of Ottoman and Turkish Studies with a focus on history and\u00a0literature. He is a co-founder and core faculty member of the Paris Institute for Critical Thinking\u00a0(PICT).<\/span><\/p>\n<h4>Alp Eren Topal<\/h4>\n<div dir=\"auto\"><span data-markjs=\"true\" class=\"markft0nypwcj\" data-ogac=\"\" data-ogab=\"\" data-ogsc=\"\" data-ogsb=\"\">Alp<\/span><span>\u00a0<\/span><span data-markjs=\"true\" class=\"markekjs7o9r7\" data-ogac=\"\" data-ogab=\"\" data-ogsc=\"\" data-ogsb=\"\"><span data-markjs=\"true\" class=\"marknxbnrpt1e\" data-ogac=\"\" data-ogab=\"\" data-ogsc=\"\" data-ogsb=\"\">Er<\/span>en<\/span><span>\u00a0<\/span><span data-markjs=\"true\" class=\"markwmsyvhrg2\" data-ogac=\"\" data-ogab=\"\" data-ogsc=\"\" data-ogsb=\"\">Topal<\/span>, PhD is an intellectual historian of the late Ottoman Empire and modernTurkey with a focus on the history of key social and political concepts. He received his degree in Political Science from Bilkent University in 2017 with his dissertation on the conceptual history of Ottoman reform.<span>\u00a0<\/span><span data-markjs=\"true\" class=\"markwmsyvhrg2\" data-ogac=\"\" data-ogab=\"\" data-ogsc=\"\" data-ogsb=\"\">Topal<\/span><span>\u00a0<\/span>has published extensively on questions of modernization, secularization, temporality, and religion and politics. His current research projects include a monograph on Ottoman state transformation titled <i>Ottoman Restoration: Religion, Politics, and Life in the Third Empire<\/i><span>\u00a0<\/span>and a critical edition of <i>Tanzir-i Telemak<\/i>, a unique manuscript on political philosophy from 1870s.<\/div>\n<h4 dir=\"auto\">Ahmet Yusuf Y\u00fcksek<\/h4>\n<p dir=\"auto\">Ahmet Yusuf Y\u00fcksek is a PhD candidate in the joint PhD program in History and Middle Eastern and Islamic Studies at New York University. His research interests include the religio-political and social history of the Ottoman Empire. He is a recipient of the Ottoman and Turkish Studies Association\u2019s 2019 Sidney N. Fisher Graduate Paper Prize for his article titled \u201cSufis and Sufi Lodges in Istanbul in the Late Nineteenth Century: A Spatial Inquiry,\u201d which was later published in the Journal of Urban History in 2021. Yusuf is also deeply engaged in digital humanities scholarship. Before joining NYU in 2019, he worked as a research assistant on two digital humanities projects for three years in Istanbul, Turkey, and St. Andrews, Scotland. He participated in the Polonsky Foundation-NYU Digital Humanities Internship Program during the summer of 2020 and has served as a contributor for Ottoman Studies at<span>\u00a0<\/span><a href=\"https:\/\/digitalorientalist.com\/\">The Digital Orientalist<\/a><span>\u00a0<\/span>and as an editor<span>\u00a0<\/span><a href=\"https:\/\/www.digitalottomanstudies.com\/\">Digital Ottoman Studies<\/a>.<\/p>\n<h1><\/h1>\n<h4><strong>Nil\u00fcfer Hatemi<\/strong><span>\u00a0\u2013 See about us page<\/span><\/h4>\n<h4>Roberta Micallef<span>\u00a0 \u2013 See about us page<\/span><\/h4>\n<h4>Burcu Karahan <span>\u2013 <a href=\"https:\/\/dlcl.stanford.edu\/people\/burcu-karahan\">See Burcu Karahan\u2019s Faculty Page<\/a><\/span><\/h4>\n<p>&nbsp;<\/p>\n<p><img loading=\"lazy\" src=\"\/artichoke\/files\/2024\/05\/50639760263_a2387842a6_c-473x636.jpg\" alt=\"\" width=\"473\" height=\"636\" class=\"size-medium wp-image-921 aligncenter\" srcset=\"https:\/\/sites.bu.edu\/artichoke\/files\/2024\/05\/50639760263_a2387842a6_c-473x636.jpg 473w, https:\/\/sites.bu.edu\/artichoke\/files\/2024\/05\/50639760263_a2387842a6_c.jpg 595w\" sizes=\"(max-width: 473px) 100vw, 473px\" \/><\/p>\n","protected":false},"excerpt":{"rendered":"<p>Helga Anetshofer Helga Anetshofer teaches Ottoman and modern Turkish at the University of Chicago. She obtained her doctorate degree in Ottoman and Turkish Studies from the University of Vienna in 2001. Her expertise is in Old Anatolian Turkish and early Ottoman language and literature. She has published on Old Anatolian Turkish morphosyntax, lexicology, and etymology, [&hellip;]<\/p>\n","protected":false},"author":2718,"featured_media":0,"parent":25,"menu_order":3,"comment_status":"closed","ping_status":"closed","template":"","meta":[],"_links":{"self":[{"href":"https:\/\/sites.bu.edu\/artichoke\/wp-json\/wp\/v2\/pages\/277"}],"collection":[{"href":"https:\/\/sites.bu.edu\/artichoke\/wp-json\/wp\/v2\/pages"}],"about":[{"href":"https:\/\/sites.bu.edu\/artichoke\/wp-json\/wp\/v2\/types\/page"}],"author":[{"embeddable":true,"href":"https:\/\/sites.bu.edu\/artichoke\/wp-json\/wp\/v2\/users\/2718"}],"replies":[{"embeddable":true,"href":"https:\/\/sites.bu.edu\/artichoke\/wp-json\/wp\/v2\/comments?post=277"}],"version-history":[{"count":43,"href":"https:\/\/sites.bu.edu\/artichoke\/wp-json\/wp\/v2\/pages\/277\/revisions"}],"predecessor-version":[{"id":1517,"href":"https:\/\/sites.bu.edu\/artichoke\/wp-json\/wp\/v2\/pages\/277\/revisions\/1517"}],"up":[{"embeddable":true,"href":"https:\/\/sites.bu.edu\/artichoke\/wp-json\/wp\/v2\/pages\/25"}],"wp:attachment":[{"href":"https:\/\/sites.bu.edu\/artichoke\/wp-json\/wp\/v2\/media?parent=277"}],"curies":[{"name":"wp","href":"https:\/\/api.w.org\/{rel}","templated":true}]}}