{"id":31,"date":"2020-01-24T17:17:23","date_gmt":"2020-01-24T22:17:23","guid":{"rendered":"https:\/\/sites.bu.edu\/american-egypt\/?page_id=31"},"modified":"2020-02-19T20:55:47","modified_gmt":"2020-02-20T01:55:47","slug":"calendario","status":"publish","type":"page","link":"https:\/\/sites.bu.edu\/american-egypt\/calendario\/","title":{"rendered":"Calendario"},"content":{"rendered":"<div class=\"container\" id=\"md-title-container\">\n<div class=\"row\" id=\"md-title-row\">\n<div id=\"md-title\" class=\"col-md-12\">\n<div class=\"page-header\"><\/div>\n<\/div>\n<\/div>\n<\/div>\n<div class=\"container\" id=\"md-content-container\">\n<div class=\"row\" id=\"md-content-row\">\n<div id=\"md-content\" class=\"col-md-12\">\n<table class=\"table table-bordered\">\n<thead>\n<tr>\n<th align=\"left\">Fecha<\/th>\n<th align=\"left\">Lecturas<\/th>\n<th align=\"left\">Notas<\/th>\n<\/tr>\n<\/thead>\n<tbody>\n<tr>\n<td align=\"left\">Enero 22<\/td>\n<td align=\"left\">Presentaci\u00f3n<\/td>\n<td align=\"left\"><\/td>\n<\/tr>\n<tr>\n<td align=\"left\">Enero 29<\/td>\n<td align=\"left\">I. Miller &amp; Mor\u00e1n Turina<\/td>\n<td align=\"left\"><\/td>\n<\/tr>\n<tr>\n<td align=\"left\">Febrero 5<\/td>\n<td align=\"left\">II. Geraldini &amp; Grafton<\/td>\n<td align=\"left\"><\/td>\n<\/tr>\n<tr>\n<td align=\"left\">Febrero 12<\/td>\n<td align=\"left\">III. Pan\u00e9, Botta &amp; Ostapkowicz<\/td>\n<td align=\"left\"><\/td>\n<\/tr>\n<tr>\n<td align=\"left\">Febrero 19<\/td>\n<td align=\"left\">IV. D\u00edaz, Le\u00f3n C\u00e1zares &amp; Pillsbury<\/td>\n<td align=\"left\"><\/td>\n<\/tr>\n<tr>\n<td align=\"left\">Febrero 26<\/td>\n<td align=\"left\">V. Las Casas, Farago &amp; Russo<\/td>\n<td align=\"left\"><\/td>\n<\/tr>\n<tr>\n<td align=\"left\">Marzo 2<del><br \/>\n<\/del><\/td>\n<td align=\"left\">VI. Tovar, Acosta, Schnapp<\/td>\n<td align=\"left\">Clase cambiada al lunes 2<\/td>\n<\/tr>\n<tr>\n<td align=\"left\">Marzo 11<\/td>\n<td align=\"left\"><strong>No hay clase<\/strong><\/td>\n<td align=\"left\"><\/td>\n<\/tr>\n<tr>\n<td align=\"left\">Marzo 18<\/td>\n<td align=\"left\">VII. Sig\u00fcenza y G\u00f3ngora, Moore &amp; K\u00fcgelgen<\/td>\n<td align=\"left\"><\/td>\n<\/tr>\n<tr>\n<td align=\"left\">Marzo 25<\/td>\n<td align=\"left\">VIII. Vico, Boturini, \u00d8denmark &amp; Casta\u00f1eda de la Paz<\/td>\n<td align=\"left\"><\/td>\n<\/tr>\n<tr>\n<td align=\"left\">Abril 1<\/td>\n<td align=\"left\">IX. Wincklemann, Alzate y Ram\u00edrez, Mart\u00ednez de Compa\u00f1\u00f3n &amp; Tever-Pillsbury<\/td>\n<td align=\"left\">Entrega abstract<\/td>\n<\/tr>\n<tr>\n<td align=\"left\">Abril 8<\/td>\n<td align=\"left\">X. Clavijero, Echeverr\u00eda y Veytia &amp; Ca\u00f1izares-Esguerra<\/td>\n<td align=\"left\"><\/td>\n<\/tr>\n<tr>\n<td align=\"left\">Abril 15<\/td>\n<td align=\"left\">XI. Del R\u00edo, Cabrera &amp; Pdgorny<\/td>\n<td align=\"left\"><\/td>\n<\/tr>\n<tr>\n<td align=\"left\">Abril 22<\/td>\n<td align=\"left\">XII. Le\u00f3n y Gama, Achim &amp; Pimentel<\/td>\n<td align=\"left\"><\/td>\n<\/tr>\n<tr>\n<td align=\"left\">Abril 29<\/td>\n<td align=\"left\">XIII. Humboldt, Lubrich, Pratt &amp; Boone<\/td>\n<td align=\"left\">Sesi\u00f3n en la JCB, Providence, RI<\/td>\n<\/tr>\n<tr>\n<td align=\"left\">Mayo 9<\/td>\n<td align=\"left\"><\/td>\n<td align=\"left\">Entrega de trabajo final<\/td>\n<\/tr>\n<\/tbody>\n<\/table>\n<\/div>\n<\/div>\n<\/div>\n","protected":false},"excerpt":{"rendered":"<p>Fecha Lecturas Notas Enero 22 Presentaci\u00f3n Enero 29 I. Miller &amp; Mor\u00e1n Turina Febrero 5 II. Geraldini &amp; Grafton Febrero 12 III. Pan\u00e9, Botta &amp; Ostapkowicz Febrero 19 IV. D\u00edaz, Le\u00f3n C\u00e1zares &amp; Pillsbury Febrero 26 V. Las Casas, Farago &amp; Russo Marzo 2 VI. Tovar, Acosta, Schnapp Clase cambiada al lunes 2 Marzo 11 [&hellip;]<\/p>\n","protected":false},"author":17341,"featured_media":0,"parent":0,"menu_order":4,"comment_status":"closed","ping_status":"closed","template":"page-templates\/no-sidebars.php","meta":[],"_links":{"self":[{"href":"https:\/\/sites.bu.edu\/american-egypt\/wp-json\/wp\/v2\/pages\/31"}],"collection":[{"href":"https:\/\/sites.bu.edu\/american-egypt\/wp-json\/wp\/v2\/pages"}],"about":[{"href":"https:\/\/sites.bu.edu\/american-egypt\/wp-json\/wp\/v2\/types\/page"}],"author":[{"embeddable":true,"href":"https:\/\/sites.bu.edu\/american-egypt\/wp-json\/wp\/v2\/users\/17341"}],"replies":[{"embeddable":true,"href":"https:\/\/sites.bu.edu\/american-egypt\/wp-json\/wp\/v2\/comments?post=31"}],"version-history":[{"count":7,"href":"https:\/\/sites.bu.edu\/american-egypt\/wp-json\/wp\/v2\/pages\/31\/revisions"}],"predecessor-version":[{"id":112,"href":"https:\/\/sites.bu.edu\/american-egypt\/wp-json\/wp\/v2\/pages\/31\/revisions\/112"}],"wp:attachment":[{"href":"https:\/\/sites.bu.edu\/american-egypt\/wp-json\/wp\/v2\/media?parent=31"}],"curies":[{"name":"wp","href":"https:\/\/api.w.org\/{rel}","templated":true}]}}