{"id":29,"date":"2020-01-24T17:17:16","date_gmt":"2020-01-24T22:17:16","guid":{"rendered":"https:\/\/sites.bu.edu\/american-egypt\/?page_id=29"},"modified":"2021-01-21T22:29:49","modified_gmt":"2021-01-22T03:29:49","slug":"evaluacion","status":"publish","type":"page","link":"https:\/\/sites.bu.edu\/american-egypt\/evaluacion\/","title":{"rendered":"Evaluaci\u00f3n"},"content":{"rendered":"<div id=\"md-content\" class=\"col-md-9\">\n<h3 class=\"md-inpage-anchor\">Participaci\u00f3n (50%)<\/h3>\n<div class=\"md-text\">La participaci\u00f3n consiste leer los textos asignados, asistir <strong>puntualmente<\/strong> a clase y participar <strong>activamente<\/strong> en las discusiones. Cada semana, debes escribir y entregar un ensayo de una o dos p\u00e1ginas, a rengl\u00f3n seguido, sobre las lecturas y temas de la semana. Cuatro de estos ensayos, de tu elecci\u00f3n, ser\u00e1n calificados. Al final del curso, debes escribir una reflexi\u00f3n final de dos o tres p\u00e1ginas.<\/div>\n<h3 class=\"md-inpage-anchor\">Presentaci\u00f3n (10%)<\/h3>\n<div class=\"md-text\">A lo largo del semestre, deber\u00e1s dar una presentaci\u00f3n de 20 a 25 minutos. Adem\u00e1s, fungir\u00e1s como <em>respondent<\/em> de la presentaci\u00f3n de alguno de tus compa\u00f1eros.<\/div>\n<h3 class=\"md-inpage-anchor\">Ensayo final (40%)<\/h3>\n<div class=\"md-text\">La evaluaci\u00f3n final consistir\u00e1 en un ensayo de investigaci\u00f3n. Debes preparar un abstract y un esquema a <strong>principios de abril<\/strong>.<\/div>\n<h3 class=\"md-inpage-anchor\">Asistencia y conducta acad\u00e9mica<\/h3>\n<blockquote>\n<div class=\"md-text\"><em>&#8220;Attendance is mandatory. After two unexcused absences, you will lose a considerable percentage of your grade in participation. In case of emergency or sickness, please notify me in writing, by email. Please check Policy on Religious Observance.<\/em><\/div>\n<div class=\"md-text\"><em>No late assignment will be accepted.<\/em><\/div>\n<div class=\"md-text\"><em>Academic conduct statement: Academic integrity is expected of all students. Please familiarize yourself with the University&#8217;s <a href=\"https:\/\/www.bu.edu\/academics\/policies\/academic-conduct-code\/\">policies for academic integrity and academic misconduct<\/a>.&#8221;<\/em><\/div>\n<\/blockquote>\n<\/div>\n","protected":false},"excerpt":{"rendered":"<p>Participaci\u00f3n (50%) La participaci\u00f3n consiste leer los textos asignados, asistir puntualmente a clase y participar activamente en las discusiones. Cada semana, debes escribir y entregar un ensayo de una o dos p\u00e1ginas, a rengl\u00f3n seguido, sobre las lecturas y temas de la semana. Cuatro de estos ensayos, de tu elecci\u00f3n, ser\u00e1n calificados. Al final del [&hellip;]<\/p>\n","protected":false},"author":17341,"featured_media":0,"parent":0,"menu_order":2,"comment_status":"closed","ping_status":"closed","template":"page-templates\/no-sidebars.php","meta":[],"_links":{"self":[{"href":"https:\/\/sites.bu.edu\/american-egypt\/wp-json\/wp\/v2\/pages\/29"}],"collection":[{"href":"https:\/\/sites.bu.edu\/american-egypt\/wp-json\/wp\/v2\/pages"}],"about":[{"href":"https:\/\/sites.bu.edu\/american-egypt\/wp-json\/wp\/v2\/types\/page"}],"author":[{"embeddable":true,"href":"https:\/\/sites.bu.edu\/american-egypt\/wp-json\/wp\/v2\/users\/17341"}],"replies":[{"embeddable":true,"href":"https:\/\/sites.bu.edu\/american-egypt\/wp-json\/wp\/v2\/comments?post=29"}],"version-history":[{"count":2,"href":"https:\/\/sites.bu.edu\/american-egypt\/wp-json\/wp\/v2\/pages\/29\/revisions"}],"predecessor-version":[{"id":50,"href":"https:\/\/sites.bu.edu\/american-egypt\/wp-json\/wp\/v2\/pages\/29\/revisions\/50"}],"wp:attachment":[{"href":"https:\/\/sites.bu.edu\/american-egypt\/wp-json\/wp\/v2\/media?parent=29"}],"curies":[{"name":"wp","href":"https:\/\/api.w.org\/{rel}","templated":true}]}}