{"id":26,"date":"2020-01-24T17:17:02","date_gmt":"2020-01-24T22:17:02","guid":{"rendered":"https:\/\/sites.bu.edu\/american-egypt\/?page_id=26"},"modified":"2021-01-21T22:37:18","modified_gmt":"2021-01-22T03:37:18","slug":"descripciom","status":"publish","type":"page","link":"https:\/\/sites.bu.edu\/american-egypt\/descripciom\/","title":{"rendered":"Descripci\u00f3n"},"content":{"rendered":"<div class=\"container\" id=\"md-body-container\">\n<div class=\"row\" id=\"md-body-row\">\n<div id=\"md-body\">\n<div class=\"container\" id=\"md-title-container\">\n<div class=\"row\" id=\"md-title-row\">\n<div id=\"md-title\" class=\"col-md-12\">\n<h2 class=\"page-header\">American Egypt<\/h2>\n<h3 class=\"page-header\">Antiquarianism and Early Archaeology in Colonial Latin America<\/h3>\n<\/div>\n<\/div>\n<\/div>\n<div class=\"container\" id=\"md-content-container\">\n<div class=\"row\" id=\"md-content-row\">\n<div id=\"md-content\" class=\"col-md-12\">\n<p class=\"col-sm-8\"><img src=\"https:\/\/d3vjn2zm46gms2.cloudfront.net\/blogs\/2014\/01\/27011126\/gri_84_b8523_b_322594ds2.jpg\" \/><\/p>\n<p class=\"md-text\">El curso traza una genealog\u00eda de la mirada anticuaria en el Nuevo Mundo. Esta mirada, espoleada por el poder evocativo de una nueva evidencia, caracteriz\u00f3 un largo periodo que concluye con la definici\u00f3n de la arqueolog\u00eda como disciplina cient\u00edfica y la consolidaci\u00f3n de las \u00abantig\u00fcedades americanas\u00bb como sustrato patrimonial de los nuevos estados naciones del continente. El anticuarismo\u2014entendido como un conjunto de saberes, pr\u00e1cticas y horizontes tanto est\u00e9ticos como morales relacionados con la Antig\u00fcedad cl\u00e1sica\u2014fue una de las principales estrategias empleadas en el desciframiento del mundo natural y cultural americano. Y si bien el imaginario de la Antig\u00fcedad defini\u00f3 desde la segunda navegaci\u00f3n colombina el horizonte de expectativas que informar\u00eda el Descubrimiento, este imaginario no dej\u00f3 de ser revisado y expandido a la luz del encuentro con sociedades y materialidades desconocidas.<\/p>\n<p class=\"md-text\">En este curso, estudiaremos la producci\u00f3n literaria y visual suscitada por la proyecci\u00f3n y redefinici\u00f3n de la tradici\u00f3n anticuaria en el Nuevo Mundo, en un arco temporal que va de la primera recepci\u00f3n\u00a0 de las expediciones colombinas en los c\u00edrculos humanistas milaneses y castellanos, a la ciencia cosmopolita de Alexander von Humboldt, en la v\u00edspera de las Independencias.<\/p>\n<p>&nbsp;<\/p>\n<\/div>\n<\/div>\n<\/div>\n<\/div>\n<\/div>\n<\/div>\n","protected":false},"excerpt":{"rendered":"<p>American Egypt Antiquarianism and Early Archaeology in Colonial Latin America El curso traza una genealog\u00eda de la mirada anticuaria en el Nuevo Mundo. Esta mirada, espoleada por el poder evocativo de una nueva evidencia, caracteriz\u00f3 un largo periodo que concluye con la definici\u00f3n de la arqueolog\u00eda como disciplina cient\u00edfica y la consolidaci\u00f3n de las \u00abantig\u00fcedades [&hellip;]<\/p>\n","protected":false},"author":17341,"featured_media":0,"parent":0,"menu_order":1,"comment_status":"closed","ping_status":"closed","template":"page-templates\/no-sidebars.php","meta":[],"_links":{"self":[{"href":"https:\/\/sites.bu.edu\/american-egypt\/wp-json\/wp\/v2\/pages\/26"}],"collection":[{"href":"https:\/\/sites.bu.edu\/american-egypt\/wp-json\/wp\/v2\/pages"}],"about":[{"href":"https:\/\/sites.bu.edu\/american-egypt\/wp-json\/wp\/v2\/types\/page"}],"author":[{"embeddable":true,"href":"https:\/\/sites.bu.edu\/american-egypt\/wp-json\/wp\/v2\/users\/17341"}],"replies":[{"embeddable":true,"href":"https:\/\/sites.bu.edu\/american-egypt\/wp-json\/wp\/v2\/comments?post=26"}],"version-history":[{"count":27,"href":"https:\/\/sites.bu.edu\/american-egypt\/wp-json\/wp\/v2\/pages\/26\/revisions"}],"predecessor-version":[{"id":92,"href":"https:\/\/sites.bu.edu\/american-egypt\/wp-json\/wp\/v2\/pages\/26\/revisions\/92"}],"wp:attachment":[{"href":"https:\/\/sites.bu.edu\/american-egypt\/wp-json\/wp\/v2\/media?parent=26"}],"curies":[{"name":"wp","href":"https:\/\/api.w.org\/{rel}","templated":true}]}}