{"id":18,"date":"2020-01-24T17:00:03","date_gmt":"2020-01-24T22:00:03","guid":{"rendered":"https:\/\/sites.bu.edu\/american-egypt\/?page_id=18"},"modified":"2021-01-21T22:34:16","modified_gmt":"2021-01-22T03:34:16","slug":"readings","status":"publish","type":"page","link":"https:\/\/sites.bu.edu\/american-egypt\/readings\/","title":{"rendered":"Temario"},"content":{"rendered":"<div id=\"md-content\" class=\"col-md-9\">\n<h3 class=\"md-inpage-anchor\">Semana 1. Una genealog\u00eda intelectual olvidada<\/h3>\n<ul>\n<li>Peter Miller, <a href=\"https:\/\/drive.google.com\/open?id=1E0GorCZII21XA5XVFAlQmqaYq1mmQVPI\">&#8220;A Tentative Morphology of European Antiquarianism, 1500-2000&#8221;<\/a>, in <em>World Antiquarianism: Comparative Perspectives<\/em>, Santa Monica: Getty Information Institute, 2014.<\/li>\n<li>J. M. Mor\u00e1n Turina, <a href=\"https:\/\/drive.google.com\/open?id=1i2ZWtM_Dcymlg3KG1CSDmGKA9YQTaxnz\"><em>La memoria de las piedras: Anticuarios, arque\u00f3logos y coleccionistas de antig\u00fcedades en la Espa\u00f1a de los Austrias<\/em><\/a>. Madrid: Centro de Estudios Europa Hisp\u00e1nica, 2010.<\/li>\n<\/ul>\n<h3 class=\"md-inpage-anchor\">Semana 2. Nuevos mundos y Antig\u00fcedad<\/h3>\n<ul>\n<li>Alessandro Geraldini, <a href=\"\/american-egypt\/files\/2020\/01\/geraldini-ocr_compressed.pdf\"><em>Periplo hasta las regiones ubicadas al sur del equinoccio<\/em>,<\/a> Salamanca: Universidad de Le\u00f3n, 2009.<\/li>\n<li>Grafton, Anthony and Nancy Siraisi. &#8220;<em>New Worlds, Ancient Texts: The Power of Tradition and the Shock of Discovery<\/em>. Cambridge, Mass: The Belknap Press of Harvard University Press, 2002. ~ <a href=\"https:\/\/drive.google.com\/open?id=1X7--G9OtwekGt4FtelfqUoOzims1nTEq\">Introduction<\/a>; <a href=\"https:\/\/drive.google.com\/open?id=11E90e6UBka2x0luIsYdw1XFBa2KdksYB\">Chapter 1: A Bound World<\/a>.<\/li>\n<\/ul>\n<h3 class=\"md-inpage-anchor\">Semana 3. Los l\u00edmites del saber anticuario<\/h3>\n<ul>\n<li>Fray Ram\u00f3n Pan\u00e9, <a href=\"https:\/\/drive.google.com\/open?id=1q_RYrbjP__3NhxTmAIMCnT_61dd7PsGe\"><em>Relaci\u00f3n acerca de las antig\u00fcedades de los indios<\/em><\/a> (1498), ed. J. J. Arrom, M\u00e9xico: Siglo Veintiuno, 2008.<\/li>\n<li>Ostapkowicz, Brock, Wiedenhoeft, Schulting, <a href=\"https:\/\/drive.google.com\/open?id=1EzJ_sDXd9F9yeZadsfC9rJXtD5rvvQlV\">&#8220;Integrating the Old World into the New: an &#8216;Idol from the West Indies&#8217;&#8221;<\/a>, <em>Antiquity<\/em>, Volume 91, Issue 359, October 2017, pp. 1314-1329<\/li>\n<li>Sergio Botta, <a href=\"https:\/\/drive.google.com\/open?id=1eWNV1ks6XA7Pi1smwbTsujYm4K2AOtPw\">&#8220;La ausencia de los dioses ta\u00ednos. Sobre el fracaso hermen\u00e9utico de la obra de Ram\u00f3n Pan\u00e9&#8221;<\/a>, <em>Latinoam\u00e9rica<\/em> 2, (2013): 161-187.<\/li>\n<\/ul>\n<h3 class=\"md-inpage-anchor\">Semana 4. M\u00e9xico: una Antig\u00fcedad rediviva<\/h3>\n<ul>\n<li>Ju\u00e1n D\u00edaz, <a href=\"http:\/\/www.cervantesvirtual.com\/obra-visor\/coleccion-de-documentos-para-la-historia-de-mexico-version-actualizada--0\/html\/21bcd5af-6c6c-4b27-a9a5-5edf8315e835_17.html#I_1_\"><em>Itinerario de la armada del rey cat\u00f3lico a la isla de Yucat\u00e1n, en la India, el a\u00f1o 1518, en la que fue por Comandante y Capit\u00e1n General Juan de Grijalva<\/em><\/a><\/li>\n<li>Conquistadr An\u00f3nimo, <a href=\"http:\/\/www.cervantesvirtual.com\/obra-visor\/coleccion-de-documentos-para-la-historia-de-mexico-version-actualizada--0\/html\/21bcd5af-6c6c-4b27-a9a5-5edf8315e835_20.html#I_23_\"><em>Relaci\u00f3n de algunas cosas de la Nueva Espa\u00f1a, y de la gran ciudad de Temestit\u00e1n M\u00e9xico; escrita por un compa\u00f1ero de Hern\u00e1n Cort\u00e9s <\/em><\/a>~ seccs. XII-XXIV<\/li>\n<li>Hern\u00e1n Cort\u00e9s, <a href=\"\/american-egypt\/files\/2020\/02\/LHMT1_012.pdf\"><em>Segunda carta de relaci\u00f3n <\/em><\/a>~ fragmento<\/li>\n<li>Mar\u00eda del Carmen Le\u00f3n C\u00e1zares, <a href=\"https:\/\/drive.google.com\/open?id=1xNpXDZv_ly5YBvR9TkxqkZKFJX8wp8XA\">&#8220;Nuevas luces sobre un antiguo testimonio acerca de los mayas&#8221;<\/a>, Estudios De Cultura Maya 45 (2015): 49-89.<\/li>\n<\/ul>\n<h3 class=\"md-inpage-anchor\">Semana 5. Antig\u00fcedades conmensurables<\/h3>\n<ul>\n<li>Bartolom\u00e9 de las Casas,<a href=\"\/american-egypt\/files\/2020\/02\/Apologetica-Historia-Sumaria.pdf\"><em>Apologetica Historia Sumaria<\/em><\/a>. ed. de V. A. Castello, Madrid: Alianza, 1992. ~ Argumento (pp. 3-5); Cap. 77 (pp. 381-7); Cap. 103-5 (pp. 540-558); Cap. 118 (pp. 620-5); Cap. 120-4 (pp. 632-655); Cap. 127 (pp. 663-668).<\/li>\n<li>Farago &amp; Parenteau, <a href=\"https:\/\/cfarago.files.wordpress.com\/2014\/06\/the-grotesque-idol-2.pdf\">&#8220;The Grotheque Idol: Imaginary, Symbolic and Real&#8221;<\/a>, en Zorach, <em>The Idol in the Age of Art: &#8220;Objects, Devotions and the Early Modern World<\/em>, 2014.<\/li>\n<\/ul>\n<h3 class=\"md-inpage-anchor\">Semana 6. Nuevas fuentes, nuevos m\u00e9todos<\/h3>\n<ul>\n<li>Ju\u00e1n de Tovar, <em>Historia de la venida de los Indios a poblar M\u00e9xico de las partes remotas de Occidente<\/em>. ~ Hojear el <a href=\"https:\/\/www.wdl.org\/en\/item\/6759\/view\/1\/5\/\">original.\u00a0<\/a><\/li>\n<li>Josef de Acosta, <a href=\"https:\/\/drive.google.com\/open?id=1ecV_mH4bZSOb9TC4RYFCwGtiQGwDlkff\"><em>Historia Natural y Moral de las Indias<\/em><\/a>, ed. de Ferm\u00edn del Pino-D\u00edaz, Madrid: CSIC, 2008. ~ <strong>Libro V.<\/strong><\/li>\n<li><a href=\"\/american-egypt\/files\/2020\/02\/carta-tovar.pdf\">Correspondencia entre Tovar y Acosta<\/a>.<\/li>\n<li>Alain Schnapp, <a href=\"https:\/\/drive.google.com\/open?id=1gdiO_bTAW3acGgMFlkW2CUpHbrhOaBV_\">&#8220;European Antiquarianism and the Discovery of the New World&#8221;<\/a>, en Joanne Pillsbury, <em>Past Presented: Archaeological Illustration and the Ancient Americas<\/em>. Washington, DC: Dumbarton Oaks Research Library and Collection, 2012.<\/li>\n<\/ul>\n<h3 class=\"md-inpage-anchor\">Semana 7. La Antig\u00fcedad mexicana como espejo de pr\u00edncipes<\/h3>\n<ul>\n<li>Sig\u00fcenza y G\u00f3ngora, <em><a href=\"http:\/\/www.cervantesvirtual.com\/obra-visor\/teatro-de-virtudes-politicas-que-constituyen-a-un-principe-advertidas-en-los-monarcas-antiguos-del-0\/html\/b9749496-625a-41c6-a948-0f747ca27c03.html\">Teatro de Virtudes Pol\u00edticas<\/a> que constityen a un pr\u00edncipe,<\/em> M\u00e9xico: Viuda de Calder\u00f3n, 1630. ~ <strong>Preludio I y III; Theatro: \u00a71\u20133.<\/strong><\/li>\n<li>Helga von K\u00fcgelgen, <a href=\"https:\/\/drive.google.com\/open?id=1gNzNY62ZMlkFqC8_ErEAPHiHDg9NQaOM\">&#8220;La l\u00ednea prehisp\u00e1nica: Carlos de Sig\u00fcenza y G\u00f6ngora y su &#8220;Teatro de Virtudes Pol\u00edticas que constituyen a un pr\u00edncipe&#8221;<\/a>, <em>Despiempos<\/em>, No. 14 (2008), 110-128.<\/li>\n<li><a href=\"\/american-egypt\/files\/2020\/03\/Archaeology-in-the-Lettered-City.pdf\">Daniel Nemser (2014) <em>Archaeology in the Lettered City<\/em>, Colonial LatinAmerican Review, 23:2, 197-223.<\/a><\/li>\n<\/ul>\n<h3 class=\"md-inpage-anchor\">Semana 8. Una <em>Scienza Nuova<\/em> para la Am\u00e9rica septentrional<\/h3>\n<ul>\n<li>Lorenzo Boturini Benaduci, <a href=\"https:\/\/archive.org\/details\/ideadeunanuevahi01botu\/page\/n8\/mode\/2up\"><em>Idea de una nueva historia general de la Am\u00e9rica Septentrional<\/em>,<\/a> Madrid: Juan de Z\u00fan\u0303iga, 1746. ~ <strong>Preliminares: &#8220;Se\u00f1or&#8221;, &#8220;Las musas am\u00e9ricanas&#8221;, &#8220;Protesta preliminar&#8221;, &#8220;Pr\u00f3logo al lector&#8221;; Idea: \u00a71-5; \u00a715-17.<br \/>\n<\/strong><\/li>\n<li>John \u00d8denmark, &#8220;<a href=\"\/american-egypt\/files\/2020\/03\/vico-boturini.pdf\">Genealogies and Analogies of &#8216;Culture&#8217; in the History of Cultural Translation\u2013 on Boturini&#8217;s Translation of Tlaloc and Vico in <em>Idea of a New General History of Northern America<\/em>.<\/a>&#8221; <em>Bulletin of Latin American Research<\/em> 30 (2011): 38-55<\/li>\n<li>Casta\u00f1eda de la Paz y M. Oudijk, &#8220;<a href=\"\/american-egypt\/files\/2020\/03\/La_coleccion_de_manuscritos_de_Boturini.pdf\">La colecci\u00f3n de manuscritos de Boturini: Una mirada desde el siglo XXI<\/a>&#8220;, M\u00e9xico, 2010<\/li>\n<\/ul>\n<h3 class=\"md-inpage-anchor\">Semana 9. <em>Alia Herculanea<\/em>: Am\u00e9rica en el espejo de la Antig\u00fcedad Cl\u00e1sica<\/h3>\n<ul>\n<li>L\u00f3pez Luj\u00e1n, &#8220;<a href=\"\/american-egypt\/files\/2020\/02\/Noticias-de-Herculano-las-primeras-publicaciones-mexicanas-de-arqueologi\u0301a.pdf\">Noticias de Herculano: las primeras publicaciones de arqueolog\u00eda en M\u00e9xico&#8221;, <em>Arqueolog\u00eda mexicana<\/em><\/a>, No. 15 (2008): 74-80.<\/li>\n<li>Jos\u00e9 Antonio Alzate y Ram\u00edrez, <a href=\"https:\/\/archive.org\/details\/descripciondelas00alza\/page\/n9\/mode\/2up\"><em>Descripci\u00f3n de las antigu\u0308edades de Xochicalco<\/em><\/a>, Mexico: Por don Felipe de Zun\u0303iga y Ontiveros, 1791 ~ Preliminares e Introducci\u00f3n<\/li>\n<li>Baltazar Jaime Mart\u00ednez de Compan\u0303\u00f3n, <a href=\"http:\/\/www.cervantesvirtual.com\/obra-visor\/trujillo-del-peru-volumen-9\/html\/\"><em>Codex Trujillo del Per\u00fa<\/em>, vol. 9<\/a>, 1782\u20131785<\/li>\n<li>Joanne Pillsbury and Lisa Trever, &#8220;<a href=\"\/american-egypt\/files\/2020\/02\/pillsbury-compan\u0303on.pdf\">The King, the Bishop, and the Creation of an American Antiquity<\/a>&#8220;, <em>N\u0303awpa Pacha: Journal of Andean Archaeology<\/em>, No. 29 (2008), 191-219.<\/li>\n<\/ul>\n<h3 class=\"md-inpage-anchor\">Semana 10. Una Antig\u00fcedad para la naci\u00f3n<\/h3>\n<ul>\n<li>Francisco Javier Clavijero, <a href=\"https:\/\/archive.org\/details\/historiaantiguad01clav\/mode\/1up\"><em>Historia antigua de M\u00e9xico<\/em><\/a>, 1780 ~ Preliminares (&#8220;A la universidad&#8221;; &#8220;Prefacio&#8221;; &#8220;Noticia&#8221;; &#8220;Advertencia&#8221;), &#8220;Carta de Lorenzo Hervas&#8221; y &#8220;Advertencia del Autor sobre la obra intitulada <em>Tardes Americanas<\/em>&#8220;.<\/li>\n<li>Cotejar las ilustraciones de la edici\u00f3n anterior con la edici\u00f3n original italiana:\u00a0 <a href=\"https:\/\/archive.org\/details\/b28771965_0002\/mode\/1up\"><em>Storia antica del Messico<\/em><\/a> (Bologna, 1780).<\/li>\n<li>Can\u0303izares-Esguerra, Jorge. &#8220;<a href=\"\/american-egypt\/files\/2020\/03\/canizares-esguerra2001how_to_write_the_history.pdf\">Whose Enligthenment was it Anyway<\/a>?&#8221;. <em>How to write the History of the New World: Histories, Epistemologies, and Identities in the Eighteenth-Century Atlantic World<\/em>.<\/li>\n<\/ul>\n<h3 class=\"md-inpage-anchor\">Semana 11. La Ciencia Ilustrada y las expediciones arqueol\u00f3gicas<\/h3>\n<ul>\n<li>Del R\u00edo, <em>Descripci\u00f3n de las ruinas de una ciudad Antigua<\/em>, 1787. ~<a href=\"https:\/\/archive.org\/details\/descriptionofrui00roan_0\/mode\/2up\">Edici\u00f3n inglesa:<\/a> pp. 1-21 e ilustraciones al final del volumen.<\/li>\n<li>Rhys Griffiths,<a href=\"https:\/\/publicdomainreview.org\/essay\/brief-encounters-with-jean-frederic-maximilien-de-waldeck\"><em> Brief Encounters with Jean-Fr\u00e9d\u00e9ric Maximilien de Waldeck<\/em><\/a><\/li>\n<li>Irina Podgorny. &#8220;<a href=\"\/american-egypt\/files\/2020\/04\/THE_RELIABILITY_OF_THE_RUINS.pdf\">The reliability of the Ruins<\/a>&#8220;. <em>Journal of Spanish Cultural Studies<\/em>. 8. 2 (2007): 213-233.<\/li>\n<li>Roberto Sandoval, &#8220;<a href=\"\/american-egypt\/files\/2020\/04\/romero-Sandoval-edicion-palenque1.pdf\">Una rara edici\u00f3n del <em>Informe<\/em> de Antonio del R\u00edo sobre las ruinas de Palenque<\/a>&#8220;.<\/li>\n<\/ul>\n<h3 class=\"md-inpage-anchor\">Semana 12. Hallazgos accidentales: las dos piedras<\/h3>\n<ul>\n<li style=\"text-align: left;\">Antonio de Le\u00f3n y Gama, <a href=\"https:\/\/www.wdl.org\/es\/item\/516\/view\/1\/1\/\"><em>Descripci\u00f3n hist\u00f3rica y cronol\u00f3gica de las dos piedras descubiertas en 1790<\/em>,<\/a> M\u00e9xico: Por don Felipe Z\u00fan\u0303iga y Ontiveros, 1792. ~ Discurso preliminar; \u00a71 &#8211; \u00a72 (pp. 1-47).<\/li>\n<li>Octavio Paz, <em><a href=\"https:\/\/drive.google.com\/file\/d\/1PvFYu6hKGkeqxVhUltfvF0kdHdfhlNm8\/view\">El arte de M\u00e9xico<\/a> ~ &#8220;<\/em>Diosa, demonia, obra maestra&#8221; (75-9).<\/li>\n<li>Miruna Achim,\u00a0 <a href=\"\/american-egypt\/files\/2020\/04\/Signos_y_piedras-_anticuarianismo_e_his.pdf\"><em>Signos y piedras.<\/em><\/a><\/li>\n<\/ul>\n<h3>Semana 13. Una conversaci\u00f3n con Juan Villoro<\/h3>\n<ul>\n<li>Juan Villoro, <em>Palmeras de la brisa r\u00e1pida, <\/em>M\u00e9xico, 2008: &#8220;<a href=\"\/american-egypt\/files\/2020\/04\/cielo-vacio.pdf\">El cielo vac\u00edo.<\/a>&#8220;<\/li>\n<li>Jos\u00e9 Emilio Pacheco, &#8220;<a href=\"https:\/\/www.literatura.us\/josee\/fiesta.html\">La fiesta brava.<\/a>&#8220;<\/li>\n<li>Carlos Pellicer, &#8220;<a href=\"\/american-egypt\/files\/2020\/04\/pellicer-nezahualcoyotl.pdf\">Nezahualcoyotl&#8221;<\/a><\/li>\n<li>Juan Villoro, <em>Espejo retrovisor<\/em>, M\u00e9xico, 2013: &#8220;<a href=\"\/american-egypt\/files\/2020\/04\/convidados-agosto.pdf\">Los convidados de agosto.&#8221;<\/a><\/li>\n<\/ul>\n<\/div>\n<ul><\/ul>\n<ul><\/ul>\n","protected":false},"excerpt":{"rendered":"<p>Semana 1. Una genealog\u00eda intelectual olvidada Peter Miller, &#8220;A Tentative Morphology of European Antiquarianism, 1500-2000&#8221;, in World Antiquarianism: Comparative Perspectives, Santa Monica: Getty Information Institute, 2014. J. M. Mor\u00e1n Turina, La memoria de las piedras: Anticuarios, arque\u00f3logos y coleccionistas de antig\u00fcedades en la Espa\u00f1a de los Austrias. Madrid: Centro de Estudios Europa Hisp\u00e1nica, 2010. Semana [&hellip;]<\/p>\n","protected":false},"author":17341,"featured_media":0,"parent":0,"menu_order":3,"comment_status":"closed","ping_status":"closed","template":"page-templates\/no-sidebars.php","meta":[],"_links":{"self":[{"href":"https:\/\/sites.bu.edu\/american-egypt\/wp-json\/wp\/v2\/pages\/18"}],"collection":[{"href":"https:\/\/sites.bu.edu\/american-egypt\/wp-json\/wp\/v2\/pages"}],"about":[{"href":"https:\/\/sites.bu.edu\/american-egypt\/wp-json\/wp\/v2\/types\/page"}],"author":[{"embeddable":true,"href":"https:\/\/sites.bu.edu\/american-egypt\/wp-json\/wp\/v2\/users\/17341"}],"replies":[{"embeddable":true,"href":"https:\/\/sites.bu.edu\/american-egypt\/wp-json\/wp\/v2\/comments?post=18"}],"version-history":[{"count":29,"href":"https:\/\/sites.bu.edu\/american-egypt\/wp-json\/wp\/v2\/pages\/18\/revisions"}],"predecessor-version":[{"id":153,"href":"https:\/\/sites.bu.edu\/american-egypt\/wp-json\/wp\/v2\/pages\/18\/revisions\/153"}],"wp:attachment":[{"href":"https:\/\/sites.bu.edu\/american-egypt\/wp-json\/wp\/v2\/media?parent=18"}],"curies":[{"name":"wp","href":"https:\/\/api.w.org\/{rel}","templated":true}]}}